{"id":4657,"date":"2025-09-11T11:27:51","date_gmt":"2025-09-11T11:27:51","guid":{"rendered":"https:\/\/packcolorful.com\/?post_type=product&#038;p=4657"},"modified":"2025-10-09T11:34:07","modified_gmt":"2025-10-09T11:34:07","slug":"cardboard-display-boxes","status":"publish","type":"product","link":"https:\/\/packcolorful.com\/de\/produkt\/cardboard-display-boxes\/","title":{"rendered":"Cardboard Display Boxes"},"content":{"rendered":"<p data-start=\"273\" data-end=\"616\">Cardboard Display Boxes are engineered for durability, protection, and versatility\u2014making them the ideal packaging solution for e-commerce, retail, food, electronics, and industrial logistics. Made from high-strength kraft paper and recycled materials, each box provides excellent compression resistance, shock absorption, and stacking stability.<\/p>\n<p data-start=\"618\" data-end=\"896\">Available in single-wall, double-wall, and triple-wall options, our corrugated boxes can be fully customized in size, flute type (E, B, C, etc.), printing (flexo, offset, digital), and structural design\u2014whether you need tuck top, die-cut mailers, or heavy-duty shipping cartons.<\/p>\n<p data-start=\"898\" data-end=\"1184\">As a direct factory, we offer low MOQs, fast sampling, and strict quality control to support your brand\u2019s packaging needs at scale. Eco-conscious? We provide FSC-certified and 100% recyclable corrugated packaging that helps reduce your carbon footprint without compromising performance.<\/p>\n<h3 data-start=\"898\" data-end=\"1184\">Cardboard Display Boxes Detail\uff1a<\/h3>\n<table style=\"border-collapse: collapse; width: 100%;\">\n<tbody>\n<tr>\n<td style=\"width: 50%;\"><img decoding=\"async\" class=\"lazyload alignnone size-full wp-image-4432\" src=\"https:\/\/packcolorful.com\/wp-content\/uploads\/2025\/09\/Corrugated-box-12.jpg\" data-orig-src=\"https:\/\/packcolorful.com\/wp-content\/uploads\/2025\/09\/Corrugated-box-12.jpg\" alt=\"\" width=\"1200\" height=\"1200\" srcset=\"data:image\/svg+xml,%3Csvg%20xmlns%3D%27http%3A%2F%2Fwww.w3.org%2F2000%2Fsvg%27%20width%3D%271200%27%20height%3D%271200%27%20viewBox%3D%270%200%201200%201200%27%3E%3Crect%20width%3D%271200%27%20height%3D%271200%27%20fill-opacity%3D%220%22%2F%3E%3C%2Fsvg%3E\" data-srcset=\"https:\/\/packcolorful.com\/wp-content\/uploads\/2025\/09\/Corrugated-box-12-66x66.jpg 66w, https:\/\/packcolorful.com\/wp-content\/uploads\/2025\/09\/Corrugated-box-12-200x200.jpg 200w, https:\/\/packcolorful.com\/wp-content\/uploads\/2025\/09\/Corrugated-box-12-400x400.jpg 400w, https:\/\/packcolorful.com\/wp-content\/uploads\/2025\/09\/Corrugated-box-12-500x500.jpg 500w, https:\/\/packcolorful.com\/wp-content\/uploads\/2025\/09\/Corrugated-box-12-600x600.jpg 600w, https:\/\/packcolorful.com\/wp-content\/uploads\/2025\/09\/Corrugated-box-12-700x700.jpg 700w, https:\/\/packcolorful.com\/wp-content\/uploads\/2025\/09\/Corrugated-box-12-768x768.jpg 768w, https:\/\/packcolorful.com\/wp-content\/uploads\/2025\/09\/Corrugated-box-12-800x800.jpg 800w, https:\/\/packcolorful.com\/wp-content\/uploads\/2025\/09\/Corrugated-box-12-1024x1024.jpg 1024w, https:\/\/packcolorful.com\/wp-content\/uploads\/2025\/09\/Corrugated-box-12.jpg 1200w\" data-sizes=\"auto\" data-orig-sizes=\"(max-width: 1200px) 100vw, 1200px\" \/><\/td>\n<td style=\"width: 50%;\"><img decoding=\"async\" class=\"lazyload alignnone size-full wp-image-4431\" src=\"https:\/\/packcolorful.com\/wp-content\/uploads\/2025\/09\/Corrugated-box-11.jpg\" data-orig-src=\"https:\/\/packcolorful.com\/wp-content\/uploads\/2025\/09\/Corrugated-box-11.jpg\" alt=\"\" width=\"1200\" height=\"1200\" srcset=\"data:image\/svg+xml,%3Csvg%20xmlns%3D%27http%3A%2F%2Fwww.w3.org%2F2000%2Fsvg%27%20width%3D%271200%27%20height%3D%271200%27%20viewBox%3D%270%200%201200%201200%27%3E%3Crect%20width%3D%271200%27%20height%3D%271200%27%20fill-opacity%3D%220%22%2F%3E%3C%2Fsvg%3E\" data-srcset=\"https:\/\/packcolorful.com\/wp-content\/uploads\/2025\/09\/Corrugated-box-11-66x66.jpg 66w, https:\/\/packcolorful.com\/wp-content\/uploads\/2025\/09\/Corrugated-box-11-200x200.jpg 200w, https:\/\/packcolorful.com\/wp-content\/uploads\/2025\/09\/Corrugated-box-11-400x400.jpg 400w, https:\/\/packcolorful.com\/wp-content\/uploads\/2025\/09\/Corrugated-box-11-500x500.jpg 500w, https:\/\/packcolorful.com\/wp-content\/uploads\/2025\/09\/Corrugated-box-11-600x600.jpg 600w, https:\/\/packcolorful.com\/wp-content\/uploads\/2025\/09\/Corrugated-box-11-700x700.jpg 700w, https:\/\/packcolorful.com\/wp-content\/uploads\/2025\/09\/Corrugated-box-11-768x768.jpg 768w, https:\/\/packcolorful.com\/wp-content\/uploads\/2025\/09\/Corrugated-box-11-800x800.jpg 800w, https:\/\/packcolorful.com\/wp-content\/uploads\/2025\/09\/Corrugated-box-11-1024x1024.jpg 1024w, https:\/\/packcolorful.com\/wp-content\/uploads\/2025\/09\/Corrugated-box-11.jpg 1200w\" data-sizes=\"auto\" data-orig-sizes=\"(max-width: 1200px) 100vw, 1200px\" \/><\/td>\n<\/tr>\n<tr>\n<td style=\"width: 50%;\"><img decoding=\"async\" class=\"lazyload alignnone size-full wp-image-4435\" src=\"https:\/\/packcolorful.com\/wp-content\/uploads\/2025\/09\/Corrugated-box-15.jpg\" data-orig-src=\"https:\/\/packcolorful.com\/wp-content\/uploads\/2025\/09\/Corrugated-box-15.jpg\" alt=\"\" width=\"1200\" height=\"1200\" srcset=\"data:image\/svg+xml,%3Csvg%20xmlns%3D%27http%3A%2F%2Fwww.w3.org%2F2000%2Fsvg%27%20width%3D%271200%27%20height%3D%271200%27%20viewBox%3D%270%200%201200%201200%27%3E%3Crect%20width%3D%271200%27%20height%3D%271200%27%20fill-opacity%3D%220%22%2F%3E%3C%2Fsvg%3E\" data-srcset=\"https:\/\/packcolorful.com\/wp-content\/uploads\/2025\/09\/Corrugated-box-15-66x66.jpg 66w, https:\/\/packcolorful.com\/wp-content\/uploads\/2025\/09\/Corrugated-box-15-200x200.jpg 200w, https:\/\/packcolorful.com\/wp-content\/uploads\/2025\/09\/Corrugated-box-15-400x400.jpg 400w, https:\/\/packcolorful.com\/wp-content\/uploads\/2025\/09\/Corrugated-box-15-500x500.jpg 500w, https:\/\/packcolorful.com\/wp-content\/uploads\/2025\/09\/Corrugated-box-15-600x600.jpg 600w, https:\/\/packcolorful.com\/wp-content\/uploads\/2025\/09\/Corrugated-box-15-700x700.jpg 700w, https:\/\/packcolorful.com\/wp-content\/uploads\/2025\/09\/Corrugated-box-15-768x768.jpg 768w, https:\/\/packcolorful.com\/wp-content\/uploads\/2025\/09\/Corrugated-box-15-800x800.jpg 800w, https:\/\/packcolorful.com\/wp-content\/uploads\/2025\/09\/Corrugated-box-15-1024x1024.jpg 1024w, https:\/\/packcolorful.com\/wp-content\/uploads\/2025\/09\/Corrugated-box-15.jpg 1200w\" data-sizes=\"auto\" data-orig-sizes=\"(max-width: 1200px) 100vw, 1200px\" \/><\/td>\n<td style=\"width: 50%;\"><img decoding=\"async\" class=\"lazyload alignnone wp-image-4434 size-full\" src=\"https:\/\/packcolorful.com\/wp-content\/uploads\/2025\/09\/Corrugated-box-14.jpg\" data-orig-src=\"https:\/\/packcolorful.com\/wp-content\/uploads\/2025\/09\/Corrugated-box-14.jpg\" alt=\"Cardboard Display Boxes\" width=\"1200\" height=\"1200\" srcset=\"data:image\/svg+xml,%3Csvg%20xmlns%3D%27http%3A%2F%2Fwww.w3.org%2F2000%2Fsvg%27%20width%3D%271200%27%20height%3D%271200%27%20viewBox%3D%270%200%201200%201200%27%3E%3Crect%20width%3D%271200%27%20height%3D%271200%27%20fill-opacity%3D%220%22%2F%3E%3C%2Fsvg%3E\" data-srcset=\"https:\/\/packcolorful.com\/wp-content\/uploads\/2025\/09\/Corrugated-box-14-66x66.jpg 66w, https:\/\/packcolorful.com\/wp-content\/uploads\/2025\/09\/Corrugated-box-14-200x200.jpg 200w, https:\/\/packcolorful.com\/wp-content\/uploads\/2025\/09\/Corrugated-box-14-400x400.jpg 400w, https:\/\/packcolorful.com\/wp-content\/uploads\/2025\/09\/Corrugated-box-14-500x500.jpg 500w, https:\/\/packcolorful.com\/wp-content\/uploads\/2025\/09\/Corrugated-box-14-600x600.jpg 600w, https:\/\/packcolorful.com\/wp-content\/uploads\/2025\/09\/Corrugated-box-14-700x700.jpg 700w, https:\/\/packcolorful.com\/wp-content\/uploads\/2025\/09\/Corrugated-box-14-768x768.jpg 768w, https:\/\/packcolorful.com\/wp-content\/uploads\/2025\/09\/Corrugated-box-14-800x800.jpg 800w, https:\/\/packcolorful.com\/wp-content\/uploads\/2025\/09\/Corrugated-box-14-1024x1024.jpg 1024w, https:\/\/packcolorful.com\/wp-content\/uploads\/2025\/09\/Corrugated-box-14.jpg 1200w\" data-sizes=\"auto\" data-orig-sizes=\"(max-width: 1200px) 100vw, 1200px\" \/><\/td>\n<\/tr>\n<\/tbody>\n<\/table>\n<div><\/div>\n<h2 class=\"magic-5\">Cardboard Display Boxes<\/h2>\n<div><\/div>\n<div class=\"J_module\">\n<div class=\"ife-detail-decorate-table\">\n<table class=\"all magic-7\" style=\"border-style: solid; border-color: #b5b5b5;\" border=\"1px\">\n<tbody>\n<tr>\n<td colspan=\"1\" rowspan=\"1\">\n<div class=\"magic-8\">Produktname<\/div>\n<\/td>\n<td colspan=\"1\" rowspan=\"1\">\n<div class=\"magic-9\">Cardboard Display Boxes<\/div>\n<\/td>\n<\/tr>\n<tr>\n<td colspan=\"1\" rowspan=\"1\">\n<div class=\"magic-8\" data-spm-anchor-id=\"a2700.details-description.0.i2.65833qr73qr7ss\">Allgemeines Papiermaterial<\/div>\n<\/td>\n<td colspan=\"1\" rowspan=\"1\">\n<div class=\"magic-9\">Kartonpapier, Kunstdruckpapier, beschichtetes Papier, Kraftpapier, Wellpappe<\/div>\n<\/td>\n<\/tr>\n<tr>\n<td colspan=\"1\" rowspan=\"1\">\n<div class=\"magic-8\">Drucken<\/div>\n<\/td>\n<td colspan=\"1\" rowspan=\"1\">\n<div class=\"magic-9\">CMYK- oder Pantone-Offsetdruck, Siebdruck oder UV-Offsetdruck<\/div>\n<\/td>\n<\/tr>\n<tr>\n<td colspan=\"1\" rowspan=\"1\">\n<div class=\"magic-8\">Gr\u00f6\u00dfe<\/div>\n<\/td>\n<td colspan=\"1\" rowspan=\"1\">\n<div class=\"magic-9\">Ma\u00dfgeschneiderte Gr\u00f6\u00dfe auf Kundenanforderung<\/div>\n<\/td>\n<\/tr>\n<tr>\n<td colspan=\"1\" rowspan=\"1\">\n<div class=\"magic-8\">Drucken Handhabung<\/div>\n<\/td>\n<td colspan=\"1\" rowspan=\"1\">\n<div class=\"magic-9\">Debossiert oder gepr\u00e4gt, Gold- oder Seidenfolienpr\u00e4gung, Spot UV, Laserfolie, gl\u00e4nzende oder matte Laminierung<\/div>\n<\/td>\n<\/tr>\n<tr>\n<td colspan=\"1\" rowspan=\"1\">\n<div class=\"magic-8\">Zubeh\u00f6r<\/div>\n<\/td>\n<td colspan=\"1\" rowspan=\"1\">\n<div class=\"magic-9\">Farbband, Kraft-Wellpappeneinlage, Wellpappeneinlage<br \/>\n, Kartontrenneinsatz, starrer Trenneinsatz, wei\u00dfer Pappeinsatz, PET-Blistereinsatz, EVA-Einsatz, EPE-Schaum<\/div>\n<\/td>\n<\/tr>\n<tr>\n<td colspan=\"1\" rowspan=\"1\">\n<div class=\"magic-8\">Artwork Format<\/div>\n<\/td>\n<td colspan=\"1\" rowspan=\"1\">\n<div class=\"magic-9\">AI, PDF, CDR, InDesign Format f\u00fcr individuelle Gestaltung<\/div>\n<\/td>\n<\/tr>\n<tr>\n<td colspan=\"1\" rowspan=\"1\">\n<div class=\"magic-8\">MOQ<\/div>\n<\/td>\n<td colspan=\"1\" rowspan=\"1\">\n<div class=\"magic-9\">300 STCK.<\/div>\n<\/td>\n<\/tr>\n<tr>\n<td colspan=\"1\" rowspan=\"1\">\n<div class=\"magic-8\">Probezeit<\/div>\n<\/td>\n<td colspan=\"1\" rowspan=\"1\">\n<div class=\"magic-9\">1-5 Arbeitstage<\/div>\n<\/td>\n<\/tr>\n<tr>\n<td colspan=\"1\" rowspan=\"1\">\n<div class=\"magic-8\">Produktionszeit<\/div>\n<\/td>\n<td colspan=\"1\" rowspan=\"1\">\n<div class=\"magic-9\">8-25 Arbeitstage<\/div>\n<\/td>\n<\/tr>\n<tr>\n<td colspan=\"1\" rowspan=\"1\">\n<div class=\"magic-8\">Versandart<\/div>\n<\/td>\n<td colspan=\"1\" rowspan=\"1\">\n<div class=\"magic-9\">Auf dem See-, Luft- und Expressweg<\/div>\n<\/td>\n<\/tr>\n<tr>\n<td colspan=\"1\" rowspan=\"1\">\n<div class=\"magic-8\">Verpacken<\/div>\n<\/td>\n<td colspan=\"1\" rowspan=\"1\">\n<div class=\"magic-9\" data-spm-anchor-id=\"a2700.details-description.0.i1.65833qr73qr7ss\">Plastikt\u00fcte, Karton, Palette<\/div>\n<\/td>\n<\/tr>\n<\/tbody>\n<\/table>\n<\/div>\n<\/div>\n<p data-start=\"1186\" data-end=\"1330\"><strong data-start=\"1186\" data-end=\"1203\">Anwendungen:<\/strong><br data-start=\"1203\" data-end=\"1206\" \/>E-commerce shipping, retail packaging, food &amp; beverage boxes, electronic product cartons, heavy industrial crates, and more.<\/p>\n<p data-start=\"1332\" data-end=\"1368\"><strong data-start=\"1332\" data-end=\"1368\">Why Choose Our Corrugated Boxes:<\/strong><\/p>\n<ul data-start=\"1369\" data-end=\"1539\">\n<li data-start=\"1369\" data-end=\"1401\">\n<p data-start=\"1371\" data-end=\"1401\">Customizable structure &amp; print<\/p>\n<\/li>\n<li data-start=\"1402\" data-end=\"1438\">\n<p data-start=\"1404\" data-end=\"1438\">Strong, lightweight &amp; eco-friendly<\/p>\n<\/li>\n<li data-start=\"1439\" data-end=\"1480\">\n<p data-start=\"1441\" data-end=\"1480\">Factory-direct pricing &amp; fast lead time<\/p>\n<\/li>\n<li data-start=\"1481\" data-end=\"1539\">\n<p data-start=\"1483\" data-end=\"1539\">Suitable for international shipping &amp; warehouse stacking<\/p>\n<\/li>\n<\/ul>","protected":false},"excerpt":{"rendered":"<p>Ideal for shipping, storage, and retail packaging, printed corrugated boxes are made from high-strength, eco-friendly materials and engineered to protect your products throughout the supply chain. Available in various flute types, sizes, and printing options to suit every industry need.<\/p>","protected":false},"featured_media":4432,"comment_status":"open","ping_status":"closed","template":"","meta":{"_acf_changed":false,"content-type":"","_uag_custom_page_level_css":""},"product_brand":[],"product_cat":[221],"product_tag":[],"class_list":{"0":"post-4657","1":"product","2":"type-product","3":"status-publish","4":"has-post-thumbnail","6":"product_cat-corrugated-box","8":"first","9":"instock","10":"shipping-taxable","11":"product-type-simple"},"acf":[],"uagb_featured_image_src":{"full":["https:\/\/packcolorful.com\/wp-content\/uploads\/2025\/09\/Corrugated-box-12.jpg",1200,1200,false],"thumbnail":["https:\/\/packcolorful.com\/wp-content\/uploads\/2025\/09\/Corrugated-box-12.jpg",96,96,false],"medium":["https:\/\/packcolorful.com\/wp-content\/uploads\/2025\/09\/Corrugated-box-12.jpg",1200,1200,false],"medium_large":["https:\/\/packcolorful.com\/wp-content\/uploads\/2025\/09\/Corrugated-box-12-768x768.jpg",768,768,true],"large":["https:\/\/packcolorful.com\/wp-content\/uploads\/2025\/09\/Corrugated-box-12-1024x1024.jpg",1024,1024,true],"1536x1536":["https:\/\/packcolorful.com\/wp-content\/uploads\/2025\/09\/Corrugated-box-12.jpg",1200,1200,false],"2048x2048":["https:\/\/packcolorful.com\/wp-content\/uploads\/2025\/09\/Corrugated-box-12.jpg",1200,1200,false],"trp-custom-language-flag":["https:\/\/packcolorful.com\/wp-content\/uploads\/2025\/09\/Corrugated-box-12.jpg",12,12,false],"blog-large":["https:\/\/packcolorful.com\/wp-content\/uploads\/2025\/09\/Corrugated-box-12-669x272.jpg",669,272,true],"blog-medium":["https:\/\/packcolorful.com\/wp-content\/uploads\/2025\/09\/Corrugated-box-12-320x202.jpg",320,202,true],"recent-posts":["https:\/\/packcolorful.com\/wp-content\/uploads\/2025\/09\/Corrugated-box-12-700x441.jpg",700,441,true],"recent-works-thumbnail":["https:\/\/packcolorful.com\/wp-content\/uploads\/2025\/09\/Corrugated-box-12-66x66.jpg",66,66,true],"fusion-200":["https:\/\/packcolorful.com\/wp-content\/uploads\/2025\/09\/Corrugated-box-12-200x200.jpg",200,200,true],"fusion-400":["https:\/\/packcolorful.com\/wp-content\/uploads\/2025\/09\/Corrugated-box-12-400x400.jpg",400,400,true],"fusion-600":["https:\/\/packcolorful.com\/wp-content\/uploads\/2025\/09\/Corrugated-box-12-600x600.jpg",600,600,true],"fusion-800":["https:\/\/packcolorful.com\/wp-content\/uploads\/2025\/09\/Corrugated-box-12-800x800.jpg",800,800,true],"fusion-1200":["https:\/\/packcolorful.com\/wp-content\/uploads\/2025\/09\/Corrugated-box-12.jpg",1200,1200,false],"portfolio-full":["https:\/\/packcolorful.com\/wp-content\/uploads\/2025\/09\/Corrugated-box-12-940x400.jpg",940,400,true],"portfolio-one":["https:\/\/packcolorful.com\/wp-content\/uploads\/2025\/09\/Corrugated-box-12-540x272.jpg",540,272,true],"portfolio-two":["https:\/\/packcolorful.com\/wp-content\/uploads\/2025\/09\/Corrugated-box-12-460x295.jpg",460,295,true],"portfolio-three":["https:\/\/packcolorful.com\/wp-content\/uploads\/2025\/09\/Corrugated-box-12-300x214.jpg",300,214,true],"portfolio-five":["https:\/\/packcolorful.com\/wp-content\/uploads\/2025\/09\/Corrugated-box-12-177x142.jpg",177,142,true],"woocommerce_thumbnail":["https:\/\/packcolorful.com\/wp-content\/uploads\/2025\/09\/Corrugated-box-12-500x500.jpg",500,500,true],"woocommerce_single":["https:\/\/packcolorful.com\/wp-content\/uploads\/2025\/09\/Corrugated-box-12-700x700.jpg",700,700,true],"woocommerce_gallery_thumbnail":["https:\/\/packcolorful.com\/wp-content\/uploads\/2025\/09\/Corrugated-box-12-200x200.jpg",200,200,true]},"uagb_author_info":{"display_name":"cuids@aliyun.com","author_link":"https:\/\/packcolorful.com\/de\/author\/"},"uagb_comment_info":0,"uagb_excerpt":"Ideal for shipping, storage, and retail packaging, printed corrugated boxes are made from high-strength, eco-friendly materials and engineered to protect your products throughout the supply chain. Available in various flute types, sizes, and printing options to suit every industry need.","_links":{"self":[{"href":"https:\/\/packcolorful.com\/de\/wp-json\/wp\/v2\/product\/4657","targetHints":{"allow":["GET"]}}],"collection":[{"href":"https:\/\/packcolorful.com\/de\/wp-json\/wp\/v2\/product"}],"about":[{"href":"https:\/\/packcolorful.com\/de\/wp-json\/wp\/v2\/types\/product"}],"replies":[{"embeddable":true,"href":"https:\/\/packcolorful.com\/de\/wp-json\/wp\/v2\/comments?post=4657"}],"wp:featuredmedia":[{"embeddable":true,"href":"https:\/\/packcolorful.com\/de\/wp-json\/wp\/v2\/media\/4432"}],"wp:attachment":[{"href":"https:\/\/packcolorful.com\/de\/wp-json\/wp\/v2\/media?parent=4657"}],"wp:term":[{"taxonomy":"product_brand","embeddable":true,"href":"https:\/\/packcolorful.com\/de\/wp-json\/wp\/v2\/product_brand?post=4657"},{"taxonomy":"product_cat","embeddable":true,"href":"https:\/\/packcolorful.com\/de\/wp-json\/wp\/v2\/product_cat?post=4657"},{"taxonomy":"product_tag","embeddable":true,"href":"https:\/\/packcolorful.com\/de\/wp-json\/wp\/v2\/product_tag?post=4657"}],"curies":[{"name":"wp","href":"https:\/\/api.w.org\/{rel}","templated":true}]}}