{"id":4674,"date":"2025-08-25T12:59:04","date_gmt":"2025-08-25T12:59:04","guid":{"rendered":"https:\/\/packcolorful.com\/?post_type=product&#038;p=4674"},"modified":"2025-10-09T14:17:33","modified_gmt":"2025-10-09T14:17:33","slug":"custom-beauty-box","status":"publish","type":"product","link":"https:\/\/packcolorful.com\/de\/produkt\/custom-beauty-box\/","title":{"rendered":"Individuelle Beauty Box"},"content":{"rendered":"<p data-start=\"418\" data-end=\"752\">Custom Beauty Box are designed to enhance both product protection and brand identity. Crafted from high-quality coated paperboard, kraft paper, or FSC-certified materials, these boxes offer excellent printability and structural integrity\u2014perfect for skincare sets, makeup palettes, lipsticks, serums, and more.<\/p>\n<p data-start=\"754\" data-end=\"1015\">Available in a wide range of sizes and styles\u2014including tuck-end boxes, drawer boxes, and magnetic closure gift boxes\u2014our packaging is fully customizable with luxury finishes such as foil stamping, embossing, spot UV, matte\/gloss lamination, and custom inserts.<\/p>\n<p data-start=\"1017\" data-end=\"1334\">Whether you\u2019re launching a premium cosmetic collection or building your private label brand, we provide low MOQs, factory-direct pricing, and expert design support. All boxes are made in our own facility under strict quality control and are 100% recyclable, meeting the demands of modern, eco-conscious beauty brands.<\/p>\n<h3 data-start=\"898\" data-end=\"1184\">Custom Beauty Box Detail\uff1a<\/h3>\n<table style=\"border-collapse: collapse; width: 100%;\">\n<tbody>\n<tr>\n<td style=\"width: 50%;\"><img decoding=\"async\" class=\"lazyload alignnone wp-image-4460 size-full\" src=\"https:\/\/packcolorful.com\/wp-content\/uploads\/2025\/09\/Cosmetic-box-19.jpg\" data-orig-src=\"https:\/\/packcolorful.com\/wp-content\/uploads\/2025\/09\/Cosmetic-box-19.jpg\" alt=\"Individuelle Beauty Box\" width=\"1200\" height=\"1200\" srcset=\"data:image\/svg+xml,%3Csvg%20xmlns%3D%27http%3A%2F%2Fwww.w3.org%2F2000%2Fsvg%27%20width%3D%271200%27%20height%3D%271200%27%20viewBox%3D%270%200%201200%201200%27%3E%3Crect%20width%3D%271200%27%20height%3D%271200%27%20fill-opacity%3D%220%22%2F%3E%3C%2Fsvg%3E\" data-srcset=\"https:\/\/packcolorful.com\/wp-content\/uploads\/2025\/09\/Cosmetic-box-19-66x66.jpg 66w, https:\/\/packcolorful.com\/wp-content\/uploads\/2025\/09\/Cosmetic-box-19-200x200.jpg 200w, https:\/\/packcolorful.com\/wp-content\/uploads\/2025\/09\/Cosmetic-box-19-400x400.jpg 400w, https:\/\/packcolorful.com\/wp-content\/uploads\/2025\/09\/Cosmetic-box-19-500x500.jpg 500w, https:\/\/packcolorful.com\/wp-content\/uploads\/2025\/09\/Cosmetic-box-19-600x600.jpg 600w, https:\/\/packcolorful.com\/wp-content\/uploads\/2025\/09\/Cosmetic-box-19-700x700.jpg 700w, https:\/\/packcolorful.com\/wp-content\/uploads\/2025\/09\/Cosmetic-box-19-768x768.jpg 768w, https:\/\/packcolorful.com\/wp-content\/uploads\/2025\/09\/Cosmetic-box-19-800x800.jpg 800w, https:\/\/packcolorful.com\/wp-content\/uploads\/2025\/09\/Cosmetic-box-19-1024x1024.jpg 1024w, https:\/\/packcolorful.com\/wp-content\/uploads\/2025\/09\/Cosmetic-box-19.jpg 1200w\" data-sizes=\"auto\" data-orig-sizes=\"(max-width: 1200px) 100vw, 1200px\" \/><\/td>\n<td style=\"width: 50%;\"><img decoding=\"async\" class=\"lazyload alignnone size-full wp-image-4461\" src=\"https:\/\/packcolorful.com\/wp-content\/uploads\/2025\/09\/Cosmetic-box-21.jpg\" data-orig-src=\"https:\/\/packcolorful.com\/wp-content\/uploads\/2025\/09\/Cosmetic-box-21.jpg\" alt=\"\" width=\"1200\" height=\"1200\" srcset=\"data:image\/svg+xml,%3Csvg%20xmlns%3D%27http%3A%2F%2Fwww.w3.org%2F2000%2Fsvg%27%20width%3D%271200%27%20height%3D%271200%27%20viewBox%3D%270%200%201200%201200%27%3E%3Crect%20width%3D%271200%27%20height%3D%271200%27%20fill-opacity%3D%220%22%2F%3E%3C%2Fsvg%3E\" data-srcset=\"https:\/\/packcolorful.com\/wp-content\/uploads\/2025\/09\/Cosmetic-box-21-66x66.jpg 66w, https:\/\/packcolorful.com\/wp-content\/uploads\/2025\/09\/Cosmetic-box-21-200x200.jpg 200w, https:\/\/packcolorful.com\/wp-content\/uploads\/2025\/09\/Cosmetic-box-21-400x400.jpg 400w, https:\/\/packcolorful.com\/wp-content\/uploads\/2025\/09\/Cosmetic-box-21-500x500.jpg 500w, https:\/\/packcolorful.com\/wp-content\/uploads\/2025\/09\/Cosmetic-box-21-600x600.jpg 600w, https:\/\/packcolorful.com\/wp-content\/uploads\/2025\/09\/Cosmetic-box-21-700x700.jpg 700w, https:\/\/packcolorful.com\/wp-content\/uploads\/2025\/09\/Cosmetic-box-21-768x768.jpg 768w, https:\/\/packcolorful.com\/wp-content\/uploads\/2025\/09\/Cosmetic-box-21-800x800.jpg 800w, https:\/\/packcolorful.com\/wp-content\/uploads\/2025\/09\/Cosmetic-box-21-1024x1024.jpg 1024w, https:\/\/packcolorful.com\/wp-content\/uploads\/2025\/09\/Cosmetic-box-21.jpg 1200w\" data-sizes=\"auto\" data-orig-sizes=\"(max-width: 1200px) 100vw, 1200px\" \/><\/td>\n<\/tr>\n<tr>\n<td style=\"width: 50%;\"><\/td>\n<td style=\"width: 50%;\"><\/td>\n<\/tr>\n<\/tbody>\n<\/table>\n<div><\/div>\n<h2 class=\"magic-5\">Individuelle Beauty Box<\/h2>\n<div><\/div>\n<div class=\"J_module\">\n<div class=\"ife-detail-decorate-table\">\n<table class=\"all magic-7\" style=\"border-style: solid; border-color: #b5b5b5;\" border=\"1px\">\n<tbody>\n<tr>\n<td colspan=\"1\" rowspan=\"1\">\n<div class=\"magic-8\">Produktname<\/div>\n<\/td>\n<td colspan=\"1\" rowspan=\"1\">\n<div class=\"magic-9\">Custom Cosmetic Packaging Boxes<\/div>\n<\/td>\n<\/tr>\n<tr>\n<td colspan=\"1\" rowspan=\"1\">\n<div class=\"magic-8\" data-spm-anchor-id=\"a2700.details-description.0.i2.65833qr73qr7ss\">Allgemeines Papiermaterial<\/div>\n<\/td>\n<td colspan=\"1\" rowspan=\"1\">\n<div class=\"magic-9\">Kartonpapier, Kunstdruckpapier, beschichtetes Papier, Kraftpapier, Wellpappe<\/div>\n<\/td>\n<\/tr>\n<tr>\n<td colspan=\"1\" rowspan=\"1\">\n<div class=\"magic-8\">Drucken<\/div>\n<\/td>\n<td colspan=\"1\" rowspan=\"1\">\n<div class=\"magic-9\">CMYK- oder Pantone-Offsetdruck, Siebdruck oder UV-Offsetdruck<\/div>\n<\/td>\n<\/tr>\n<tr>\n<td colspan=\"1\" rowspan=\"1\">\n<div class=\"magic-8\">Gr\u00f6\u00dfe<\/div>\n<\/td>\n<td colspan=\"1\" rowspan=\"1\">\n<div class=\"magic-9\">Ma\u00dfgeschneiderte Gr\u00f6\u00dfe auf Kundenanforderung<\/div>\n<\/td>\n<\/tr>\n<tr>\n<td colspan=\"1\" rowspan=\"1\">\n<div class=\"magic-8\">Drucken Handhabung<\/div>\n<\/td>\n<td colspan=\"1\" rowspan=\"1\">\n<div class=\"magic-9\">Debossiert oder gepr\u00e4gt, Gold- oder Seidenfolienpr\u00e4gung, Spot UV, Laserfolie, gl\u00e4nzende oder matte Laminierung<\/div>\n<\/td>\n<\/tr>\n<tr>\n<td colspan=\"1\" rowspan=\"1\">\n<div class=\"magic-8\">Zubeh\u00f6r<\/div>\n<\/td>\n<td colspan=\"1\" rowspan=\"1\">\n<div class=\"magic-9\">Farbband, Kraft-Wellpappeneinlage, Wellpappeneinlage<br \/>\n, Kartontrenneinsatz, starrer Trenneinsatz, wei\u00dfer Pappeinsatz, PET-Blistereinsatz, EVA-Einsatz, EPE-Schaum<\/div>\n<\/td>\n<\/tr>\n<tr>\n<td colspan=\"1\" rowspan=\"1\">\n<div class=\"magic-8\">Artwork Format<\/div>\n<\/td>\n<td colspan=\"1\" rowspan=\"1\">\n<div class=\"magic-9\">AI, PDF, CDR, InDesign Format f\u00fcr individuelle Gestaltung<\/div>\n<\/td>\n<\/tr>\n<tr>\n<td colspan=\"1\" rowspan=\"1\">\n<div class=\"magic-8\">MOQ<\/div>\n<\/td>\n<td colspan=\"1\" rowspan=\"1\">\n<div class=\"magic-9\">300 STCK.<\/div>\n<\/td>\n<\/tr>\n<tr>\n<td colspan=\"1\" rowspan=\"1\">\n<div class=\"magic-8\">Probezeit<\/div>\n<\/td>\n<td colspan=\"1\" rowspan=\"1\">\n<div class=\"magic-9\">1-5 Arbeitstage<\/div>\n<\/td>\n<\/tr>\n<tr>\n<td colspan=\"1\" rowspan=\"1\">\n<div class=\"magic-8\">Produktionszeit<\/div>\n<\/td>\n<td colspan=\"1\" rowspan=\"1\">\n<div class=\"magic-9\">8-25 Arbeitstage<\/div>\n<\/td>\n<\/tr>\n<tr>\n<td colspan=\"1\" rowspan=\"1\">\n<div class=\"magic-8\">Versandart<\/div>\n<\/td>\n<td colspan=\"1\" rowspan=\"1\">\n<div class=\"magic-9\">Auf dem See-, Luft- und Expressweg<\/div>\n<\/td>\n<\/tr>\n<tr>\n<td colspan=\"1\" rowspan=\"1\">\n<div class=\"magic-8\">Verpacken<\/div>\n<\/td>\n<td colspan=\"1\" rowspan=\"1\">\n<div class=\"magic-9\" data-spm-anchor-id=\"a2700.details-description.0.i1.65833qr73qr7ss\">Plastikt\u00fcte, Karton, Palette<\/div>\n<\/td>\n<\/tr>\n<\/tbody>\n<\/table>\n<\/div>\n<\/div>\n<p data-start=\"1332\" data-end=\"1368\"><strong data-start=\"1332\" data-end=\"1368\">Why Choose Our Custom Cosmetic Packaging Boxes:<\/strong><\/p>\n<ul>\n<li data-start=\"1354\" data-end=\"1389\">\n<p data-start=\"1356\" data-end=\"1389\">Custom sizes, shapes &amp; structures<\/p>\n<\/li>\n<li data-start=\"1390\" data-end=\"1435\">\n<p data-start=\"1392\" data-end=\"1435\">Luxury printing &amp; surface finishing options<\/p>\n<\/li>\n<li data-start=\"1436\" data-end=\"1478\">\n<p data-start=\"1438\" data-end=\"1478\">Sustainable &amp; recyclable paper materials<\/p>\n<\/li>\n<li data-start=\"1479\" data-end=\"1525\">\n<p data-start=\"1481\" data-end=\"1525\">Ideal for skincare, makeup, beauty gift sets<\/p>\n<\/li>\n<li data-start=\"1526\" data-end=\"1584\">\n<p data-start=\"1528\" data-end=\"1584\">Factory-direct service with low minimum order quantities<\/p>\n<\/li>\n<\/ul>","protected":false},"excerpt":{"rendered":"<p>Custom paper boxes for cosmetics, combining eco-friendly materials with premium finishes\u2014ideal for skincare, makeup, and beauty gift sets.<\/p>","protected":false},"featured_media":4460,"comment_status":"open","ping_status":"closed","template":"","meta":{"_acf_changed":false,"content-type":"","_uag_custom_page_level_css":""},"product_brand":[],"product_cat":[222],"product_tag":[],"class_list":{"0":"post-4674","1":"product","2":"type-product","3":"status-publish","4":"has-post-thumbnail","6":"product_cat-cosmetic-box","8":"first","9":"instock","10":"shipping-taxable","11":"product-type-simple"},"acf":[],"uagb_featured_image_src":{"full":["https:\/\/packcolorful.com\/wp-content\/uploads\/2025\/09\/Cosmetic-box-19.jpg",1200,1200,false],"thumbnail":["https:\/\/packcolorful.com\/wp-content\/uploads\/2025\/09\/Cosmetic-box-19.jpg",96,96,false],"medium":["https:\/\/packcolorful.com\/wp-content\/uploads\/2025\/09\/Cosmetic-box-19.jpg",1200,1200,false],"medium_large":["https:\/\/packcolorful.com\/wp-content\/uploads\/2025\/09\/Cosmetic-box-19-768x768.jpg",768,768,true],"large":["https:\/\/packcolorful.com\/wp-content\/uploads\/2025\/09\/Cosmetic-box-19-1024x1024.jpg",1024,1024,true],"1536x1536":["https:\/\/packcolorful.com\/wp-content\/uploads\/2025\/09\/Cosmetic-box-19.jpg",1200,1200,false],"2048x2048":["https:\/\/packcolorful.com\/wp-content\/uploads\/2025\/09\/Cosmetic-box-19.jpg",1200,1200,false],"trp-custom-language-flag":["https:\/\/packcolorful.com\/wp-content\/uploads\/2025\/09\/Cosmetic-box-19.jpg",12,12,false],"blog-large":["https:\/\/packcolorful.com\/wp-content\/uploads\/2025\/09\/Cosmetic-box-19-669x272.jpg",669,272,true],"blog-medium":["https:\/\/packcolorful.com\/wp-content\/uploads\/2025\/09\/Cosmetic-box-19-320x202.jpg",320,202,true],"recent-posts":["https:\/\/packcolorful.com\/wp-content\/uploads\/2025\/09\/Cosmetic-box-19-700x441.jpg",700,441,true],"recent-works-thumbnail":["https:\/\/packcolorful.com\/wp-content\/uploads\/2025\/09\/Cosmetic-box-19-66x66.jpg",66,66,true],"fusion-200":["https:\/\/packcolorful.com\/wp-content\/uploads\/2025\/09\/Cosmetic-box-19-200x200.jpg",200,200,true],"fusion-400":["https:\/\/packcolorful.com\/wp-content\/uploads\/2025\/09\/Cosmetic-box-19-400x400.jpg",400,400,true],"fusion-600":["https:\/\/packcolorful.com\/wp-content\/uploads\/2025\/09\/Cosmetic-box-19-600x600.jpg",600,600,true],"fusion-800":["https:\/\/packcolorful.com\/wp-content\/uploads\/2025\/09\/Cosmetic-box-19-800x800.jpg",800,800,true],"fusion-1200":["https:\/\/packcolorful.com\/wp-content\/uploads\/2025\/09\/Cosmetic-box-19.jpg",1200,1200,false],"portfolio-full":["https:\/\/packcolorful.com\/wp-content\/uploads\/2025\/09\/Cosmetic-box-19-940x400.jpg",940,400,true],"portfolio-one":["https:\/\/packcolorful.com\/wp-content\/uploads\/2025\/09\/Cosmetic-box-19-540x272.jpg",540,272,true],"portfolio-two":["https:\/\/packcolorful.com\/wp-content\/uploads\/2025\/09\/Cosmetic-box-19-460x295.jpg",460,295,true],"portfolio-three":["https:\/\/packcolorful.com\/wp-content\/uploads\/2025\/09\/Cosmetic-box-19-300x214.jpg",300,214,true],"portfolio-five":["https:\/\/packcolorful.com\/wp-content\/uploads\/2025\/09\/Cosmetic-box-19-177x142.jpg",177,142,true],"woocommerce_thumbnail":["https:\/\/packcolorful.com\/wp-content\/uploads\/2025\/09\/Cosmetic-box-19-500x500.jpg",500,500,true],"woocommerce_single":["https:\/\/packcolorful.com\/wp-content\/uploads\/2025\/09\/Cosmetic-box-19-700x700.jpg",700,700,true],"woocommerce_gallery_thumbnail":["https:\/\/packcolorful.com\/wp-content\/uploads\/2025\/09\/Cosmetic-box-19-200x200.jpg",200,200,true]},"uagb_author_info":{"display_name":"cuids@aliyun.com","author_link":"https:\/\/packcolorful.com\/de\/author\/"},"uagb_comment_info":0,"uagb_excerpt":"Custom paper boxes for cosmetics, combining eco-friendly materials with premium finishes\u2014ideal for skincare, makeup, and beauty gift sets.","_links":{"self":[{"href":"https:\/\/packcolorful.com\/de\/wp-json\/wp\/v2\/product\/4674","targetHints":{"allow":["GET"]}}],"collection":[{"href":"https:\/\/packcolorful.com\/de\/wp-json\/wp\/v2\/product"}],"about":[{"href":"https:\/\/packcolorful.com\/de\/wp-json\/wp\/v2\/types\/product"}],"replies":[{"embeddable":true,"href":"https:\/\/packcolorful.com\/de\/wp-json\/wp\/v2\/comments?post=4674"}],"wp:featuredmedia":[{"embeddable":true,"href":"https:\/\/packcolorful.com\/de\/wp-json\/wp\/v2\/media\/4460"}],"wp:attachment":[{"href":"https:\/\/packcolorful.com\/de\/wp-json\/wp\/v2\/media?parent=4674"}],"wp:term":[{"taxonomy":"product_brand","embeddable":true,"href":"https:\/\/packcolorful.com\/de\/wp-json\/wp\/v2\/product_brand?post=4674"},{"taxonomy":"product_cat","embeddable":true,"href":"https:\/\/packcolorful.com\/de\/wp-json\/wp\/v2\/product_cat?post=4674"},{"taxonomy":"product_tag","embeddable":true,"href":"https:\/\/packcolorful.com\/de\/wp-json\/wp\/v2\/product_tag?post=4674"}],"curies":[{"name":"wp","href":"https:\/\/api.w.org\/{rel}","templated":true}]}}