{"id":4701,"date":"2025-08-21T14:17:40","date_gmt":"2025-08-21T14:17:40","guid":{"rendered":"https:\/\/packcolorful.com\/?post_type=product&#038;p=4701"},"modified":"2025-10-09T15:24:32","modified_gmt":"2025-10-09T15:24:32","slug":"custom-display-boxes","status":"publish","type":"product","link":"https:\/\/packcolorful.com\/de\/produkt\/custom-display-boxes\/","title":{"rendered":"Custom Display Boxes"},"content":{"rendered":"<p data-start=\"422\" data-end=\"746\">Custom Display Boxes are designed to help your products stand out at the point of sale. Made from high-strength corrugated or coated paperboard, they offer excellent durability, print quality, and shelf visibility. These boxes are perfect for cosmetics, snacks, electronics accessories, small toys, supplements, and more.<\/p>\n<p data-start=\"748\" data-end=\"1083\">In Struktur und Aussehen vollst\u00e4ndig anpassbar, bieten wir Displayboxen in verschiedenen Formaten an, darunter Thekendisplays, PDQ-Boxen, Stufendisplays und H\u00e4ngedisplays. Ganz gleich, ob Sie ein faltbares Design f\u00fcr den einfachen Versand oder eine starre Struktur f\u00fcr Einzelhandelsgesch\u00e4fte ben\u00f6tigen, wir passen jeden Karton an die Gr\u00f6\u00dfe, das Gewicht und die Marketingziele Ihres Produkts an.<\/p>\n<p data-start=\"1085\" data-end=\"1305\">Mit lebendigem Druck (CMYK, Pantone), Spot-UV, Folienpr\u00e4gung, gestanzten Fenstern und verst\u00e4rkten Einlagen verst\u00e4rken unsere Display-Boxen Ihre Markenpr\u00e4senz und sind gleichzeitig leicht, recycelbar und kosteng\u00fcnstig.<\/p>\n<h3 data-start=\"898\" data-end=\"1184\">Custom Display Boxes Detail\uff1a<\/h3>\n<table style=\"border-collapse: collapse; width: 100%;\">\n<tbody>\n<tr>\n<td style=\"width: 50%;\"><img decoding=\"async\" class=\"lazyload alignnone size-full wp-image-4470\" src=\"https:\/\/packcolorful.com\/wp-content\/uploads\/2025\/09\/Display-box-6.jpg\" data-orig-src=\"https:\/\/packcolorful.com\/wp-content\/uploads\/2025\/09\/Display-box-6.jpg\" alt=\"\" width=\"1200\" height=\"1200\" srcset=\"data:image\/svg+xml,%3Csvg%20xmlns%3D%27http%3A%2F%2Fwww.w3.org%2F2000%2Fsvg%27%20width%3D%271200%27%20height%3D%271200%27%20viewBox%3D%270%200%201200%201200%27%3E%3Crect%20width%3D%271200%27%20height%3D%271200%27%20fill-opacity%3D%220%22%2F%3E%3C%2Fsvg%3E\" data-srcset=\"https:\/\/packcolorful.com\/wp-content\/uploads\/2025\/09\/Display-box-6-66x66.jpg 66w, https:\/\/packcolorful.com\/wp-content\/uploads\/2025\/09\/Display-box-6-200x200.jpg 200w, https:\/\/packcolorful.com\/wp-content\/uploads\/2025\/09\/Display-box-6-400x400.jpg 400w, https:\/\/packcolorful.com\/wp-content\/uploads\/2025\/09\/Display-box-6-500x500.jpg 500w, https:\/\/packcolorful.com\/wp-content\/uploads\/2025\/09\/Display-box-6-600x600.jpg 600w, https:\/\/packcolorful.com\/wp-content\/uploads\/2025\/09\/Display-box-6-700x700.jpg 700w, https:\/\/packcolorful.com\/wp-content\/uploads\/2025\/09\/Display-box-6-768x768.jpg 768w, https:\/\/packcolorful.com\/wp-content\/uploads\/2025\/09\/Display-box-6-800x800.jpg 800w, https:\/\/packcolorful.com\/wp-content\/uploads\/2025\/09\/Display-box-6-1024x1024.jpg 1024w, https:\/\/packcolorful.com\/wp-content\/uploads\/2025\/09\/Display-box-6.jpg 1200w\" data-sizes=\"auto\" data-orig-sizes=\"(max-width: 1200px) 100vw, 1200px\" \/><\/td>\n<td style=\"width: 50%;\"><img decoding=\"async\" class=\"lazyload alignnone size-full wp-image-4474\" src=\"https:\/\/packcolorful.com\/wp-content\/uploads\/2025\/09\/Display-box-10.jpg\" data-orig-src=\"https:\/\/packcolorful.com\/wp-content\/uploads\/2025\/09\/Display-box-10.jpg\" alt=\"\" width=\"1200\" height=\"1200\" srcset=\"data:image\/svg+xml,%3Csvg%20xmlns%3D%27http%3A%2F%2Fwww.w3.org%2F2000%2Fsvg%27%20width%3D%271200%27%20height%3D%271200%27%20viewBox%3D%270%200%201200%201200%27%3E%3Crect%20width%3D%271200%27%20height%3D%271200%27%20fill-opacity%3D%220%22%2F%3E%3C%2Fsvg%3E\" data-srcset=\"https:\/\/packcolorful.com\/wp-content\/uploads\/2025\/09\/Display-box-10-66x66.jpg 66w, https:\/\/packcolorful.com\/wp-content\/uploads\/2025\/09\/Display-box-10-200x200.jpg 200w, https:\/\/packcolorful.com\/wp-content\/uploads\/2025\/09\/Display-box-10-400x400.jpg 400w, https:\/\/packcolorful.com\/wp-content\/uploads\/2025\/09\/Display-box-10-500x500.jpg 500w, https:\/\/packcolorful.com\/wp-content\/uploads\/2025\/09\/Display-box-10-600x600.jpg 600w, https:\/\/packcolorful.com\/wp-content\/uploads\/2025\/09\/Display-box-10-700x700.jpg 700w, https:\/\/packcolorful.com\/wp-content\/uploads\/2025\/09\/Display-box-10-768x768.jpg 768w, https:\/\/packcolorful.com\/wp-content\/uploads\/2025\/09\/Display-box-10-800x800.jpg 800w, https:\/\/packcolorful.com\/wp-content\/uploads\/2025\/09\/Display-box-10-1024x1024.jpg 1024w, https:\/\/packcolorful.com\/wp-content\/uploads\/2025\/09\/Display-box-10.jpg 1200w\" data-sizes=\"auto\" data-orig-sizes=\"(max-width: 1200px) 100vw, 1200px\" \/><\/td>\n<\/tr>\n<tr>\n<td style=\"width: 50%;\"><img decoding=\"async\" class=\"lazyload alignnone wp-image-4473 size-full\" src=\"https:\/\/packcolorful.com\/wp-content\/uploads\/2025\/09\/Display-box-9.jpg\" data-orig-src=\"https:\/\/packcolorful.com\/wp-content\/uploads\/2025\/09\/Display-box-9.jpg\" alt=\"Custom Display Boxes\" width=\"1200\" height=\"1200\" srcset=\"data:image\/svg+xml,%3Csvg%20xmlns%3D%27http%3A%2F%2Fwww.w3.org%2F2000%2Fsvg%27%20width%3D%271200%27%20height%3D%271200%27%20viewBox%3D%270%200%201200%201200%27%3E%3Crect%20width%3D%271200%27%20height%3D%271200%27%20fill-opacity%3D%220%22%2F%3E%3C%2Fsvg%3E\" data-srcset=\"https:\/\/packcolorful.com\/wp-content\/uploads\/2025\/09\/Display-box-9-66x66.jpg 66w, https:\/\/packcolorful.com\/wp-content\/uploads\/2025\/09\/Display-box-9-200x200.jpg 200w, https:\/\/packcolorful.com\/wp-content\/uploads\/2025\/09\/Display-box-9-400x400.jpg 400w, https:\/\/packcolorful.com\/wp-content\/uploads\/2025\/09\/Display-box-9-500x500.jpg 500w, https:\/\/packcolorful.com\/wp-content\/uploads\/2025\/09\/Display-box-9-600x600.jpg 600w, https:\/\/packcolorful.com\/wp-content\/uploads\/2025\/09\/Display-box-9-700x700.jpg 700w, https:\/\/packcolorful.com\/wp-content\/uploads\/2025\/09\/Display-box-9-768x768.jpg 768w, https:\/\/packcolorful.com\/wp-content\/uploads\/2025\/09\/Display-box-9-800x800.jpg 800w, https:\/\/packcolorful.com\/wp-content\/uploads\/2025\/09\/Display-box-9-1024x1024.jpg 1024w, https:\/\/packcolorful.com\/wp-content\/uploads\/2025\/09\/Display-box-9.jpg 1200w\" data-sizes=\"auto\" data-orig-sizes=\"(max-width: 1200px) 100vw, 1200px\" \/><\/td>\n<td style=\"width: 50%;\"><img decoding=\"async\" class=\"lazyload alignnone size-full wp-image-4470\" src=\"https:\/\/packcolorful.com\/wp-content\/uploads\/2025\/09\/Display-box-6.jpg\" data-orig-src=\"https:\/\/packcolorful.com\/wp-content\/uploads\/2025\/09\/Display-box-6.jpg\" alt=\"\" width=\"1200\" height=\"1200\" srcset=\"data:image\/svg+xml,%3Csvg%20xmlns%3D%27http%3A%2F%2Fwww.w3.org%2F2000%2Fsvg%27%20width%3D%271200%27%20height%3D%271200%27%20viewBox%3D%270%200%201200%201200%27%3E%3Crect%20width%3D%271200%27%20height%3D%271200%27%20fill-opacity%3D%220%22%2F%3E%3C%2Fsvg%3E\" data-srcset=\"https:\/\/packcolorful.com\/wp-content\/uploads\/2025\/09\/Display-box-6-66x66.jpg 66w, https:\/\/packcolorful.com\/wp-content\/uploads\/2025\/09\/Display-box-6-200x200.jpg 200w, https:\/\/packcolorful.com\/wp-content\/uploads\/2025\/09\/Display-box-6-400x400.jpg 400w, https:\/\/packcolorful.com\/wp-content\/uploads\/2025\/09\/Display-box-6-500x500.jpg 500w, https:\/\/packcolorful.com\/wp-content\/uploads\/2025\/09\/Display-box-6-600x600.jpg 600w, https:\/\/packcolorful.com\/wp-content\/uploads\/2025\/09\/Display-box-6-700x700.jpg 700w, https:\/\/packcolorful.com\/wp-content\/uploads\/2025\/09\/Display-box-6-768x768.jpg 768w, https:\/\/packcolorful.com\/wp-content\/uploads\/2025\/09\/Display-box-6-800x800.jpg 800w, https:\/\/packcolorful.com\/wp-content\/uploads\/2025\/09\/Display-box-6-1024x1024.jpg 1024w, https:\/\/packcolorful.com\/wp-content\/uploads\/2025\/09\/Display-box-6.jpg 1200w\" data-sizes=\"auto\" data-orig-sizes=\"(max-width: 1200px) 100vw, 1200px\" \/><\/td>\n<\/tr>\n<\/tbody>\n<\/table>\n<div><\/div>\n<h2 class=\"magic-5\">Custom Display Boxes<\/h2>\n<div><\/div>\n<div class=\"J_module\">\n<div class=\"ife-detail-decorate-table\">\n<table class=\"all magic-7\" style=\"border-style: solid; border-color: #b5b5b5;\" border=\"1px\">\n<tbody>\n<tr>\n<td colspan=\"1\" rowspan=\"1\">\n<div class=\"magic-8\">Produktname<\/div>\n<\/td>\n<td colspan=\"1\" rowspan=\"1\">\n<div class=\"magic-9\">Produkte Display-Boxen<\/div>\n<\/td>\n<\/tr>\n<tr>\n<td colspan=\"1\" rowspan=\"1\">\n<div class=\"magic-8\" data-spm-anchor-id=\"a2700.details-description.0.i2.65833qr73qr7ss\">Allgemeines Papiermaterial<\/div>\n<\/td>\n<td colspan=\"1\" rowspan=\"1\">\n<div class=\"magic-9\">Kartonpapier, Kunstdruckpapier, beschichtetes Papier, Kraftpapier, Wellpappe<\/div>\n<\/td>\n<\/tr>\n<tr>\n<td colspan=\"1\" rowspan=\"1\">\n<div class=\"magic-8\">Drucken<\/div>\n<\/td>\n<td colspan=\"1\" rowspan=\"1\">\n<div class=\"magic-9\">CMYK- oder Pantone-Offsetdruck, Siebdruck oder UV-Offsetdruck<\/div>\n<\/td>\n<\/tr>\n<tr>\n<td colspan=\"1\" rowspan=\"1\">\n<div class=\"magic-8\">Gr\u00f6\u00dfe<\/div>\n<\/td>\n<td colspan=\"1\" rowspan=\"1\">\n<div class=\"magic-9\">Ma\u00dfgeschneiderte Gr\u00f6\u00dfe auf Kundenanforderung<\/div>\n<\/td>\n<\/tr>\n<tr>\n<td colspan=\"1\" rowspan=\"1\">\n<div class=\"magic-8\">Drucken Handhabung<\/div>\n<\/td>\n<td colspan=\"1\" rowspan=\"1\">\n<div class=\"magic-9\">Debossiert oder gepr\u00e4gt, Gold- oder Seidenfolienpr\u00e4gung, Spot UV, Laserfolie, gl\u00e4nzende oder matte Laminierung<\/div>\n<\/td>\n<\/tr>\n<tr>\n<td colspan=\"1\" rowspan=\"1\">\n<div class=\"magic-8\">Zubeh\u00f6r<\/div>\n<\/td>\n<td colspan=\"1\" rowspan=\"1\">\n<div class=\"magic-9\">Farbband, Kraft-Wellpappeneinlage, Wellpappeneinlage<br \/>\n, Kartontrenneinsatz, starrer Trenneinsatz, wei\u00dfer Pappeinsatz, PET-Blistereinsatz, EVA-Einsatz, EPE-Schaum<\/div>\n<\/td>\n<\/tr>\n<tr>\n<td colspan=\"1\" rowspan=\"1\">\n<div class=\"magic-8\">Artwork Format<\/div>\n<\/td>\n<td colspan=\"1\" rowspan=\"1\">\n<div class=\"magic-9\">AI, PDF, CDR, InDesign Format f\u00fcr individuelle Gestaltung<\/div>\n<\/td>\n<\/tr>\n<tr>\n<td colspan=\"1\" rowspan=\"1\">\n<div class=\"magic-8\">MOQ<\/div>\n<\/td>\n<td colspan=\"1\" rowspan=\"1\">\n<div class=\"magic-9\">300 STCK.<\/div>\n<\/td>\n<\/tr>\n<tr>\n<td colspan=\"1\" rowspan=\"1\">\n<div class=\"magic-8\">Probezeit<\/div>\n<\/td>\n<td colspan=\"1\" rowspan=\"1\">\n<div class=\"magic-9\">1-5 Arbeitstage<\/div>\n<\/td>\n<\/tr>\n<tr>\n<td colspan=\"1\" rowspan=\"1\">\n<div class=\"magic-8\">Produktionszeit<\/div>\n<\/td>\n<td colspan=\"1\" rowspan=\"1\">\n<div class=\"magic-9\">8-25 Arbeitstage<\/div>\n<\/td>\n<\/tr>\n<tr>\n<td colspan=\"1\" rowspan=\"1\">\n<div class=\"magic-8\">Versandart<\/div>\n<\/td>\n<td colspan=\"1\" rowspan=\"1\">\n<div class=\"magic-9\">Auf dem See-, Luft- und Expressweg<\/div>\n<\/td>\n<\/tr>\n<tr>\n<td colspan=\"1\" rowspan=\"1\">\n<div class=\"magic-8\">Verpacken<\/div>\n<\/td>\n<td colspan=\"1\" rowspan=\"1\">\n<div class=\"magic-9\" data-spm-anchor-id=\"a2700.details-description.0.i1.65833qr73qr7ss\">Plastikt\u00fcte, Karton, Palette<\/div>\n<\/td>\n<\/tr>\n<\/tbody>\n<\/table>\n<\/div>\n<\/div>\n<p data-start=\"1307\" data-end=\"1421\"><strong data-start=\"1307\" data-end=\"1324\">Anwendungen:<\/strong><br data-start=\"1324\" data-end=\"1327\" \/>Einzelhandelsregale, Superm\u00e4rkte, Kioske, Ausstellungen, Apotheken, Convenience Stores, Fachmessen<\/p>\n<p data-start=\"1423\" data-end=\"1440\"><strong data-start=\"1423\" data-end=\"1439\">Wesentliche Merkmale<\/strong>:<\/p>\n<ul data-start=\"1441\" data-end=\"1711\">\n<li data-start=\"1441\" data-end=\"1487\">\n<p data-start=\"1443\" data-end=\"1487\">Kundenspezifische Formen, Gr\u00f6\u00dfen und Konstruktionen<\/p>\n<\/li>\n<li data-start=\"1488\" data-end=\"1542\">\n<p data-start=\"1490\" data-end=\"1542\">Ideal f\u00fcr Produktpr\u00e4sentation und Verkaufsf\u00f6rderung<\/p>\n<\/li>\n<li data-start=\"1543\" data-end=\"1585\">\n<p data-start=\"1545\" data-end=\"1585\">Hochwertiger Druck und Oberfl\u00e4chenveredelung<\/p>\n<\/li>\n<li data-start=\"1586\" data-end=\"1621\">\n<p data-start=\"1588\" data-end=\"1621\">Zusammenklappbare oder vormontierte Optionen<\/p>\n<\/li>\n<li data-start=\"1622\" data-end=\"1661\">\n<p data-start=\"1624\" data-end=\"1661\">Umweltfreundliche und recycelbare Materialien<\/p>\n<\/li>\n<li data-start=\"1662\" data-end=\"1711\">\n<p data-start=\"1664\" data-end=\"1711\">Werksdirektlieferung mit niedrigem MOQ und schnellem Durchlauf<\/p>\n<\/li>\n<\/ul>\n<p>&nbsp;<\/p>","protected":false},"excerpt":{"rendered":"<p>Individuell gestaltete Papierdisplayboxen, die Ihre Produkte stilvoll und strukturiert pr\u00e4sentieren - ideal f\u00fcr Einzelhandelsregale, Messen und Thekenwerbung.<\/p>","protected":false},"featured_media":4472,"comment_status":"open","ping_status":"closed","template":"","meta":{"_acf_changed":false,"content-type":"","_uag_custom_page_level_css":""},"product_brand":[],"product_cat":[223],"product_tag":[],"class_list":{"0":"post-4701","1":"product","2":"type-product","3":"status-publish","4":"has-post-thumbnail","6":"product_cat-display-box","8":"first","9":"instock","10":"shipping-taxable","11":"product-type-simple"},"acf":[],"uagb_featured_image_src":{"full":["https:\/\/packcolorful.com\/wp-content\/uploads\/2025\/09\/Display-box-8.jpg",1200,1200,false],"thumbnail":["https:\/\/packcolorful.com\/wp-content\/uploads\/2025\/09\/Display-box-8.jpg",96,96,false],"medium":["https:\/\/packcolorful.com\/wp-content\/uploads\/2025\/09\/Display-box-8.jpg",1200,1200,false],"medium_large":["https:\/\/packcolorful.com\/wp-content\/uploads\/2025\/09\/Display-box-8-768x768.jpg",768,768,true],"large":["https:\/\/packcolorful.com\/wp-content\/uploads\/2025\/09\/Display-box-8-1024x1024.jpg",1024,1024,true],"1536x1536":["https:\/\/packcolorful.com\/wp-content\/uploads\/2025\/09\/Display-box-8.jpg",1200,1200,false],"2048x2048":["https:\/\/packcolorful.com\/wp-content\/uploads\/2025\/09\/Display-box-8.jpg",1200,1200,false],"trp-custom-language-flag":["https:\/\/packcolorful.com\/wp-content\/uploads\/2025\/09\/Display-box-8.jpg",12,12,false],"blog-large":["https:\/\/packcolorful.com\/wp-content\/uploads\/2025\/09\/Display-box-8-669x272.jpg",669,272,true],"blog-medium":["https:\/\/packcolorful.com\/wp-content\/uploads\/2025\/09\/Display-box-8-320x202.jpg",320,202,true],"recent-posts":["https:\/\/packcolorful.com\/wp-content\/uploads\/2025\/09\/Display-box-8-700x441.jpg",700,441,true],"recent-works-thumbnail":["https:\/\/packcolorful.com\/wp-content\/uploads\/2025\/09\/Display-box-8-66x66.jpg",66,66,true],"fusion-200":["https:\/\/packcolorful.com\/wp-content\/uploads\/2025\/09\/Display-box-8-200x200.jpg",200,200,true],"fusion-400":["https:\/\/packcolorful.com\/wp-content\/uploads\/2025\/09\/Display-box-8-400x400.jpg",400,400,true],"fusion-600":["https:\/\/packcolorful.com\/wp-content\/uploads\/2025\/09\/Display-box-8-600x600.jpg",600,600,true],"fusion-800":["https:\/\/packcolorful.com\/wp-content\/uploads\/2025\/09\/Display-box-8-800x800.jpg",800,800,true],"fusion-1200":["https:\/\/packcolorful.com\/wp-content\/uploads\/2025\/09\/Display-box-8.jpg",1200,1200,false],"portfolio-full":["https:\/\/packcolorful.com\/wp-content\/uploads\/2025\/09\/Display-box-8-940x400.jpg",940,400,true],"portfolio-one":["https:\/\/packcolorful.com\/wp-content\/uploads\/2025\/09\/Display-box-8-540x272.jpg",540,272,true],"portfolio-two":["https:\/\/packcolorful.com\/wp-content\/uploads\/2025\/09\/Display-box-8-460x295.jpg",460,295,true],"portfolio-three":["https:\/\/packcolorful.com\/wp-content\/uploads\/2025\/09\/Display-box-8-300x214.jpg",300,214,true],"portfolio-five":["https:\/\/packcolorful.com\/wp-content\/uploads\/2025\/09\/Display-box-8-177x142.jpg",177,142,true],"woocommerce_thumbnail":["https:\/\/packcolorful.com\/wp-content\/uploads\/2025\/09\/Display-box-8-500x500.jpg",500,500,true],"woocommerce_single":["https:\/\/packcolorful.com\/wp-content\/uploads\/2025\/09\/Display-box-8-700x700.jpg",700,700,true],"woocommerce_gallery_thumbnail":["https:\/\/packcolorful.com\/wp-content\/uploads\/2025\/09\/Display-box-8-200x200.jpg",200,200,true]},"uagb_author_info":{"display_name":"cuids@aliyun.com","author_link":"https:\/\/packcolorful.com\/de\/author\/"},"uagb_comment_info":0,"uagb_excerpt":"Custom paper display boxes designed to showcase your products with style and structure\u2014ideal for retail shelves, trade shows, and countertop promotions.","_links":{"self":[{"href":"https:\/\/packcolorful.com\/de\/wp-json\/wp\/v2\/product\/4701","targetHints":{"allow":["GET"]}}],"collection":[{"href":"https:\/\/packcolorful.com\/de\/wp-json\/wp\/v2\/product"}],"about":[{"href":"https:\/\/packcolorful.com\/de\/wp-json\/wp\/v2\/types\/product"}],"replies":[{"embeddable":true,"href":"https:\/\/packcolorful.com\/de\/wp-json\/wp\/v2\/comments?post=4701"}],"wp:featuredmedia":[{"embeddable":true,"href":"https:\/\/packcolorful.com\/de\/wp-json\/wp\/v2\/media\/4472"}],"wp:attachment":[{"href":"https:\/\/packcolorful.com\/de\/wp-json\/wp\/v2\/media?parent=4701"}],"wp:term":[{"taxonomy":"product_brand","embeddable":true,"href":"https:\/\/packcolorful.com\/de\/wp-json\/wp\/v2\/product_brand?post=4701"},{"taxonomy":"product_cat","embeddable":true,"href":"https:\/\/packcolorful.com\/de\/wp-json\/wp\/v2\/product_cat?post=4701"},{"taxonomy":"product_tag","embeddable":true,"href":"https:\/\/packcolorful.com\/de\/wp-json\/wp\/v2\/product_tag?post=4701"}],"curies":[{"name":"wp","href":"https:\/\/api.w.org\/{rel}","templated":true}]}}