{"id":4706,"date":"2025-09-03T15:45:21","date_gmt":"2025-09-03T15:45:21","guid":{"rendered":"https:\/\/packcolorful.com\/?post_type=product&#038;p=4706"},"modified":"2025-10-09T16:01:29","modified_gmt":"2025-10-09T16:01:29","slug":"lebensmittelkartons-nach-mas","status":"publish","type":"product","link":"https:\/\/packcolorful.com\/de\/produkt\/lebensmittelkartons-nach-mas\/","title":{"rendered":"Kundenspezifische Lebensmittelboxen"},"content":{"rendered":"<p data-start=\"450\" data-end=\"747\">Die ma\u00dfgefertigten Lebensmittelboxen sind so konzipiert, dass sie den Anforderungen moderner Lebensmittelunternehmen gerecht werden. Sie kombinieren lebensmittelsichere Materialien mit einer haltbaren Struktur und einer attraktiven Pr\u00e4sentation. Diese Boxen sind ideal f\u00fcr B\u00e4ckereien, Restaurants, Cloud-K\u00fcchen, Tiefk\u00fchlkost und Snacks im Einzelhandel und bieten sowohl Schutz als auch optische Attraktivit\u00e4t.<\/p>\n<p data-start=\"749\" data-end=\"1150\">Unsere aus umweltfreundlicher, lebensmittelechter Pappe oder Wellpappe gefertigten Lebensmittelboxen sind vollst\u00e4ndig recycelbar und in fettdichten, feuchtigkeitsbest\u00e4ndigen und gefriersicheren Ausf\u00fchrungen erh\u00e4ltlich. Mit einer gro\u00dfen Auswahl an anpassbaren Stilen - darunter St\u00fclpdeckelschachteln, Fensterschachteln, Giebelschachteln und Beh\u00e4lter zum Mitnehmen - helfen wir Ihnen, eine Verpackungsl\u00f6sung zu finden, die zu Ihrem Produkt, Ihrer Marke und Ihren Nachhaltigkeitszielen passt.<\/p>\n<p data-start=\"1152\" data-end=\"1449\">Drucken Sie Ihr Logo, N\u00e4hrwertangaben oder QR-Codes mit einem lebendigen Offset- oder Flexodruck, um die Wirkung im Regal und das Vertrauen der Kunden zu st\u00e4rken. Ganz gleich, ob Sie handwerklich hergestellte Verpackungen in kleinen Mengen oder gro\u00df angelegte Lebensmittelverpackungen ben\u00f6tigen, wir bieten Ihnen Direktpreise, niedrige Mindestmengen und fachkundige Unterst\u00fctzung bei der Verpackung.<\/p>\n<h3 data-start=\"898\" data-end=\"1184\">Kundenspezifische Lebensmittelboxen Details\uff1a<\/h3>\n<table style=\"border-collapse: collapse; width: 100%;\">\n<tbody>\n<tr>\n<td style=\"width: 50%;\"><img decoding=\"async\" class=\"lazyload alignnone wp-image-4483 size-full\" src=\"https:\/\/packcolorful.com\/wp-content\/uploads\/2025\/09\/food-box-11.jpg\" data-orig-src=\"https:\/\/packcolorful.com\/wp-content\/uploads\/2025\/09\/food-box-11.jpg\" alt=\"Kundenspezifische Lebensmittelboxen\" width=\"1200\" height=\"1200\" srcset=\"data:image\/svg+xml,%3Csvg%20xmlns%3D%27http%3A%2F%2Fwww.w3.org%2F2000%2Fsvg%27%20width%3D%271200%27%20height%3D%271200%27%20viewBox%3D%270%200%201200%201200%27%3E%3Crect%20width%3D%271200%27%20height%3D%271200%27%20fill-opacity%3D%220%22%2F%3E%3C%2Fsvg%3E\" data-srcset=\"https:\/\/packcolorful.com\/wp-content\/uploads\/2025\/09\/food-box-11-66x66.jpg 66w, https:\/\/packcolorful.com\/wp-content\/uploads\/2025\/09\/food-box-11-200x200.jpg 200w, https:\/\/packcolorful.com\/wp-content\/uploads\/2025\/09\/food-box-11-400x400.jpg 400w, https:\/\/packcolorful.com\/wp-content\/uploads\/2025\/09\/food-box-11-500x500.jpg 500w, https:\/\/packcolorful.com\/wp-content\/uploads\/2025\/09\/food-box-11-600x600.jpg 600w, https:\/\/packcolorful.com\/wp-content\/uploads\/2025\/09\/food-box-11-700x700.jpg 700w, https:\/\/packcolorful.com\/wp-content\/uploads\/2025\/09\/food-box-11-768x768.jpg 768w, https:\/\/packcolorful.com\/wp-content\/uploads\/2025\/09\/food-box-11-800x800.jpg 800w, https:\/\/packcolorful.com\/wp-content\/uploads\/2025\/09\/food-box-11-1024x1024.jpg 1024w, https:\/\/packcolorful.com\/wp-content\/uploads\/2025\/09\/food-box-11.jpg 1200w\" data-sizes=\"auto\" data-orig-sizes=\"(max-width: 1200px) 100vw, 1200px\" \/><\/td>\n<td style=\"width: 50%;\"><img decoding=\"async\" class=\"lazyload alignnone size-full wp-image-4484\" src=\"https:\/\/packcolorful.com\/wp-content\/uploads\/2025\/09\/food-box-12.jpg\" data-orig-src=\"https:\/\/packcolorful.com\/wp-content\/uploads\/2025\/09\/food-box-12.jpg\" alt=\"\" width=\"1200\" height=\"1200\" srcset=\"data:image\/svg+xml,%3Csvg%20xmlns%3D%27http%3A%2F%2Fwww.w3.org%2F2000%2Fsvg%27%20width%3D%271200%27%20height%3D%271200%27%20viewBox%3D%270%200%201200%201200%27%3E%3Crect%20width%3D%271200%27%20height%3D%271200%27%20fill-opacity%3D%220%22%2F%3E%3C%2Fsvg%3E\" data-srcset=\"https:\/\/packcolorful.com\/wp-content\/uploads\/2025\/09\/food-box-12-66x66.jpg 66w, https:\/\/packcolorful.com\/wp-content\/uploads\/2025\/09\/food-box-12-200x200.jpg 200w, https:\/\/packcolorful.com\/wp-content\/uploads\/2025\/09\/food-box-12-400x400.jpg 400w, https:\/\/packcolorful.com\/wp-content\/uploads\/2025\/09\/food-box-12-500x500.jpg 500w, https:\/\/packcolorful.com\/wp-content\/uploads\/2025\/09\/food-box-12-600x600.jpg 600w, https:\/\/packcolorful.com\/wp-content\/uploads\/2025\/09\/food-box-12-700x700.jpg 700w, https:\/\/packcolorful.com\/wp-content\/uploads\/2025\/09\/food-box-12-768x768.jpg 768w, https:\/\/packcolorful.com\/wp-content\/uploads\/2025\/09\/food-box-12-800x800.jpg 800w, https:\/\/packcolorful.com\/wp-content\/uploads\/2025\/09\/food-box-12-1024x1024.jpg 1024w, https:\/\/packcolorful.com\/wp-content\/uploads\/2025\/09\/food-box-12.jpg 1200w\" data-sizes=\"auto\" data-orig-sizes=\"(max-width: 1200px) 100vw, 1200px\" \/><\/td>\n<\/tr>\n<tr>\n<td style=\"width: 50%;\"><\/td>\n<td style=\"width: 50%;\"><\/td>\n<\/tr>\n<\/tbody>\n<\/table>\n<div><\/div>\n<h2 class=\"magic-5\">Kundenspezifische Lebensmittelboxen<\/h2>\n<div><\/div>\n<div class=\"J_module\">\n<div class=\"ife-detail-decorate-table\">\n<table class=\"all magic-7\" style=\"border-style: solid; border-color: #b5b5b5;\" border=\"1px\">\n<tbody>\n<tr>\n<td colspan=\"1\" rowspan=\"1\">\n<div class=\"magic-8\">Produktname<\/div>\n<\/td>\n<td colspan=\"1\" rowspan=\"1\">\n<div class=\"magic-9\">Ma\u00dfgeschneiderte Lebensmittelverpackungen<\/div>\n<\/td>\n<\/tr>\n<tr>\n<td colspan=\"1\" rowspan=\"1\">\n<div class=\"magic-8\" data-spm-anchor-id=\"a2700.details-description.0.i2.65833qr73qr7ss\">Allgemeines Papiermaterial<\/div>\n<\/td>\n<td colspan=\"1\" rowspan=\"1\">\n<div class=\"magic-9\">Kartonpapier, Kunstdruckpapier, beschichtetes Papier, Kraftpapier, Wellpappe<\/div>\n<\/td>\n<\/tr>\n<tr>\n<td colspan=\"1\" rowspan=\"1\">\n<div class=\"magic-8\">Drucken<\/div>\n<\/td>\n<td colspan=\"1\" rowspan=\"1\">\n<div class=\"magic-9\">CMYK- oder Pantone-Offsetdruck, Siebdruck oder UV-Offsetdruck<\/div>\n<\/td>\n<\/tr>\n<tr>\n<td colspan=\"1\" rowspan=\"1\">\n<div class=\"magic-8\">Gr\u00f6\u00dfe<\/div>\n<\/td>\n<td colspan=\"1\" rowspan=\"1\">\n<div class=\"magic-9\">Ma\u00dfgeschneiderte Gr\u00f6\u00dfe auf Kundenanforderung<\/div>\n<\/td>\n<\/tr>\n<tr>\n<td colspan=\"1\" rowspan=\"1\">\n<div class=\"magic-8\">Drucken Handhabung<\/div>\n<\/td>\n<td colspan=\"1\" rowspan=\"1\">\n<div class=\"magic-9\">Debossiert oder gepr\u00e4gt, Gold- oder Seidenfolienpr\u00e4gung, Spot UV, Laserfolie, gl\u00e4nzende oder matte Laminierung<\/div>\n<\/td>\n<\/tr>\n<tr>\n<td colspan=\"1\" rowspan=\"1\">\n<div class=\"magic-8\">Zubeh\u00f6r<\/div>\n<\/td>\n<td colspan=\"1\" rowspan=\"1\">\n<div class=\"magic-9\">Farbband, Kraft-Wellpappeneinlage, Wellpappeneinlage<br \/>\n, Kartontrenneinsatz, starrer Trenneinsatz, wei\u00dfer Pappeinsatz, PET-Blistereinsatz, EVA-Einsatz, EPE-Schaum<\/div>\n<\/td>\n<\/tr>\n<tr>\n<td colspan=\"1\" rowspan=\"1\">\n<div class=\"magic-8\">Artwork Format<\/div>\n<\/td>\n<td colspan=\"1\" rowspan=\"1\">\n<div class=\"magic-9\">AI, PDF, CDR, InDesign Format f\u00fcr individuelle Gestaltung<\/div>\n<\/td>\n<\/tr>\n<tr>\n<td colspan=\"1\" rowspan=\"1\">\n<div class=\"magic-8\">MOQ<\/div>\n<\/td>\n<td colspan=\"1\" rowspan=\"1\">\n<div class=\"magic-9\">300 STCK.<\/div>\n<\/td>\n<\/tr>\n<tr>\n<td colspan=\"1\" rowspan=\"1\">\n<div class=\"magic-8\">Probezeit<\/div>\n<\/td>\n<td colspan=\"1\" rowspan=\"1\">\n<div class=\"magic-9\">1-5 Arbeitstage<\/div>\n<\/td>\n<\/tr>\n<tr>\n<td colspan=\"1\" rowspan=\"1\">\n<div class=\"magic-8\">Produktionszeit<\/div>\n<\/td>\n<td colspan=\"1\" rowspan=\"1\">\n<div class=\"magic-9\">8-25 Arbeitstage<\/div>\n<\/td>\n<\/tr>\n<tr>\n<td colspan=\"1\" rowspan=\"1\">\n<div class=\"magic-8\">Versandart<\/div>\n<\/td>\n<td colspan=\"1\" rowspan=\"1\">\n<div class=\"magic-9\">Auf dem See-, Luft- und Expressweg<\/div>\n<\/td>\n<\/tr>\n<tr>\n<td colspan=\"1\" rowspan=\"1\">\n<div class=\"magic-8\">Verpacken<\/div>\n<\/td>\n<td colspan=\"1\" rowspan=\"1\">\n<div class=\"magic-9\" data-spm-anchor-id=\"a2700.details-description.0.i1.65833qr73qr7ss\">Plastikt\u00fcte, Karton, Palette<\/div>\n<\/td>\n<\/tr>\n<\/tbody>\n<\/table>\n<\/div>\n<\/div>\n<p data-start=\"1451\" data-end=\"1592\"><strong data-start=\"1451\" data-end=\"1468\">Anwendungen:<\/strong><br data-start=\"1468\" data-end=\"1471\" \/>B\u00e4ckereiverpackungen, Boxen zum Mitnehmen, Verpackungen f\u00fcr Tiefk\u00fchlgerichte, Snackboxen, Geschenksets f\u00fcr Lebensmittel, Catering-Tabletts, Kartons f\u00fcr Lebensmittel im Einzelhandel<\/p>\n<p data-start=\"1594\" data-end=\"1613\"><strong data-start=\"1594\" data-end=\"1611\">Wesentliche Merkmale:<\/strong><\/p>\n<ul data-start=\"1614\" data-end=\"1877\">\n<li data-start=\"1614\" data-end=\"1677\">\n<p data-start=\"1616\" data-end=\"1677\">Lebensmittelechte, umweltfreundliche Materialien (FSC-zertifiziert erh\u00e4ltlich)<\/p>\n<\/li>\n<li data-start=\"1678\" data-end=\"1741\">\n<p data-start=\"1680\" data-end=\"1741\">Fettdichte, feuchtigkeitsbest\u00e4ndige und w\u00e4rmer\u00fcckhaltende Optionen<\/p>\n<\/li>\n<li data-start=\"1742\" data-end=\"1780\">\n<p data-start=\"1744\" data-end=\"1780\">Individuelle Gr\u00f6\u00dfen, Formen und Aufdrucke<\/p>\n<\/li>\n<li data-start=\"1781\" data-end=\"1826\">\n<p data-start=\"1783\" data-end=\"1826\">Ideal f\u00fcr warme und kalte Lebensmittel<\/p>\n<\/li>\n<li data-start=\"1827\" data-end=\"1877\">\n<p data-start=\"1829\" data-end=\"1877\">Niedriges MOQ mit schneller Bearbeitung und weltweitem Versand<\/p>\n<\/li>\n<\/ul>\n<p>&nbsp;<\/p>","protected":false},"excerpt":{"rendered":"<p>Ma\u00dfgefertigte Lebensmittelverpackungen aus lebensmittelechten, umweltfreundlichen Materialien - entwickelt f\u00fcr Sicherheit, Frische und Attraktivit\u00e4t im Regal f\u00fcr Anwendungen zum Mitnehmen, in der B\u00e4ckerei und im Einzelhandel.<\/p>","protected":false},"featured_media":4483,"comment_status":"open","ping_status":"closed","template":"","meta":{"_acf_changed":false,"content-type":"","_uag_custom_page_level_css":""},"product_brand":[],"product_cat":[224],"product_tag":[],"class_list":{"0":"post-4706","1":"product","2":"type-product","3":"status-publish","4":"has-post-thumbnail","6":"product_cat-food-box","8":"first","9":"instock","10":"shipping-taxable","11":"product-type-simple"},"acf":[],"uagb_featured_image_src":{"full":["https:\/\/packcolorful.com\/wp-content\/uploads\/2025\/09\/food-box-11.jpg",1200,1200,false],"thumbnail":["https:\/\/packcolorful.com\/wp-content\/uploads\/2025\/09\/food-box-11.jpg",96,96,false],"medium":["https:\/\/packcolorful.com\/wp-content\/uploads\/2025\/09\/food-box-11.jpg",1200,1200,false],"medium_large":["https:\/\/packcolorful.com\/wp-content\/uploads\/2025\/09\/food-box-11-768x768.jpg",768,768,true],"large":["https:\/\/packcolorful.com\/wp-content\/uploads\/2025\/09\/food-box-11-1024x1024.jpg",1024,1024,true],"1536x1536":["https:\/\/packcolorful.com\/wp-content\/uploads\/2025\/09\/food-box-11.jpg",1200,1200,false],"2048x2048":["https:\/\/packcolorful.com\/wp-content\/uploads\/2025\/09\/food-box-11.jpg",1200,1200,false],"trp-custom-language-flag":["https:\/\/packcolorful.com\/wp-content\/uploads\/2025\/09\/food-box-11.jpg",12,12,false],"blog-large":["https:\/\/packcolorful.com\/wp-content\/uploads\/2025\/09\/food-box-11-669x272.jpg",669,272,true],"blog-medium":["https:\/\/packcolorful.com\/wp-content\/uploads\/2025\/09\/food-box-11-320x202.jpg",320,202,true],"recent-posts":["https:\/\/packcolorful.com\/wp-content\/uploads\/2025\/09\/food-box-11-700x441.jpg",700,441,true],"recent-works-thumbnail":["https:\/\/packcolorful.com\/wp-content\/uploads\/2025\/09\/food-box-11-66x66.jpg",66,66,true],"fusion-200":["https:\/\/packcolorful.com\/wp-content\/uploads\/2025\/09\/food-box-11-200x200.jpg",200,200,true],"fusion-400":["https:\/\/packcolorful.com\/wp-content\/uploads\/2025\/09\/food-box-11-400x400.jpg",400,400,true],"fusion-600":["https:\/\/packcolorful.com\/wp-content\/uploads\/2025\/09\/food-box-11-600x600.jpg",600,600,true],"fusion-800":["https:\/\/packcolorful.com\/wp-content\/uploads\/2025\/09\/food-box-11-800x800.jpg",800,800,true],"fusion-1200":["https:\/\/packcolorful.com\/wp-content\/uploads\/2025\/09\/food-box-11.jpg",1200,1200,false],"portfolio-full":["https:\/\/packcolorful.com\/wp-content\/uploads\/2025\/09\/food-box-11-940x400.jpg",940,400,true],"portfolio-one":["https:\/\/packcolorful.com\/wp-content\/uploads\/2025\/09\/food-box-11-540x272.jpg",540,272,true],"portfolio-two":["https:\/\/packcolorful.com\/wp-content\/uploads\/2025\/09\/food-box-11-460x295.jpg",460,295,true],"portfolio-three":["https:\/\/packcolorful.com\/wp-content\/uploads\/2025\/09\/food-box-11-300x214.jpg",300,214,true],"portfolio-five":["https:\/\/packcolorful.com\/wp-content\/uploads\/2025\/09\/food-box-11-177x142.jpg",177,142,true],"woocommerce_thumbnail":["https:\/\/packcolorful.com\/wp-content\/uploads\/2025\/09\/food-box-11-500x500.jpg",500,500,true],"woocommerce_single":["https:\/\/packcolorful.com\/wp-content\/uploads\/2025\/09\/food-box-11-700x700.jpg",700,700,true],"woocommerce_gallery_thumbnail":["https:\/\/packcolorful.com\/wp-content\/uploads\/2025\/09\/food-box-11-200x200.jpg",200,200,true]},"uagb_author_info":{"display_name":"cuids@aliyun.com","author_link":"https:\/\/packcolorful.com\/de\/author\/"},"uagb_comment_info":0,"uagb_excerpt":"Custom food packaging boxes made from food-grade, eco-friendly materials\u2014designed for safety, freshness, and shelf appeal across takeout, bakery, and retail applications.","_links":{"self":[{"href":"https:\/\/packcolorful.com\/de\/wp-json\/wp\/v2\/product\/4706","targetHints":{"allow":["GET"]}}],"collection":[{"href":"https:\/\/packcolorful.com\/de\/wp-json\/wp\/v2\/product"}],"about":[{"href":"https:\/\/packcolorful.com\/de\/wp-json\/wp\/v2\/types\/product"}],"replies":[{"embeddable":true,"href":"https:\/\/packcolorful.com\/de\/wp-json\/wp\/v2\/comments?post=4706"}],"wp:featuredmedia":[{"embeddable":true,"href":"https:\/\/packcolorful.com\/de\/wp-json\/wp\/v2\/media\/4483"}],"wp:attachment":[{"href":"https:\/\/packcolorful.com\/de\/wp-json\/wp\/v2\/media?parent=4706"}],"wp:term":[{"taxonomy":"product_brand","embeddable":true,"href":"https:\/\/packcolorful.com\/de\/wp-json\/wp\/v2\/product_brand?post=4706"},{"taxonomy":"product_cat","embeddable":true,"href":"https:\/\/packcolorful.com\/de\/wp-json\/wp\/v2\/product_cat?post=4706"},{"taxonomy":"product_tag","embeddable":true,"href":"https:\/\/packcolorful.com\/de\/wp-json\/wp\/v2\/product_tag?post=4706"}],"curies":[{"name":"wp","href":"https:\/\/api.w.org\/{rel}","templated":true}]}}