{"id":4818,"date":"2025-09-13T22:49:53","date_gmt":"2025-09-13T22:49:53","guid":{"rendered":"https:\/\/packcolorful.com\/?post_type=product&#038;p=4818"},"modified":"2025-10-09T22:58:05","modified_gmt":"2025-10-09T22:58:05","slug":"kraft-packaging-boxes","status":"publish","type":"product","link":"https:\/\/packcolorful.com\/de\/produkt\/kraft-packaging-boxes\/","title":{"rendered":"Kraft-Verpackungsschachteln"},"content":{"rendered":"<p data-start=\"416\" data-end=\"706\">Kraft Packaging Boxes are the perfect solution for brands that care about both packaging performance and environmental responsibility. Made from recyclable and biodegradable kraft paperboard, these boxes offer a natural brown finish that communicates authenticity, simplicity, and sustainability.<\/p>\n<p data-start=\"708\" data-end=\"934\">Kraftkartons sind in einer Vielzahl von Ausf\u00fchrungen erh\u00e4ltlich, z. B. als St\u00fclpdeckel-, Kissen-, Schubladen- und Faltschachteln, und eignen sich ideal f\u00fcr umweltbewusste Verpackungen in den Bereichen Lebensmittel, Hautpflege, handgefertigte Produkte, Kleidung, Kaffee, Kerzen und Geschenke.<\/p>\n<p data-start=\"936\" data-end=\"1287\">Wir bieten eine vollst\u00e4ndige Individualisierung, einschlie\u00dflich gestanzter Fenster, individueller Gr\u00f6\u00dfen, Logodruck, Innendruck, Folienpr\u00e4gung und Griffoptionen, die sowohl die Funktionalit\u00e4t als auch die Attraktivit\u00e4t im Regal erh\u00f6hen. Ganz gleich, ob Sie eine minimalistische Verpackung f\u00fcr Bioprodukte oder eine rustikale Schachtel f\u00fcr die Pr\u00e4sentation im Einzelhandel ben\u00f6tigen, unsere Kraftkartons k\u00f6nnen auf die Identit\u00e4t Ihrer Marke zugeschnitten werden.<\/p>\n<h3 data-start=\"898\" data-end=\"1184\">Custom Kraft Packaging Boxes Details\uff1a<\/h3>\n<table style=\"border-collapse: collapse; width: 100%;\">\n<tbody>\n<tr>\n<td style=\"width: 50%;\"><img decoding=\"async\" class=\"lazyload alignnone size-full wp-image-4637\" src=\"https:\/\/packcolorful.com\/wp-content\/uploads\/2025\/10\/\u6fc0\u51f8\u725b\u76ae\u76d2.jpg\" data-orig-src=\"https:\/\/packcolorful.com\/wp-content\/uploads\/2025\/10\/\u6fc0\u51f8\u725b\u76ae\u76d2.jpg\" alt=\"\" width=\"1500\" height=\"1500\" srcset=\"data:image\/svg+xml,%3Csvg%20xmlns%3D%27http%3A%2F%2Fwww.w3.org%2F2000%2Fsvg%27%20width%3D%271500%27%20height%3D%271500%27%20viewBox%3D%270%200%201500%201500%27%3E%3Crect%20width%3D%271500%27%20height%3D%271500%27%20fill-opacity%3D%220%22%2F%3E%3C%2Fsvg%3E\" data-srcset=\"https:\/\/packcolorful.com\/wp-content\/uploads\/2025\/10\/\u6fc0\u51f8\u725b\u76ae\u76d2-66x66.jpg 66w, https:\/\/packcolorful.com\/wp-content\/uploads\/2025\/10\/\u6fc0\u51f8\u725b\u76ae\u76d2-200x200.jpg 200w, https:\/\/packcolorful.com\/wp-content\/uploads\/2025\/10\/\u6fc0\u51f8\u725b\u76ae\u76d2-400x400.jpg 400w, https:\/\/packcolorful.com\/wp-content\/uploads\/2025\/10\/\u6fc0\u51f8\u725b\u76ae\u76d2-500x500.jpg 500w, https:\/\/packcolorful.com\/wp-content\/uploads\/2025\/10\/\u6fc0\u51f8\u725b\u76ae\u76d2-600x600.jpg 600w, https:\/\/packcolorful.com\/wp-content\/uploads\/2025\/10\/\u6fc0\u51f8\u725b\u76ae\u76d2-700x700.jpg 700w, https:\/\/packcolorful.com\/wp-content\/uploads\/2025\/10\/\u6fc0\u51f8\u725b\u76ae\u76d2-768x768.jpg 768w, https:\/\/packcolorful.com\/wp-content\/uploads\/2025\/10\/\u6fc0\u51f8\u725b\u76ae\u76d2-800x800.jpg 800w, https:\/\/packcolorful.com\/wp-content\/uploads\/2025\/10\/\u6fc0\u51f8\u725b\u76ae\u76d2-1024x1024.jpg 1024w, https:\/\/packcolorful.com\/wp-content\/uploads\/2025\/10\/\u6fc0\u51f8\u725b\u76ae\u76d2-1200x1200.jpg 1200w, https:\/\/packcolorful.com\/wp-content\/uploads\/2025\/10\/\u6fc0\u51f8\u725b\u76ae\u76d2.jpg 1500w\" data-sizes=\"auto\" data-orig-sizes=\"(max-width: 1500px) 100vw, 1500px\" \/><\/td>\n<td style=\"width: 50%;\"><img decoding=\"async\" class=\"lazyload alignnone size-full wp-image-4635\" src=\"https:\/\/packcolorful.com\/wp-content\/uploads\/2025\/10\/\u725b\u76ae\u7eb8.jpg\" data-orig-src=\"https:\/\/packcolorful.com\/wp-content\/uploads\/2025\/10\/\u725b\u76ae\u7eb8.jpg\" alt=\"\" width=\"1500\" height=\"1500\" srcset=\"data:image\/svg+xml,%3Csvg%20xmlns%3D%27http%3A%2F%2Fwww.w3.org%2F2000%2Fsvg%27%20width%3D%271500%27%20height%3D%271500%27%20viewBox%3D%270%200%201500%201500%27%3E%3Crect%20width%3D%271500%27%20height%3D%271500%27%20fill-opacity%3D%220%22%2F%3E%3C%2Fsvg%3E\" data-srcset=\"https:\/\/packcolorful.com\/wp-content\/uploads\/2025\/10\/\u725b\u76ae\u7eb8-66x66.jpg 66w, https:\/\/packcolorful.com\/wp-content\/uploads\/2025\/10\/\u725b\u76ae\u7eb8-200x200.jpg 200w, https:\/\/packcolorful.com\/wp-content\/uploads\/2025\/10\/\u725b\u76ae\u7eb8-400x400.jpg 400w, https:\/\/packcolorful.com\/wp-content\/uploads\/2025\/10\/\u725b\u76ae\u7eb8-500x500.jpg 500w, https:\/\/packcolorful.com\/wp-content\/uploads\/2025\/10\/\u725b\u76ae\u7eb8-600x600.jpg 600w, https:\/\/packcolorful.com\/wp-content\/uploads\/2025\/10\/\u725b\u76ae\u7eb8-700x700.jpg 700w, https:\/\/packcolorful.com\/wp-content\/uploads\/2025\/10\/\u725b\u76ae\u7eb8-768x768.jpg 768w, https:\/\/packcolorful.com\/wp-content\/uploads\/2025\/10\/\u725b\u76ae\u7eb8-800x800.jpg 800w, https:\/\/packcolorful.com\/wp-content\/uploads\/2025\/10\/\u725b\u76ae\u7eb8-1024x1024.jpg 1024w, https:\/\/packcolorful.com\/wp-content\/uploads\/2025\/10\/\u725b\u76ae\u7eb8-1200x1200.jpg 1200w, https:\/\/packcolorful.com\/wp-content\/uploads\/2025\/10\/\u725b\u76ae\u7eb8.jpg 1500w\" data-sizes=\"auto\" data-orig-sizes=\"(max-width: 1500px) 100vw, 1500px\" \/><\/td>\n<\/tr>\n<tr>\n<td style=\"width: 50%;\"><img decoding=\"async\" class=\"lazyload alignnone wp-image-4639 size-full\" src=\"https:\/\/packcolorful.com\/wp-content\/uploads\/2025\/10\/n2.jpg\" data-orig-src=\"https:\/\/packcolorful.com\/wp-content\/uploads\/2025\/10\/n2.jpg\" alt=\"Kraft-Verpackungsschachteln\" width=\"1500\" height=\"1500\" srcset=\"data:image\/svg+xml,%3Csvg%20xmlns%3D%27http%3A%2F%2Fwww.w3.org%2F2000%2Fsvg%27%20width%3D%271500%27%20height%3D%271500%27%20viewBox%3D%270%200%201500%201500%27%3E%3Crect%20width%3D%271500%27%20height%3D%271500%27%20fill-opacity%3D%220%22%2F%3E%3C%2Fsvg%3E\" data-srcset=\"https:\/\/packcolorful.com\/wp-content\/uploads\/2025\/10\/n2-66x66.jpg 66w, https:\/\/packcolorful.com\/wp-content\/uploads\/2025\/10\/n2-200x200.jpg 200w, https:\/\/packcolorful.com\/wp-content\/uploads\/2025\/10\/n2-400x400.jpg 400w, https:\/\/packcolorful.com\/wp-content\/uploads\/2025\/10\/n2-500x500.jpg 500w, https:\/\/packcolorful.com\/wp-content\/uploads\/2025\/10\/n2-600x600.jpg 600w, https:\/\/packcolorful.com\/wp-content\/uploads\/2025\/10\/n2-700x700.jpg 700w, https:\/\/packcolorful.com\/wp-content\/uploads\/2025\/10\/n2-768x768.jpg 768w, https:\/\/packcolorful.com\/wp-content\/uploads\/2025\/10\/n2-800x800.jpg 800w, https:\/\/packcolorful.com\/wp-content\/uploads\/2025\/10\/n2-1024x1024.jpg 1024w, https:\/\/packcolorful.com\/wp-content\/uploads\/2025\/10\/n2-1200x1200.jpg 1200w, https:\/\/packcolorful.com\/wp-content\/uploads\/2025\/10\/n2.jpg 1500w\" data-sizes=\"auto\" data-orig-sizes=\"(max-width: 1500px) 100vw, 1500px\" \/><\/td>\n<td style=\"width: 50%;\"><img decoding=\"async\" class=\"lazyload alignnone size-full wp-image-4640\" src=\"https:\/\/packcolorful.com\/wp-content\/uploads\/2025\/10\/n3.jpg\" data-orig-src=\"https:\/\/packcolorful.com\/wp-content\/uploads\/2025\/10\/n3.jpg\" alt=\"\" width=\"1500\" height=\"1500\" srcset=\"data:image\/svg+xml,%3Csvg%20xmlns%3D%27http%3A%2F%2Fwww.w3.org%2F2000%2Fsvg%27%20width%3D%271500%27%20height%3D%271500%27%20viewBox%3D%270%200%201500%201500%27%3E%3Crect%20width%3D%271500%27%20height%3D%271500%27%20fill-opacity%3D%220%22%2F%3E%3C%2Fsvg%3E\" data-srcset=\"https:\/\/packcolorful.com\/wp-content\/uploads\/2025\/10\/n3-66x66.jpg 66w, https:\/\/packcolorful.com\/wp-content\/uploads\/2025\/10\/n3-200x200.jpg 200w, https:\/\/packcolorful.com\/wp-content\/uploads\/2025\/10\/n3-400x400.jpg 400w, https:\/\/packcolorful.com\/wp-content\/uploads\/2025\/10\/n3-500x500.jpg 500w, https:\/\/packcolorful.com\/wp-content\/uploads\/2025\/10\/n3-600x600.jpg 600w, https:\/\/packcolorful.com\/wp-content\/uploads\/2025\/10\/n3-700x700.jpg 700w, https:\/\/packcolorful.com\/wp-content\/uploads\/2025\/10\/n3-768x768.jpg 768w, https:\/\/packcolorful.com\/wp-content\/uploads\/2025\/10\/n3-800x800.jpg 800w, https:\/\/packcolorful.com\/wp-content\/uploads\/2025\/10\/n3-1024x1024.jpg 1024w, https:\/\/packcolorful.com\/wp-content\/uploads\/2025\/10\/n3-1200x1200.jpg 1200w, https:\/\/packcolorful.com\/wp-content\/uploads\/2025\/10\/n3.jpg 1500w\" data-sizes=\"auto\" data-orig-sizes=\"(max-width: 1500px) 100vw, 1500px\" \/><\/td>\n<\/tr>\n<\/tbody>\n<\/table>\n<div><\/div>\n<h2 class=\"magic-5\">Custom Kraft Packaging Boxes<\/h2>\n<div><\/div>\n<div class=\"J_module\">\n<div class=\"ife-detail-decorate-table\">\n<table class=\"all magic-7\" style=\"border-style: solid; border-color: #b5b5b5;\" border=\"1px\">\n<tbody>\n<tr>\n<td colspan=\"1\" rowspan=\"1\">\n<div class=\"magic-8\">Produktname<\/div>\n<\/td>\n<td colspan=\"1\" rowspan=\"1\">\n<div class=\"magic-9\">Kundenspezifische Kraftkartons<\/div>\n<\/td>\n<\/tr>\n<tr>\n<td colspan=\"1\" rowspan=\"1\">\n<div class=\"magic-8\" data-spm-anchor-id=\"a2700.details-description.0.i2.65833qr73qr7ss\">Allgemeines Papiermaterial<\/div>\n<\/td>\n<td colspan=\"1\" rowspan=\"1\">\n<div class=\"magic-9\">Kartonpapier, Kunstdruckpapier, beschichtetes Papier, Kraftpapier, Wellpappe<\/div>\n<\/td>\n<\/tr>\n<tr>\n<td colspan=\"1\" rowspan=\"1\">\n<div class=\"magic-8\">Drucken<\/div>\n<\/td>\n<td colspan=\"1\" rowspan=\"1\">\n<div class=\"magic-9\">CMYK- oder Pantone-Offsetdruck, Siebdruck oder UV-Offsetdruck<\/div>\n<\/td>\n<\/tr>\n<tr>\n<td colspan=\"1\" rowspan=\"1\">\n<div class=\"magic-8\">Gr\u00f6\u00dfe<\/div>\n<\/td>\n<td colspan=\"1\" rowspan=\"1\">\n<div class=\"magic-9\">Ma\u00dfgeschneiderte Gr\u00f6\u00dfe auf Kundenanforderung<\/div>\n<\/td>\n<\/tr>\n<tr>\n<td colspan=\"1\" rowspan=\"1\">\n<div class=\"magic-8\">Drucken Handhabung<\/div>\n<\/td>\n<td colspan=\"1\" rowspan=\"1\">\n<div class=\"magic-9\">Debossiert oder gepr\u00e4gt, Gold- oder Seidenfolienpr\u00e4gung, Spot UV, Laserfolie, gl\u00e4nzende oder matte Laminierung<\/div>\n<\/td>\n<\/tr>\n<tr>\n<td colspan=\"1\" rowspan=\"1\">\n<div class=\"magic-8\">Zubeh\u00f6r<\/div>\n<\/td>\n<td colspan=\"1\" rowspan=\"1\">\n<div class=\"magic-9\">Farbband, Kraft-Wellpappeneinlage, Wellpappeneinlage<br \/>\n, Kartontrenneinsatz, starrer Trenneinsatz, wei\u00dfer Pappeinsatz, PET-Blistereinsatz, EVA-Einsatz, EPE-Schaum<\/div>\n<\/td>\n<\/tr>\n<tr>\n<td colspan=\"1\" rowspan=\"1\">\n<div class=\"magic-8\">Artwork Format<\/div>\n<\/td>\n<td colspan=\"1\" rowspan=\"1\">\n<div class=\"magic-9\">AI, PDF, CDR, InDesign Format f\u00fcr individuelle Gestaltung<\/div>\n<\/td>\n<\/tr>\n<tr>\n<td colspan=\"1\" rowspan=\"1\">\n<div class=\"magic-8\">MOQ<\/div>\n<\/td>\n<td colspan=\"1\" rowspan=\"1\">\n<div class=\"magic-9\">300 STCK.<\/div>\n<\/td>\n<\/tr>\n<tr>\n<td colspan=\"1\" rowspan=\"1\">\n<div class=\"magic-8\">Probezeit<\/div>\n<\/td>\n<td colspan=\"1\" rowspan=\"1\">\n<div class=\"magic-9\">1-5 Arbeitstage<\/div>\n<\/td>\n<\/tr>\n<tr>\n<td colspan=\"1\" rowspan=\"1\">\n<div class=\"magic-8\">Produktionszeit<\/div>\n<\/td>\n<td colspan=\"1\" rowspan=\"1\">\n<div class=\"magic-9\">8-25 Arbeitstage<\/div>\n<\/td>\n<\/tr>\n<tr>\n<td colspan=\"1\" rowspan=\"1\">\n<div class=\"magic-8\">Versandart<\/div>\n<\/td>\n<td colspan=\"1\" rowspan=\"1\">\n<div class=\"magic-9\">Auf dem See-, Luft- und Expressweg<\/div>\n<\/td>\n<\/tr>\n<tr>\n<td colspan=\"1\" rowspan=\"1\">\n<div class=\"magic-8\">Verpacken<\/div>\n<\/td>\n<td colspan=\"1\" rowspan=\"1\">\n<div class=\"magic-9\" data-spm-anchor-id=\"a2700.details-description.0.i1.65833qr73qr7ss\">Plastikt\u00fcte, Karton, Palette<\/div>\n<\/td>\n<\/tr>\n<\/tbody>\n<\/table>\n<\/div>\n<\/div>\n<p data-start=\"1317\" data-end=\"1440\"><strong data-start=\"1317\" data-end=\"1334\">Anwendungen:<\/strong><br data-start=\"1334\" data-end=\"1337\" \/>E-Commerce-Verpackungen, Abo-Boxen, Influencer-PR-Kits, individuelle Geschenkboxen, Versand kleiner Produkte<\/p>\n<p data-start=\"1289\" data-end=\"1306\"><strong data-start=\"1289\" data-end=\"1306\">Kraft Boxen Schl\u00fcsselmerkmale:<\/strong><\/p>\n<ul data-start=\"1307\" data-end=\"1565\">\n<li data-start=\"1307\" data-end=\"1361\">\n<p data-start=\"1309\" data-end=\"1361\">Hergestellt aus FSC-zertifiziertem und recycelbarem Kraftpapier<\/p>\n<\/li>\n<li data-start=\"1362\" data-end=\"1405\">\n<p data-start=\"1364\" data-end=\"1405\">Stark, leicht und kosteng\u00fcnstig<\/p>\n<\/li>\n<li data-start=\"1406\" data-end=\"1444\">\n<p data-start=\"1408\" data-end=\"1444\">Individuelle Gr\u00f6\u00dfen, Formen und Aufdrucke<\/p>\n<\/li>\n<li data-start=\"1445\" data-end=\"1508\">\n<p data-start=\"1447\" data-end=\"1508\">Ideal f\u00fcr umweltfreundliche Produktlinien und nachhaltige Marken<\/p>\n<\/li>\n<li data-start=\"1509\" data-end=\"1565\">\n<p data-start=\"1511\" data-end=\"1565\">Fabrikdirektservice mit niedrigem MOQ und kurzer Vorlaufzeit<\/p>\n<\/li>\n<\/ul>\n<hr data-start=\"1567\" data-end=\"1570\" \/>\n<p>&nbsp;<\/p>","protected":false},"excerpt":{"rendered":"<p>Umweltfreundliche Kraftkartons aus recyceltem Karton - ideal f\u00fcr nachhaltige Verpackungen in der Lebensmittel-, Kosmetik-, Bekleidungs- und Geschenkbranche.<\/p>","protected":false},"featured_media":4636,"comment_status":"open","ping_status":"closed","template":"","meta":{"_acf_changed":false,"content-type":"","_uag_custom_page_level_css":""},"product_brand":[],"product_cat":[202],"product_tag":[],"class_list":{"0":"post-4818","1":"product","2":"type-product","3":"status-publish","4":"has-post-thumbnail","6":"product_cat-kraft-box","8":"first","9":"instock","10":"shipping-taxable","11":"product-type-simple"},"acf":[],"uagb_featured_image_src":{"full":["https:\/\/packcolorful.com\/wp-content\/uploads\/2025\/10\/\u6fc0\u51f9\u725b\u76ae\u7eb8\u76d2.jpg",1500,1500,false],"thumbnail":["https:\/\/packcolorful.com\/wp-content\/uploads\/2025\/10\/\u6fc0\u51f9\u725b\u76ae\u7eb8\u76d2.jpg",96,96,false],"medium":["https:\/\/packcolorful.com\/wp-content\/uploads\/2025\/10\/\u6fc0\u51f9\u725b\u76ae\u7eb8\u76d2.jpg",1500,1500,false],"medium_large":["https:\/\/packcolorful.com\/wp-content\/uploads\/2025\/10\/\u6fc0\u51f9\u725b\u76ae\u7eb8\u76d2-768x768.jpg",768,768,true],"large":["https:\/\/packcolorful.com\/wp-content\/uploads\/2025\/10\/\u6fc0\u51f9\u725b\u76ae\u7eb8\u76d2-1024x1024.jpg",1024,1024,true],"1536x1536":["https:\/\/packcolorful.com\/wp-content\/uploads\/2025\/10\/\u6fc0\u51f9\u725b\u76ae\u7eb8\u76d2.jpg",1500,1500,false],"2048x2048":["https:\/\/packcolorful.com\/wp-content\/uploads\/2025\/10\/\u6fc0\u51f9\u725b\u76ae\u7eb8\u76d2.jpg",1500,1500,false],"trp-custom-language-flag":["https:\/\/packcolorful.com\/wp-content\/uploads\/2025\/10\/\u6fc0\u51f9\u725b\u76ae\u7eb8\u76d2.jpg",12,12,false],"blog-large":["https:\/\/packcolorful.com\/wp-content\/uploads\/2025\/10\/\u6fc0\u51f9\u725b\u76ae\u7eb8\u76d2-669x272.jpg",669,272,true],"blog-medium":["https:\/\/packcolorful.com\/wp-content\/uploads\/2025\/10\/\u6fc0\u51f9\u725b\u76ae\u7eb8\u76d2-320x202.jpg",320,202,true],"recent-posts":["https:\/\/packcolorful.com\/wp-content\/uploads\/2025\/10\/\u6fc0\u51f9\u725b\u76ae\u7eb8\u76d2-700x441.jpg",700,441,true],"recent-works-thumbnail":["https:\/\/packcolorful.com\/wp-content\/uploads\/2025\/10\/\u6fc0\u51f9\u725b\u76ae\u7eb8\u76d2-66x66.jpg",66,66,true],"fusion-200":["https:\/\/packcolorful.com\/wp-content\/uploads\/2025\/10\/\u6fc0\u51f9\u725b\u76ae\u7eb8\u76d2-200x200.jpg",200,200,true],"fusion-400":["https:\/\/packcolorful.com\/wp-content\/uploads\/2025\/10\/\u6fc0\u51f9\u725b\u76ae\u7eb8\u76d2-400x400.jpg",400,400,true],"fusion-600":["https:\/\/packcolorful.com\/wp-content\/uploads\/2025\/10\/\u6fc0\u51f9\u725b\u76ae\u7eb8\u76d2-600x600.jpg",600,600,true],"fusion-800":["https:\/\/packcolorful.com\/wp-content\/uploads\/2025\/10\/\u6fc0\u51f9\u725b\u76ae\u7eb8\u76d2-800x800.jpg",800,800,true],"fusion-1200":["https:\/\/packcolorful.com\/wp-content\/uploads\/2025\/10\/\u6fc0\u51f9\u725b\u76ae\u7eb8\u76d2-1200x1200.jpg",1200,1200,true],"portfolio-full":["https:\/\/packcolorful.com\/wp-content\/uploads\/2025\/10\/\u6fc0\u51f9\u725b\u76ae\u7eb8\u76d2-940x400.jpg",940,400,true],"portfolio-one":["https:\/\/packcolorful.com\/wp-content\/uploads\/2025\/10\/\u6fc0\u51f9\u725b\u76ae\u7eb8\u76d2-540x272.jpg",540,272,true],"portfolio-two":["https:\/\/packcolorful.com\/wp-content\/uploads\/2025\/10\/\u6fc0\u51f9\u725b\u76ae\u7eb8\u76d2-460x295.jpg",460,295,true],"portfolio-three":["https:\/\/packcolorful.com\/wp-content\/uploads\/2025\/10\/\u6fc0\u51f9\u725b\u76ae\u7eb8\u76d2-300x214.jpg",300,214,true],"portfolio-five":["https:\/\/packcolorful.com\/wp-content\/uploads\/2025\/10\/\u6fc0\u51f9\u725b\u76ae\u7eb8\u76d2-177x142.jpg",177,142,true],"woocommerce_thumbnail":["https:\/\/packcolorful.com\/wp-content\/uploads\/2025\/10\/\u6fc0\u51f9\u725b\u76ae\u7eb8\u76d2-500x500.jpg",500,500,true],"woocommerce_single":["https:\/\/packcolorful.com\/wp-content\/uploads\/2025\/10\/\u6fc0\u51f9\u725b\u76ae\u7eb8\u76d2-700x700.jpg",700,700,true],"woocommerce_gallery_thumbnail":["https:\/\/packcolorful.com\/wp-content\/uploads\/2025\/10\/\u6fc0\u51f9\u725b\u76ae\u7eb8\u76d2-200x200.jpg",200,200,true]},"uagb_author_info":{"display_name":"cuids@aliyun.com","author_link":"https:\/\/packcolorful.com\/de\/author\/"},"uagb_comment_info":0,"uagb_excerpt":"Eco-friendly kraft boxes made from recycled paperboard\u2014ideal for sustainable packaging across food, cosmetics, apparel, and gift industries.","_links":{"self":[{"href":"https:\/\/packcolorful.com\/de\/wp-json\/wp\/v2\/product\/4818","targetHints":{"allow":["GET"]}}],"collection":[{"href":"https:\/\/packcolorful.com\/de\/wp-json\/wp\/v2\/product"}],"about":[{"href":"https:\/\/packcolorful.com\/de\/wp-json\/wp\/v2\/types\/product"}],"replies":[{"embeddable":true,"href":"https:\/\/packcolorful.com\/de\/wp-json\/wp\/v2\/comments?post=4818"}],"wp:featuredmedia":[{"embeddable":true,"href":"https:\/\/packcolorful.com\/de\/wp-json\/wp\/v2\/media\/4636"}],"wp:attachment":[{"href":"https:\/\/packcolorful.com\/de\/wp-json\/wp\/v2\/media?parent=4818"}],"wp:term":[{"taxonomy":"product_brand","embeddable":true,"href":"https:\/\/packcolorful.com\/de\/wp-json\/wp\/v2\/product_brand?post=4818"},{"taxonomy":"product_cat","embeddable":true,"href":"https:\/\/packcolorful.com\/de\/wp-json\/wp\/v2\/product_cat?post=4818"},{"taxonomy":"product_tag","embeddable":true,"href":"https:\/\/packcolorful.com\/de\/wp-json\/wp\/v2\/product_tag?post=4818"}],"curies":[{"name":"wp","href":"https:\/\/api.w.org\/{rel}","templated":true}]}}