{"id":4821,"date":"2025-09-22T23:24:55","date_gmt":"2025-09-22T23:24:55","guid":{"rendered":"https:\/\/packcolorful.com\/?post_type=product&#038;p=4821"},"modified":"2025-10-09T23:45:37","modified_gmt":"2025-10-09T23:45:37","slug":"rigid-foldable-boxes","status":"publish","type":"product","link":"https:\/\/packcolorful.com\/de\/produkt\/rigid-foldable-boxes\/","title":{"rendered":"Rigid Foldable Boxes"},"content":{"rendered":"<p data-start=\"416\" data-end=\"706\">Custom Rigid Foldable Boxes are the ideal packaging choice for luxury brands looking to elevate product presentation and reinforce brand identity. Made from thick, high-density paperboard and wrapped in coated or textured specialty paper, rigid boxes offer unmatched strength, structure, and elegance.<\/p>\n<p data-start=\"743\" data-end=\"1005\">Commonly used for cosmetics, perfumes, electronics, jewelry, apparel, and corporate gift sets, rigid boxes are available in a wide range of styles\u2014such as magnetic closure boxes, drawer boxes, book-style boxes, lid &amp; base (setup) boxes, and foldable rigid boxes.<\/p>\n<p data-start=\"1007\" data-end=\"1223\">We offer full customization of size, structure, materials, inserts (EVA, foam, silk, paperboard), and surface finishing options including foil stamping, embossing, debossing, spot UV, and ribbon or magnetic closures.<\/p>\n<p data-start=\"1225\" data-end=\"1460\">Whether for retail display, e-commerce delivery, or luxury gifting, our factory-direct rigid box solutions combine precision craftsmanship, low MOQ, and eco-conscious options to help your brand stand out in the premium packaging space.<\/p>\n<h3 data-start=\"898\" data-end=\"1184\">Rigid Foldable Boxes Details\uff1a<\/h3>\n<table style=\"border-collapse: collapse; width: 100%;\">\n<tbody>\n<tr>\n<td style=\"width: 50%;\"><img decoding=\"async\" class=\"lazyload alignnone wp-image-4771 size-full\" src=\"https:\/\/packcolorful.com\/wp-content\/uploads\/2025\/10\/\u767d\u8272\u793c\u76d25.jpg\" data-orig-src=\"https:\/\/packcolorful.com\/wp-content\/uploads\/2025\/10\/\u767d\u8272\u793c\u76d25.jpg\" alt=\"Rigid Foldable Boxes\" width=\"800\" height=\"800\" srcset=\"data:image\/svg+xml,%3Csvg%20xmlns%3D%27http%3A%2F%2Fwww.w3.org%2F2000%2Fsvg%27%20width%3D%27800%27%20height%3D%27800%27%20viewBox%3D%270%200%20800%20800%27%3E%3Crect%20width%3D%27800%27%20height%3D%27800%27%20fill-opacity%3D%220%22%2F%3E%3C%2Fsvg%3E\" data-srcset=\"https:\/\/packcolorful.com\/wp-content\/uploads\/2025\/10\/\u767d\u8272\u793c\u76d25-66x66.jpg 66w, https:\/\/packcolorful.com\/wp-content\/uploads\/2025\/10\/\u767d\u8272\u793c\u76d25-200x200.jpg 200w, https:\/\/packcolorful.com\/wp-content\/uploads\/2025\/10\/\u767d\u8272\u793c\u76d25-400x400.jpg 400w, https:\/\/packcolorful.com\/wp-content\/uploads\/2025\/10\/\u767d\u8272\u793c\u76d25-500x500.jpg 500w, https:\/\/packcolorful.com\/wp-content\/uploads\/2025\/10\/\u767d\u8272\u793c\u76d25-600x600.jpg 600w, https:\/\/packcolorful.com\/wp-content\/uploads\/2025\/10\/\u767d\u8272\u793c\u76d25-700x700.jpg 700w, https:\/\/packcolorful.com\/wp-content\/uploads\/2025\/10\/\u767d\u8272\u793c\u76d25-768x768.jpg 768w, https:\/\/packcolorful.com\/wp-content\/uploads\/2025\/10\/\u767d\u8272\u793c\u76d25.jpg 800w\" data-sizes=\"auto\" data-orig-sizes=\"(max-width: 800px) 100vw, 800px\" \/><\/td>\n<td style=\"width: 50%;\"><img decoding=\"async\" class=\"lazyload alignnone size-full wp-image-4768\" src=\"https:\/\/packcolorful.com\/wp-content\/uploads\/2025\/10\/\u767d\u8272\u793c\u76d22.jpg\" data-orig-src=\"https:\/\/packcolorful.com\/wp-content\/uploads\/2025\/10\/\u767d\u8272\u793c\u76d22.jpg\" alt=\"\" width=\"800\" height=\"800\" srcset=\"data:image\/svg+xml,%3Csvg%20xmlns%3D%27http%3A%2F%2Fwww.w3.org%2F2000%2Fsvg%27%20width%3D%27800%27%20height%3D%27800%27%20viewBox%3D%270%200%20800%20800%27%3E%3Crect%20width%3D%27800%27%20height%3D%27800%27%20fill-opacity%3D%220%22%2F%3E%3C%2Fsvg%3E\" data-srcset=\"https:\/\/packcolorful.com\/wp-content\/uploads\/2025\/10\/\u767d\u8272\u793c\u76d22-66x66.jpg 66w, https:\/\/packcolorful.com\/wp-content\/uploads\/2025\/10\/\u767d\u8272\u793c\u76d22-200x200.jpg 200w, https:\/\/packcolorful.com\/wp-content\/uploads\/2025\/10\/\u767d\u8272\u793c\u76d22-400x400.jpg 400w, https:\/\/packcolorful.com\/wp-content\/uploads\/2025\/10\/\u767d\u8272\u793c\u76d22-500x500.jpg 500w, https:\/\/packcolorful.com\/wp-content\/uploads\/2025\/10\/\u767d\u8272\u793c\u76d22-600x600.jpg 600w, https:\/\/packcolorful.com\/wp-content\/uploads\/2025\/10\/\u767d\u8272\u793c\u76d22-700x700.jpg 700w, https:\/\/packcolorful.com\/wp-content\/uploads\/2025\/10\/\u767d\u8272\u793c\u76d22-768x768.jpg 768w, https:\/\/packcolorful.com\/wp-content\/uploads\/2025\/10\/\u767d\u8272\u793c\u76d22.jpg 800w\" data-sizes=\"auto\" data-orig-sizes=\"(max-width: 800px) 100vw, 800px\" \/><\/td>\n<\/tr>\n<tr>\n<td style=\"width: 50%;\"><img decoding=\"async\" class=\"lazyload alignnone wp-image-4767 size-full\" src=\"https:\/\/packcolorful.com\/wp-content\/uploads\/2025\/10\/\u767d\u8272\u793c\u76d2.jpg\" data-orig-src=\"https:\/\/packcolorful.com\/wp-content\/uploads\/2025\/10\/\u767d\u8272\u793c\u76d2.jpg\" alt=\"Rigid Foldable Boxes\" width=\"800\" height=\"800\" srcset=\"data:image\/svg+xml,%3Csvg%20xmlns%3D%27http%3A%2F%2Fwww.w3.org%2F2000%2Fsvg%27%20width%3D%27800%27%20height%3D%27800%27%20viewBox%3D%270%200%20800%20800%27%3E%3Crect%20width%3D%27800%27%20height%3D%27800%27%20fill-opacity%3D%220%22%2F%3E%3C%2Fsvg%3E\" data-srcset=\"https:\/\/packcolorful.com\/wp-content\/uploads\/2025\/10\/\u767d\u8272\u793c\u76d2-66x66.jpg 66w, https:\/\/packcolorful.com\/wp-content\/uploads\/2025\/10\/\u767d\u8272\u793c\u76d2-200x200.jpg 200w, https:\/\/packcolorful.com\/wp-content\/uploads\/2025\/10\/\u767d\u8272\u793c\u76d2-400x400.jpg 400w, https:\/\/packcolorful.com\/wp-content\/uploads\/2025\/10\/\u767d\u8272\u793c\u76d2-500x500.jpg 500w, https:\/\/packcolorful.com\/wp-content\/uploads\/2025\/10\/\u767d\u8272\u793c\u76d2-600x600.jpg 600w, https:\/\/packcolorful.com\/wp-content\/uploads\/2025\/10\/\u767d\u8272\u793c\u76d2-700x700.jpg 700w, https:\/\/packcolorful.com\/wp-content\/uploads\/2025\/10\/\u767d\u8272\u793c\u76d2-768x768.jpg 768w, https:\/\/packcolorful.com\/wp-content\/uploads\/2025\/10\/\u767d\u8272\u793c\u76d2.jpg 800w\" data-sizes=\"auto\" data-orig-sizes=\"(max-width: 800px) 100vw, 800px\" \/><\/td>\n<td style=\"width: 50%;\"><img decoding=\"async\" class=\"lazyload alignnone size-full wp-image-4770\" src=\"https:\/\/packcolorful.com\/wp-content\/uploads\/2025\/10\/\u767d\u8272\u793c\u76d24.jpg\" data-orig-src=\"https:\/\/packcolorful.com\/wp-content\/uploads\/2025\/10\/\u767d\u8272\u793c\u76d24.jpg\" alt=\"\" width=\"800\" height=\"800\" srcset=\"data:image\/svg+xml,%3Csvg%20xmlns%3D%27http%3A%2F%2Fwww.w3.org%2F2000%2Fsvg%27%20width%3D%27800%27%20height%3D%27800%27%20viewBox%3D%270%200%20800%20800%27%3E%3Crect%20width%3D%27800%27%20height%3D%27800%27%20fill-opacity%3D%220%22%2F%3E%3C%2Fsvg%3E\" data-srcset=\"https:\/\/packcolorful.com\/wp-content\/uploads\/2025\/10\/\u767d\u8272\u793c\u76d24-66x66.jpg 66w, https:\/\/packcolorful.com\/wp-content\/uploads\/2025\/10\/\u767d\u8272\u793c\u76d24-200x200.jpg 200w, https:\/\/packcolorful.com\/wp-content\/uploads\/2025\/10\/\u767d\u8272\u793c\u76d24-400x400.jpg 400w, https:\/\/packcolorful.com\/wp-content\/uploads\/2025\/10\/\u767d\u8272\u793c\u76d24-500x500.jpg 500w, https:\/\/packcolorful.com\/wp-content\/uploads\/2025\/10\/\u767d\u8272\u793c\u76d24-600x600.jpg 600w, https:\/\/packcolorful.com\/wp-content\/uploads\/2025\/10\/\u767d\u8272\u793c\u76d24-700x700.jpg 700w, https:\/\/packcolorful.com\/wp-content\/uploads\/2025\/10\/\u767d\u8272\u793c\u76d24-768x768.jpg 768w, https:\/\/packcolorful.com\/wp-content\/uploads\/2025\/10\/\u767d\u8272\u793c\u76d24.jpg 800w\" data-sizes=\"auto\" data-orig-sizes=\"(max-width: 800px) 100vw, 800px\" \/><\/td>\n<\/tr>\n<\/tbody>\n<\/table>\n<div><\/div>\n<h2 class=\"magic-5\">Kundenspezifische starre Faltschachteln<\/h2>\n<div><\/div>\n<div class=\"J_module\">\n<div class=\"ife-detail-decorate-table\">\n<table class=\"all magic-7\" style=\"border-style: solid; border-color: #b5b5b5;\" border=\"1px\">\n<tbody>\n<tr>\n<td colspan=\"1\" rowspan=\"1\">\n<div class=\"magic-8\">Produktname<\/div>\n<\/td>\n<td colspan=\"1\" rowspan=\"1\">\n<div class=\"magic-9\">Custom Luxury Rigid Packaging Box<\/div>\n<\/td>\n<\/tr>\n<tr>\n<td colspan=\"1\" rowspan=\"1\">\n<div class=\"magic-8\" data-spm-anchor-id=\"a2700.details-description.0.i2.65833qr73qr7ss\">Allgemeines Papiermaterial<\/div>\n<\/td>\n<td colspan=\"1\" rowspan=\"1\">\n<div class=\"magic-9\">Kartonpapier, Kunstdruckpapier, beschichtetes Papier, Kraftpapier, Wellpappe<\/div>\n<\/td>\n<\/tr>\n<tr>\n<td colspan=\"1\" rowspan=\"1\">\n<div class=\"magic-8\">Drucken<\/div>\n<\/td>\n<td colspan=\"1\" rowspan=\"1\">\n<div class=\"magic-9\">CMYK- oder Pantone-Offsetdruck, Siebdruck oder UV-Offsetdruck<\/div>\n<\/td>\n<\/tr>\n<tr>\n<td colspan=\"1\" rowspan=\"1\">\n<div class=\"magic-8\">Gr\u00f6\u00dfe<\/div>\n<\/td>\n<td colspan=\"1\" rowspan=\"1\">\n<div class=\"magic-9\">Ma\u00dfgeschneiderte Gr\u00f6\u00dfe auf Kundenanforderung<\/div>\n<\/td>\n<\/tr>\n<tr>\n<td colspan=\"1\" rowspan=\"1\">\n<div class=\"magic-8\">Drucken Handhabung<\/div>\n<\/td>\n<td colspan=\"1\" rowspan=\"1\">\n<div class=\"magic-9\">Debossiert oder gepr\u00e4gt, Gold- oder Seidenfolienpr\u00e4gung, Spot UV, Laserfolie, gl\u00e4nzende oder matte Laminierung<\/div>\n<\/td>\n<\/tr>\n<tr>\n<td colspan=\"1\" rowspan=\"1\">\n<div class=\"magic-8\">Zubeh\u00f6r<\/div>\n<\/td>\n<td colspan=\"1\" rowspan=\"1\">\n<div class=\"magic-9\">Farbband, Kraft-Wellpappeneinlage, Wellpappeneinlage<br \/>\n, Kartontrenneinsatz, starrer Trenneinsatz, wei\u00dfer Pappeinsatz, PET-Blistereinsatz, EVA-Einsatz, EPE-Schaum<\/div>\n<\/td>\n<\/tr>\n<tr>\n<td colspan=\"1\" rowspan=\"1\">\n<div class=\"magic-8\">Artwork Format<\/div>\n<\/td>\n<td colspan=\"1\" rowspan=\"1\">\n<div class=\"magic-9\">AI, PDF, CDR, InDesign Format f\u00fcr individuelle Gestaltung<\/div>\n<\/td>\n<\/tr>\n<tr>\n<td colspan=\"1\" rowspan=\"1\">\n<div class=\"magic-8\">MOQ<\/div>\n<\/td>\n<td colspan=\"1\" rowspan=\"1\">\n<div class=\"magic-9\">300 STCK.<\/div>\n<\/td>\n<\/tr>\n<tr>\n<td colspan=\"1\" rowspan=\"1\">\n<div class=\"magic-8\">Probezeit<\/div>\n<\/td>\n<td colspan=\"1\" rowspan=\"1\">\n<div class=\"magic-9\">1-5 Arbeitstage<\/div>\n<\/td>\n<\/tr>\n<tr>\n<td colspan=\"1\" rowspan=\"1\">\n<div class=\"magic-8\">Produktionszeit<\/div>\n<\/td>\n<td colspan=\"1\" rowspan=\"1\">\n<div class=\"magic-9\">8-25 Arbeitstage<\/div>\n<\/td>\n<\/tr>\n<tr>\n<td colspan=\"1\" rowspan=\"1\">\n<div class=\"magic-8\">Versandart<\/div>\n<\/td>\n<td colspan=\"1\" rowspan=\"1\">\n<div class=\"magic-9\">Auf dem See-, Luft- und Expressweg<\/div>\n<\/td>\n<\/tr>\n<tr>\n<td colspan=\"1\" rowspan=\"1\">\n<div class=\"magic-8\">Verpacken<\/div>\n<\/td>\n<td colspan=\"1\" rowspan=\"1\">\n<div class=\"magic-9\" data-spm-anchor-id=\"a2700.details-description.0.i1.65833qr73qr7ss\">Plastikt\u00fcte, Karton, Palette<\/div>\n<\/td>\n<\/tr>\n<\/tbody>\n<\/table>\n<\/div>\n<\/div>\n<p data-start=\"1462\" data-end=\"1479\"><strong data-start=\"1462\" data-end=\"1479\">Wesentliche Merkmale:<\/strong><\/p>\n<ul data-start=\"1480\" data-end=\"1786\">\n<li data-start=\"1480\" data-end=\"1537\">\n<p data-start=\"1482\" data-end=\"1537\">Sturdy and elegant construction for high-end products<\/p>\n<\/li>\n<li data-start=\"1538\" data-end=\"1589\">\n<p data-start=\"1540\" data-end=\"1589\">Wide range of box styles and opening mechanisms<\/p>\n<\/li>\n<li data-start=\"1590\" data-end=\"1643\">\n<p data-start=\"1592\" data-end=\"1643\">Custom inserts for product protection and display<\/p>\n<\/li>\n<li data-start=\"1644\" data-end=\"1684\">\n<p data-start=\"1646\" data-end=\"1684\">Premium finishes for luxury branding<\/p>\n<\/li>\n<li data-start=\"1685\" data-end=\"1737\">\n<p data-start=\"1687\" data-end=\"1737\">Recyclable and FSC-certified materials available<\/p>\n<\/li>\n<li data-start=\"1738\" data-end=\"1786\">\n<p data-start=\"1740\" data-end=\"1786\">Factory-direct service with low minimum orders<\/p>\n<\/li>\n<\/ul>\n<p>&nbsp;<\/p>","protected":false},"excerpt":{"rendered":"<p>Luxury rigid boxes designed for premium packaging\u2014ideal for cosmetics, electronics, jewelry, apparel, and gift sets. Fully customizable and built to impress.<\/p>","protected":false},"featured_media":4771,"comment_status":"open","ping_status":"closed","template":"","meta":{"_acf_changed":false,"content-type":"","_uag_custom_page_level_css":""},"product_brand":[],"product_cat":[196],"product_tag":[],"class_list":{"0":"post-4821","1":"product","2":"type-product","3":"status-publish","4":"has-post-thumbnail","6":"product_cat-rigid-gift-box","8":"first","9":"instock","10":"shipping-taxable","11":"product-type-simple"},"acf":[],"uagb_featured_image_src":{"full":["https:\/\/packcolorful.com\/wp-content\/uploads\/2025\/10\/\u767d\u8272\u793c\u76d25.jpg",800,800,false],"thumbnail":["https:\/\/packcolorful.com\/wp-content\/uploads\/2025\/10\/\u767d\u8272\u793c\u76d25.jpg",96,96,false],"medium":["https:\/\/packcolorful.com\/wp-content\/uploads\/2025\/10\/\u767d\u8272\u793c\u76d25.jpg",800,800,false],"medium_large":["https:\/\/packcolorful.com\/wp-content\/uploads\/2025\/10\/\u767d\u8272\u793c\u76d25-768x768.jpg",768,768,true],"large":["https:\/\/packcolorful.com\/wp-content\/uploads\/2025\/10\/\u767d\u8272\u793c\u76d25.jpg",800,800,false],"1536x1536":["https:\/\/packcolorful.com\/wp-content\/uploads\/2025\/10\/\u767d\u8272\u793c\u76d25.jpg",800,800,false],"2048x2048":["https:\/\/packcolorful.com\/wp-content\/uploads\/2025\/10\/\u767d\u8272\u793c\u76d25.jpg",800,800,false],"trp-custom-language-flag":["https:\/\/packcolorful.com\/wp-content\/uploads\/2025\/10\/\u767d\u8272\u793c\u76d25.jpg",12,12,false],"blog-large":["https:\/\/packcolorful.com\/wp-content\/uploads\/2025\/10\/\u767d\u8272\u793c\u76d25-669x272.jpg",669,272,true],"blog-medium":["https:\/\/packcolorful.com\/wp-content\/uploads\/2025\/10\/\u767d\u8272\u793c\u76d25-320x202.jpg",320,202,true],"recent-posts":["https:\/\/packcolorful.com\/wp-content\/uploads\/2025\/10\/\u767d\u8272\u793c\u76d25-700x441.jpg",700,441,true],"recent-works-thumbnail":["https:\/\/packcolorful.com\/wp-content\/uploads\/2025\/10\/\u767d\u8272\u793c\u76d25-66x66.jpg",66,66,true],"fusion-200":["https:\/\/packcolorful.com\/wp-content\/uploads\/2025\/10\/\u767d\u8272\u793c\u76d25-200x200.jpg",200,200,true],"fusion-400":["https:\/\/packcolorful.com\/wp-content\/uploads\/2025\/10\/\u767d\u8272\u793c\u76d25-400x400.jpg",400,400,true],"fusion-600":["https:\/\/packcolorful.com\/wp-content\/uploads\/2025\/10\/\u767d\u8272\u793c\u76d25-600x600.jpg",600,600,true],"fusion-800":["https:\/\/packcolorful.com\/wp-content\/uploads\/2025\/10\/\u767d\u8272\u793c\u76d25.jpg",800,800,false],"fusion-1200":["https:\/\/packcolorful.com\/wp-content\/uploads\/2025\/10\/\u767d\u8272\u793c\u76d25.jpg",800,800,false],"portfolio-full":["https:\/\/packcolorful.com\/wp-content\/uploads\/2025\/10\/\u767d\u8272\u793c\u76d25-800x400.jpg",800,400,true],"portfolio-one":["https:\/\/packcolorful.com\/wp-content\/uploads\/2025\/10\/\u767d\u8272\u793c\u76d25-540x272.jpg",540,272,true],"portfolio-two":["https:\/\/packcolorful.com\/wp-content\/uploads\/2025\/10\/\u767d\u8272\u793c\u76d25-460x295.jpg",460,295,true],"portfolio-three":["https:\/\/packcolorful.com\/wp-content\/uploads\/2025\/10\/\u767d\u8272\u793c\u76d25-300x214.jpg",300,214,true],"portfolio-five":["https:\/\/packcolorful.com\/wp-content\/uploads\/2025\/10\/\u767d\u8272\u793c\u76d25-177x142.jpg",177,142,true],"woocommerce_thumbnail":["https:\/\/packcolorful.com\/wp-content\/uploads\/2025\/10\/\u767d\u8272\u793c\u76d25-500x500.jpg",500,500,true],"woocommerce_single":["https:\/\/packcolorful.com\/wp-content\/uploads\/2025\/10\/\u767d\u8272\u793c\u76d25-700x700.jpg",700,700,true],"woocommerce_gallery_thumbnail":["https:\/\/packcolorful.com\/wp-content\/uploads\/2025\/10\/\u767d\u8272\u793c\u76d25-200x200.jpg",200,200,true]},"uagb_author_info":{"display_name":"cuids@aliyun.com","author_link":"https:\/\/packcolorful.com\/de\/author\/"},"uagb_comment_info":0,"uagb_excerpt":"Luxury rigid boxes designed for premium packaging\u2014ideal for cosmetics, electronics, jewelry, apparel, and gift sets. Fully customizable and built to impress.","_links":{"self":[{"href":"https:\/\/packcolorful.com\/de\/wp-json\/wp\/v2\/product\/4821","targetHints":{"allow":["GET"]}}],"collection":[{"href":"https:\/\/packcolorful.com\/de\/wp-json\/wp\/v2\/product"}],"about":[{"href":"https:\/\/packcolorful.com\/de\/wp-json\/wp\/v2\/types\/product"}],"replies":[{"embeddable":true,"href":"https:\/\/packcolorful.com\/de\/wp-json\/wp\/v2\/comments?post=4821"}],"wp:featuredmedia":[{"embeddable":true,"href":"https:\/\/packcolorful.com\/de\/wp-json\/wp\/v2\/media\/4771"}],"wp:attachment":[{"href":"https:\/\/packcolorful.com\/de\/wp-json\/wp\/v2\/media?parent=4821"}],"wp:term":[{"taxonomy":"product_brand","embeddable":true,"href":"https:\/\/packcolorful.com\/de\/wp-json\/wp\/v2\/product_brand?post=4821"},{"taxonomy":"product_cat","embeddable":true,"href":"https:\/\/packcolorful.com\/de\/wp-json\/wp\/v2\/product_cat?post=4821"},{"taxonomy":"product_tag","embeddable":true,"href":"https:\/\/packcolorful.com\/de\/wp-json\/wp\/v2\/product_tag?post=4821"}],"curies":[{"name":"wp","href":"https:\/\/api.w.org\/{rel}","templated":true}]}}