{"id":5285,"date":"2025-12-13T05:22:04","date_gmt":"2025-12-13T05:22:04","guid":{"rendered":"https:\/\/packcolorful.com\/?post_type=product&#038;p=5285"},"modified":"2026-03-18T05:26:21","modified_gmt":"2026-03-18T05:26:21","slug":"kundenspezifische-schwarze-kraftbox","status":"publish","type":"product","link":"https:\/\/packcolorful.com\/de\/produkt\/kundenspezifische-schwarze-kraftbox\/","title":{"rendered":"Custom Black Kraft Box"},"content":{"rendered":"<p data-start=\"416\" data-end=\"706\">Die Custom Black Kraft Box ist die perfekte L\u00f6sung f\u00fcr Marken, denen sowohl die Verpackungsleistung als auch die Umweltvertr\u00e4glichkeit wichtig sind. Die aus recycelbarer und biologisch abbaubarer Kraftpappe hergestellten Boxen bieten eine nat\u00fcrliche braune Oberfl\u00e4che, die Authentizit\u00e4t, Einfachheit und Nachhaltigkeit vermittelt.<\/p>\n<p data-start=\"708\" data-end=\"934\">Kraftkartons sind in einer Vielzahl von Ausf\u00fchrungen erh\u00e4ltlich, z. B. als St\u00fclpdeckel-, Kissen-, Schubladen- und Faltschachteln, und eignen sich ideal f\u00fcr umweltbewusste Verpackungen in den Bereichen Lebensmittel, Hautpflege, handgefertigte Produkte, Kleidung, Kaffee, Kerzen und Geschenke.<\/p>\n<p data-start=\"936\" data-end=\"1287\">Wir bieten eine vollst\u00e4ndige Individualisierung, einschlie\u00dflich gestanzter Fenster, individueller Gr\u00f6\u00dfen, Logodruck, Innendruck, Folienpr\u00e4gung und Griffoptionen, die sowohl die Funktionalit\u00e4t als auch die Attraktivit\u00e4t im Regal erh\u00f6hen. Ganz gleich, ob Sie eine minimalistische Verpackung f\u00fcr Bioprodukte oder eine rustikale Schachtel f\u00fcr die Pr\u00e4sentation im Einzelhandel ben\u00f6tigen, unsere Kraftkartons k\u00f6nnen auf die Identit\u00e4t Ihrer Marke zugeschnitten werden.<\/p>\n<h3 data-start=\"898\" data-end=\"1184\">Benutzerdefinierte schwarze Kraft Box Details\uff1a<\/h3>\n<table style=\"border-collapse: collapse; width: 100%;\">\n<tbody>\n<tr>\n<td style=\"width: 50%;\"><img decoding=\"async\" class=\"lazyload alignnone wp-image-5274 size-full\" src=\"https:\/\/packcolorful.com\/wp-content\/uploads\/2026\/03\/\u5fae\u4fe1\u56fe\u7247_20251125105135_15_5.jpg\" data-orig-src=\"https:\/\/packcolorful.com\/wp-content\/uploads\/2026\/03\/\u5fae\u4fe1\u56fe\u7247_20251125105135_15_5.jpg\" alt=\"Custom Black Kraft Box\" width=\"798\" height=\"798\" srcset=\"data:image\/svg+xml,%3Csvg%20xmlns%3D%27http%3A%2F%2Fwww.w3.org%2F2000%2Fsvg%27%20width%3D%27798%27%20height%3D%27798%27%20viewBox%3D%270%200%20798%20798%27%3E%3Crect%20width%3D%27798%27%20height%3D%27798%27%20fill-opacity%3D%220%22%2F%3E%3C%2Fsvg%3E\" data-srcset=\"https:\/\/packcolorful.com\/wp-content\/uploads\/2026\/03\/\u5fae\u4fe1\u56fe\u7247_20251125105135_15_5-12x12.jpg 12w, https:\/\/packcolorful.com\/wp-content\/uploads\/2026\/03\/\u5fae\u4fe1\u56fe\u7247_20251125105135_15_5-66x66.jpg 66w, https:\/\/packcolorful.com\/wp-content\/uploads\/2026\/03\/\u5fae\u4fe1\u56fe\u7247_20251125105135_15_5-200x200.jpg 200w, https:\/\/packcolorful.com\/wp-content\/uploads\/2026\/03\/\u5fae\u4fe1\u56fe\u7247_20251125105135_15_5-400x400.jpg 400w, https:\/\/packcolorful.com\/wp-content\/uploads\/2026\/03\/\u5fae\u4fe1\u56fe\u7247_20251125105135_15_5-500x500.jpg 500w, https:\/\/packcolorful.com\/wp-content\/uploads\/2026\/03\/\u5fae\u4fe1\u56fe\u7247_20251125105135_15_5-600x600.jpg 600w, https:\/\/packcolorful.com\/wp-content\/uploads\/2026\/03\/\u5fae\u4fe1\u56fe\u7247_20251125105135_15_5-700x700.jpg 700w, https:\/\/packcolorful.com\/wp-content\/uploads\/2026\/03\/\u5fae\u4fe1\u56fe\u7247_20251125105135_15_5-768x768.jpg 768w, https:\/\/packcolorful.com\/wp-content\/uploads\/2026\/03\/\u5fae\u4fe1\u56fe\u7247_20251125105135_15_5.jpg 798w\" data-sizes=\"auto\" data-orig-sizes=\"(max-width: 798px) 100vw, 798px\" \/><\/td>\n<td style=\"width: 50%;\"><img decoding=\"async\" class=\"lazyload alignnone size-full wp-image-5276\" src=\"https:\/\/packcolorful.com\/wp-content\/uploads\/2026\/03\/\u5fae\u4fe1\u56fe\u7247_20251125105133_13_5.jpg\" data-orig-src=\"https:\/\/packcolorful.com\/wp-content\/uploads\/2026\/03\/\u5fae\u4fe1\u56fe\u7247_20251125105133_13_5.jpg\" alt=\"\" width=\"864\" height=\"864\" srcset=\"data:image\/svg+xml,%3Csvg%20xmlns%3D%27http%3A%2F%2Fwww.w3.org%2F2000%2Fsvg%27%20width%3D%27864%27%20height%3D%27864%27%20viewBox%3D%270%200%20864%20864%27%3E%3Crect%20width%3D%27864%27%20height%3D%27864%27%20fill-opacity%3D%220%22%2F%3E%3C%2Fsvg%3E\" data-srcset=\"https:\/\/packcolorful.com\/wp-content\/uploads\/2026\/03\/\u5fae\u4fe1\u56fe\u7247_20251125105133_13_5-12x12.jpg 12w, https:\/\/packcolorful.com\/wp-content\/uploads\/2026\/03\/\u5fae\u4fe1\u56fe\u7247_20251125105133_13_5-66x66.jpg 66w, https:\/\/packcolorful.com\/wp-content\/uploads\/2026\/03\/\u5fae\u4fe1\u56fe\u7247_20251125105133_13_5-200x200.jpg 200w, https:\/\/packcolorful.com\/wp-content\/uploads\/2026\/03\/\u5fae\u4fe1\u56fe\u7247_20251125105133_13_5-400x400.jpg 400w, https:\/\/packcolorful.com\/wp-content\/uploads\/2026\/03\/\u5fae\u4fe1\u56fe\u7247_20251125105133_13_5-500x500.jpg 500w, https:\/\/packcolorful.com\/wp-content\/uploads\/2026\/03\/\u5fae\u4fe1\u56fe\u7247_20251125105133_13_5-600x600.jpg 600w, https:\/\/packcolorful.com\/wp-content\/uploads\/2026\/03\/\u5fae\u4fe1\u56fe\u7247_20251125105133_13_5-700x700.jpg 700w, https:\/\/packcolorful.com\/wp-content\/uploads\/2026\/03\/\u5fae\u4fe1\u56fe\u7247_20251125105133_13_5-768x768.jpg 768w, https:\/\/packcolorful.com\/wp-content\/uploads\/2026\/03\/\u5fae\u4fe1\u56fe\u7247_20251125105133_13_5-800x800.jpg 800w, https:\/\/packcolorful.com\/wp-content\/uploads\/2026\/03\/\u5fae\u4fe1\u56fe\u7247_20251125105133_13_5.jpg 864w\" data-sizes=\"auto\" data-orig-sizes=\"(max-width: 864px) 100vw, 864px\" \/><\/td>\n<\/tr>\n<tr>\n<td style=\"width: 50%;\"><img decoding=\"async\" class=\"lazyload alignnone size-full wp-image-5275\" src=\"https:\/\/packcolorful.com\/wp-content\/uploads\/2026\/03\/\u5fae\u4fe1\u56fe\u7247_20251125105134_14_5.jpg\" data-orig-src=\"https:\/\/packcolorful.com\/wp-content\/uploads\/2026\/03\/\u5fae\u4fe1\u56fe\u7247_20251125105134_14_5.jpg\" alt=\"\" width=\"808\" height=\"808\" srcset=\"https:\/\/packcolorful.com\/wp-content\/uploads\/2026\/03\/\u5fae\u4fe1\u56fe\u7247_20251125105134_14_5-12x12.jpg 12w, https:\/\/packcolorful.com\/wp-content\/uploads\/2026\/03\/\u5fae\u4fe1\u56fe\u7247_20251125105134_14_5-66x66.jpg 66w, https:\/\/packcolorful.com\/wp-content\/uploads\/2026\/03\/\u5fae\u4fe1\u56fe\u7247_20251125105134_14_5-200x200.jpg 200w, https:\/\/packcolorful.com\/wp-content\/uploads\/2026\/03\/\u5fae\u4fe1\u56fe\u7247_20251125105134_14_5-400x400.jpg 400w, https:\/\/packcolorful.com\/wp-content\/uploads\/2026\/03\/\u5fae\u4fe1\u56fe\u7247_20251125105134_14_5-500x500.jpg 500w, https:\/\/packcolorful.com\/wp-content\/uploads\/2026\/03\/\u5fae\u4fe1\u56fe\u7247_20251125105134_14_5-600x600.jpg 600w, https:\/\/packcolorful.com\/wp-content\/uploads\/2026\/03\/\u5fae\u4fe1\u56fe\u7247_20251125105134_14_5-700x700.jpg 700w, https:\/\/packcolorful.com\/wp-content\/uploads\/2026\/03\/\u5fae\u4fe1\u56fe\u7247_20251125105134_14_5-768x768.jpg 768w, https:\/\/packcolorful.com\/wp-content\/uploads\/2026\/03\/\u5fae\u4fe1\u56fe\u7247_20251125105134_14_5-800x800.jpg 800w, https:\/\/packcolorful.com\/wp-content\/uploads\/2026\/03\/\u5fae\u4fe1\u56fe\u7247_20251125105134_14_5.jpg 808w\" data-srcset=\"https:\/\/packcolorful.com\/wp-content\/uploads\/2026\/03\/\u5fae\u4fe1\u56fe\u7247_20251125105134_14_5-12x12.jpg 12w, https:\/\/packcolorful.com\/wp-content\/uploads\/2026\/03\/\u5fae\u4fe1\u56fe\u7247_20251125105134_14_5-66x66.jpg 66w, https:\/\/packcolorful.com\/wp-content\/uploads\/2026\/03\/\u5fae\u4fe1\u56fe\u7247_20251125105134_14_5-200x200.jpg 200w, https:\/\/packcolorful.com\/wp-content\/uploads\/2026\/03\/\u5fae\u4fe1\u56fe\u7247_20251125105134_14_5-400x400.jpg 400w, https:\/\/packcolorful.com\/wp-content\/uploads\/2026\/03\/\u5fae\u4fe1\u56fe\u7247_20251125105134_14_5-500x500.jpg 500w, https:\/\/packcolorful.com\/wp-content\/uploads\/2026\/03\/\u5fae\u4fe1\u56fe\u7247_20251125105134_14_5-600x600.jpg 600w, https:\/\/packcolorful.com\/wp-content\/uploads\/2026\/03\/\u5fae\u4fe1\u56fe\u7247_20251125105134_14_5-700x700.jpg 700w, https:\/\/packcolorful.com\/wp-content\/uploads\/2026\/03\/\u5fae\u4fe1\u56fe\u7247_20251125105134_14_5-768x768.jpg 768w, https:\/\/packcolorful.com\/wp-content\/uploads\/2026\/03\/\u5fae\u4fe1\u56fe\u7247_20251125105134_14_5-800x800.jpg 800w, https:\/\/packcolorful.com\/wp-content\/uploads\/2026\/03\/\u5fae\u4fe1\u56fe\u7247_20251125105134_14_5.jpg 808w\" data-sizes=\"auto\" data-orig-sizes=\"(max-width: 808px) 100vw, 808px\" \/><\/td>\n<td style=\"width: 50%;\"><img decoding=\"async\" class=\"lazyload alignnone size-full wp-image-5275\" src=\"https:\/\/packcolorful.com\/wp-content\/uploads\/2026\/03\/\u5fae\u4fe1\u56fe\u7247_20251125105134_14_5.jpg\" data-orig-src=\"https:\/\/packcolorful.com\/wp-content\/uploads\/2026\/03\/\u5fae\u4fe1\u56fe\u7247_20251125105134_14_5.jpg\" alt=\"\" width=\"808\" height=\"808\" srcset=\"https:\/\/packcolorful.com\/wp-content\/uploads\/2026\/03\/\u5fae\u4fe1\u56fe\u7247_20251125105134_14_5-12x12.jpg 12w, https:\/\/packcolorful.com\/wp-content\/uploads\/2026\/03\/\u5fae\u4fe1\u56fe\u7247_20251125105134_14_5-66x66.jpg 66w, https:\/\/packcolorful.com\/wp-content\/uploads\/2026\/03\/\u5fae\u4fe1\u56fe\u7247_20251125105134_14_5-200x200.jpg 200w, https:\/\/packcolorful.com\/wp-content\/uploads\/2026\/03\/\u5fae\u4fe1\u56fe\u7247_20251125105134_14_5-400x400.jpg 400w, https:\/\/packcolorful.com\/wp-content\/uploads\/2026\/03\/\u5fae\u4fe1\u56fe\u7247_20251125105134_14_5-500x500.jpg 500w, https:\/\/packcolorful.com\/wp-content\/uploads\/2026\/03\/\u5fae\u4fe1\u56fe\u7247_20251125105134_14_5-600x600.jpg 600w, https:\/\/packcolorful.com\/wp-content\/uploads\/2026\/03\/\u5fae\u4fe1\u56fe\u7247_20251125105134_14_5-700x700.jpg 700w, https:\/\/packcolorful.com\/wp-content\/uploads\/2026\/03\/\u5fae\u4fe1\u56fe\u7247_20251125105134_14_5-768x768.jpg 768w, https:\/\/packcolorful.com\/wp-content\/uploads\/2026\/03\/\u5fae\u4fe1\u56fe\u7247_20251125105134_14_5-800x800.jpg 800w, https:\/\/packcolorful.com\/wp-content\/uploads\/2026\/03\/\u5fae\u4fe1\u56fe\u7247_20251125105134_14_5.jpg 808w\" data-srcset=\"https:\/\/packcolorful.com\/wp-content\/uploads\/2026\/03\/\u5fae\u4fe1\u56fe\u7247_20251125105134_14_5-12x12.jpg 12w, https:\/\/packcolorful.com\/wp-content\/uploads\/2026\/03\/\u5fae\u4fe1\u56fe\u7247_20251125105134_14_5-66x66.jpg 66w, https:\/\/packcolorful.com\/wp-content\/uploads\/2026\/03\/\u5fae\u4fe1\u56fe\u7247_20251125105134_14_5-200x200.jpg 200w, https:\/\/packcolorful.com\/wp-content\/uploads\/2026\/03\/\u5fae\u4fe1\u56fe\u7247_20251125105134_14_5-400x400.jpg 400w, https:\/\/packcolorful.com\/wp-content\/uploads\/2026\/03\/\u5fae\u4fe1\u56fe\u7247_20251125105134_14_5-500x500.jpg 500w, https:\/\/packcolorful.com\/wp-content\/uploads\/2026\/03\/\u5fae\u4fe1\u56fe\u7247_20251125105134_14_5-600x600.jpg 600w, https:\/\/packcolorful.com\/wp-content\/uploads\/2026\/03\/\u5fae\u4fe1\u56fe\u7247_20251125105134_14_5-700x700.jpg 700w, https:\/\/packcolorful.com\/wp-content\/uploads\/2026\/03\/\u5fae\u4fe1\u56fe\u7247_20251125105134_14_5-768x768.jpg 768w, https:\/\/packcolorful.com\/wp-content\/uploads\/2026\/03\/\u5fae\u4fe1\u56fe\u7247_20251125105134_14_5-800x800.jpg 800w, https:\/\/packcolorful.com\/wp-content\/uploads\/2026\/03\/\u5fae\u4fe1\u56fe\u7247_20251125105134_14_5.jpg 808w\" data-sizes=\"auto\" data-orig-sizes=\"(max-width: 808px) 100vw, 808px\" \/><\/td>\n<\/tr>\n<\/tbody>\n<\/table>\n<div><\/div>\n<h2 class=\"magic-5\">Benutzerdefinierte schwarze Kraft Boxen<\/h2>\n<div><\/div>\n<div class=\"J_module\">\n<div class=\"ife-detail-decorate-table\">\n<table class=\"all magic-7\" style=\"border-style: solid; border-color: #b5b5b5;\" border=\"1px\">\n<tbody>\n<tr>\n<td colspan=\"1\" rowspan=\"1\">\n<div class=\"magic-8\">Produktname<\/div>\n<\/td>\n<td colspan=\"1\" rowspan=\"1\">\n<div class=\"magic-9\">Custom Black Kraft Box<\/div>\n<\/td>\n<\/tr>\n<tr>\n<td colspan=\"1\" rowspan=\"1\">\n<div class=\"magic-8\" data-spm-anchor-id=\"a2700.details-description.0.i2.65833qr73qr7ss\">Allgemeines Papiermaterial<\/div>\n<\/td>\n<td colspan=\"1\" rowspan=\"1\">\n<div class=\"magic-9\">Kartonpapier, Kunstdruckpapier, beschichtetes Papier, Kraftpapier, Wellpappe<\/div>\n<\/td>\n<\/tr>\n<tr>\n<td colspan=\"1\" rowspan=\"1\">\n<div class=\"magic-8\">Drucken<\/div>\n<\/td>\n<td colspan=\"1\" rowspan=\"1\">\n<div class=\"magic-9\">CMYK- oder Pantone-Offsetdruck, Siebdruck oder UV-Offsetdruck<\/div>\n<\/td>\n<\/tr>\n<tr>\n<td colspan=\"1\" rowspan=\"1\">\n<div class=\"magic-8\">Gr\u00f6\u00dfe<\/div>\n<\/td>\n<td colspan=\"1\" rowspan=\"1\">\n<div class=\"magic-9\">Ma\u00dfgeschneiderte Gr\u00f6\u00dfe auf Kundenanforderung<\/div>\n<\/td>\n<\/tr>\n<tr>\n<td colspan=\"1\" rowspan=\"1\">\n<div class=\"magic-8\">Drucken Handhabung<\/div>\n<\/td>\n<td colspan=\"1\" rowspan=\"1\">\n<div class=\"magic-9\">Debossiert oder gepr\u00e4gt, Gold- oder Seidenfolienpr\u00e4gung, Spot UV, Laserfolie, gl\u00e4nzende oder matte Laminierung<\/div>\n<\/td>\n<\/tr>\n<tr>\n<td colspan=\"1\" rowspan=\"1\">\n<div class=\"magic-8\">Zubeh\u00f6r<\/div>\n<\/td>\n<td colspan=\"1\" rowspan=\"1\">\n<div class=\"magic-9\">Farbband, Kraft-Wellpappeneinlage, Wellpappeneinlage<br \/>\n, Kartontrenneinsatz, starrer Trenneinsatz, wei\u00dfer Pappeinsatz, PET-Blistereinsatz, EVA-Einsatz, EPE-Schaum<\/div>\n<\/td>\n<\/tr>\n<tr>\n<td colspan=\"1\" rowspan=\"1\">\n<div class=\"magic-8\">Artwork Format<\/div>\n<\/td>\n<td colspan=\"1\" rowspan=\"1\">\n<div class=\"magic-9\">AI, PDF, CDR, InDesign Format f\u00fcr individuelle Gestaltung<\/div>\n<\/td>\n<\/tr>\n<tr>\n<td colspan=\"1\" rowspan=\"1\">\n<div class=\"magic-8\">MOQ<\/div>\n<\/td>\n<td colspan=\"1\" rowspan=\"1\">\n<div class=\"magic-9\">300 STCK.<\/div>\n<\/td>\n<\/tr>\n<tr>\n<td colspan=\"1\" rowspan=\"1\">\n<div class=\"magic-8\">Probezeit<\/div>\n<\/td>\n<td colspan=\"1\" rowspan=\"1\">\n<div class=\"magic-9\">1-5 Arbeitstage<\/div>\n<\/td>\n<\/tr>\n<tr>\n<td colspan=\"1\" rowspan=\"1\">\n<div class=\"magic-8\">Produktionszeit<\/div>\n<\/td>\n<td colspan=\"1\" rowspan=\"1\">\n<div class=\"magic-9\">8-25 Arbeitstage<\/div>\n<\/td>\n<\/tr>\n<tr>\n<td colspan=\"1\" rowspan=\"1\">\n<div class=\"magic-8\">Versandart<\/div>\n<\/td>\n<td colspan=\"1\" rowspan=\"1\">\n<div class=\"magic-9\">Auf dem See-, Luft- und Expressweg<\/div>\n<\/td>\n<\/tr>\n<tr>\n<td colspan=\"1\" rowspan=\"1\">\n<div class=\"magic-8\">Verpacken<\/div>\n<\/td>\n<td colspan=\"1\" rowspan=\"1\">\n<div class=\"magic-9\" data-spm-anchor-id=\"a2700.details-description.0.i1.65833qr73qr7ss\">Plastikt\u00fcte, Karton, Palette<\/div>\n<\/td>\n<\/tr>\n<\/tbody>\n<\/table>\n<\/div>\n<\/div>\n<p data-start=\"1317\" data-end=\"1440\"><strong data-start=\"1317\" data-end=\"1334\">Anwendungen:<\/strong><br data-start=\"1334\" data-end=\"1337\" \/>E-Commerce-Verpackungen, Abo-Boxen, Influencer-PR-Kits, individuelle Geschenkboxen, Versand kleiner Produkte<\/p>\n<p data-start=\"1289\" data-end=\"1306\"><strong data-start=\"1289\" data-end=\"1306\">Benutzerdefinierte Kraftpapierboxen Hauptmerkmale:<\/strong><\/p>\n<ul data-start=\"1307\" data-end=\"1565\">\n<li data-start=\"1307\" data-end=\"1361\">\n<p data-start=\"1309\" data-end=\"1361\">Hergestellt aus FSC-zertifiziertem und recycelbarem Kraftpapier<\/p>\n<\/li>\n<li data-start=\"1362\" data-end=\"1405\">\n<p data-start=\"1364\" data-end=\"1405\">Stark, leicht und kosteng\u00fcnstig<\/p>\n<\/li>\n<li data-start=\"1406\" data-end=\"1444\">\n<p data-start=\"1408\" data-end=\"1444\">Individuelle Gr\u00f6\u00dfen, Formen und Aufdrucke<\/p>\n<\/li>\n<li data-start=\"1445\" data-end=\"1508\">\n<p data-start=\"1447\" data-end=\"1508\">Ideal f\u00fcr umweltfreundliche Produktlinien und nachhaltige Marken<\/p>\n<\/li>\n<li data-start=\"1509\" data-end=\"1565\">\n<p data-start=\"1511\" data-end=\"1565\">Fabrikdirektservice mit niedrigem MOQ und kurzer Vorlaufzeit<\/p>\n<\/li>\n<\/ul>\n<hr data-start=\"1567\" data-end=\"1570\" \/>\n<p>&nbsp;<\/p>","protected":false},"excerpt":{"rendered":"<p>Umweltfreundliche Kraftkartons aus recyceltem Karton - ideal f\u00fcr nachhaltige Verpackungen in der Lebensmittel-, Kosmetik-, Bekleidungs- und Geschenkbranche.<\/p>","protected":false},"featured_media":5275,"comment_status":"open","ping_status":"closed","template":"","meta":{"_acf_changed":false,"content-type":"","_uag_custom_page_level_css":""},"product_brand":[],"product_cat":[202],"product_tag":[],"class_list":{"0":"post-5285","1":"product","2":"type-product","3":"status-publish","4":"has-post-thumbnail","6":"product_cat-kraft-box","8":"first","9":"instock","10":"shipping-taxable","11":"product-type-simple"},"acf":[],"uagb_featured_image_src":{"full":["https:\/\/packcolorful.com\/wp-content\/uploads\/2026\/03\/\u5fae\u4fe1\u56fe\u7247_20251125105134_14_5.jpg",808,808,false],"thumbnail":["https:\/\/packcolorful.com\/wp-content\/uploads\/2026\/03\/\u5fae\u4fe1\u56fe\u7247_20251125105134_14_5.jpg",96,96,false],"medium":["https:\/\/packcolorful.com\/wp-content\/uploads\/2026\/03\/\u5fae\u4fe1\u56fe\u7247_20251125105134_14_5.jpg",808,808,false],"medium_large":["https:\/\/packcolorful.com\/wp-content\/uploads\/2026\/03\/\u5fae\u4fe1\u56fe\u7247_20251125105134_14_5-768x768.jpg",768,768,true],"large":["https:\/\/packcolorful.com\/wp-content\/uploads\/2026\/03\/\u5fae\u4fe1\u56fe\u7247_20251125105134_14_5.jpg",808,808,false],"1536x1536":["https:\/\/packcolorful.com\/wp-content\/uploads\/2026\/03\/\u5fae\u4fe1\u56fe\u7247_20251125105134_14_5.jpg",808,808,false],"2048x2048":["https:\/\/packcolorful.com\/wp-content\/uploads\/2026\/03\/\u5fae\u4fe1\u56fe\u7247_20251125105134_14_5.jpg",808,808,false],"trp-custom-language-flag":["https:\/\/packcolorful.com\/wp-content\/uploads\/2026\/03\/\u5fae\u4fe1\u56fe\u7247_20251125105134_14_5-12x12.jpg",12,12,true],"blog-large":["https:\/\/packcolorful.com\/wp-content\/uploads\/2026\/03\/\u5fae\u4fe1\u56fe\u7247_20251125105134_14_5-669x272.jpg",669,272,true],"blog-medium":["https:\/\/packcolorful.com\/wp-content\/uploads\/2026\/03\/\u5fae\u4fe1\u56fe\u7247_20251125105134_14_5-320x202.jpg",320,202,true],"recent-posts":["https:\/\/packcolorful.com\/wp-content\/uploads\/2026\/03\/\u5fae\u4fe1\u56fe\u7247_20251125105134_14_5-700x441.jpg",700,441,true],"recent-works-thumbnail":["https:\/\/packcolorful.com\/wp-content\/uploads\/2026\/03\/\u5fae\u4fe1\u56fe\u7247_20251125105134_14_5-66x66.jpg",66,66,true],"fusion-200":["https:\/\/packcolorful.com\/wp-content\/uploads\/2026\/03\/\u5fae\u4fe1\u56fe\u7247_20251125105134_14_5-200x200.jpg",200,200,true],"fusion-400":["https:\/\/packcolorful.com\/wp-content\/uploads\/2026\/03\/\u5fae\u4fe1\u56fe\u7247_20251125105134_14_5-400x400.jpg",400,400,true],"fusion-600":["https:\/\/packcolorful.com\/wp-content\/uploads\/2026\/03\/\u5fae\u4fe1\u56fe\u7247_20251125105134_14_5-600x600.jpg",600,600,true],"fusion-800":["https:\/\/packcolorful.com\/wp-content\/uploads\/2026\/03\/\u5fae\u4fe1\u56fe\u7247_20251125105134_14_5-800x800.jpg",800,800,true],"fusion-1200":["https:\/\/packcolorful.com\/wp-content\/uploads\/2026\/03\/\u5fae\u4fe1\u56fe\u7247_20251125105134_14_5.jpg",808,808,false],"portfolio-full":["https:\/\/packcolorful.com\/wp-content\/uploads\/2026\/03\/\u5fae\u4fe1\u56fe\u7247_20251125105134_14_5-808x400.jpg",808,400,true],"portfolio-one":["https:\/\/packcolorful.com\/wp-content\/uploads\/2026\/03\/\u5fae\u4fe1\u56fe\u7247_20251125105134_14_5-540x272.jpg",540,272,true],"portfolio-two":["https:\/\/packcolorful.com\/wp-content\/uploads\/2026\/03\/\u5fae\u4fe1\u56fe\u7247_20251125105134_14_5-460x295.jpg",460,295,true],"portfolio-three":["https:\/\/packcolorful.com\/wp-content\/uploads\/2026\/03\/\u5fae\u4fe1\u56fe\u7247_20251125105134_14_5-300x214.jpg",300,214,true],"portfolio-five":["https:\/\/packcolorful.com\/wp-content\/uploads\/2026\/03\/\u5fae\u4fe1\u56fe\u7247_20251125105134_14_5-177x142.jpg",177,142,true],"woocommerce_thumbnail":["https:\/\/packcolorful.com\/wp-content\/uploads\/2026\/03\/\u5fae\u4fe1\u56fe\u7247_20251125105134_14_5-500x500.jpg",500,500,true],"woocommerce_single":["https:\/\/packcolorful.com\/wp-content\/uploads\/2026\/03\/\u5fae\u4fe1\u56fe\u7247_20251125105134_14_5-700x700.jpg",700,700,true],"woocommerce_gallery_thumbnail":["https:\/\/packcolorful.com\/wp-content\/uploads\/2026\/03\/\u5fae\u4fe1\u56fe\u7247_20251125105134_14_5-200x200.jpg",200,200,true]},"uagb_author_info":{"display_name":"admin","author_link":"https:\/\/packcolorful.com\/de\/author\/"},"uagb_comment_info":0,"uagb_excerpt":"Eco-friendly kraft boxes made from recycled paperboard\u2014ideal for sustainable packaging across food, cosmetics, apparel, and gift industries.","_links":{"self":[{"href":"https:\/\/packcolorful.com\/de\/wp-json\/wp\/v2\/product\/5285","targetHints":{"allow":["GET"]}}],"collection":[{"href":"https:\/\/packcolorful.com\/de\/wp-json\/wp\/v2\/product"}],"about":[{"href":"https:\/\/packcolorful.com\/de\/wp-json\/wp\/v2\/types\/product"}],"replies":[{"embeddable":true,"href":"https:\/\/packcolorful.com\/de\/wp-json\/wp\/v2\/comments?post=5285"}],"wp:featuredmedia":[{"embeddable":true,"href":"https:\/\/packcolorful.com\/de\/wp-json\/wp\/v2\/media\/5275"}],"wp:attachment":[{"href":"https:\/\/packcolorful.com\/de\/wp-json\/wp\/v2\/media?parent=5285"}],"wp:term":[{"taxonomy":"product_brand","embeddable":true,"href":"https:\/\/packcolorful.com\/de\/wp-json\/wp\/v2\/product_brand?post=5285"},{"taxonomy":"product_cat","embeddable":true,"href":"https:\/\/packcolorful.com\/de\/wp-json\/wp\/v2\/product_cat?post=5285"},{"taxonomy":"product_tag","embeddable":true,"href":"https:\/\/packcolorful.com\/de\/wp-json\/wp\/v2\/product_tag?post=5285"}],"curies":[{"name":"wp","href":"https:\/\/api.w.org\/{rel}","templated":true}]}}