{"id":5310,"date":"2026-03-19T08:23:27","date_gmt":"2026-03-19T08:23:27","guid":{"rendered":"https:\/\/packcolorful.com\/?post_type=product&#038;p=5310"},"modified":"2026-03-19T09:18:09","modified_gmt":"2026-03-19T09:18:09","slug":"led-strip-mailer-box","status":"publish","type":"product","link":"https:\/\/packcolorful.com\/de\/produkt\/led-strip-mailer-box\/","title":{"rendered":"Bessere LED-Streifen-Mailer-Boxen"},"content":{"rendered":"<p data-start=\"454\" data-end=\"749\">LED Strip Mailer Box sind die perfekte L\u00f6sung f\u00fcr moderne E-Commerce-Unternehmen, die Funktionalit\u00e4t mit einpr\u00e4gsamem Branding kombinieren m\u00f6chten. Diese selbstverschlie\u00dfenden Boxen aus strapazierf\u00e4higer Wellpappe sind ideal f\u00fcr den Versand von Kleidung, Kosmetika, Elektronik, Geschenken und Abonnementprodukten.<\/p>\n<p data-start=\"751\" data-end=\"1114\">Jeder Versandkarton ist in Gr\u00f6\u00dfe, Form, Struktur und Druck vollst\u00e4ndig anpassbar - erh\u00e4ltlich in wei\u00dfem, kraftstoffbeschichtetem oder schwarzem Grundmaterial. Wir bieten sowohl den Innen- als auch den Au\u00dfendruck mit hochwertigen Flexo- oder Digitaldrucktechniken sowie hochwertige Oberfl\u00e4chenveredelungen wie matte\/gl\u00e4nzende Laminierung, UV-Spot und Folienpr\u00e4gung, damit sich Ihre Verpackung abhebt.<\/p>\n<p data-start=\"1116\" data-end=\"1315\">Diese leichten und dennoch stabilen Kartons senken die Versandkosten und sch\u00fctzen Ihr Produkt w\u00e4hrend des Transports. Au\u00dferdem sind sie umweltfreundlich, recycelbar und sowohl f\u00fcr die lokale als auch f\u00fcr die internationale Logistik geeignet.<\/p>\n<p>&nbsp;<\/p>\n<h3 data-start=\"898\" data-end=\"1184\">Benutzerdefinierte kleine Mailing-Boxen Details\uff1a<\/h3>\n<table style=\"border-collapse: collapse; width: 100%;\">\n<tbody>\n<tr>\n<td style=\"width: 50%;\">\n<p><div id=\"attachment_5319\" style=\"width: 810px\" class=\"wp-caption aligncenter\"><img decoding=\"async\" aria-describedby=\"caption-attachment-5319\" class=\"lazyload wp-image-5319 size-fusion-800\" src=\"https:\/\/packcolorful.com\/wp-content\/uploads\/2026\/03\/1-11-800x800.png\" data-orig-src=\"https:\/\/packcolorful.com\/wp-content\/uploads\/2026\/03\/1-11-800x800.png\" alt=\"LED-Versandbox struktureller Versandkarton\" width=\"800\" height=\"800\" srcset=\"data:image\/svg+xml,%3Csvg%20xmlns%3D%27http%3A%2F%2Fwww.w3.org%2F2000%2Fsvg%27%20width%3D%27800%27%20height%3D%27800%27%20viewBox%3D%270%200%20800%20800%27%3E%3Crect%20width%3D%27800%27%20height%3D%27800%27%20fill-opacity%3D%220%22%2F%3E%3C%2Fsvg%3E\" data-srcset=\"https:\/\/packcolorful.com\/wp-content\/uploads\/2026\/03\/1-11-12x12.png 12w, https:\/\/packcolorful.com\/wp-content\/uploads\/2026\/03\/1-11-66x66.png 66w, https:\/\/packcolorful.com\/wp-content\/uploads\/2026\/03\/1-11-200x200.png 200w, https:\/\/packcolorful.com\/wp-content\/uploads\/2026\/03\/1-11-400x400.png 400w, https:\/\/packcolorful.com\/wp-content\/uploads\/2026\/03\/1-11-500x500.png 500w, https:\/\/packcolorful.com\/wp-content\/uploads\/2026\/03\/1-11-600x600.png 600w, https:\/\/packcolorful.com\/wp-content\/uploads\/2026\/03\/1-11-700x700.png 700w, https:\/\/packcolorful.com\/wp-content\/uploads\/2026\/03\/1-11-768x768.png 768w, https:\/\/packcolorful.com\/wp-content\/uploads\/2026\/03\/1-11-800x800.png 800w, https:\/\/packcolorful.com\/wp-content\/uploads\/2026\/03\/1-11-1024x1024.png 1024w, https:\/\/packcolorful.com\/wp-content\/uploads\/2026\/03\/1-11-1200x1200.png 1200w, https:\/\/packcolorful.com\/wp-content\/uploads\/2026\/03\/1-11-1536x1536.png 1536w\" data-sizes=\"auto\" data-orig-sizes=\"(max-width: 800px) 100vw, 800px\" \/><p id=\"caption-attachment-5319\" class=\"wp-caption-text\">LED Mailer Box<\/p><\/div><\/td>\n<td style=\"width: 50%;\"><img decoding=\"async\" class=\"lazyload aligncenter wp-image-5317 size-fusion-800\" src=\"https:\/\/packcolorful.com\/wp-content\/uploads\/2026\/03\/1-9-800x800.png\" data-orig-src=\"https:\/\/packcolorful.com\/wp-content\/uploads\/2026\/03\/1-9-800x800.png\" alt=\"Led Mailer BOx\" width=\"800\" height=\"800\" srcset=\"data:image\/svg+xml,%3Csvg%20xmlns%3D%27http%3A%2F%2Fwww.w3.org%2F2000%2Fsvg%27%20width%3D%27800%27%20height%3D%27800%27%20viewBox%3D%270%200%20800%20800%27%3E%3Crect%20width%3D%27800%27%20height%3D%27800%27%20fill-opacity%3D%220%22%2F%3E%3C%2Fsvg%3E\" data-srcset=\"https:\/\/packcolorful.com\/wp-content\/uploads\/2026\/03\/1-9-12x12.png 12w, https:\/\/packcolorful.com\/wp-content\/uploads\/2026\/03\/1-9-66x66.png 66w, https:\/\/packcolorful.com\/wp-content\/uploads\/2026\/03\/1-9-200x200.png 200w, https:\/\/packcolorful.com\/wp-content\/uploads\/2026\/03\/1-9-400x400.png 400w, https:\/\/packcolorful.com\/wp-content\/uploads\/2026\/03\/1-9-500x500.png 500w, https:\/\/packcolorful.com\/wp-content\/uploads\/2026\/03\/1-9-600x600.png 600w, https:\/\/packcolorful.com\/wp-content\/uploads\/2026\/03\/1-9-700x700.png 700w, https:\/\/packcolorful.com\/wp-content\/uploads\/2026\/03\/1-9-768x768.png 768w, https:\/\/packcolorful.com\/wp-content\/uploads\/2026\/03\/1-9-800x800.png 800w, https:\/\/packcolorful.com\/wp-content\/uploads\/2026\/03\/1-9-1024x1024.png 1024w, https:\/\/packcolorful.com\/wp-content\/uploads\/2026\/03\/1-9-1200x1200.png 1200w, https:\/\/packcolorful.com\/wp-content\/uploads\/2026\/03\/1-9-1536x1536.png 1536w\" data-sizes=\"auto\" data-orig-sizes=\"(max-width: 800px) 100vw, 800px\" \/><\/td>\n<\/tr>\n<tr>\n<td style=\"width: 50%;\">\n<p><div id=\"attachment_5316\" style=\"width: 810px\" class=\"wp-caption aligncenter\"><img decoding=\"async\" aria-describedby=\"caption-attachment-5316\" class=\"lazyload wp-image-5316 size-fusion-800\" src=\"https:\/\/packcolorful.com\/wp-content\/uploads\/2026\/03\/1-8-800x800.png\" data-orig-src=\"https:\/\/packcolorful.com\/wp-content\/uploads\/2026\/03\/1-8-800x800.png\" alt=\"\" width=\"800\" height=\"800\" srcset=\"data:image\/svg+xml,%3Csvg%20xmlns%3D%27http%3A%2F%2Fwww.w3.org%2F2000%2Fsvg%27%20width%3D%27800%27%20height%3D%27800%27%20viewBox%3D%270%200%20800%20800%27%3E%3Crect%20width%3D%27800%27%20height%3D%27800%27%20fill-opacity%3D%220%22%2F%3E%3C%2Fsvg%3E\" data-srcset=\"https:\/\/packcolorful.com\/wp-content\/uploads\/2026\/03\/1-8-12x12.png 12w, https:\/\/packcolorful.com\/wp-content\/uploads\/2026\/03\/1-8-66x66.png 66w, https:\/\/packcolorful.com\/wp-content\/uploads\/2026\/03\/1-8-200x200.png 200w, https:\/\/packcolorful.com\/wp-content\/uploads\/2026\/03\/1-8-400x400.png 400w, https:\/\/packcolorful.com\/wp-content\/uploads\/2026\/03\/1-8-500x500.png 500w, https:\/\/packcolorful.com\/wp-content\/uploads\/2026\/03\/1-8-600x600.png 600w, https:\/\/packcolorful.com\/wp-content\/uploads\/2026\/03\/1-8-700x700.png 700w, https:\/\/packcolorful.com\/wp-content\/uploads\/2026\/03\/1-8-768x768.png 768w, https:\/\/packcolorful.com\/wp-content\/uploads\/2026\/03\/1-8-800x800.png 800w, https:\/\/packcolorful.com\/wp-content\/uploads\/2026\/03\/1-8-1024x1024.png 1024w, https:\/\/packcolorful.com\/wp-content\/uploads\/2026\/03\/1-8-1200x1200.png 1200w, https:\/\/packcolorful.com\/wp-content\/uploads\/2026\/03\/1-8-1536x1536.png 1536w\" data-sizes=\"auto\" data-orig-sizes=\"(max-width: 800px) 100vw, 800px\" \/><p id=\"caption-attachment-5316\" class=\"wp-caption-text\">Mailer Box<\/p><\/div><\/td>\n<td style=\"width: 50%;\">\n<p><div id=\"attachment_5318\" style=\"width: 810px\" class=\"wp-caption aligncenter\"><img decoding=\"async\" aria-describedby=\"caption-attachment-5318\" class=\"lazyload wp-image-5318 size-fusion-800\" src=\"https:\/\/packcolorful.com\/wp-content\/uploads\/2026\/03\/1-10-800x800.png\" data-orig-src=\"https:\/\/packcolorful.com\/wp-content\/uploads\/2026\/03\/1-10-800x800.png\" alt=\"\" width=\"800\" height=\"800\" srcset=\"data:image\/svg+xml,%3Csvg%20xmlns%3D%27http%3A%2F%2Fwww.w3.org%2F2000%2Fsvg%27%20width%3D%27800%27%20height%3D%27800%27%20viewBox%3D%270%200%20800%20800%27%3E%3Crect%20width%3D%27800%27%20height%3D%27800%27%20fill-opacity%3D%220%22%2F%3E%3C%2Fsvg%3E\" data-srcset=\"https:\/\/packcolorful.com\/wp-content\/uploads\/2026\/03\/1-10-12x12.png 12w, https:\/\/packcolorful.com\/wp-content\/uploads\/2026\/03\/1-10-66x66.png 66w, https:\/\/packcolorful.com\/wp-content\/uploads\/2026\/03\/1-10-200x200.png 200w, https:\/\/packcolorful.com\/wp-content\/uploads\/2026\/03\/1-10-400x400.png 400w, https:\/\/packcolorful.com\/wp-content\/uploads\/2026\/03\/1-10-500x500.png 500w, https:\/\/packcolorful.com\/wp-content\/uploads\/2026\/03\/1-10-600x600.png 600w, https:\/\/packcolorful.com\/wp-content\/uploads\/2026\/03\/1-10-700x700.png 700w, https:\/\/packcolorful.com\/wp-content\/uploads\/2026\/03\/1-10-768x768.png 768w, https:\/\/packcolorful.com\/wp-content\/uploads\/2026\/03\/1-10-800x800.png 800w, https:\/\/packcolorful.com\/wp-content\/uploads\/2026\/03\/1-10-1024x1024.png 1024w, https:\/\/packcolorful.com\/wp-content\/uploads\/2026\/03\/1-10-1200x1200.png 1200w, https:\/\/packcolorful.com\/wp-content\/uploads\/2026\/03\/1-10-1536x1536.png 1536w\" data-sizes=\"auto\" data-orig-sizes=\"(max-width: 800px) 100vw, 800px\" \/><p id=\"caption-attachment-5318\" class=\"wp-caption-text\">Mailer Box<\/p><\/div><\/td>\n<\/tr>\n<\/tbody>\n<\/table>\n<div><\/div>\n<h2 class=\"magic-5\">Individuelle kleine Versandboxen<\/h2>\n<div><\/div>\n<div class=\"J_module\">\n<div class=\"ife-detail-decorate-table\">\n<table class=\"all magic-7\" style=\"border-style: solid; border-color: #b5b5b5; width: 50.1604%;\" border=\"1px\">\n<tbody>\n<tr>\n<td style=\"width: 18.0808%;\" colspan=\"1\" rowspan=\"1\">\n<div class=\"magic-8\">Produktname<\/div>\n<\/td>\n<td style=\"width: 81.2121%;\" colspan=\"1\" rowspan=\"1\">\n<div class=\"magic-9\">LED-Streifen Mailer Box<\/div>\n<\/td>\n<\/tr>\n<tr>\n<td style=\"width: 18.0808%;\" colspan=\"1\" rowspan=\"1\">\n<div class=\"magic-8\" data-spm-anchor-id=\"a2700.details-description.0.i2.65833qr73qr7ss\">Allgemeines Papiermaterial<\/div>\n<\/td>\n<td style=\"width: 81.2121%;\" colspan=\"1\" rowspan=\"1\">\n<div class=\"magic-9\">Kartonpapier, Kunstdruckpapier, beschichtetes Papier, Kraftpapier, Wellpappe<\/div>\n<\/td>\n<\/tr>\n<tr>\n<td style=\"width: 18.0808%;\" colspan=\"1\" rowspan=\"1\">\n<div class=\"magic-8\">Drucken<\/div>\n<\/td>\n<td style=\"width: 81.2121%;\" colspan=\"1\" rowspan=\"1\">\n<div class=\"magic-9\">CMYK- oder Pantone-Offsetdruck, Siebdruck oder UV-Offsetdruck<\/div>\n<\/td>\n<\/tr>\n<tr>\n<td style=\"width: 18.0808%;\" colspan=\"1\" rowspan=\"1\">\n<div class=\"magic-8\">Gr\u00f6\u00dfe<\/div>\n<\/td>\n<td style=\"width: 81.2121%;\" colspan=\"1\" rowspan=\"1\">\n<div class=\"magic-9\">Ma\u00dfgeschneiderte Gr\u00f6\u00dfe auf Kundenanforderung<\/div>\n<\/td>\n<\/tr>\n<tr>\n<td style=\"width: 18.0808%;\" colspan=\"1\" rowspan=\"1\">\n<div class=\"magic-8\">Drucken Handhabung<\/div>\n<\/td>\n<td style=\"width: 81.2121%;\" colspan=\"1\" rowspan=\"1\">\n<div class=\"magic-9\">Debossiert oder gepr\u00e4gt, Gold- oder Seidenfolienpr\u00e4gung, Spot UV, Laserfolie, gl\u00e4nzende oder matte Laminierung<\/div>\n<\/td>\n<\/tr>\n<tr>\n<td style=\"width: 18.0808%;\" colspan=\"1\" rowspan=\"1\">\n<div class=\"magic-8\">Zubeh\u00f6r<\/div>\n<\/td>\n<td style=\"width: 81.2121%;\" colspan=\"1\" rowspan=\"1\">\n<div class=\"magic-9\">Farbband, Kraft-Wellpappeneinlage, Wellpappeneinlage<br \/>\n, Kartontrenneinsatz, starrer Trenneinsatz, wei\u00dfer Pappeinsatz, PET-Blistereinsatz, EVA-Einsatz, EPE-Schaum<\/div>\n<\/td>\n<\/tr>\n<tr>\n<td style=\"width: 18.0808%;\" colspan=\"1\" rowspan=\"1\">\n<div class=\"magic-8\">Artwork Format<\/div>\n<\/td>\n<td style=\"width: 81.2121%;\" colspan=\"1\" rowspan=\"1\">\n<div class=\"magic-9\">AI, PDF, CDR, InDesign Format f\u00fcr individuelle Gestaltung<\/div>\n<\/td>\n<\/tr>\n<tr>\n<td style=\"width: 18.0808%;\" colspan=\"1\" rowspan=\"1\">\n<div class=\"magic-8\">MOQ<\/div>\n<\/td>\n<td style=\"width: 81.2121%;\" colspan=\"1\" rowspan=\"1\">\n<div class=\"magic-9\">500 STCK.<\/div>\n<\/td>\n<\/tr>\n<tr>\n<td style=\"width: 18.0808%;\" colspan=\"1\" rowspan=\"1\">\n<div class=\"magic-8\">Probezeit<\/div>\n<\/td>\n<td style=\"width: 81.2121%;\" colspan=\"1\" rowspan=\"1\">\n<div class=\"magic-9\">1-3 Arbeitstage<\/div>\n<\/td>\n<\/tr>\n<tr>\n<td style=\"width: 18.0808%;\" colspan=\"1\" rowspan=\"1\">\n<div class=\"magic-8\">Produktionszeit<\/div>\n<\/td>\n<td style=\"width: 81.2121%;\" colspan=\"1\" rowspan=\"1\">\n<div class=\"magic-9\">7-10 Arbeitstage<\/div>\n<\/td>\n<\/tr>\n<tr>\n<td style=\"width: 18.0808%;\" colspan=\"1\" rowspan=\"1\">\n<div class=\"magic-8\">Versandart<\/div>\n<\/td>\n<td style=\"width: 81.2121%;\" colspan=\"1\" rowspan=\"1\">\n<div class=\"magic-9\">Auf dem See-, Luft- und Expressweg<\/div>\n<\/td>\n<\/tr>\n<tr>\n<td style=\"width: 18.0808%;\" colspan=\"1\" rowspan=\"1\">\n<div class=\"magic-8\">Verpacken<\/div>\n<\/td>\n<td style=\"width: 81.2121%;\" colspan=\"1\" rowspan=\"1\">\n<div class=\"magic-9\" data-spm-anchor-id=\"a2700.details-description.0.i1.65833qr73qr7ss\">Karton, Palette<\/div>\n<\/td>\n<\/tr>\n<\/tbody>\n<\/table>\n<\/div>\n<\/div>\n<p data-start=\"1317\" data-end=\"1440\"><strong data-start=\"1317\" data-end=\"1334\">Anwendungen:<\/strong><br data-start=\"1334\" data-end=\"1337\" \/>E-Commerce-Verpackungen, Abo-Boxen, Influencer-PR-Kits, individuelle Geschenkboxen, Versand kleiner Produkte<\/p>\n<p data-start=\"1442\" data-end=\"1459\"><strong data-start=\"1442\" data-end=\"1459\">Wesentliche Merkmale:<\/strong><\/p>\n<ul data-start=\"1460\" data-end=\"1727\">\n<li data-start=\"1460\" data-end=\"1504\">\n<p data-start=\"1462\" data-end=\"1504\">Starke Konstruktion aus Wellpappe<\/p>\n<\/li>\n<li data-start=\"1505\" data-end=\"1547\">\n<p data-start=\"1507\" data-end=\"1547\">Individuelle Gr\u00f6\u00dfen, Farben und Druckdesign<\/p>\n<\/li>\n<li data-start=\"1548\" data-end=\"1594\">\n<p data-start=\"1550\" data-end=\"1594\">Flachversand f\u00fcr einfache Lagerung und Montage<\/p>\n<\/li>\n<li data-start=\"1595\" data-end=\"1636\">\n<p data-start=\"1597\" data-end=\"1636\">Umweltfreundliche und recycelbare Materialien<\/p>\n<\/li>\n<li data-start=\"1637\" data-end=\"1682\">\n<p data-start=\"1639\" data-end=\"1682\">Ideal f\u00fcr DTC-Marken und Online-H\u00e4ndler<\/p>\n<\/li>\n<li data-start=\"1683\" data-end=\"1727\">\n<p data-start=\"1685\" data-end=\"1727\">Werksdirektpreise und kurze Lieferzeiten<\/p>\n<\/li>\n<\/ul>\n<p>&nbsp;<\/p>","protected":false},"excerpt":{"rendered":"<p>Individuell gestalteter LED-Streifenversandkarton aus Wellpappe f\u00fcr E-Commerce, Abonnementverpackungen und Versand. Langlebig, umweltfreundlich und vollst\u00e4ndig mit dem eigenen Branding versehen, um das Auspackerlebnis der Kunden zu verbessern.<\/p>","protected":false},"featured_media":5319,"comment_status":"open","ping_status":"closed","template":"","meta":{"_acf_changed":false,"content-type":"","_uag_custom_page_level_css":""},"product_brand":[],"product_cat":[226],"product_tag":[],"class_list":{"0":"post-5310","1":"product","2":"type-product","3":"status-publish","4":"has-post-thumbnail","6":"product_cat-shipping-box","8":"first","9":"instock","10":"shipping-taxable","11":"product-type-simple"},"acf":[],"uagb_featured_image_src":{"full":["https:\/\/packcolorful.com\/wp-content\/uploads\/2026\/03\/1-11-scaled.png",2560,2560,false],"thumbnail":["https:\/\/packcolorful.com\/wp-content\/uploads\/2026\/03\/1-11-scaled.png",96,96,false],"medium":["https:\/\/packcolorful.com\/wp-content\/uploads\/2026\/03\/1-11-scaled.png",2560,2560,false],"medium_large":["https:\/\/packcolorful.com\/wp-content\/uploads\/2026\/03\/1-11-768x768.png",768,768,true],"large":["https:\/\/packcolorful.com\/wp-content\/uploads\/2026\/03\/1-11-1024x1024.png",1024,1024,true],"1536x1536":["https:\/\/packcolorful.com\/wp-content\/uploads\/2026\/03\/1-11-1536x1536.png",1536,1536,true],"2048x2048":["https:\/\/packcolorful.com\/wp-content\/uploads\/2026\/03\/1-11-2048x2048.png",2048,2048,true],"trp-custom-language-flag":["https:\/\/packcolorful.com\/wp-content\/uploads\/2026\/03\/1-11-12x12.png",12,12,true],"blog-large":["https:\/\/packcolorful.com\/wp-content\/uploads\/2026\/03\/1-11-669x272.png",669,272,true],"blog-medium":["https:\/\/packcolorful.com\/wp-content\/uploads\/2026\/03\/1-11-320x202.png",320,202,true],"recent-posts":["https:\/\/packcolorful.com\/wp-content\/uploads\/2026\/03\/1-11-700x441.png",700,441,true],"recent-works-thumbnail":["https:\/\/packcolorful.com\/wp-content\/uploads\/2026\/03\/1-11-66x66.png",66,66,true],"fusion-200":["https:\/\/packcolorful.com\/wp-content\/uploads\/2026\/03\/1-11-200x200.png",200,200,true],"fusion-400":["https:\/\/packcolorful.com\/wp-content\/uploads\/2026\/03\/1-11-400x400.png",400,400,true],"fusion-600":["https:\/\/packcolorful.com\/wp-content\/uploads\/2026\/03\/1-11-600x600.png",600,600,true],"fusion-800":["https:\/\/packcolorful.com\/wp-content\/uploads\/2026\/03\/1-11-800x800.png",800,800,true],"fusion-1200":["https:\/\/packcolorful.com\/wp-content\/uploads\/2026\/03\/1-11-1200x1200.png",1200,1200,true],"portfolio-full":["https:\/\/packcolorful.com\/wp-content\/uploads\/2026\/03\/1-11-940x400.png",940,400,true],"portfolio-one":["https:\/\/packcolorful.com\/wp-content\/uploads\/2026\/03\/1-11-540x272.png",540,272,true],"portfolio-two":["https:\/\/packcolorful.com\/wp-content\/uploads\/2026\/03\/1-11-460x295.png",460,295,true],"portfolio-three":["https:\/\/packcolorful.com\/wp-content\/uploads\/2026\/03\/1-11-300x214.png",300,214,true],"portfolio-five":["https:\/\/packcolorful.com\/wp-content\/uploads\/2026\/03\/1-11-177x142.png",177,142,true],"woocommerce_thumbnail":["https:\/\/packcolorful.com\/wp-content\/uploads\/2026\/03\/1-11-500x500.png",500,500,true],"woocommerce_single":["https:\/\/packcolorful.com\/wp-content\/uploads\/2026\/03\/1-11-700x700.png",700,700,true],"woocommerce_gallery_thumbnail":["https:\/\/packcolorful.com\/wp-content\/uploads\/2026\/03\/1-11-200x200.png",200,200,true]},"uagb_author_info":{"display_name":"admin","author_link":"https:\/\/packcolorful.com\/de\/author\/"},"uagb_comment_info":0,"uagb_excerpt":"Custom corrugated LED strip mailer Box designed for e-commerce, subscription packaging, and shipping. Durable, eco-friendly, and fully brandable to enhance customer unboxing experiences.","_links":{"self":[{"href":"https:\/\/packcolorful.com\/de\/wp-json\/wp\/v2\/product\/5310","targetHints":{"allow":["GET"]}}],"collection":[{"href":"https:\/\/packcolorful.com\/de\/wp-json\/wp\/v2\/product"}],"about":[{"href":"https:\/\/packcolorful.com\/de\/wp-json\/wp\/v2\/types\/product"}],"replies":[{"embeddable":true,"href":"https:\/\/packcolorful.com\/de\/wp-json\/wp\/v2\/comments?post=5310"}],"wp:featuredmedia":[{"embeddable":true,"href":"https:\/\/packcolorful.com\/de\/wp-json\/wp\/v2\/media\/5319"}],"wp:attachment":[{"href":"https:\/\/packcolorful.com\/de\/wp-json\/wp\/v2\/media?parent=5310"}],"wp:term":[{"taxonomy":"product_brand","embeddable":true,"href":"https:\/\/packcolorful.com\/de\/wp-json\/wp\/v2\/product_brand?post=5310"},{"taxonomy":"product_cat","embeddable":true,"href":"https:\/\/packcolorful.com\/de\/wp-json\/wp\/v2\/product_cat?post=5310"},{"taxonomy":"product_tag","embeddable":true,"href":"https:\/\/packcolorful.com\/de\/wp-json\/wp\/v2\/product_tag?post=5310"}],"curies":[{"name":"wp","href":"https:\/\/api.w.org\/{rel}","templated":true}]}}