{"id":5366,"date":"2026-03-21T08:02:14","date_gmt":"2026-03-21T08:02:14","guid":{"rendered":"https:\/\/packcolorful.com\/?post_type=product&#038;p=5366"},"modified":"2026-03-21T08:28:00","modified_gmt":"2026-03-21T08:28:00","slug":"tuck-end-boxes","status":"publish","type":"product","link":"https:\/\/packcolorful.com\/de\/produkt\/tuck-end-boxes\/","title":{"rendered":"Anspruchsvolle Tuck End Boxen"},"content":{"rendered":"<h3>\u2728 Premium Reverse Tuck End Cosmetic Packaging Boxes<\/h3>\n<div><\/div>\n<div>Elevate your cosmetic brand with our <strong>custom Reverse Tuck End Boxes<\/strong>\u2014the perfect blend of sleek functionality and premium branding for skincare, makeup, and beauty products.<\/div>\n<div><\/div>\n<div>Designed for effortless assembly and a polished retail-ready look, these boxes feature a reverse tuck closure that ensures secure product protection while maintaining a clean, minimalist aesthetic. Crafted from high-quality paperboard (available in matte, glossy, or metallic finishes), our boxes are fully customizable to match your brand identity: choose from Pantone color matching, foil stamping, embossing, or UV printing to highlight your logo, product details, and brand story.<\/div>\n<div><\/div>\n<div>Ideal for serums, lotions, creams, and other cosmetic items, these boxes offer:<\/div>\n<div><\/div>\n<ul>\n<li><strong>Durable Protection<\/strong>: Shield delicate beauty products from dust, moisture, and damage during shipping and display.<\/li>\n<li><strong>Brand Visibility<\/strong>: Optimized for shelf appeal and unboxing experiences, making your products stand out in e-commerce and retail settings.<\/li>\n<li><strong>Eco-Friendly Options<\/strong>: Choose recyclable and biodegradable materials to align with sustainable beauty standards.<\/li>\n<li><strong>Versatile Sizing<\/strong>: Custom dimensions to fit your unique product specifications, from travel-sized samples to full-sized bottles.<\/li>\n<\/ul>\n<div><\/div>\n<div>Whether you\u2019re launching a new skincare line or refreshing your existing packaging, our Reverse Tuck End Boxes combine professional design, practicality, and brand storytelling \u2014helping your cosmetic business stand out in a competitive market.<\/div>\n<p>&nbsp;<\/p>\n<h3 data-start=\"898\" data-end=\"1184\">Cosmetic Packaging Boxes Detail\uff1a<\/h3>\n<table style=\"border-collapse: collapse; width: 100%;\">\n<tbody>\n<tr>\n<td style=\"width: 50%;\"><\/td>\n<td style=\"width: 50%;\"><\/td>\n<\/tr>\n<tr>\n<td style=\"width: 50%;\"><img decoding=\"async\" class=\"lazyload alignnone wp-image-5367 size-fusion-600\" src=\"https:\/\/packcolorful.com\/wp-content\/uploads\/2026\/03\/ScreenShot_2026-03-21_160420_636-600x602.png\" data-orig-src=\"https:\/\/packcolorful.com\/wp-content\/uploads\/2026\/03\/ScreenShot_2026-03-21_160420_636-600x602.png\" alt=\"Reverse Tuck End Boxen\" width=\"600\" height=\"602\" srcset=\"data:image\/svg+xml,%3Csvg%20xmlns%3D%27http%3A%2F%2Fwww.w3.org%2F2000%2Fsvg%27%20width%3D%27600%27%20height%3D%27602%27%20viewBox%3D%270%200%20600%20602%27%3E%3Crect%20width%3D%27600%27%20height%3D%27602%27%20fill-opacity%3D%220%22%2F%3E%3C%2Fsvg%3E\" data-srcset=\"https:\/\/packcolorful.com\/wp-content\/uploads\/2026\/03\/ScreenShot_2026-03-21_160420_636-12x12.png 12w, https:\/\/packcolorful.com\/wp-content\/uploads\/2026\/03\/ScreenShot_2026-03-21_160420_636-66x66.png 66w, https:\/\/packcolorful.com\/wp-content\/uploads\/2026\/03\/ScreenShot_2026-03-21_160420_636-200x200.png 200w, https:\/\/packcolorful.com\/wp-content\/uploads\/2026\/03\/ScreenShot_2026-03-21_160420_636-400x401.png 400w, https:\/\/packcolorful.com\/wp-content\/uploads\/2026\/03\/ScreenShot_2026-03-21_160420_636-500x501.png 500w, https:\/\/packcolorful.com\/wp-content\/uploads\/2026\/03\/ScreenShot_2026-03-21_160420_636-600x602.png 600w, https:\/\/packcolorful.com\/wp-content\/uploads\/2026\/03\/ScreenShot_2026-03-21_160420_636-700x702.png 700w, https:\/\/packcolorful.com\/wp-content\/uploads\/2026\/03\/ScreenShot_2026-03-21_160420_636-768x770.png 768w, https:\/\/packcolorful.com\/wp-content\/uploads\/2026\/03\/ScreenShot_2026-03-21_160420_636.png 772w\" data-sizes=\"auto\" data-orig-sizes=\"(max-width: 600px) 100vw, 600px\" \/><\/td>\n<td style=\"width: 50%;\"><img decoding=\"async\" class=\"lazyload aligncenter wp-image-5369 size-fusion-600\" src=\"https:\/\/packcolorful.com\/wp-content\/uploads\/2026\/03\/ScreenShot_2026-03-21_160441_611-600x600.png\" data-orig-src=\"https:\/\/packcolorful.com\/wp-content\/uploads\/2026\/03\/ScreenShot_2026-03-21_160441_611-600x600.png\" alt=\"Reverse Tuck End Boxen\" width=\"600\" height=\"600\" srcset=\"data:image\/svg+xml,%3Csvg%20xmlns%3D%27http%3A%2F%2Fwww.w3.org%2F2000%2Fsvg%27%20width%3D%27600%27%20height%3D%27600%27%20viewBox%3D%270%200%20600%20600%27%3E%3Crect%20width%3D%27600%27%20height%3D%27600%27%20fill-opacity%3D%220%22%2F%3E%3C%2Fsvg%3E\" data-srcset=\"https:\/\/packcolorful.com\/wp-content\/uploads\/2026\/03\/ScreenShot_2026-03-21_160441_611-12x12.png 12w, https:\/\/packcolorful.com\/wp-content\/uploads\/2026\/03\/ScreenShot_2026-03-21_160441_611-66x66.png 66w, https:\/\/packcolorful.com\/wp-content\/uploads\/2026\/03\/ScreenShot_2026-03-21_160441_611-200x200.png 200w, https:\/\/packcolorful.com\/wp-content\/uploads\/2026\/03\/ScreenShot_2026-03-21_160441_611-400x400.png 400w, https:\/\/packcolorful.com\/wp-content\/uploads\/2026\/03\/ScreenShot_2026-03-21_160441_611-500x500.png 500w, https:\/\/packcolorful.com\/wp-content\/uploads\/2026\/03\/ScreenShot_2026-03-21_160441_611-600x600.png 600w, https:\/\/packcolorful.com\/wp-content\/uploads\/2026\/03\/ScreenShot_2026-03-21_160441_611-700x700.png 700w, https:\/\/packcolorful.com\/wp-content\/uploads\/2026\/03\/ScreenShot_2026-03-21_160441_611-768x768.png 768w, https:\/\/packcolorful.com\/wp-content\/uploads\/2026\/03\/ScreenShot_2026-03-21_160441_611.png 771w\" data-sizes=\"auto\" data-orig-sizes=\"(max-width: 600px) 100vw, 600px\" \/><\/td>\n<\/tr>\n<\/tbody>\n<\/table>\n<div><\/div>\n<h2 class=\"magic-5\">Kosmetische Verpackungen nach Ma\u00df<\/h2>\n<div><\/div>\n<div class=\"J_module\">\n<div class=\"ife-detail-decorate-table\">\n<table class=\"all magic-7\" style=\"border-style: solid; border-color: #b5b5b5;\" border=\"1px\">\n<tbody>\n<tr>\n<td colspan=\"1\" rowspan=\"1\">\n<div class=\"magic-8\">Produktname<\/div>\n<\/td>\n<td colspan=\"1\" rowspan=\"1\">\n<div class=\"magic-9\">reverse-tuck-end-boxes<\/div>\n<\/td>\n<\/tr>\n<tr>\n<td colspan=\"1\" rowspan=\"1\">\n<div class=\"magic-8\" data-spm-anchor-id=\"a2700.details-description.0.i2.65833qr73qr7ss\">Allgemeines Papiermaterial<\/div>\n<\/td>\n<td colspan=\"1\" rowspan=\"1\">\n<div class=\"magic-9\">Kartonpapier, Kunstdruckpapier, beschichtetes Papier, Kraftpapier, Wellpappe<\/div>\n<\/td>\n<\/tr>\n<tr>\n<td colspan=\"1\" rowspan=\"1\">\n<div class=\"magic-8\">Drucken<\/div>\n<\/td>\n<td colspan=\"1\" rowspan=\"1\">\n<div class=\"magic-9\">CMYK- oder Pantone-Offsetdruck, Siebdruck oder UV-Offsetdruck<\/div>\n<\/td>\n<\/tr>\n<tr>\n<td colspan=\"1\" rowspan=\"1\">\n<div class=\"magic-8\">Gr\u00f6\u00dfe<\/div>\n<\/td>\n<td colspan=\"1\" rowspan=\"1\">\n<div class=\"magic-9\">Ma\u00dfgeschneiderte Gr\u00f6\u00dfe auf Kundenanforderung<\/div>\n<\/td>\n<\/tr>\n<tr>\n<td colspan=\"1\" rowspan=\"1\">\n<div class=\"magic-8\">Drucken Handhabung<\/div>\n<\/td>\n<td colspan=\"1\" rowspan=\"1\">\n<div class=\"magic-9\">Debossiert oder gepr\u00e4gt, Gold- oder Seidenfolienpr\u00e4gung, Spot UV, Laserfolie, gl\u00e4nzende oder matte Laminierung<\/div>\n<\/td>\n<\/tr>\n<tr>\n<td colspan=\"1\" rowspan=\"1\">\n<div class=\"magic-8\">Zubeh\u00f6r<\/div>\n<\/td>\n<td colspan=\"1\" rowspan=\"1\">\n<div class=\"magic-9\">Farbband, Kraft-Wellpappeneinlage, Wellpappeneinlage<br \/>\n, Kartontrenneinsatz, starrer Trenneinsatz, wei\u00dfer Pappeinsatz, PET-Blistereinsatz, EVA-Einsatz, EPE-Schaum<\/div>\n<\/td>\n<\/tr>\n<tr>\n<td colspan=\"1\" rowspan=\"1\">\n<div class=\"magic-8\">Artwork Format<\/div>\n<\/td>\n<td colspan=\"1\" rowspan=\"1\">\n<div class=\"magic-9\">AI, PDF, CDR, InDesign Format f\u00fcr individuelle Gestaltung<\/div>\n<\/td>\n<\/tr>\n<tr>\n<td colspan=\"1\" rowspan=\"1\">\n<div class=\"magic-8\">MOQ<\/div>\n<\/td>\n<td colspan=\"1\" rowspan=\"1\">\n<div class=\"magic-9\">1000PCS<\/div>\n<\/td>\n<\/tr>\n<tr>\n<td colspan=\"1\" rowspan=\"1\">\n<div class=\"magic-8\">Probezeit<\/div>\n<\/td>\n<td colspan=\"1\" rowspan=\"1\">\n<div class=\"magic-9\">1-3 Arbeitstage<\/div>\n<\/td>\n<\/tr>\n<tr>\n<td colspan=\"1\" rowspan=\"1\">\n<div class=\"magic-8\">Produktionszeit<\/div>\n<\/td>\n<td colspan=\"1\" rowspan=\"1\">\n<div class=\"magic-9\">7-15 Arbeitstage<\/div>\n<\/td>\n<\/tr>\n<tr>\n<td colspan=\"1\" rowspan=\"1\">\n<div class=\"magic-8\">Versandart<\/div>\n<\/td>\n<td colspan=\"1\" rowspan=\"1\">\n<div class=\"magic-9\">Auf dem See-, Luft- und Expressweg<\/div>\n<\/td>\n<\/tr>\n<tr>\n<td colspan=\"1\" rowspan=\"1\">\n<div class=\"magic-8\">Verpacken<\/div>\n<\/td>\n<td colspan=\"1\" rowspan=\"1\">\n<div class=\"magic-9\" data-spm-anchor-id=\"a2700.details-description.0.i1.65833qr73qr7ss\">Karton, Palette<\/div>\n<\/td>\n<\/tr>\n<\/tbody>\n<\/table>\n<\/div>\n<\/div>\n<p data-start=\"1332\" data-end=\"1368\"><strong data-start=\"1332\" data-end=\"1368\">Why Choose Our Custom Cosmetic Packaging Boxes:<\/strong><\/p>\n<ul>\n<li data-start=\"1354\" data-end=\"1389\">\n<p data-start=\"1356\" data-end=\"1389\">Custom sizes, shapes &amp; structures<\/p>\n<\/li>\n<li data-start=\"1390\" data-end=\"1435\">\n<p data-start=\"1392\" data-end=\"1435\">Luxury printing &amp; surface finishing options<\/p>\n<\/li>\n<li data-start=\"1436\" data-end=\"1478\">\n<p data-start=\"1438\" data-end=\"1478\">Sustainable &amp; recyclable paper materials<\/p>\n<\/li>\n<li data-start=\"1479\" data-end=\"1525\">\n<p data-start=\"1481\" data-end=\"1525\">Ideal for skincare, makeup, beauty gift sets<\/p>\n<\/li>\n<li data-start=\"1526\" data-end=\"1584\">\n<p data-start=\"1528\" data-end=\"1584\">Factory-direct service with low minimum order quantities<\/p>\n<\/li>\n<\/ul>","protected":false},"excerpt":{"rendered":"<p><strong>custom Reverse Tuck End Boxes<\/strong>\u2014the perfect blend of sleek functionality and premium branding for skincare, makeup, and beauty products.<\/p>","protected":false},"featured_media":5367,"comment_status":"open","ping_status":"closed","template":"","meta":{"_acf_changed":false,"content-type":"","_uag_custom_page_level_css":""},"product_brand":[],"product_cat":[222],"product_tag":[],"class_list":{"0":"post-5366","1":"product","2":"type-product","3":"status-publish","4":"has-post-thumbnail","6":"product_cat-cosmetic-box","8":"first","9":"instock","10":"shipping-taxable","11":"product-type-simple"},"acf":[],"uagb_featured_image_src":{"full":["https:\/\/packcolorful.com\/wp-content\/uploads\/2026\/03\/ScreenShot_2026-03-21_160420_636.png",772,774,false],"thumbnail":["https:\/\/packcolorful.com\/wp-content\/uploads\/2026\/03\/ScreenShot_2026-03-21_160420_636.png",96,96,false],"medium":["https:\/\/packcolorful.com\/wp-content\/uploads\/2026\/03\/ScreenShot_2026-03-21_160420_636.png",772,774,false],"medium_large":["https:\/\/packcolorful.com\/wp-content\/uploads\/2026\/03\/ScreenShot_2026-03-21_160420_636-768x770.png",768,770,true],"large":["https:\/\/packcolorful.com\/wp-content\/uploads\/2026\/03\/ScreenShot_2026-03-21_160420_636.png",772,774,false],"1536x1536":["https:\/\/packcolorful.com\/wp-content\/uploads\/2026\/03\/ScreenShot_2026-03-21_160420_636.png",772,774,false],"2048x2048":["https:\/\/packcolorful.com\/wp-content\/uploads\/2026\/03\/ScreenShot_2026-03-21_160420_636.png",772,774,false],"trp-custom-language-flag":["https:\/\/packcolorful.com\/wp-content\/uploads\/2026\/03\/ScreenShot_2026-03-21_160420_636-12x12.png",12,12,true],"blog-large":["https:\/\/packcolorful.com\/wp-content\/uploads\/2026\/03\/ScreenShot_2026-03-21_160420_636-669x272.png",669,272,true],"blog-medium":["https:\/\/packcolorful.com\/wp-content\/uploads\/2026\/03\/ScreenShot_2026-03-21_160420_636-320x202.png",320,202,true],"recent-posts":["https:\/\/packcolorful.com\/wp-content\/uploads\/2026\/03\/ScreenShot_2026-03-21_160420_636-700x441.png",700,441,true],"recent-works-thumbnail":["https:\/\/packcolorful.com\/wp-content\/uploads\/2026\/03\/ScreenShot_2026-03-21_160420_636-66x66.png",66,66,true],"fusion-200":["https:\/\/packcolorful.com\/wp-content\/uploads\/2026\/03\/ScreenShot_2026-03-21_160420_636-200x201.png",200,201,true],"fusion-400":["https:\/\/packcolorful.com\/wp-content\/uploads\/2026\/03\/ScreenShot_2026-03-21_160420_636-400x401.png",400,401,true],"fusion-600":["https:\/\/packcolorful.com\/wp-content\/uploads\/2026\/03\/ScreenShot_2026-03-21_160420_636-600x602.png",600,602,true],"fusion-800":["https:\/\/packcolorful.com\/wp-content\/uploads\/2026\/03\/ScreenShot_2026-03-21_160420_636.png",772,774,false],"fusion-1200":["https:\/\/packcolorful.com\/wp-content\/uploads\/2026\/03\/ScreenShot_2026-03-21_160420_636.png",772,774,false],"portfolio-full":["https:\/\/packcolorful.com\/wp-content\/uploads\/2026\/03\/ScreenShot_2026-03-21_160420_636-772x400.png",772,400,true],"portfolio-one":["https:\/\/packcolorful.com\/wp-content\/uploads\/2026\/03\/ScreenShot_2026-03-21_160420_636-540x272.png",540,272,true],"portfolio-two":["https:\/\/packcolorful.com\/wp-content\/uploads\/2026\/03\/ScreenShot_2026-03-21_160420_636-460x295.png",460,295,true],"portfolio-three":["https:\/\/packcolorful.com\/wp-content\/uploads\/2026\/03\/ScreenShot_2026-03-21_160420_636-300x214.png",300,214,true],"portfolio-five":["https:\/\/packcolorful.com\/wp-content\/uploads\/2026\/03\/ScreenShot_2026-03-21_160420_636-177x142.png",177,142,true],"woocommerce_thumbnail":["https:\/\/packcolorful.com\/wp-content\/uploads\/2026\/03\/ScreenShot_2026-03-21_160420_636-500x501.png",500,501,true],"woocommerce_single":["https:\/\/packcolorful.com\/wp-content\/uploads\/2026\/03\/ScreenShot_2026-03-21_160420_636-700x702.png",700,702,true],"woocommerce_gallery_thumbnail":["https:\/\/packcolorful.com\/wp-content\/uploads\/2026\/03\/ScreenShot_2026-03-21_160420_636-200x200.png",200,200,true]},"uagb_author_info":{"display_name":"admin","author_link":"https:\/\/packcolorful.com\/de\/author\/"},"uagb_comment_info":0,"uagb_excerpt":"custom Reverse Tuck End Boxes\u2014the perfect blend of sleek functionality and premium branding for skincare, makeup, and beauty products.","_links":{"self":[{"href":"https:\/\/packcolorful.com\/de\/wp-json\/wp\/v2\/product\/5366","targetHints":{"allow":["GET"]}}],"collection":[{"href":"https:\/\/packcolorful.com\/de\/wp-json\/wp\/v2\/product"}],"about":[{"href":"https:\/\/packcolorful.com\/de\/wp-json\/wp\/v2\/types\/product"}],"replies":[{"embeddable":true,"href":"https:\/\/packcolorful.com\/de\/wp-json\/wp\/v2\/comments?post=5366"}],"wp:featuredmedia":[{"embeddable":true,"href":"https:\/\/packcolorful.com\/de\/wp-json\/wp\/v2\/media\/5367"}],"wp:attachment":[{"href":"https:\/\/packcolorful.com\/de\/wp-json\/wp\/v2\/media?parent=5366"}],"wp:term":[{"taxonomy":"product_brand","embeddable":true,"href":"https:\/\/packcolorful.com\/de\/wp-json\/wp\/v2\/product_brand?post=5366"},{"taxonomy":"product_cat","embeddable":true,"href":"https:\/\/packcolorful.com\/de\/wp-json\/wp\/v2\/product_cat?post=5366"},{"taxonomy":"product_tag","embeddable":true,"href":"https:\/\/packcolorful.com\/de\/wp-json\/wp\/v2\/product_tag?post=5366"}],"curies":[{"name":"wp","href":"https:\/\/api.w.org\/{rel}","templated":true}]}}