{"id":5392,"date":"2026-03-24T08:08:50","date_gmt":"2026-03-24T08:08:50","guid":{"rendered":"https:\/\/packcolorful.com\/?post_type=product&#038;p=5392"},"modified":"2026-03-24T08:27:13","modified_gmt":"2026-03-24T08:27:13","slug":"lip-gloss-packaging-box","status":"publish","type":"product","link":"https:\/\/packcolorful.com\/de\/produkt\/lip-gloss-packaging-box\/","title":{"rendered":"Freie Gestaltung der Lipgloss-Verpackungsschachtel"},"content":{"rendered":"<h3>\u2728Elevate your lip gloss brand with our <strong>premium red lip gloss packaging box<\/strong>\u2014the perfect blend of luxury, protection, and brand storytelling. Crafted from high-quality sturdy cardboard, this sleek rectangular carton features elegant finishes (matte, satin, or foil stamping) and customizable design options to showcase your lip gloss line.<\/h3>\n<div><\/div>\n<div>Infused with premium details like gold\/silver foil accents, clean typography, and a structured foldable design, it not only safeguards your lip gloss during shipping but also delivers a high-end unboxing experience that resonates with beauty consumers. Whether you prefer a bold matte red or a sophisticated satin finish, our packaging aligns with luxury beauty trends, boosting your product\u2019s shelf appeal and brand credibility.<\/div>\n<div><\/div>\n<div>Ideal for lip gloss, liquid lipstick, and cosmetic essentials, it\u2019s fully customizable with your logo, shade names, and ingredient highlights (e.g., Shea Butter, Vitamin E) to create a cohesive, memorable brand identity.<\/div>\n<ul>\n<li><strong>Premium Material<\/strong>: Sturdy cardboard construction protects lip gloss from damage during transit<\/li>\n<li><strong>Luxury Finishes<\/strong>: Available in matte, satin, and gold\/silver foil stamping for elevated visual appeal<\/li>\n<li><strong>Fully Customizable<\/strong>: Add your logo, shade details, and ingredient info to match your brand identity<\/li>\n<li><strong>Sleek Design<\/strong>: Compact rectangular shape ideal for e-commerce shipping and in-store display<\/li>\n<li><strong>Beauty Trend Aligned<\/strong>: Rich red color palette and elegant typography resonate with luxury cosmetic consumers<\/li>\n<\/ul>\n<div><\/div>\n<h3 data-start=\"898\" data-end=\"1184\">Cosmetic Packaging Boxes Detail\uff1a<\/h3>\n<table style=\"border-collapse: collapse; width: 100%; height: 631px;\">\n<tbody>\n<tr style=\"height: 24px;\">\n<td style=\"width: 50%; height: 24px;\"><\/td>\n<td style=\"width: 50%; height: 24px;\"><\/td>\n<\/tr>\n<tr style=\"height: 607px;\">\n<td style=\"width: 50%; height: 607px;\"><img decoding=\"async\" class=\"lazyload alignnone wp-image-5393 size-fusion-600\" src=\"https:\/\/packcolorful.com\/wp-content\/uploads\/2026\/03\/ScreenShot_2026-03-24_161235_235-600x600.png\" data-orig-src=\"https:\/\/packcolorful.com\/wp-content\/uploads\/2026\/03\/ScreenShot_2026-03-24_161235_235-600x600.png\" alt=\"Lipgloss-Verpackungsschachtel\" width=\"600\" height=\"600\" srcset=\"data:image\/svg+xml,%3Csvg%20xmlns%3D%27http%3A%2F%2Fwww.w3.org%2F2000%2Fsvg%27%20width%3D%27600%27%20height%3D%27600%27%20viewBox%3D%270%200%20600%20600%27%3E%3Crect%20width%3D%27600%27%20height%3D%27600%27%20fill-opacity%3D%220%22%2F%3E%3C%2Fsvg%3E\" data-srcset=\"https:\/\/packcolorful.com\/wp-content\/uploads\/2026\/03\/ScreenShot_2026-03-24_161235_235-12x12.png 12w, https:\/\/packcolorful.com\/wp-content\/uploads\/2026\/03\/ScreenShot_2026-03-24_161235_235-66x66.png 66w, https:\/\/packcolorful.com\/wp-content\/uploads\/2026\/03\/ScreenShot_2026-03-24_161235_235-200x200.png 200w, https:\/\/packcolorful.com\/wp-content\/uploads\/2026\/03\/ScreenShot_2026-03-24_161235_235-400x400.png 400w, https:\/\/packcolorful.com\/wp-content\/uploads\/2026\/03\/ScreenShot_2026-03-24_161235_235-500x500.png 500w, https:\/\/packcolorful.com\/wp-content\/uploads\/2026\/03\/ScreenShot_2026-03-24_161235_235-600x600.png 600w, https:\/\/packcolorful.com\/wp-content\/uploads\/2026\/03\/ScreenShot_2026-03-24_161235_235.png 635w\" data-sizes=\"auto\" data-orig-sizes=\"(max-width: 600px) 100vw, 600px\" \/><\/td>\n<td style=\"width: 50%; height: 607px;\"><img decoding=\"async\" class=\"lazyload alignnone wp-image-5394 size-fusion-600\" src=\"https:\/\/packcolorful.com\/wp-content\/uploads\/2026\/03\/ScreenShot_2026-03-24_161305_618-600x601.png\" data-orig-src=\"https:\/\/packcolorful.com\/wp-content\/uploads\/2026\/03\/ScreenShot_2026-03-24_161305_618-600x601.png\" alt=\"Lipgloss-Verpackungsschachtel\" width=\"600\" height=\"601\" srcset=\"data:image\/svg+xml,%3Csvg%20xmlns%3D%27http%3A%2F%2Fwww.w3.org%2F2000%2Fsvg%27%20width%3D%27600%27%20height%3D%27601%27%20viewBox%3D%270%200%20600%20601%27%3E%3Crect%20width%3D%27600%27%20height%3D%27601%27%20fill-opacity%3D%220%22%2F%3E%3C%2Fsvg%3E\" data-srcset=\"https:\/\/packcolorful.com\/wp-content\/uploads\/2026\/03\/ScreenShot_2026-03-24_161305_618-12x12.png 12w, https:\/\/packcolorful.com\/wp-content\/uploads\/2026\/03\/ScreenShot_2026-03-24_161305_618-66x66.png 66w, https:\/\/packcolorful.com\/wp-content\/uploads\/2026\/03\/ScreenShot_2026-03-24_161305_618-200x200.png 200w, https:\/\/packcolorful.com\/wp-content\/uploads\/2026\/03\/ScreenShot_2026-03-24_161305_618-400x401.png 400w, https:\/\/packcolorful.com\/wp-content\/uploads\/2026\/03\/ScreenShot_2026-03-24_161305_618-500x501.png 500w, https:\/\/packcolorful.com\/wp-content\/uploads\/2026\/03\/ScreenShot_2026-03-24_161305_618-600x601.png 600w, https:\/\/packcolorful.com\/wp-content\/uploads\/2026\/03\/ScreenShot_2026-03-24_161305_618.png 636w\" data-sizes=\"auto\" data-orig-sizes=\"(max-width: 600px) 100vw, 600px\" \/><\/td>\n<\/tr>\n<\/tbody>\n<\/table>\n<div><\/div>\n<h2 class=\"magic-5\">Kosmetische Verpackungen nach Ma\u00df<\/h2>\n<div><\/div>\n<div class=\"J_module\">\n<div class=\"ife-detail-decorate-table\">\n<table class=\"all magic-7\" style=\"border-style: solid; border-color: #b5b5b5;\" border=\"1px\">\n<tbody>\n<tr>\n<td colspan=\"1\" rowspan=\"1\">\n<div class=\"magic-8\">Produktname<\/div>\n<\/td>\n<td colspan=\"1\" rowspan=\"1\">\n<div class=\"magic-9\">Lipgloss-Verpackungsschachtel<\/div>\n<\/td>\n<\/tr>\n<tr>\n<td colspan=\"1\" rowspan=\"1\">\n<div class=\"magic-8\" data-spm-anchor-id=\"a2700.details-description.0.i2.65833qr73qr7ss\">Allgemeines Papiermaterial<\/div>\n<\/td>\n<td colspan=\"1\" rowspan=\"1\">\n<div class=\"magic-9\">Kartonpapier, Kunstdruckpapier, beschichtetes Papier, Kraftpapier, Wellpappe<\/div>\n<\/td>\n<\/tr>\n<tr>\n<td colspan=\"1\" rowspan=\"1\">\n<div class=\"magic-8\">Drucken<\/div>\n<\/td>\n<td colspan=\"1\" rowspan=\"1\">\n<div class=\"magic-9\">CMYK- oder Pantone-Offsetdruck, Siebdruck oder UV-Offsetdruck<\/div>\n<\/td>\n<\/tr>\n<tr>\n<td colspan=\"1\" rowspan=\"1\">\n<div class=\"magic-8\">Gr\u00f6\u00dfe<\/div>\n<\/td>\n<td colspan=\"1\" rowspan=\"1\">\n<div class=\"magic-9\">Ma\u00dfgeschneiderte Gr\u00f6\u00dfe auf Kundenanforderung<\/div>\n<\/td>\n<\/tr>\n<tr>\n<td colspan=\"1\" rowspan=\"1\">\n<div class=\"magic-8\">Drucken Handhabung<\/div>\n<\/td>\n<td colspan=\"1\" rowspan=\"1\">\n<div class=\"magic-9\">Debossiert oder gepr\u00e4gt, Gold- oder Seidenfolienpr\u00e4gung, Spot UV, Laserfolie, gl\u00e4nzende oder matte Laminierung<\/div>\n<\/td>\n<\/tr>\n<tr>\n<td colspan=\"1\" rowspan=\"1\">\n<div class=\"magic-8\">Zubeh\u00f6r<\/div>\n<\/td>\n<td colspan=\"1\" rowspan=\"1\">\n<div class=\"magic-9\">Farbband, Kraft-Wellpappeneinlage, Wellpappeneinlage<br \/>\n, Kartontrenneinsatz, starrer Trenneinsatz, wei\u00dfer Pappeinsatz, PET-Blistereinsatz, EVA-Einsatz, EPE-Schaum<\/div>\n<\/td>\n<\/tr>\n<tr>\n<td colspan=\"1\" rowspan=\"1\">\n<div class=\"magic-8\">Artwork Format<\/div>\n<\/td>\n<td colspan=\"1\" rowspan=\"1\">\n<div class=\"magic-9\">AI, PDF, CDR, InDesign Format f\u00fcr individuelle Gestaltung<\/div>\n<\/td>\n<\/tr>\n<tr>\n<td colspan=\"1\" rowspan=\"1\">\n<div class=\"magic-8\">MOQ<\/div>\n<\/td>\n<td colspan=\"1\" rowspan=\"1\">\n<div class=\"magic-9\">1000PCS<\/div>\n<\/td>\n<\/tr>\n<tr>\n<td colspan=\"1\" rowspan=\"1\">\n<div class=\"magic-8\">Probezeit<\/div>\n<\/td>\n<td colspan=\"1\" rowspan=\"1\">\n<div class=\"magic-9\">1-3 Arbeitstage<\/div>\n<\/td>\n<\/tr>\n<tr>\n<td colspan=\"1\" rowspan=\"1\">\n<div class=\"magic-8\">Produktionszeit<\/div>\n<\/td>\n<td colspan=\"1\" rowspan=\"1\">\n<div class=\"magic-9\">7-15 Arbeitstage<\/div>\n<\/td>\n<\/tr>\n<tr>\n<td colspan=\"1\" rowspan=\"1\">\n<div class=\"magic-8\">Versandart<\/div>\n<\/td>\n<td colspan=\"1\" rowspan=\"1\">\n<div class=\"magic-9\">Auf dem See-, Luft- und Expressweg<\/div>\n<\/td>\n<\/tr>\n<tr>\n<td colspan=\"1\" rowspan=\"1\">\n<div class=\"magic-8\">Verpacken<\/div>\n<\/td>\n<td colspan=\"1\" rowspan=\"1\">\n<div class=\"magic-9\" data-spm-anchor-id=\"a2700.details-description.0.i1.65833qr73qr7ss\">Karton, Palette<\/div>\n<\/td>\n<\/tr>\n<\/tbody>\n<\/table>\n<\/div>\n<\/div>\n<p data-start=\"1332\" data-end=\"1368\"><strong data-start=\"1332\" data-end=\"1368\">Why Choose Our Custom Cosmetic Packaging Boxes:<\/strong><\/p>\n<ul>\n<li data-start=\"1354\" data-end=\"1389\">\n<p data-start=\"1356\" data-end=\"1389\">Custom sizes, shapes &amp; structures<\/p>\n<\/li>\n<li data-start=\"1390\" data-end=\"1435\">\n<p data-start=\"1392\" data-end=\"1435\">Luxury printing &amp; surface finishing options<\/p>\n<\/li>\n<li data-start=\"1436\" data-end=\"1478\">\n<p data-start=\"1438\" data-end=\"1478\">Sustainable &amp; recyclable paper materials<\/p>\n<\/li>\n<li data-start=\"1479\" data-end=\"1525\">\n<p data-start=\"1481\" data-end=\"1525\">Ideal for skincare, makeup, beauty gift sets<\/p>\n<\/li>\n<li data-start=\"1526\" data-end=\"1584\">\n<p data-start=\"1528\" data-end=\"1584\">Factory-direct service with low minimum order quantities<\/p>\n<\/li>\n<\/ul>","protected":false},"excerpt":{"rendered":"<p>Lip gloss packaging box\u2014the perfect blend of sleek functionality and premium branding for skincare, makeup, and beauty products.<\/p>","protected":false},"featured_media":5393,"comment_status":"open","ping_status":"closed","template":"","meta":{"_acf_changed":false,"content-type":"","_uag_custom_page_level_css":""},"product_brand":[],"product_cat":[222],"product_tag":[],"class_list":{"0":"post-5392","1":"product","2":"type-product","3":"status-publish","4":"has-post-thumbnail","6":"product_cat-cosmetic-box","8":"first","9":"instock","10":"shipping-taxable","11":"product-type-simple"},"acf":[],"uagb_featured_image_src":{"full":["https:\/\/packcolorful.com\/wp-content\/uploads\/2026\/03\/ScreenShot_2026-03-24_161235_235.png",635,635,false],"thumbnail":["https:\/\/packcolorful.com\/wp-content\/uploads\/2026\/03\/ScreenShot_2026-03-24_161235_235.png",96,96,false],"medium":["https:\/\/packcolorful.com\/wp-content\/uploads\/2026\/03\/ScreenShot_2026-03-24_161235_235.png",635,635,false],"medium_large":["https:\/\/packcolorful.com\/wp-content\/uploads\/2026\/03\/ScreenShot_2026-03-24_161235_235.png",635,635,false],"large":["https:\/\/packcolorful.com\/wp-content\/uploads\/2026\/03\/ScreenShot_2026-03-24_161235_235.png",635,635,false],"1536x1536":["https:\/\/packcolorful.com\/wp-content\/uploads\/2026\/03\/ScreenShot_2026-03-24_161235_235.png",635,635,false],"2048x2048":["https:\/\/packcolorful.com\/wp-content\/uploads\/2026\/03\/ScreenShot_2026-03-24_161235_235.png",635,635,false],"trp-custom-language-flag":["https:\/\/packcolorful.com\/wp-content\/uploads\/2026\/03\/ScreenShot_2026-03-24_161235_235-12x12.png",12,12,true],"blog-large":["https:\/\/packcolorful.com\/wp-content\/uploads\/2026\/03\/ScreenShot_2026-03-24_161235_235-635x272.png",635,272,true],"blog-medium":["https:\/\/packcolorful.com\/wp-content\/uploads\/2026\/03\/ScreenShot_2026-03-24_161235_235-320x202.png",320,202,true],"recent-posts":["https:\/\/packcolorful.com\/wp-content\/uploads\/2026\/03\/ScreenShot_2026-03-24_161235_235-635x441.png",635,441,true],"recent-works-thumbnail":["https:\/\/packcolorful.com\/wp-content\/uploads\/2026\/03\/ScreenShot_2026-03-24_161235_235-66x66.png",66,66,true],"fusion-200":["https:\/\/packcolorful.com\/wp-content\/uploads\/2026\/03\/ScreenShot_2026-03-24_161235_235-200x200.png",200,200,true],"fusion-400":["https:\/\/packcolorful.com\/wp-content\/uploads\/2026\/03\/ScreenShot_2026-03-24_161235_235-400x400.png",400,400,true],"fusion-600":["https:\/\/packcolorful.com\/wp-content\/uploads\/2026\/03\/ScreenShot_2026-03-24_161235_235-600x600.png",600,600,true],"fusion-800":["https:\/\/packcolorful.com\/wp-content\/uploads\/2026\/03\/ScreenShot_2026-03-24_161235_235.png",635,635,false],"fusion-1200":["https:\/\/packcolorful.com\/wp-content\/uploads\/2026\/03\/ScreenShot_2026-03-24_161235_235.png",635,635,false],"portfolio-full":["https:\/\/packcolorful.com\/wp-content\/uploads\/2026\/03\/ScreenShot_2026-03-24_161235_235-635x400.png",635,400,true],"portfolio-one":["https:\/\/packcolorful.com\/wp-content\/uploads\/2026\/03\/ScreenShot_2026-03-24_161235_235-540x272.png",540,272,true],"portfolio-two":["https:\/\/packcolorful.com\/wp-content\/uploads\/2026\/03\/ScreenShot_2026-03-24_161235_235-460x295.png",460,295,true],"portfolio-three":["https:\/\/packcolorful.com\/wp-content\/uploads\/2026\/03\/ScreenShot_2026-03-24_161235_235-300x214.png",300,214,true],"portfolio-five":["https:\/\/packcolorful.com\/wp-content\/uploads\/2026\/03\/ScreenShot_2026-03-24_161235_235-177x142.png",177,142,true],"woocommerce_thumbnail":["https:\/\/packcolorful.com\/wp-content\/uploads\/2026\/03\/ScreenShot_2026-03-24_161235_235-500x500.png",500,500,true],"woocommerce_single":["https:\/\/packcolorful.com\/wp-content\/uploads\/2026\/03\/ScreenShot_2026-03-24_161235_235.png",635,635,false],"woocommerce_gallery_thumbnail":["https:\/\/packcolorful.com\/wp-content\/uploads\/2026\/03\/ScreenShot_2026-03-24_161235_235-200x200.png",200,200,true]},"uagb_author_info":{"display_name":"admin","author_link":"https:\/\/packcolorful.com\/de\/author\/"},"uagb_comment_info":0,"uagb_excerpt":"Lip gloss packaging box\u2014the perfect blend of sleek functionality and premium branding for skincare, makeup, and beauty products.","_links":{"self":[{"href":"https:\/\/packcolorful.com\/de\/wp-json\/wp\/v2\/product\/5392","targetHints":{"allow":["GET"]}}],"collection":[{"href":"https:\/\/packcolorful.com\/de\/wp-json\/wp\/v2\/product"}],"about":[{"href":"https:\/\/packcolorful.com\/de\/wp-json\/wp\/v2\/types\/product"}],"replies":[{"embeddable":true,"href":"https:\/\/packcolorful.com\/de\/wp-json\/wp\/v2\/comments?post=5392"}],"wp:featuredmedia":[{"embeddable":true,"href":"https:\/\/packcolorful.com\/de\/wp-json\/wp\/v2\/media\/5393"}],"wp:attachment":[{"href":"https:\/\/packcolorful.com\/de\/wp-json\/wp\/v2\/media?parent=5392"}],"wp:term":[{"taxonomy":"product_brand","embeddable":true,"href":"https:\/\/packcolorful.com\/de\/wp-json\/wp\/v2\/product_brand?post=5392"},{"taxonomy":"product_cat","embeddable":true,"href":"https:\/\/packcolorful.com\/de\/wp-json\/wp\/v2\/product_cat?post=5392"},{"taxonomy":"product_tag","embeddable":true,"href":"https:\/\/packcolorful.com\/de\/wp-json\/wp\/v2\/product_tag?post=5392"}],"curies":[{"name":"wp","href":"https:\/\/api.w.org\/{rel}","templated":true}]}}