{"id":5423,"date":"2026-03-25T07:59:44","date_gmt":"2026-03-25T07:59:44","guid":{"rendered":"https:\/\/packcolorful.com\/?post_type=product&#038;p=5423"},"modified":"2026-03-25T08:07:00","modified_gmt":"2026-03-25T08:07:00","slug":"pizzakartons","status":"publish","type":"product","link":"https:\/\/packcolorful.com\/de\/produkt\/pizzakartons\/","title":{"rendered":"FSC-Zertifizierung Pizzakartons"},"content":{"rendered":"<h3>\u2728 Premium-Pizzakartons nach Ma\u00df - haltbare, markenf\u00e4hige Verpackungen f\u00fcr Pizzerien und Essenslieferanten<\/h3>\n<div><\/div>\n<div>Verbessern Sie Ihr Pizzeria- oder Essensliefergesch\u00e4ft mit unserem <strong>hochwertige Pizzakartons<\/strong>-die ultimative Verpackungsl\u00f6sung f\u00fcr frische, hei\u00dfe und k\u00f6stliche Pizzen aller Gr\u00f6\u00dfen.<\/div>\n<div><\/div>\n<div>Diese aus stabiler, lebensmittelechter Wellpappe gefertigten Kartons sind so konzipiert, dass sie die W\u00e4rme speichern, die Frische bewahren und ein Durchweichen verhindern, damit Ihre Pizza jedes Mal knusprig und geschmackvoll ankommt. Unsere Pizzakartons haben ein klassisches faltbares Design f\u00fcr eine einfache Montage und einen sicheren Verschluss und sind in einem leuchtenden Rot-Gr\u00fcn-Kraft-Farbschema mit anpassbaren Druckoptionen erh\u00e4ltlich - perfekt, um Ihr Logo, Ihren Slogan oder Ihr individuelles Artwork zu pr\u00e4sentieren und so den Wiedererkennungswert Ihrer Marke zu steigern.<\/div>\n<div><\/div>\n<div>Unsere Pizzakartons sind ideal f\u00fcr Restaurants, Imbisswagen und Lieferservices und bieten:<\/div>\n<div><\/div>\n<ul>\n<li><strong>Hitze- und Feuchtigkeitsbest\u00e4ndigkeit<\/strong>: Hochwertiges gewelltes Material h\u00e4lt die Pizzen warm und verhindert das Auslaufen von Fett, wodurch Textur und Geschmack w\u00e4hrend des Transports erhalten bleiben.<\/li>\n<li><strong>Vollst\u00e4ndige Anpassung<\/strong>: W\u00e4hlen Sie zwischen verschiedenen Gr\u00f6\u00dfen (7\u201d bis 20\u201d), Pantone-Farben und Drucktechniken (Offset-, Flexo- oder Digitaldruck), um Ihre Markenidentit\u00e4t zu unterstreichen.<\/li>\n<li><strong>Umweltfreundliches Design<\/strong>: 100% recycelbarer und kompostierbarer Karton, der die Standards f\u00fcr nachhaltige Verpackungen erf\u00fcllt und umweltbewusste Kunden anspricht.<\/li>\n<li><strong>Stapelbar und stabil<\/strong>: Die starre Struktur gew\u00e4hrleistet ein sicheres Stapeln w\u00e4hrend der Lagerung und Auslieferung und sch\u00fctzt die Pizzen vor Quetschungen oder Besch\u00e4digungen.<\/li>\n<li><strong>Branding-M\u00f6glichkeiten<\/strong>: Gut sichtbare Fl\u00e4che f\u00fcr Ihr Logo, Ihre Slogans oder Werbebotschaften, die jede Box in ein mobiles Marketinginstrument verwandeln.<\/li>\n<\/ul>\n<div><\/div>\n<div>Egal, ob Sie eine kleine lokale Pizzeria oder eine gro\u00dfe Lieferkette sind, unsere Pizzakartons vereinen funktionale Haltbarkeit, Markensichtbarkeit und nachhaltiges Design, um das Kundenerlebnis zu verbessern und Ihre Sichtbarkeit in der Google-Suche auf dem umk\u00e4mpften Gastronomiemarkt zu erh\u00f6hen.<\/div>\n<table style=\"border-collapse: collapse; width: 100%;\">\n<tbody>\n<tr>\n<td style=\"width: 50%;\"><img decoding=\"async\" class=\"lazyload alignnone wp-image-5354 size-fusion-600\" src=\"https:\/\/packcolorful.com\/wp-content\/uploads\/2026\/03\/ScreenShot_2026-03-21_114144_772-600x598.png\" data-orig-src=\"https:\/\/packcolorful.com\/wp-content\/uploads\/2026\/03\/ScreenShot_2026-03-21_114144_772-600x598.png\" alt=\"\" width=\"600\" height=\"598\" srcset=\"data:image\/svg+xml,%3Csvg%20xmlns%3D%27http%3A%2F%2Fwww.w3.org%2F2000%2Fsvg%27%20width%3D%27600%27%20height%3D%27598%27%20viewBox%3D%270%200%20600%20598%27%3E%3Crect%20width%3D%27600%27%20height%3D%27598%27%20fill-opacity%3D%220%22%2F%3E%3C%2Fsvg%3E\" data-srcset=\"https:\/\/packcolorful.com\/wp-content\/uploads\/2026\/03\/ScreenShot_2026-03-21_114144_772-12x12.png 12w, https:\/\/packcolorful.com\/wp-content\/uploads\/2026\/03\/ScreenShot_2026-03-21_114144_772-66x66.png 66w, https:\/\/packcolorful.com\/wp-content\/uploads\/2026\/03\/ScreenShot_2026-03-21_114144_772-200x200.png 200w, https:\/\/packcolorful.com\/wp-content\/uploads\/2026\/03\/ScreenShot_2026-03-21_114144_772-400x399.png 400w, https:\/\/packcolorful.com\/wp-content\/uploads\/2026\/03\/ScreenShot_2026-03-21_114144_772-500x499.png 500w, https:\/\/packcolorful.com\/wp-content\/uploads\/2026\/03\/ScreenShot_2026-03-21_114144_772-600x598.png 600w, https:\/\/packcolorful.com\/wp-content\/uploads\/2026\/03\/ScreenShot_2026-03-21_114144_772-700x698.png 700w, https:\/\/packcolorful.com\/wp-content\/uploads\/2026\/03\/ScreenShot_2026-03-21_114144_772.png 752w\" data-sizes=\"auto\" data-orig-sizes=\"(max-width: 600px) 100vw, 600px\" \/><\/td>\n<td style=\"width: 50%;\"><img decoding=\"async\" class=\"lazyload alignnone wp-image-5349 size-fusion-600\" src=\"https:\/\/packcolorful.com\/wp-content\/uploads\/2026\/03\/ScreenShot_2026-03-21_104855_059-600x600.png\" data-orig-src=\"https:\/\/packcolorful.com\/wp-content\/uploads\/2026\/03\/ScreenShot_2026-03-21_104855_059-600x600.png\" alt=\"Wellpappe Typ\" width=\"600\" height=\"600\" srcset=\"data:image\/svg+xml,%3Csvg%20xmlns%3D%27http%3A%2F%2Fwww.w3.org%2F2000%2Fsvg%27%20width%3D%27600%27%20height%3D%27600%27%20viewBox%3D%270%200%20600%20600%27%3E%3Crect%20width%3D%27600%27%20height%3D%27600%27%20fill-opacity%3D%220%22%2F%3E%3C%2Fsvg%3E\" data-srcset=\"https:\/\/packcolorful.com\/wp-content\/uploads\/2026\/03\/ScreenShot_2026-03-21_104855_059-12x12.png 12w, https:\/\/packcolorful.com\/wp-content\/uploads\/2026\/03\/ScreenShot_2026-03-21_104855_059-66x66.png 66w, https:\/\/packcolorful.com\/wp-content\/uploads\/2026\/03\/ScreenShot_2026-03-21_104855_059-200x200.png 200w, https:\/\/packcolorful.com\/wp-content\/uploads\/2026\/03\/ScreenShot_2026-03-21_104855_059-400x400.png 400w, https:\/\/packcolorful.com\/wp-content\/uploads\/2026\/03\/ScreenShot_2026-03-21_104855_059-500x500.png 500w, https:\/\/packcolorful.com\/wp-content\/uploads\/2026\/03\/ScreenShot_2026-03-21_104855_059-600x600.png 600w, https:\/\/packcolorful.com\/wp-content\/uploads\/2026\/03\/ScreenShot_2026-03-21_104855_059.png 640w\" data-sizes=\"auto\" data-orig-sizes=\"(max-width: 600px) 100vw, 600px\" \/><\/td>\n<\/tr>\n<tr>\n<td style=\"width: 50%;\"><\/td>\n<td style=\"width: 50%;\"><\/td>\n<\/tr>\n<\/tbody>\n<\/table>\n<h3><\/h3>\n<div class=\"J_module\">\n<div class=\"ife-detail-decorate-table\">\n<table class=\"all magic-7\" style=\"border-style: solid; border-color: #b5b5b5;\" border=\"1px\">\n<tbody>\n<tr>\n<td colspan=\"1\" rowspan=\"1\">\n<div class=\"magic-8\">Produktname<\/div>\n<\/td>\n<td colspan=\"1\" rowspan=\"1\">\n<div class=\"magic-9\">Pizzakartons<\/div>\n<\/td>\n<\/tr>\n<tr>\n<td colspan=\"1\" rowspan=\"1\">\n<div class=\"magic-8\" data-spm-anchor-id=\"a2700.details-description.0.i2.65833qr73qr7ss\">Allgemeines Papiermaterial<\/div>\n<\/td>\n<td colspan=\"1\" rowspan=\"1\">\n<div class=\"magic-9\">Kartonpapier, Kunstdruckpapier, beschichtetes Papier, Kraftpapier, Wellpappe<\/div>\n<\/td>\n<\/tr>\n<tr>\n<td colspan=\"1\" rowspan=\"1\">\n<div class=\"magic-8\">Drucken<\/div>\n<\/td>\n<td colspan=\"1\" rowspan=\"1\">\n<div class=\"magic-9\">CMYK- oder Pantone-Offsetdruck, Siebdruck oder UV-Offsetdruck<\/div>\n<\/td>\n<\/tr>\n<tr>\n<td colspan=\"1\" rowspan=\"1\">\n<div class=\"magic-8\">Gr\u00f6\u00dfe<\/div>\n<\/td>\n<td colspan=\"1\" rowspan=\"1\">\n<div class=\"magic-9\">Ma\u00dfgeschneiderte Gr\u00f6\u00dfe auf Kundenanforderung<\/div>\n<\/td>\n<\/tr>\n<tr>\n<td colspan=\"1\" rowspan=\"1\">\n<div class=\"magic-8\">Drucken Handhabung<\/div>\n<\/td>\n<td colspan=\"1\" rowspan=\"1\">\n<div class=\"magic-9\">Debossiert oder gepr\u00e4gt, Gold- oder Seidenfolienpr\u00e4gung, Spot UV, Laserfolie, gl\u00e4nzende oder matte Laminierung<\/div>\n<\/td>\n<\/tr>\n<tr>\n<td colspan=\"1\" rowspan=\"1\">\n<div class=\"magic-8\">Zubeh\u00f6r<\/div>\n<\/td>\n<td colspan=\"1\" rowspan=\"1\">\n<div class=\"magic-9\">Farbband, Kraft-Wellpappeneinlage, Wellpappeneinlage<br \/>\n, Kartontrenneinsatz, starrer Trenneinsatz, wei\u00dfer Pappeinsatz, PET-Blistereinsatz, EVA-Einsatz, EPE-Schaum<\/div>\n<\/td>\n<\/tr>\n<tr>\n<td colspan=\"1\" rowspan=\"1\">\n<div class=\"magic-8\">Artwork Format<\/div>\n<\/td>\n<td colspan=\"1\" rowspan=\"1\">\n<div class=\"magic-9\">AI, PDF, CDR, InDesign Format f\u00fcr individuelle Gestaltung<\/div>\n<\/td>\n<\/tr>\n<tr>\n<td colspan=\"1\" rowspan=\"1\">\n<div class=\"magic-8\">MOQ<\/div>\n<\/td>\n<td colspan=\"1\" rowspan=\"1\">\n<div class=\"magic-9\">500 STCK.<\/div>\n<\/td>\n<\/tr>\n<tr>\n<td colspan=\"1\" rowspan=\"1\">\n<div class=\"magic-8\">Probezeit<\/div>\n<\/td>\n<td colspan=\"1\" rowspan=\"1\">\n<div class=\"magic-9\">1-3 Arbeitstage<\/div>\n<\/td>\n<\/tr>\n<tr>\n<td colspan=\"1\" rowspan=\"1\">\n<div class=\"magic-8\">Produktionszeit<\/div>\n<\/td>\n<td colspan=\"1\" rowspan=\"1\">\n<div class=\"magic-9\">7-15 Arbeitstage<\/div>\n<\/td>\n<\/tr>\n<tr>\n<td colspan=\"1\" rowspan=\"1\">\n<div class=\"magic-8\">Versandart<\/div>\n<\/td>\n<td colspan=\"1\" rowspan=\"1\">\n<div class=\"magic-9\">Auf dem See-, Luft- und Expressweg<\/div>\n<\/td>\n<\/tr>\n<tr>\n<td colspan=\"1\" rowspan=\"1\">\n<div class=\"magic-8\">Verpacken<\/div>\n<\/td>\n<td colspan=\"1\" rowspan=\"1\">\n<div class=\"magic-9\" data-spm-anchor-id=\"a2700.details-description.0.i1.65833qr73qr7ss\">Karton, Palette<\/div>\n<\/td>\n<\/tr>\n<\/tbody>\n<\/table>\n<\/div>\n<\/div>\n<p data-start=\"1451\" data-end=\"1592\"><strong data-start=\"1451\" data-end=\"1468\">Anwendungen:<\/strong><br data-start=\"1468\" data-end=\"1471\" \/>B\u00e4ckereiverpackungen, Boxen zum Mitnehmen, Verpackungen f\u00fcr Tiefk\u00fchlgerichte, Snackboxen, Geschenksets f\u00fcr Lebensmittel, Catering-Tabletts, Kartons f\u00fcr Lebensmittel im Einzelhandel<\/p>\n<p data-start=\"1594\" data-end=\"1613\"><strong data-start=\"1594\" data-end=\"1611\">Wesentliche Merkmale:<\/strong><\/p>\n<ul data-start=\"1614\" data-end=\"1877\">\n<li data-start=\"1614\" data-end=\"1677\">\n<p data-start=\"1616\" data-end=\"1677\">Lebensmittelechte, umweltfreundliche Materialien (FSC-zertifiziert erh\u00e4ltlich)<\/p>\n<\/li>\n<li data-start=\"1678\" data-end=\"1741\">\n<p data-start=\"1680\" data-end=\"1741\">Fettdichte, feuchtigkeitsbest\u00e4ndige und w\u00e4rmer\u00fcckhaltende Optionen<\/p>\n<\/li>\n<li data-start=\"1742\" data-end=\"1780\">\n<p data-start=\"1744\" data-end=\"1780\">Individuelle Gr\u00f6\u00dfen, Formen und Aufdrucke<\/p>\n<\/li>\n<li data-start=\"1781\" data-end=\"1826\">\n<p data-start=\"1783\" data-end=\"1826\">Ideal f\u00fcr warme und kalte Lebensmittel<\/p>\n<\/li>\n<li data-start=\"1827\" data-end=\"1877\">\n<p data-start=\"1829\" data-end=\"1877\">Niedriges MOQ mit schneller Bearbeitung und weltweitem Versand<\/p>\n<\/li>\n<\/ul>\n<p>&nbsp;<\/p>","protected":false},"excerpt":{"rendered":"<p>Ma\u00dfgeschneiderte Pizzakartons aus lebensmittelechten, umweltfreundlichen Materialien - entwickelt f\u00fcr Sicherheit, Frische und Attraktivit\u00e4t im Regal f\u00fcr Anwendungen zum Mitnehmen, in der B\u00e4ckerei und im Einzelhandel.<\/p>","protected":false},"featured_media":5427,"comment_status":"open","ping_status":"closed","template":"","meta":{"_acf_changed":false,"content-type":"","_uag_custom_page_level_css":""},"product_brand":[232],"product_cat":[224],"product_tag":[],"class_list":{"0":"post-5423","1":"product","2":"type-product","3":"status-publish","4":"has-post-thumbnail","6":"product_brand-senwi","7":"product_cat-food-box","9":"first","10":"instock","11":"shipping-taxable","12":"product-type-simple"},"acf":[],"uagb_featured_image_src":{"full":["https:\/\/packcolorful.com\/wp-content\/uploads\/2026\/03\/ScreenShot_2026-03-25_155903_263.png",771,771,false],"thumbnail":["https:\/\/packcolorful.com\/wp-content\/uploads\/2026\/03\/ScreenShot_2026-03-25_155903_263.png",96,96,false],"medium":["https:\/\/packcolorful.com\/wp-content\/uploads\/2026\/03\/ScreenShot_2026-03-25_155903_263.png",771,771,false],"medium_large":["https:\/\/packcolorful.com\/wp-content\/uploads\/2026\/03\/ScreenShot_2026-03-25_155903_263-768x768.png",768,768,true],"large":["https:\/\/packcolorful.com\/wp-content\/uploads\/2026\/03\/ScreenShot_2026-03-25_155903_263.png",771,771,false],"1536x1536":["https:\/\/packcolorful.com\/wp-content\/uploads\/2026\/03\/ScreenShot_2026-03-25_155903_263.png",771,771,false],"2048x2048":["https:\/\/packcolorful.com\/wp-content\/uploads\/2026\/03\/ScreenShot_2026-03-25_155903_263.png",771,771,false],"trp-custom-language-flag":["https:\/\/packcolorful.com\/wp-content\/uploads\/2026\/03\/ScreenShot_2026-03-25_155903_263-12x12.png",12,12,true],"blog-large":["https:\/\/packcolorful.com\/wp-content\/uploads\/2026\/03\/ScreenShot_2026-03-25_155903_263-669x272.png",669,272,true],"blog-medium":["https:\/\/packcolorful.com\/wp-content\/uploads\/2026\/03\/ScreenShot_2026-03-25_155903_263-320x202.png",320,202,true],"recent-posts":["https:\/\/packcolorful.com\/wp-content\/uploads\/2026\/03\/ScreenShot_2026-03-25_155903_263-700x441.png",700,441,true],"recent-works-thumbnail":["https:\/\/packcolorful.com\/wp-content\/uploads\/2026\/03\/ScreenShot_2026-03-25_155903_263-66x66.png",66,66,true],"fusion-200":["https:\/\/packcolorful.com\/wp-content\/uploads\/2026\/03\/ScreenShot_2026-03-25_155903_263-200x200.png",200,200,true],"fusion-400":["https:\/\/packcolorful.com\/wp-content\/uploads\/2026\/03\/ScreenShot_2026-03-25_155903_263-400x400.png",400,400,true],"fusion-600":["https:\/\/packcolorful.com\/wp-content\/uploads\/2026\/03\/ScreenShot_2026-03-25_155903_263-600x600.png",600,600,true],"fusion-800":["https:\/\/packcolorful.com\/wp-content\/uploads\/2026\/03\/ScreenShot_2026-03-25_155903_263.png",771,771,false],"fusion-1200":["https:\/\/packcolorful.com\/wp-content\/uploads\/2026\/03\/ScreenShot_2026-03-25_155903_263.png",771,771,false],"portfolio-full":["https:\/\/packcolorful.com\/wp-content\/uploads\/2026\/03\/ScreenShot_2026-03-25_155903_263-771x400.png",771,400,true],"portfolio-one":["https:\/\/packcolorful.com\/wp-content\/uploads\/2026\/03\/ScreenShot_2026-03-25_155903_263-540x272.png",540,272,true],"portfolio-two":["https:\/\/packcolorful.com\/wp-content\/uploads\/2026\/03\/ScreenShot_2026-03-25_155903_263-460x295.png",460,295,true],"portfolio-three":["https:\/\/packcolorful.com\/wp-content\/uploads\/2026\/03\/ScreenShot_2026-03-25_155903_263-300x214.png",300,214,true],"portfolio-five":["https:\/\/packcolorful.com\/wp-content\/uploads\/2026\/03\/ScreenShot_2026-03-25_155903_263-177x142.png",177,142,true],"woocommerce_thumbnail":["https:\/\/packcolorful.com\/wp-content\/uploads\/2026\/03\/ScreenShot_2026-03-25_155903_263-500x500.png",500,500,true],"woocommerce_single":["https:\/\/packcolorful.com\/wp-content\/uploads\/2026\/03\/ScreenShot_2026-03-25_155903_263-700x700.png",700,700,true],"woocommerce_gallery_thumbnail":["https:\/\/packcolorful.com\/wp-content\/uploads\/2026\/03\/ScreenShot_2026-03-25_155903_263-200x200.png",200,200,true]},"uagb_author_info":{"display_name":"admin","author_link":"https:\/\/packcolorful.com\/de\/author\/"},"uagb_comment_info":0,"uagb_excerpt":"Custom Pizza boxes made from food-grade, eco-friendly materials\u2014designed for safety, freshness, and shelf appeal across takeout, bakery, and retail applications.","_links":{"self":[{"href":"https:\/\/packcolorful.com\/de\/wp-json\/wp\/v2\/product\/5423","targetHints":{"allow":["GET"]}}],"collection":[{"href":"https:\/\/packcolorful.com\/de\/wp-json\/wp\/v2\/product"}],"about":[{"href":"https:\/\/packcolorful.com\/de\/wp-json\/wp\/v2\/types\/product"}],"replies":[{"embeddable":true,"href":"https:\/\/packcolorful.com\/de\/wp-json\/wp\/v2\/comments?post=5423"}],"wp:featuredmedia":[{"embeddable":true,"href":"https:\/\/packcolorful.com\/de\/wp-json\/wp\/v2\/media\/5427"}],"wp:attachment":[{"href":"https:\/\/packcolorful.com\/de\/wp-json\/wp\/v2\/media?parent=5423"}],"wp:term":[{"taxonomy":"product_brand","embeddable":true,"href":"https:\/\/packcolorful.com\/de\/wp-json\/wp\/v2\/product_brand?post=5423"},{"taxonomy":"product_cat","embeddable":true,"href":"https:\/\/packcolorful.com\/de\/wp-json\/wp\/v2\/product_cat?post=5423"},{"taxonomy":"product_tag","embeddable":true,"href":"https:\/\/packcolorful.com\/de\/wp-json\/wp\/v2\/product_tag?post=5423"}],"curies":[{"name":"wp","href":"https:\/\/api.w.org\/{rel}","templated":true}]}}