{"id":5495,"date":"2026-03-27T07:52:05","date_gmt":"2026-03-27T07:52:05","guid":{"rendered":"https:\/\/packcolorful.com\/?post_type=product&#038;p=5495"},"modified":"2026-03-27T08:06:42","modified_gmt":"2026-03-27T08:06:42","slug":"schubladenbox-aus-karton","status":"publish","type":"product","link":"https:\/\/packcolorful.com\/de\/produkt\/schubladenbox-aus-karton\/","title":{"rendered":"Sonderangebot Karton-Schubladenbox"},"content":{"rendered":"<h3>\u2728 Premium-Karton-Schubladenbox - Individuelle Geschenkverpackung zum Schulabschluss<\/h3>\n<div><\/div>\n<div>Erh\u00f6hen Sie Ihre Geschenkideen f\u00fcr besondere Anl\u00e4sse mit unserem <strong>individuelle Schubladenboxen aus Karton<\/strong>-eine charmante, thematische L\u00f6sung f\u00fcr Abschlussgeschenke, kleine Geschenke und S\u00fc\u00dfigkeiten.<\/div>\n<div><\/div>\n<div>Die aus stabilem, umweltfreundlichem Karton gefertigten Schubladenboxen sind mit einem verspielten Design f\u00fcr die Abschlussfeier (in Schwarz und Blau) versehen, das mit einer Mini-Abschlusskappe, einer Quaste und einem Diplom-Anh\u00e4nger die Freude \u00fcber den akademischen Erfolg hervorruft. Der leichtg\u00e4ngige Schubladenmechanismus erm\u00f6glicht einen einfachen Zugriff auf den Inhalt, w\u00e4hrend die stabile Struktur kleine Gegenst\u00e4nde wie Bonbons, Seifen oder Erinnerungsst\u00fccke beim Verschenken und Transportieren vor Besch\u00e4digungen sch\u00fctzt. Sie k\u00f6nnen die Farben anpassen, einen pers\u00f6nlichen Text hinzuf\u00fcgen oder die Motive \u00e4ndern, um sie an das Thema Ihrer Veranstaltung anzupassen.<\/div>\n<div><\/div>\n<div>Unsere Schubladenboxen aus Karton sind ideal f\u00fcr Abschlussfeiern, Schulveranstaltungen und Erinnerungsgeschenke:<\/div>\n<div><\/div>\n<ul>\n<li><strong>Thematische Gestaltung des Abschlusses<\/strong>: Bezaubernder Talar + M\u00fctze + Quaste + Diplom Details, perfekt f\u00fcr die Feier der Absolventen und die Schaffung unvergesslicher Party Gef\u00e4lligkeiten.<\/li>\n<li><strong>Langlebige Schubladenstruktur<\/strong>: Die stabile Pappkonstruktion sorgt f\u00fcr reibungsloses Gleiten und zuverl\u00e4ssigen Schutz f\u00fcr kleine Geschenke oder Leckereien.<\/li>\n<li><strong>Umweltvertr\u00e4gliche Materialien<\/strong>: 100% recycelbarer Karton, der nachhaltigen Veranstaltungspraktiken und Verbraucherpr\u00e4ferenzen gerecht wird.<\/li>\n<li><strong>Einfache Montage<\/strong>: Vorgestanzte Stanzschablonen erm\u00f6glichen eine schnelle, problemlose Montage (kein Kleber erforderlich), ideal f\u00fcr die Vorbereitung von Gro\u00dfveranstaltungen.<\/li>\n<li><strong>Vielseitiges Schenken<\/strong>: Perfekt f\u00fcr S\u00fc\u00dfigkeiten, Miniseifen, Schmuck oder handschriftliche Notizen - eine vielseitige Wahl f\u00fcr Abschlussfeiern, Schulanfang oder akademische Meilensteine.<\/li>\n<\/ul>\n<div><\/div>\n<div>Ganz gleich, ob Sie Geschenke f\u00fcr Abschlussfeiern, Anerkennungsgeschenke f\u00fcr Studenten oder Erinnerungsst\u00fccke f\u00fcr Jubil\u00e4en suchen, unsere Schubladenboxen aus Pappe vereinen verspieltes Design und funktionale Bequemlichkeit und heben sich auf dem Markt f\u00fcr Eventgeschenke deutlich ab.<\/div>\n<div><\/div>\n<div><\/div>\n<table style=\"border-collapse: collapse; width: 100%;\">\n<tbody>\n<tr>\n<td style=\"width: 50%;\"><\/td>\n<td style=\"width: 50%;\"><\/td>\n<\/tr>\n<tr>\n<td style=\"width: 50%;\"><img decoding=\"async\" class=\"lazyload alignnone wp-image-5451 size-fusion-600\" src=\"https:\/\/packcolorful.com\/wp-content\/uploads\/2026\/03\/ScreenShot_2026-03-25_173023_331-600x600.png\" data-orig-src=\"https:\/\/packcolorful.com\/wp-content\/uploads\/2026\/03\/ScreenShot_2026-03-25_173023_331-600x600.png\" alt=\"Besondere Handwerkskunst\" width=\"600\" height=\"600\" srcset=\"data:image\/svg+xml,%3Csvg%20xmlns%3D%27http%3A%2F%2Fwww.w3.org%2F2000%2Fsvg%27%20width%3D%27600%27%20height%3D%27600%27%20viewBox%3D%270%200%20600%20600%27%3E%3Crect%20width%3D%27600%27%20height%3D%27600%27%20fill-opacity%3D%220%22%2F%3E%3C%2Fsvg%3E\" data-srcset=\"https:\/\/packcolorful.com\/wp-content\/uploads\/2026\/03\/ScreenShot_2026-03-25_173023_331-12x12.png 12w, https:\/\/packcolorful.com\/wp-content\/uploads\/2026\/03\/ScreenShot_2026-03-25_173023_331-66x66.png 66w, https:\/\/packcolorful.com\/wp-content\/uploads\/2026\/03\/ScreenShot_2026-03-25_173023_331-200x200.png 200w, https:\/\/packcolorful.com\/wp-content\/uploads\/2026\/03\/ScreenShot_2026-03-25_173023_331-400x400.png 400w, https:\/\/packcolorful.com\/wp-content\/uploads\/2026\/03\/ScreenShot_2026-03-25_173023_331-500x500.png 500w, https:\/\/packcolorful.com\/wp-content\/uploads\/2026\/03\/ScreenShot_2026-03-25_173023_331-600x600.png 600w, https:\/\/packcolorful.com\/wp-content\/uploads\/2026\/03\/ScreenShot_2026-03-25_173023_331-700x700.png 700w, https:\/\/packcolorful.com\/wp-content\/uploads\/2026\/03\/ScreenShot_2026-03-25_173023_331-768x768.png 768w, https:\/\/packcolorful.com\/wp-content\/uploads\/2026\/03\/ScreenShot_2026-03-25_173023_331-800x800.png 800w, https:\/\/packcolorful.com\/wp-content\/uploads\/2026\/03\/ScreenShot_2026-03-25_173023_331.png 814w\" data-sizes=\"auto\" data-orig-sizes=\"(max-width: 600px) 100vw, 600px\" \/><\/td>\n<td style=\"width: 50%;\"><img decoding=\"async\" class=\"lazyload alignnone wp-image-5354 size-fusion-600\" src=\"https:\/\/packcolorful.com\/wp-content\/uploads\/2026\/03\/ScreenShot_2026-03-21_114144_772-600x598.png\" data-orig-src=\"https:\/\/packcolorful.com\/wp-content\/uploads\/2026\/03\/ScreenShot_2026-03-21_114144_772-600x598.png\" alt=\"\" width=\"600\" height=\"598\" srcset=\"data:image\/svg+xml,%3Csvg%20xmlns%3D%27http%3A%2F%2Fwww.w3.org%2F2000%2Fsvg%27%20width%3D%27600%27%20height%3D%27598%27%20viewBox%3D%270%200%20600%20598%27%3E%3Crect%20width%3D%27600%27%20height%3D%27598%27%20fill-opacity%3D%220%22%2F%3E%3C%2Fsvg%3E\" data-srcset=\"https:\/\/packcolorful.com\/wp-content\/uploads\/2026\/03\/ScreenShot_2026-03-21_114144_772-12x12.png 12w, https:\/\/packcolorful.com\/wp-content\/uploads\/2026\/03\/ScreenShot_2026-03-21_114144_772-66x66.png 66w, https:\/\/packcolorful.com\/wp-content\/uploads\/2026\/03\/ScreenShot_2026-03-21_114144_772-200x200.png 200w, https:\/\/packcolorful.com\/wp-content\/uploads\/2026\/03\/ScreenShot_2026-03-21_114144_772-400x399.png 400w, https:\/\/packcolorful.com\/wp-content\/uploads\/2026\/03\/ScreenShot_2026-03-21_114144_772-500x499.png 500w, https:\/\/packcolorful.com\/wp-content\/uploads\/2026\/03\/ScreenShot_2026-03-21_114144_772-600x598.png 600w, https:\/\/packcolorful.com\/wp-content\/uploads\/2026\/03\/ScreenShot_2026-03-21_114144_772-700x698.png 700w, https:\/\/packcolorful.com\/wp-content\/uploads\/2026\/03\/ScreenShot_2026-03-21_114144_772.png 752w\" data-sizes=\"auto\" data-orig-sizes=\"(max-width: 600px) 100vw, 600px\" \/><\/td>\n<\/tr>\n<\/tbody>\n<\/table>\n<div><\/div>\n<div><\/div>\n<div><\/div>\n<div class=\"J_module\">\n<div class=\"ife-detail-decorate-table\">\n<table class=\"all magic-7\" style=\"border-style: solid; border-color: #b5b5b5;\" border=\"1px\">\n<tbody>\n<tr>\n<td colspan=\"1\" rowspan=\"1\">\n<div class=\"magic-8\">Produktname<\/div>\n<\/td>\n<td colspan=\"1\" rowspan=\"1\">\n<div class=\"magic-9\">Schubladenbox aus Karton<\/div>\n<\/td>\n<\/tr>\n<tr>\n<td colspan=\"1\" rowspan=\"1\">\n<div class=\"magic-8\" data-spm-anchor-id=\"a2700.details-description.0.i2.65833qr73qr7ss\">Allgemeines Papiermaterial<\/div>\n<\/td>\n<td colspan=\"1\" rowspan=\"1\">\n<div class=\"magic-9\">Kartonpapier, Kunstdruckpapier, beschichtetes Papier, Kraftpapier, Wellpappe<\/div>\n<\/td>\n<\/tr>\n<tr>\n<td colspan=\"1\" rowspan=\"1\">\n<div class=\"magic-8\">Drucken<\/div>\n<\/td>\n<td colspan=\"1\" rowspan=\"1\">\n<div class=\"magic-9\">CMYK- oder Pantone-Offsetdruck, Siebdruck oder UV-Offsetdruck<\/div>\n<\/td>\n<\/tr>\n<tr>\n<td colspan=\"1\" rowspan=\"1\">\n<div class=\"magic-8\">Gr\u00f6\u00dfe<\/div>\n<\/td>\n<td colspan=\"1\" rowspan=\"1\">\n<div class=\"magic-9\">Ma\u00dfgeschneiderte Gr\u00f6\u00dfe auf Kundenanforderung<\/div>\n<\/td>\n<\/tr>\n<tr>\n<td colspan=\"1\" rowspan=\"1\">\n<div class=\"magic-8\">Drucken Handhabung<\/div>\n<\/td>\n<td colspan=\"1\" rowspan=\"1\">\n<div class=\"magic-9\">Debossiert oder gepr\u00e4gt, Gold- oder Seidenfolienpr\u00e4gung, Spot UV, Laserfolie, gl\u00e4nzende oder matte Laminierung<\/div>\n<\/td>\n<\/tr>\n<tr>\n<td colspan=\"1\" rowspan=\"1\">\n<div class=\"magic-8\">Zubeh\u00f6r<\/div>\n<\/td>\n<td colspan=\"1\" rowspan=\"1\">\n<div class=\"magic-9\">Farbband, Kraft-Wellpappeneinlage, Wellpappeneinlage<br \/>\n, Kartontrenneinsatz, starrer Trenneinsatz, wei\u00dfer Pappeinsatz, PET-Blistereinsatz, EVA-Einsatz, EPE-Schaum<\/div>\n<\/td>\n<\/tr>\n<tr>\n<td colspan=\"1\" rowspan=\"1\">\n<div class=\"magic-8\">Artwork Format<\/div>\n<\/td>\n<td colspan=\"1\" rowspan=\"1\">\n<div class=\"magic-9\">AI, PDF, CDR, InDesign Format f\u00fcr individuelle Gestaltung<\/div>\n<\/td>\n<\/tr>\n<tr>\n<td colspan=\"1\" rowspan=\"1\">\n<div class=\"magic-8\">MOQ<\/div>\n<\/td>\n<td colspan=\"1\" rowspan=\"1\">\n<div class=\"magic-9\">500 STCK.<\/div>\n<\/td>\n<\/tr>\n<tr>\n<td colspan=\"1\" rowspan=\"1\">\n<div class=\"magic-8\">Probezeit<\/div>\n<\/td>\n<td colspan=\"1\" rowspan=\"1\">\n<div class=\"magic-9\">1-3 Arbeitstage<\/div>\n<\/td>\n<\/tr>\n<tr>\n<td colspan=\"1\" rowspan=\"1\">\n<div class=\"magic-8\">Produktionszeit<\/div>\n<\/td>\n<td colspan=\"1\" rowspan=\"1\">\n<div class=\"magic-9\">7-10 Arbeitstage<\/div>\n<\/td>\n<\/tr>\n<tr>\n<td colspan=\"1\" rowspan=\"1\">\n<div class=\"magic-8\">Versandart<\/div>\n<\/td>\n<td colspan=\"1\" rowspan=\"1\">\n<div class=\"magic-9\">Auf dem See-, Luft- und Expressweg<\/div>\n<\/td>\n<\/tr>\n<tr>\n<td colspan=\"1\" rowspan=\"1\">\n<div class=\"magic-8\">Verpacken<\/div>\n<\/td>\n<td colspan=\"1\" rowspan=\"1\">\n<div class=\"magic-9\" data-spm-anchor-id=\"a2700.details-description.0.i1.65833qr73qr7ss\">\u00a0Karton, Palette<\/div>\n<\/td>\n<\/tr>\n<\/tbody>\n<\/table>\n<\/div>\n<\/div>\n<p data-start=\"1399\" data-end=\"1416\"><strong data-start=\"1399\" data-end=\"1416\">Wesentliche Merkmale:<\/strong><\/p>\n<ul data-start=\"1417\" data-end=\"1703\">\n<li data-start=\"1417\" data-end=\"1484\">\n<p data-start=\"1419\" data-end=\"1484\">Umweltfreundliche und recycelbare Materialien (FSC-zertifiziert erh\u00e4ltlich)<\/p>\n<\/li>\n<li data-start=\"1485\" data-end=\"1535\">\n<p data-start=\"1487\" data-end=\"1535\">Vollfarbiger individueller Druck und Endbearbeitungsoptionen<\/p>\n<\/li>\n<li data-start=\"1536\" data-end=\"1577\">\n<p data-start=\"1538\" data-end=\"1577\">Gro\u00dfe Auswahl an Schachtelformen und Verschl\u00fcssen<\/p>\n<\/li>\n<li data-start=\"1578\" data-end=\"1645\">\n<p data-start=\"1580\" data-end=\"1645\">Ideal f\u00fcr Einzelhandelsverpackungen, Geschenke, Produktdisplays und E-Commerce<\/p>\n<\/li>\n<li data-start=\"1646\" data-end=\"1703\">\n<p data-start=\"1648\" data-end=\"1703\">Direkte Fabrikpreise mit niedrigem MOQ und kurzer Vorlaufzeit<\/p>\n<\/li>\n<\/ul>\n<p>&nbsp;<\/p>\n<p>&nbsp;<\/p>","protected":false},"excerpt":{"rendered":"<p>Ma\u00dfgeschneiderte Schubladenbox aus Karton<a class=\"jump-link\" aria-haspopup=\"true\" aria-expanded=\"false\" data-aplus-clk=\"x603_134de21b\" data-spm-anchor-id=\"a2793.11769229.0.0\">\u00a0<\/a>aus umweltfreundlichen Materialien - leicht, bedruckbar und vollst\u00e4ndig anpassbar f\u00fcr Verpackungen von Lebensmitteln, Kosmetika, Kleidung, Geschenken und mehr.<\/p>","protected":false},"featured_media":5497,"comment_status":"open","ping_status":"closed","template":"","meta":{"_acf_changed":false,"content-type":"","_uag_custom_page_level_css":""},"product_brand":[],"product_cat":[225],"product_tag":[],"class_list":{"0":"post-5495","1":"product","2":"type-product","3":"status-publish","4":"has-post-thumbnail","6":"product_cat-paper-box","8":"first","9":"instock","10":"shipping-taxable","11":"product-type-simple"},"acf":[],"uagb_featured_image_src":{"full":["https:\/\/packcolorful.com\/wp-content\/uploads\/2026\/03\/ScreenShot_2026-03-27_154918_594.png",772,772,false],"thumbnail":["https:\/\/packcolorful.com\/wp-content\/uploads\/2026\/03\/ScreenShot_2026-03-27_154918_594.png",96,96,false],"medium":["https:\/\/packcolorful.com\/wp-content\/uploads\/2026\/03\/ScreenShot_2026-03-27_154918_594.png",772,772,false],"medium_large":["https:\/\/packcolorful.com\/wp-content\/uploads\/2026\/03\/ScreenShot_2026-03-27_154918_594-768x768.png",768,768,true],"large":["https:\/\/packcolorful.com\/wp-content\/uploads\/2026\/03\/ScreenShot_2026-03-27_154918_594.png",772,772,false],"1536x1536":["https:\/\/packcolorful.com\/wp-content\/uploads\/2026\/03\/ScreenShot_2026-03-27_154918_594.png",772,772,false],"2048x2048":["https:\/\/packcolorful.com\/wp-content\/uploads\/2026\/03\/ScreenShot_2026-03-27_154918_594.png",772,772,false],"trp-custom-language-flag":["https:\/\/packcolorful.com\/wp-content\/uploads\/2026\/03\/ScreenShot_2026-03-27_154918_594-12x12.png",12,12,true],"blog-large":["https:\/\/packcolorful.com\/wp-content\/uploads\/2026\/03\/ScreenShot_2026-03-27_154918_594-669x272.png",669,272,true],"blog-medium":["https:\/\/packcolorful.com\/wp-content\/uploads\/2026\/03\/ScreenShot_2026-03-27_154918_594-320x202.png",320,202,true],"recent-posts":["https:\/\/packcolorful.com\/wp-content\/uploads\/2026\/03\/ScreenShot_2026-03-27_154918_594-700x441.png",700,441,true],"recent-works-thumbnail":["https:\/\/packcolorful.com\/wp-content\/uploads\/2026\/03\/ScreenShot_2026-03-27_154918_594-66x66.png",66,66,true],"fusion-200":["https:\/\/packcolorful.com\/wp-content\/uploads\/2026\/03\/ScreenShot_2026-03-27_154918_594-200x200.png",200,200,true],"fusion-400":["https:\/\/packcolorful.com\/wp-content\/uploads\/2026\/03\/ScreenShot_2026-03-27_154918_594-400x400.png",400,400,true],"fusion-600":["https:\/\/packcolorful.com\/wp-content\/uploads\/2026\/03\/ScreenShot_2026-03-27_154918_594-600x600.png",600,600,true],"fusion-800":["https:\/\/packcolorful.com\/wp-content\/uploads\/2026\/03\/ScreenShot_2026-03-27_154918_594.png",772,772,false],"fusion-1200":["https:\/\/packcolorful.com\/wp-content\/uploads\/2026\/03\/ScreenShot_2026-03-27_154918_594.png",772,772,false],"portfolio-full":["https:\/\/packcolorful.com\/wp-content\/uploads\/2026\/03\/ScreenShot_2026-03-27_154918_594-772x400.png",772,400,true],"portfolio-one":["https:\/\/packcolorful.com\/wp-content\/uploads\/2026\/03\/ScreenShot_2026-03-27_154918_594-540x272.png",540,272,true],"portfolio-two":["https:\/\/packcolorful.com\/wp-content\/uploads\/2026\/03\/ScreenShot_2026-03-27_154918_594-460x295.png",460,295,true],"portfolio-three":["https:\/\/packcolorful.com\/wp-content\/uploads\/2026\/03\/ScreenShot_2026-03-27_154918_594-300x214.png",300,214,true],"portfolio-five":["https:\/\/packcolorful.com\/wp-content\/uploads\/2026\/03\/ScreenShot_2026-03-27_154918_594-177x142.png",177,142,true],"woocommerce_thumbnail":["https:\/\/packcolorful.com\/wp-content\/uploads\/2026\/03\/ScreenShot_2026-03-27_154918_594-500x500.png",500,500,true],"woocommerce_single":["https:\/\/packcolorful.com\/wp-content\/uploads\/2026\/03\/ScreenShot_2026-03-27_154918_594-700x700.png",700,700,true],"woocommerce_gallery_thumbnail":["https:\/\/packcolorful.com\/wp-content\/uploads\/2026\/03\/ScreenShot_2026-03-27_154918_594-200x200.png",200,200,true]},"uagb_author_info":{"display_name":"admin","author_link":"https:\/\/packcolorful.com\/de\/author\/"},"uagb_comment_info":0,"uagb_excerpt":"Custom cardboard drawer box\u00a0made from eco-friendly materials\u2014lightweight, printable, and fully customizable for packaging across food, cosmetics, apparel, gifts, and more.","_links":{"self":[{"href":"https:\/\/packcolorful.com\/de\/wp-json\/wp\/v2\/product\/5495","targetHints":{"allow":["GET"]}}],"collection":[{"href":"https:\/\/packcolorful.com\/de\/wp-json\/wp\/v2\/product"}],"about":[{"href":"https:\/\/packcolorful.com\/de\/wp-json\/wp\/v2\/types\/product"}],"replies":[{"embeddable":true,"href":"https:\/\/packcolorful.com\/de\/wp-json\/wp\/v2\/comments?post=5495"}],"wp:featuredmedia":[{"embeddable":true,"href":"https:\/\/packcolorful.com\/de\/wp-json\/wp\/v2\/media\/5497"}],"wp:attachment":[{"href":"https:\/\/packcolorful.com\/de\/wp-json\/wp\/v2\/media?parent=5495"}],"wp:term":[{"taxonomy":"product_brand","embeddable":true,"href":"https:\/\/packcolorful.com\/de\/wp-json\/wp\/v2\/product_brand?post=5495"},{"taxonomy":"product_cat","embeddable":true,"href":"https:\/\/packcolorful.com\/de\/wp-json\/wp\/v2\/product_cat?post=5495"},{"taxonomy":"product_tag","embeddable":true,"href":"https:\/\/packcolorful.com\/de\/wp-json\/wp\/v2\/product_tag?post=5495"}],"curies":[{"name":"wp","href":"https:\/\/api.w.org\/{rel}","templated":true}]}}