{"id":4831,"date":"2025-09-22T23:51:10","date_gmt":"2025-09-22T23:51:10","guid":{"rendered":"https:\/\/packcolorful.com\/?post_type=product&#038;p=4831"},"modified":"2025-10-09T23:56:35","modified_gmt":"2025-10-09T23:56:35","slug":"custom-rigid-foldable-boxes","status":"publish","type":"product","link":"https:\/\/packcolorful.com\/es\/producto\/custom-rigid-foldable-boxes\/","title":{"rendered":"Cajas r\u00edgidas plegables a medida"},"content":{"rendered":"<p data-start=\"416\" data-end=\"706\">Custom Rigid Foldable Boxes are the ideal packaging choice for luxury brands looking to elevate product presentation and reinforce brand identity. Made from thick, high-density paperboard and wrapped in coated or textured specialty paper, rigid boxes offer unmatched strength, structure, and elegance.<\/p>\n<p data-start=\"743\" data-end=\"1005\">Commonly used for cosmetics, perfumes, electronics, jewelry, apparel, and corporate gift sets, rigid boxes are available in a wide range of styles\u2014such as magnetic closure boxes, drawer boxes, book-style boxes, lid &amp; base (setup) boxes, and foldable rigid boxes.<\/p>\n<p data-start=\"1007\" data-end=\"1223\">We offer full customization of size, structure, materials, inserts (EVA, foam, silk, paperboard), and surface finishing options including foil stamping, embossing, debossing, spot UV, and ribbon or magnetic closures.<\/p>\n<p data-start=\"1225\" data-end=\"1460\">Whether for retail display, e-commerce delivery, or luxury gifting, our factory-direct rigid box solutions combine precision craftsmanship, low MOQ, and eco-conscious options to help your brand stand out in the premium packaging space.<\/p>\n<h3 data-start=\"898\" data-end=\"1184\">Custom Rigid Foldable Boxes Details\uff1a<\/h3>\n<table style=\"border-collapse: collapse; width: 100%;\">\n<tbody>\n<tr>\n<td style=\"width: 50%;\"><img decoding=\"async\" class=\"lazyload alignnone size-full wp-image-4796\" src=\"https:\/\/packcolorful.com\/wp-content\/uploads\/2025\/10\/O1CN01nybmey1kb6oQSUMI9_2212997874701-0-cib.jpg\" data-orig-src=\"https:\/\/packcolorful.com\/wp-content\/uploads\/2025\/10\/O1CN01nybmey1kb6oQSUMI9_2212997874701-0-cib.jpg\" alt=\"\" width=\"800\" height=\"800\" srcset=\"data:image\/svg+xml,%3Csvg%20xmlns%3D%27http%3A%2F%2Fwww.w3.org%2F2000%2Fsvg%27%20width%3D%27800%27%20height%3D%27800%27%20viewBox%3D%270%200%20800%20800%27%3E%3Crect%20width%3D%27800%27%20height%3D%27800%27%20fill-opacity%3D%220%22%2F%3E%3C%2Fsvg%3E\" data-srcset=\"https:\/\/packcolorful.com\/wp-content\/uploads\/2025\/10\/O1CN01nybmey1kb6oQSUMI9_2212997874701-0-cib-66x66.jpg 66w, https:\/\/packcolorful.com\/wp-content\/uploads\/2025\/10\/O1CN01nybmey1kb6oQSUMI9_2212997874701-0-cib-200x200.jpg 200w, https:\/\/packcolorful.com\/wp-content\/uploads\/2025\/10\/O1CN01nybmey1kb6oQSUMI9_2212997874701-0-cib-400x400.jpg 400w, https:\/\/packcolorful.com\/wp-content\/uploads\/2025\/10\/O1CN01nybmey1kb6oQSUMI9_2212997874701-0-cib-500x500.jpg 500w, https:\/\/packcolorful.com\/wp-content\/uploads\/2025\/10\/O1CN01nybmey1kb6oQSUMI9_2212997874701-0-cib-600x600.jpg 600w, https:\/\/packcolorful.com\/wp-content\/uploads\/2025\/10\/O1CN01nybmey1kb6oQSUMI9_2212997874701-0-cib-700x700.jpg 700w, https:\/\/packcolorful.com\/wp-content\/uploads\/2025\/10\/O1CN01nybmey1kb6oQSUMI9_2212997874701-0-cib-768x768.jpg 768w, https:\/\/packcolorful.com\/wp-content\/uploads\/2025\/10\/O1CN01nybmey1kb6oQSUMI9_2212997874701-0-cib.jpg 800w\" data-sizes=\"auto\" data-orig-sizes=\"(max-width: 800px) 100vw, 800px\" \/><\/td>\n<td style=\"width: 50%;\"><img decoding=\"async\" class=\"lazyload alignnone size-full wp-image-4797\" src=\"https:\/\/packcolorful.com\/wp-content\/uploads\/2025\/10\/O1CN01p256ym1kb6oTKBWhj_2212997874701-0-cib.jpg\" data-orig-src=\"https:\/\/packcolorful.com\/wp-content\/uploads\/2025\/10\/O1CN01p256ym1kb6oTKBWhj_2212997874701-0-cib.jpg\" alt=\"\" width=\"800\" height=\"800\" srcset=\"data:image\/svg+xml,%3Csvg%20xmlns%3D%27http%3A%2F%2Fwww.w3.org%2F2000%2Fsvg%27%20width%3D%27800%27%20height%3D%27800%27%20viewBox%3D%270%200%20800%20800%27%3E%3Crect%20width%3D%27800%27%20height%3D%27800%27%20fill-opacity%3D%220%22%2F%3E%3C%2Fsvg%3E\" data-srcset=\"https:\/\/packcolorful.com\/wp-content\/uploads\/2025\/10\/O1CN01p256ym1kb6oTKBWhj_2212997874701-0-cib-66x66.jpg 66w, https:\/\/packcolorful.com\/wp-content\/uploads\/2025\/10\/O1CN01p256ym1kb6oTKBWhj_2212997874701-0-cib-200x200.jpg 200w, https:\/\/packcolorful.com\/wp-content\/uploads\/2025\/10\/O1CN01p256ym1kb6oTKBWhj_2212997874701-0-cib-400x400.jpg 400w, https:\/\/packcolorful.com\/wp-content\/uploads\/2025\/10\/O1CN01p256ym1kb6oTKBWhj_2212997874701-0-cib-500x500.jpg 500w, https:\/\/packcolorful.com\/wp-content\/uploads\/2025\/10\/O1CN01p256ym1kb6oTKBWhj_2212997874701-0-cib-600x600.jpg 600w, https:\/\/packcolorful.com\/wp-content\/uploads\/2025\/10\/O1CN01p256ym1kb6oTKBWhj_2212997874701-0-cib-700x700.jpg 700w, https:\/\/packcolorful.com\/wp-content\/uploads\/2025\/10\/O1CN01p256ym1kb6oTKBWhj_2212997874701-0-cib-768x768.jpg 768w, https:\/\/packcolorful.com\/wp-content\/uploads\/2025\/10\/O1CN01p256ym1kb6oTKBWhj_2212997874701-0-cib.jpg 800w\" data-sizes=\"auto\" data-orig-sizes=\"(max-width: 800px) 100vw, 800px\" \/><\/td>\n<\/tr>\n<tr>\n<td style=\"width: 50%;\"><img decoding=\"async\" class=\"lazyload alignnone wp-image-4801 size-full\" src=\"https:\/\/packcolorful.com\/wp-content\/uploads\/2025\/10\/O1CN01yULNIW1kb6qdRsz7Q_2212997874701-0-cib.jpg\" data-orig-src=\"https:\/\/packcolorful.com\/wp-content\/uploads\/2025\/10\/O1CN01yULNIW1kb6qdRsz7Q_2212997874701-0-cib.jpg\" alt=\"Cajas r\u00edgidas plegables a medida\" width=\"800\" height=\"800\" srcset=\"data:image\/svg+xml,%3Csvg%20xmlns%3D%27http%3A%2F%2Fwww.w3.org%2F2000%2Fsvg%27%20width%3D%27800%27%20height%3D%27800%27%20viewBox%3D%270%200%20800%20800%27%3E%3Crect%20width%3D%27800%27%20height%3D%27800%27%20fill-opacity%3D%220%22%2F%3E%3C%2Fsvg%3E\" data-srcset=\"https:\/\/packcolorful.com\/wp-content\/uploads\/2025\/10\/O1CN01yULNIW1kb6qdRsz7Q_2212997874701-0-cib-66x66.jpg 66w, https:\/\/packcolorful.com\/wp-content\/uploads\/2025\/10\/O1CN01yULNIW1kb6qdRsz7Q_2212997874701-0-cib-200x200.jpg 200w, https:\/\/packcolorful.com\/wp-content\/uploads\/2025\/10\/O1CN01yULNIW1kb6qdRsz7Q_2212997874701-0-cib-400x400.jpg 400w, https:\/\/packcolorful.com\/wp-content\/uploads\/2025\/10\/O1CN01yULNIW1kb6qdRsz7Q_2212997874701-0-cib-500x500.jpg 500w, https:\/\/packcolorful.com\/wp-content\/uploads\/2025\/10\/O1CN01yULNIW1kb6qdRsz7Q_2212997874701-0-cib-600x600.jpg 600w, https:\/\/packcolorful.com\/wp-content\/uploads\/2025\/10\/O1CN01yULNIW1kb6qdRsz7Q_2212997874701-0-cib-700x700.jpg 700w, https:\/\/packcolorful.com\/wp-content\/uploads\/2025\/10\/O1CN01yULNIW1kb6qdRsz7Q_2212997874701-0-cib-768x768.jpg 768w, https:\/\/packcolorful.com\/wp-content\/uploads\/2025\/10\/O1CN01yULNIW1kb6qdRsz7Q_2212997874701-0-cib.jpg 800w\" data-sizes=\"auto\" data-orig-sizes=\"(max-width: 800px) 100vw, 800px\" \/><\/td>\n<td style=\"width: 50%;\"><img decoding=\"async\" class=\"lazyload alignnone size-full wp-image-4792\" src=\"https:\/\/packcolorful.com\/wp-content\/uploads\/2025\/10\/O1CN01Hn2AYS1kb6qX76oaQ_2212997874701-0-cib.jpg\" data-orig-src=\"https:\/\/packcolorful.com\/wp-content\/uploads\/2025\/10\/O1CN01Hn2AYS1kb6qX76oaQ_2212997874701-0-cib.jpg\" alt=\"\" width=\"800\" height=\"800\" srcset=\"data:image\/svg+xml,%3Csvg%20xmlns%3D%27http%3A%2F%2Fwww.w3.org%2F2000%2Fsvg%27%20width%3D%27800%27%20height%3D%27800%27%20viewBox%3D%270%200%20800%20800%27%3E%3Crect%20width%3D%27800%27%20height%3D%27800%27%20fill-opacity%3D%220%22%2F%3E%3C%2Fsvg%3E\" data-srcset=\"https:\/\/packcolorful.com\/wp-content\/uploads\/2025\/10\/O1CN01Hn2AYS1kb6qX76oaQ_2212997874701-0-cib-66x66.jpg 66w, https:\/\/packcolorful.com\/wp-content\/uploads\/2025\/10\/O1CN01Hn2AYS1kb6qX76oaQ_2212997874701-0-cib-200x200.jpg 200w, https:\/\/packcolorful.com\/wp-content\/uploads\/2025\/10\/O1CN01Hn2AYS1kb6qX76oaQ_2212997874701-0-cib-400x400.jpg 400w, https:\/\/packcolorful.com\/wp-content\/uploads\/2025\/10\/O1CN01Hn2AYS1kb6qX76oaQ_2212997874701-0-cib-500x500.jpg 500w, https:\/\/packcolorful.com\/wp-content\/uploads\/2025\/10\/O1CN01Hn2AYS1kb6qX76oaQ_2212997874701-0-cib-600x600.jpg 600w, https:\/\/packcolorful.com\/wp-content\/uploads\/2025\/10\/O1CN01Hn2AYS1kb6qX76oaQ_2212997874701-0-cib-700x700.jpg 700w, https:\/\/packcolorful.com\/wp-content\/uploads\/2025\/10\/O1CN01Hn2AYS1kb6qX76oaQ_2212997874701-0-cib-768x768.jpg 768w, https:\/\/packcolorful.com\/wp-content\/uploads\/2025\/10\/O1CN01Hn2AYS1kb6qX76oaQ_2212997874701-0-cib.jpg 800w\" data-sizes=\"auto\" data-orig-sizes=\"(max-width: 800px) 100vw, 800px\" \/><\/td>\n<\/tr>\n<\/tbody>\n<\/table>\n<div><\/div>\n<h2 class=\"magic-5\">Cajas r\u00edgidas plegables a medida<\/h2>\n<div><\/div>\n<div class=\"J_module\">\n<div class=\"ife-detail-decorate-table\">\n<table class=\"all magic-7\" style=\"border-style: solid; border-color: #b5b5b5;\" border=\"1px\">\n<tbody>\n<tr>\n<td colspan=\"1\" rowspan=\"1\">\n<div class=\"magic-8\">Nombre del producto<\/div>\n<\/td>\n<td colspan=\"1\" rowspan=\"1\">\n<div class=\"magic-9\">Caja r\u00edgida de lujo<\/div>\n<\/td>\n<\/tr>\n<tr>\n<td colspan=\"1\" rowspan=\"1\">\n<div class=\"magic-8\" data-spm-anchor-id=\"a2700.details-description.0.i2.65833qr73qr7ss\">Material de papel com\u00fan<\/div>\n<\/td>\n<td colspan=\"1\" rowspan=\"1\">\n<div class=\"magic-9\">Papel Cart\u00f3n, Papel Art\u00edstico, Papel Estucado, Papel Kraft, Cart\u00f3n Ondulado<\/div>\n<\/td>\n<\/tr>\n<tr>\n<td colspan=\"1\" rowspan=\"1\">\n<div class=\"magic-8\">Impresi\u00f3n<\/div>\n<\/td>\n<td colspan=\"1\" rowspan=\"1\">\n<div class=\"magic-9\">Impresi\u00f3n offset CMYK o Pantone, serigraf\u00eda o impresi\u00f3n offset UV<\/div>\n<\/td>\n<\/tr>\n<tr>\n<td colspan=\"1\" rowspan=\"1\">\n<div class=\"magic-8\">Talla<\/div>\n<\/td>\n<td colspan=\"1\" rowspan=\"1\">\n<div class=\"magic-9\">Tama\u00f1o personalizado seg\u00fan los requisitos del cliente<\/div>\n<\/td>\n<\/tr>\n<tr>\n<td colspan=\"1\" rowspan=\"1\">\n<div class=\"magic-8\">Manipulaci\u00f3n de la impresi\u00f3n<\/div>\n<\/td>\n<td colspan=\"1\" rowspan=\"1\">\n<div class=\"magic-9\">Gofrado o estampado en relieve, estampado en oro o seda, UV localizado, pel\u00edcula l\u00e1ser, laminado brillante o laminado mate<\/div>\n<\/td>\n<\/tr>\n<tr>\n<td colspan=\"1\" rowspan=\"1\">\n<div class=\"magic-8\">Accesorios<\/div>\n<\/td>\n<td colspan=\"1\" rowspan=\"1\">\n<div class=\"magic-9\">Cinta, Cart\u00f3n ondulado kraft, Cart\u00f3n ondulado separador<br \/>\n, Inserto divisor de cart\u00f3n, Inserto divisor r\u00edgido, Inserto de cart\u00f3n blanco, Inserto de bl\u00edster de PET, Inserto de EVA, Espuma de EPE<\/div>\n<\/td>\n<\/tr>\n<tr>\n<td colspan=\"1\" rowspan=\"1\">\n<div class=\"magic-8\">Formato de las ilustraciones<\/div>\n<\/td>\n<td colspan=\"1\" rowspan=\"1\">\n<div class=\"magic-9\">Formato AI, PDF, CDR, InDesign para dise\u00f1os personalizados<\/div>\n<\/td>\n<\/tr>\n<tr>\n<td colspan=\"1\" rowspan=\"1\">\n<div class=\"magic-8\">MOQ<\/div>\n<\/td>\n<td colspan=\"1\" rowspan=\"1\">\n<div class=\"magic-9\">300 UNIDADES<\/div>\n<\/td>\n<\/tr>\n<tr>\n<td colspan=\"1\" rowspan=\"1\">\n<div class=\"magic-8\">Tiempo de muestreo<\/div>\n<\/td>\n<td colspan=\"1\" rowspan=\"1\">\n<div class=\"magic-9\">1-5 d\u00edas laborables<\/div>\n<\/td>\n<\/tr>\n<tr>\n<td colspan=\"1\" rowspan=\"1\">\n<div class=\"magic-8\">Tiempo de producci\u00f3n<\/div>\n<\/td>\n<td colspan=\"1\" rowspan=\"1\">\n<div class=\"magic-9\">8-25 d\u00edas laborables<\/div>\n<\/td>\n<\/tr>\n<tr>\n<td colspan=\"1\" rowspan=\"1\">\n<div class=\"magic-8\">M\u00e9todo de env\u00edo<\/div>\n<\/td>\n<td colspan=\"1\" rowspan=\"1\">\n<div class=\"magic-9\">Por mar, aire y expreso<\/div>\n<\/td>\n<\/tr>\n<tr>\n<td colspan=\"1\" rowspan=\"1\">\n<div class=\"magic-8\">Embalaje<\/div>\n<\/td>\n<td colspan=\"1\" rowspan=\"1\">\n<div class=\"magic-9\" data-spm-anchor-id=\"a2700.details-description.0.i1.65833qr73qr7ss\">Bolsa de pl\u00e1stico, cart\u00f3n, pal\u00e9<\/div>\n<\/td>\n<\/tr>\n<\/tbody>\n<\/table>\n<\/div>\n<\/div>\n<p data-start=\"1462\" data-end=\"1479\"><strong data-start=\"1462\" data-end=\"1479\">Caracter\u00edsticas principales:<\/strong><\/p>\n<ul data-start=\"1480\" data-end=\"1786\">\n<li data-start=\"1480\" data-end=\"1537\">\n<p data-start=\"1482\" data-end=\"1537\">Sturdy and elegant construction for high-end products<\/p>\n<\/li>\n<li data-start=\"1538\" data-end=\"1589\">\n<p data-start=\"1540\" data-end=\"1589\">Wide range of box styles and opening mechanisms<\/p>\n<\/li>\n<li data-start=\"1590\" data-end=\"1643\">\n<p data-start=\"1592\" data-end=\"1643\">Custom inserts for product protection and display<\/p>\n<\/li>\n<li data-start=\"1644\" data-end=\"1684\">\n<p data-start=\"1646\" data-end=\"1684\">Premium finishes for luxury branding<\/p>\n<\/li>\n<li data-start=\"1685\" data-end=\"1737\">\n<p data-start=\"1687\" data-end=\"1737\">Recyclable and FSC-certified materials available<\/p>\n<\/li>\n<li data-start=\"1738\" data-end=\"1786\">\n<p data-start=\"1740\" data-end=\"1786\">Factory-direct service with low minimum orders<\/p>\n<\/li>\n<\/ul>\n<p>&nbsp;<\/p>","protected":false},"excerpt":{"rendered":"<p>Cajas r\u00edgidas de lujo dise\u00f1adas para envases de primera calidad, ideales para cosm\u00e9ticos, electr\u00f3nica, joyer\u00eda, ropa y sets de regalo. Totalmente personalizables y dise\u00f1adas para impresionar.<\/p>","protected":false},"featured_media":4796,"comment_status":"open","ping_status":"closed","template":"","meta":{"_acf_changed":false,"content-type":"","_uag_custom_page_level_css":""},"product_brand":[],"product_cat":[196],"product_tag":[],"class_list":{"0":"post-4831","1":"product","2":"type-product","3":"status-publish","4":"has-post-thumbnail","6":"product_cat-rigid-gift-box","8":"first","9":"instock","10":"shipping-taxable","11":"product-type-simple"},"acf":[],"uagb_featured_image_src":{"full":["https:\/\/packcolorful.com\/wp-content\/uploads\/2025\/10\/O1CN01nybmey1kb6oQSUMI9_2212997874701-0-cib.jpg",800,800,false],"thumbnail":["https:\/\/packcolorful.com\/wp-content\/uploads\/2025\/10\/O1CN01nybmey1kb6oQSUMI9_2212997874701-0-cib.jpg",96,96,false],"medium":["https:\/\/packcolorful.com\/wp-content\/uploads\/2025\/10\/O1CN01nybmey1kb6oQSUMI9_2212997874701-0-cib.jpg",800,800,false],"medium_large":["https:\/\/packcolorful.com\/wp-content\/uploads\/2025\/10\/O1CN01nybmey1kb6oQSUMI9_2212997874701-0-cib-768x768.jpg",768,768,true],"large":["https:\/\/packcolorful.com\/wp-content\/uploads\/2025\/10\/O1CN01nybmey1kb6oQSUMI9_2212997874701-0-cib.jpg",800,800,false],"1536x1536":["https:\/\/packcolorful.com\/wp-content\/uploads\/2025\/10\/O1CN01nybmey1kb6oQSUMI9_2212997874701-0-cib.jpg",800,800,false],"2048x2048":["https:\/\/packcolorful.com\/wp-content\/uploads\/2025\/10\/O1CN01nybmey1kb6oQSUMI9_2212997874701-0-cib.jpg",800,800,false],"trp-custom-language-flag":["https:\/\/packcolorful.com\/wp-content\/uploads\/2025\/10\/O1CN01nybmey1kb6oQSUMI9_2212997874701-0-cib.jpg",12,12,false],"blog-large":["https:\/\/packcolorful.com\/wp-content\/uploads\/2025\/10\/O1CN01nybmey1kb6oQSUMI9_2212997874701-0-cib-669x272.jpg",669,272,true],"blog-medium":["https:\/\/packcolorful.com\/wp-content\/uploads\/2025\/10\/O1CN01nybmey1kb6oQSUMI9_2212997874701-0-cib-320x202.jpg",320,202,true],"recent-posts":["https:\/\/packcolorful.com\/wp-content\/uploads\/2025\/10\/O1CN01nybmey1kb6oQSUMI9_2212997874701-0-cib-700x441.jpg",700,441,true],"recent-works-thumbnail":["https:\/\/packcolorful.com\/wp-content\/uploads\/2025\/10\/O1CN01nybmey1kb6oQSUMI9_2212997874701-0-cib-66x66.jpg",66,66,true],"fusion-200":["https:\/\/packcolorful.com\/wp-content\/uploads\/2025\/10\/O1CN01nybmey1kb6oQSUMI9_2212997874701-0-cib-200x200.jpg",200,200,true],"fusion-400":["https:\/\/packcolorful.com\/wp-content\/uploads\/2025\/10\/O1CN01nybmey1kb6oQSUMI9_2212997874701-0-cib-400x400.jpg",400,400,true],"fusion-600":["https:\/\/packcolorful.com\/wp-content\/uploads\/2025\/10\/O1CN01nybmey1kb6oQSUMI9_2212997874701-0-cib-600x600.jpg",600,600,true],"fusion-800":["https:\/\/packcolorful.com\/wp-content\/uploads\/2025\/10\/O1CN01nybmey1kb6oQSUMI9_2212997874701-0-cib.jpg",800,800,false],"fusion-1200":["https:\/\/packcolorful.com\/wp-content\/uploads\/2025\/10\/O1CN01nybmey1kb6oQSUMI9_2212997874701-0-cib.jpg",800,800,false],"portfolio-full":["https:\/\/packcolorful.com\/wp-content\/uploads\/2025\/10\/O1CN01nybmey1kb6oQSUMI9_2212997874701-0-cib-800x400.jpg",800,400,true],"portfolio-one":["https:\/\/packcolorful.com\/wp-content\/uploads\/2025\/10\/O1CN01nybmey1kb6oQSUMI9_2212997874701-0-cib-540x272.jpg",540,272,true],"portfolio-two":["https:\/\/packcolorful.com\/wp-content\/uploads\/2025\/10\/O1CN01nybmey1kb6oQSUMI9_2212997874701-0-cib-460x295.jpg",460,295,true],"portfolio-three":["https:\/\/packcolorful.com\/wp-content\/uploads\/2025\/10\/O1CN01nybmey1kb6oQSUMI9_2212997874701-0-cib-300x214.jpg",300,214,true],"portfolio-five":["https:\/\/packcolorful.com\/wp-content\/uploads\/2025\/10\/O1CN01nybmey1kb6oQSUMI9_2212997874701-0-cib-177x142.jpg",177,142,true],"woocommerce_thumbnail":["https:\/\/packcolorful.com\/wp-content\/uploads\/2025\/10\/O1CN01nybmey1kb6oQSUMI9_2212997874701-0-cib-500x500.jpg",500,500,true],"woocommerce_single":["https:\/\/packcolorful.com\/wp-content\/uploads\/2025\/10\/O1CN01nybmey1kb6oQSUMI9_2212997874701-0-cib-700x700.jpg",700,700,true],"woocommerce_gallery_thumbnail":["https:\/\/packcolorful.com\/wp-content\/uploads\/2025\/10\/O1CN01nybmey1kb6oQSUMI9_2212997874701-0-cib-200x200.jpg",200,200,true]},"uagb_author_info":{"display_name":"cuids@aliyun.com","author_link":"https:\/\/packcolorful.com\/es\/author\/"},"uagb_comment_info":0,"uagb_excerpt":"Luxury rigid boxes designed for premium packaging\u2014ideal for cosmetics, electronics, jewelry, apparel, and gift sets. Fully customizable and built to impress.","_links":{"self":[{"href":"https:\/\/packcolorful.com\/es\/wp-json\/wp\/v2\/product\/4831","targetHints":{"allow":["GET"]}}],"collection":[{"href":"https:\/\/packcolorful.com\/es\/wp-json\/wp\/v2\/product"}],"about":[{"href":"https:\/\/packcolorful.com\/es\/wp-json\/wp\/v2\/types\/product"}],"replies":[{"embeddable":true,"href":"https:\/\/packcolorful.com\/es\/wp-json\/wp\/v2\/comments?post=4831"}],"wp:featuredmedia":[{"embeddable":true,"href":"https:\/\/packcolorful.com\/es\/wp-json\/wp\/v2\/media\/4796"}],"wp:attachment":[{"href":"https:\/\/packcolorful.com\/es\/wp-json\/wp\/v2\/media?parent=4831"}],"wp:term":[{"taxonomy":"product_brand","embeddable":true,"href":"https:\/\/packcolorful.com\/es\/wp-json\/wp\/v2\/product_brand?post=4831"},{"taxonomy":"product_cat","embeddable":true,"href":"https:\/\/packcolorful.com\/es\/wp-json\/wp\/v2\/product_cat?post=4831"},{"taxonomy":"product_tag","embeddable":true,"href":"https:\/\/packcolorful.com\/es\/wp-json\/wp\/v2\/product_tag?post=4831"}],"curies":[{"name":"wp","href":"https:\/\/api.w.org\/{rel}","templated":true}]}}