{"id":5134,"date":"2025-11-20T09:29:15","date_gmt":"2025-11-20T09:29:15","guid":{"rendered":"https:\/\/packcolorful.com\/?post_type=product&#038;p=5134"},"modified":"2025-11-20T09:33:52","modified_gmt":"2025-11-20T09:33:52","slug":"white-rigid-boxes","status":"publish","type":"product","link":"https:\/\/packcolorful.com\/es\/producto\/white-rigid-boxes\/","title":{"rendered":"Cajas r\u00edgidas blancas"},"content":{"rendered":"<p data-start=\"416\" data-end=\"706\">Custom white rigid boxes are the perfect choice for brands seeking cost-effective, eco-friendly, and beautifully designed packaging solutions. Made from high-quality cardboard, kraft paper, or specialty paperboard, our boxes offer excellent printability and are widely used across industries including food, cosmetics, fashion, electronics, and giftware.<\/p>\n<p data-start=\"835\" data-end=\"1141\">Desde cajas de cart\u00f3n plegables hasta cajas de regalo de papel r\u00edgido, ofrecemos una gran variedad de estructuras, como cajas para meter, estilo caj\u00f3n, con cierre magn\u00e9tico, tipo almohada y mucho m\u00e1s. Todas las cajas de papel se pueden personalizar en tama\u00f1o, forma y acabado, incluido el estampado, el gofrado, el UV directo, el laminado mate\/brillante y los recortes para ventanas.<\/p>\n<p data-start=\"1143\" data-end=\"1397\">Tanto si necesita embalajes para productos peque\u00f1os como lujosas cajas de marca, nuestras cajas de papel combinan protecci\u00f3n y est\u00e9tica. Como proveedor directo de f\u00e1brica, ofrecemos MOQ bajos, muestreos r\u00e1pidos y env\u00edos internacionales para ayudarle a hacer realidad sus ideas de embalaje.<\/p>\n<h3 data-start=\"898\" data-end=\"1184\">Custom White Rigid Boxes Details\uff1a<\/h3>\n<table style=\"border-collapse: collapse; width: 100%;\">\n<tbody>\n<tr>\n<td style=\"width: 50%;\"><img decoding=\"async\" class=\"lazyload alignnone size-full wp-image-5113\" src=\"https:\/\/packcolorful.com\/wp-content\/uploads\/2025\/11\/38-scaled.jpg\" data-orig-src=\"https:\/\/packcolorful.com\/wp-content\/uploads\/2025\/11\/38-scaled.jpg\" alt=\"\" width=\"2560\" height=\"2560\" srcset=\"data:image\/svg+xml,%3Csvg%20xmlns%3D%27http%3A%2F%2Fwww.w3.org%2F2000%2Fsvg%27%20width%3D%272560%27%20height%3D%272560%27%20viewBox%3D%270%200%202560%202560%27%3E%3Crect%20width%3D%272560%27%20height%3D%272560%27%20fill-opacity%3D%220%22%2F%3E%3C%2Fsvg%3E\" data-srcset=\"https:\/\/packcolorful.com\/wp-content\/uploads\/2025\/11\/38-66x66.jpg 66w, https:\/\/packcolorful.com\/wp-content\/uploads\/2025\/11\/38-200x200.jpg 200w, https:\/\/packcolorful.com\/wp-content\/uploads\/2025\/11\/38-400x400.jpg 400w, https:\/\/packcolorful.com\/wp-content\/uploads\/2025\/11\/38-500x500.jpg 500w, https:\/\/packcolorful.com\/wp-content\/uploads\/2025\/11\/38-600x600.jpg 600w, https:\/\/packcolorful.com\/wp-content\/uploads\/2025\/11\/38-700x700.jpg 700w, https:\/\/packcolorful.com\/wp-content\/uploads\/2025\/11\/38-768x768.jpg 768w, https:\/\/packcolorful.com\/wp-content\/uploads\/2025\/11\/38-800x800.jpg 800w, https:\/\/packcolorful.com\/wp-content\/uploads\/2025\/11\/38-1024x1024.jpg 1024w, https:\/\/packcolorful.com\/wp-content\/uploads\/2025\/11\/38-1200x1200.jpg 1200w, https:\/\/packcolorful.com\/wp-content\/uploads\/2025\/11\/38-1536x1536.jpg 1536w, https:\/\/packcolorful.com\/wp-content\/uploads\/2025\/11\/38-scaled.jpg 2560w\" data-sizes=\"auto\" data-orig-sizes=\"(max-width: 2560px) 100vw, 2560px\" \/><\/td>\n<td style=\"width: 50%;\"><img decoding=\"async\" class=\"lazyload alignnone wp-image-5115 size-full\" src=\"https:\/\/packcolorful.com\/wp-content\/uploads\/2025\/11\/37.jpg\" data-orig-src=\"https:\/\/packcolorful.com\/wp-content\/uploads\/2025\/11\/37.jpg\" alt=\"Cajas r\u00edgidas blancas\" width=\"1300\" height=\"1300\" srcset=\"data:image\/svg+xml,%3Csvg%20xmlns%3D%27http%3A%2F%2Fwww.w3.org%2F2000%2Fsvg%27%20width%3D%271300%27%20height%3D%271300%27%20viewBox%3D%270%200%201300%201300%27%3E%3Crect%20width%3D%271300%27%20height%3D%271300%27%20fill-opacity%3D%220%22%2F%3E%3C%2Fsvg%3E\" data-srcset=\"https:\/\/packcolorful.com\/wp-content\/uploads\/2025\/11\/37-66x66.jpg 66w, https:\/\/packcolorful.com\/wp-content\/uploads\/2025\/11\/37-200x200.jpg 200w, https:\/\/packcolorful.com\/wp-content\/uploads\/2025\/11\/37-400x400.jpg 400w, https:\/\/packcolorful.com\/wp-content\/uploads\/2025\/11\/37-500x500.jpg 500w, https:\/\/packcolorful.com\/wp-content\/uploads\/2025\/11\/37-600x600.jpg 600w, https:\/\/packcolorful.com\/wp-content\/uploads\/2025\/11\/37-700x700.jpg 700w, https:\/\/packcolorful.com\/wp-content\/uploads\/2025\/11\/37-768x768.jpg 768w, https:\/\/packcolorful.com\/wp-content\/uploads\/2025\/11\/37-800x800.jpg 800w, https:\/\/packcolorful.com\/wp-content\/uploads\/2025\/11\/37-1024x1024.jpg 1024w, https:\/\/packcolorful.com\/wp-content\/uploads\/2025\/11\/37-1200x1200.jpg 1200w, https:\/\/packcolorful.com\/wp-content\/uploads\/2025\/11\/37.jpg 1300w\" data-sizes=\"auto\" data-orig-sizes=\"(max-width: 1300px) 100vw, 1300px\" \/><\/td>\n<\/tr>\n<tr>\n<td style=\"width: 50%;\"><img decoding=\"async\" class=\"lazyload alignnone size-full wp-image-5131\" src=\"https:\/\/packcolorful.com\/wp-content\/uploads\/2025\/11\/43.jpg\" data-orig-src=\"https:\/\/packcolorful.com\/wp-content\/uploads\/2025\/11\/43.jpg\" alt=\"\" width=\"1300\" height=\"1300\" srcset=\"data:image\/svg+xml,%3Csvg%20xmlns%3D%27http%3A%2F%2Fwww.w3.org%2F2000%2Fsvg%27%20width%3D%271300%27%20height%3D%271300%27%20viewBox%3D%270%200%201300%201300%27%3E%3Crect%20width%3D%271300%27%20height%3D%271300%27%20fill-opacity%3D%220%22%2F%3E%3C%2Fsvg%3E\" data-srcset=\"https:\/\/packcolorful.com\/wp-content\/uploads\/2025\/11\/43-66x66.jpg 66w, https:\/\/packcolorful.com\/wp-content\/uploads\/2025\/11\/43-200x200.jpg 200w, https:\/\/packcolorful.com\/wp-content\/uploads\/2025\/11\/43-400x400.jpg 400w, https:\/\/packcolorful.com\/wp-content\/uploads\/2025\/11\/43-500x500.jpg 500w, https:\/\/packcolorful.com\/wp-content\/uploads\/2025\/11\/43-600x600.jpg 600w, https:\/\/packcolorful.com\/wp-content\/uploads\/2025\/11\/43-700x700.jpg 700w, https:\/\/packcolorful.com\/wp-content\/uploads\/2025\/11\/43-768x768.jpg 768w, https:\/\/packcolorful.com\/wp-content\/uploads\/2025\/11\/43-800x800.jpg 800w, https:\/\/packcolorful.com\/wp-content\/uploads\/2025\/11\/43-1024x1024.jpg 1024w, https:\/\/packcolorful.com\/wp-content\/uploads\/2025\/11\/43-1200x1200.jpg 1200w, https:\/\/packcolorful.com\/wp-content\/uploads\/2025\/11\/43.jpg 1300w\" data-sizes=\"auto\" data-orig-sizes=\"(max-width: 1300px) 100vw, 1300px\" \/><\/td>\n<td style=\"width: 50%;\"><img decoding=\"async\" class=\"lazyload alignnone size-full wp-image-5116\" src=\"https:\/\/packcolorful.com\/wp-content\/uploads\/2025\/11\/39.jpg\" data-orig-src=\"https:\/\/packcolorful.com\/wp-content\/uploads\/2025\/11\/39.jpg\" alt=\"\" width=\"1300\" height=\"1300\" srcset=\"data:image\/svg+xml,%3Csvg%20xmlns%3D%27http%3A%2F%2Fwww.w3.org%2F2000%2Fsvg%27%20width%3D%271300%27%20height%3D%271300%27%20viewBox%3D%270%200%201300%201300%27%3E%3Crect%20width%3D%271300%27%20height%3D%271300%27%20fill-opacity%3D%220%22%2F%3E%3C%2Fsvg%3E\" data-srcset=\"https:\/\/packcolorful.com\/wp-content\/uploads\/2025\/11\/39-66x66.jpg 66w, https:\/\/packcolorful.com\/wp-content\/uploads\/2025\/11\/39-200x200.jpg 200w, https:\/\/packcolorful.com\/wp-content\/uploads\/2025\/11\/39-400x400.jpg 400w, https:\/\/packcolorful.com\/wp-content\/uploads\/2025\/11\/39-500x500.jpg 500w, https:\/\/packcolorful.com\/wp-content\/uploads\/2025\/11\/39-600x600.jpg 600w, https:\/\/packcolorful.com\/wp-content\/uploads\/2025\/11\/39-700x700.jpg 700w, https:\/\/packcolorful.com\/wp-content\/uploads\/2025\/11\/39-768x768.jpg 768w, https:\/\/packcolorful.com\/wp-content\/uploads\/2025\/11\/39-800x800.jpg 800w, https:\/\/packcolorful.com\/wp-content\/uploads\/2025\/11\/39-1024x1024.jpg 1024w, https:\/\/packcolorful.com\/wp-content\/uploads\/2025\/11\/39-1200x1200.jpg 1200w, https:\/\/packcolorful.com\/wp-content\/uploads\/2025\/11\/39.jpg 1300w\" data-sizes=\"auto\" data-orig-sizes=\"(max-width: 1300px) 100vw, 1300px\" \/><\/td>\n<\/tr>\n<\/tbody>\n<\/table>\n<div><\/div>\n<h2 class=\"magic-5\">Custom White Rigid Boxes<\/h2>\n<div><\/div>\n<div class=\"J_module\">\n<div class=\"ife-detail-decorate-table\">\n<table class=\"all magic-7\" style=\"border-style: solid; border-color: #b5b5b5;\" border=\"1px\">\n<tbody>\n<tr>\n<td colspan=\"1\" rowspan=\"1\">\n<div class=\"magic-8\">Nombre del producto<\/div>\n<\/td>\n<td colspan=\"1\" rowspan=\"1\">\n<div class=\"magic-9\">Custom White Rigid Boxes<\/div>\n<\/td>\n<\/tr>\n<tr>\n<td colspan=\"1\" rowspan=\"1\">\n<div class=\"magic-8\" data-spm-anchor-id=\"a2700.details-description.0.i2.65833qr73qr7ss\">Material de papel com\u00fan<\/div>\n<\/td>\n<td colspan=\"1\" rowspan=\"1\">\n<div class=\"magic-9\">Papel Cart\u00f3n, Papel Art\u00edstico, Papel Estucado, Papel Kraft, Cart\u00f3n Ondulado<\/div>\n<\/td>\n<\/tr>\n<tr>\n<td colspan=\"1\" rowspan=\"1\">\n<div class=\"magic-8\">Impresi\u00f3n<\/div>\n<\/td>\n<td colspan=\"1\" rowspan=\"1\">\n<div class=\"magic-9\">Impresi\u00f3n offset CMYK o Pantone, serigraf\u00eda o impresi\u00f3n offset UV<\/div>\n<\/td>\n<\/tr>\n<tr>\n<td colspan=\"1\" rowspan=\"1\">\n<div class=\"magic-8\">Talla<\/div>\n<\/td>\n<td colspan=\"1\" rowspan=\"1\">\n<div class=\"magic-9\">Tama\u00f1o personalizado seg\u00fan los requisitos del cliente<\/div>\n<\/td>\n<\/tr>\n<tr>\n<td colspan=\"1\" rowspan=\"1\">\n<div class=\"magic-8\">Manipulaci\u00f3n de la impresi\u00f3n<\/div>\n<\/td>\n<td colspan=\"1\" rowspan=\"1\">\n<div class=\"magic-9\">Gofrado o estampado en relieve, estampado en oro o seda, UV localizado, pel\u00edcula l\u00e1ser, laminado brillante o laminado mate<\/div>\n<\/td>\n<\/tr>\n<tr>\n<td colspan=\"1\" rowspan=\"1\">\n<div class=\"magic-8\">Accesorios<\/div>\n<\/td>\n<td colspan=\"1\" rowspan=\"1\">\n<div class=\"magic-9\">Cinta, Cart\u00f3n ondulado kraft, Cart\u00f3n ondulado separador<br \/>\n, Inserto divisor de cart\u00f3n, Inserto divisor r\u00edgido, Inserto de cart\u00f3n blanco, Inserto de bl\u00edster de PET, Inserto de EVA, Espuma de EPE<\/div>\n<\/td>\n<\/tr>\n<tr>\n<td colspan=\"1\" rowspan=\"1\">\n<div class=\"magic-8\">Formato de las ilustraciones<\/div>\n<\/td>\n<td colspan=\"1\" rowspan=\"1\">\n<div class=\"magic-9\">Formato AI, PDF, CDR, InDesign para dise\u00f1os personalizados<\/div>\n<\/td>\n<\/tr>\n<tr>\n<td colspan=\"1\" rowspan=\"1\">\n<div class=\"magic-8\">MOQ<\/div>\n<\/td>\n<td colspan=\"1\" rowspan=\"1\">\n<div class=\"magic-9\">300 UNIDADES<\/div>\n<\/td>\n<\/tr>\n<tr>\n<td colspan=\"1\" rowspan=\"1\">\n<div class=\"magic-8\">Tiempo de muestreo<\/div>\n<\/td>\n<td colspan=\"1\" rowspan=\"1\">\n<div class=\"magic-9\">1-5 d\u00edas laborables<\/div>\n<\/td>\n<\/tr>\n<tr>\n<td colspan=\"1\" rowspan=\"1\">\n<div class=\"magic-8\">Tiempo de producci\u00f3n<\/div>\n<\/td>\n<td colspan=\"1\" rowspan=\"1\">\n<div class=\"magic-9\">8-25 d\u00edas laborables<\/div>\n<\/td>\n<\/tr>\n<tr>\n<td colspan=\"1\" rowspan=\"1\">\n<div class=\"magic-8\">M\u00e9todo de env\u00edo<\/div>\n<\/td>\n<td colspan=\"1\" rowspan=\"1\">\n<div class=\"magic-9\">Por mar, aire y expreso<\/div>\n<\/td>\n<\/tr>\n<tr>\n<td colspan=\"1\" rowspan=\"1\">\n<div class=\"magic-8\">Embalaje<\/div>\n<\/td>\n<td colspan=\"1\" rowspan=\"1\">\n<div class=\"magic-9\" data-spm-anchor-id=\"a2700.details-description.0.i1.65833qr73qr7ss\">Bolsa de pl\u00e1stico, cart\u00f3n, pal\u00e9<\/div>\n<\/td>\n<\/tr>\n<\/tbody>\n<\/table>\n<\/div>\n<\/div>\n<p data-start=\"1399\" data-end=\"1416\"><strong data-start=\"1399\" data-end=\"1416\">Caracter\u00edsticas principales:<\/strong><\/p>\n<ul data-start=\"1417\" data-end=\"1703\">\n<li data-start=\"1417\" data-end=\"1484\">\n<p data-start=\"1419\" data-end=\"1484\">Materiales ecol\u00f3gicos y reciclables (disponibles con certificaci\u00f3n FSC)<\/p>\n<\/li>\n<li data-start=\"1485\" data-end=\"1535\">\n<p data-start=\"1487\" data-end=\"1535\">Impresi\u00f3n personalizada a todo color y opciones de acabado<\/p>\n<\/li>\n<li data-start=\"1536\" data-end=\"1577\">\n<p data-start=\"1538\" data-end=\"1577\">Amplia gama de estilos de cajas y cierres<\/p>\n<\/li>\n<li data-start=\"1578\" data-end=\"1645\">\n<p data-start=\"1580\" data-end=\"1645\">Ideal para envases de minoristas, regalos, exposici\u00f3n de productos y comercio electr\u00f3nico<\/p>\n<\/li>\n<li data-start=\"1646\" data-end=\"1703\">\n<p data-start=\"1648\" data-end=\"1703\">Precio directo de f\u00e1brica con MOQ bajo y plazo de entrega r\u00e1pido<\/p>\n<\/li>\n<\/ul>\n<p>&nbsp;<\/p>\n<p>&nbsp;<\/p>","protected":false},"excerpt":{"rendered":"<p>Cajas de papel personalizadas fabricadas con materiales ecol\u00f3gicos: ligeras, imprimibles y totalmente personalizables para envasar alimentos, cosm\u00e9ticos, ropa, regalos y mucho m\u00e1s.<\/p>","protected":false},"featured_media":5115,"comment_status":"open","ping_status":"closed","template":"","meta":{"_acf_changed":false,"content-type":"","_uag_custom_page_level_css":""},"product_brand":[],"product_cat":[196],"product_tag":[],"class_list":{"0":"post-5134","1":"product","2":"type-product","3":"status-publish","4":"has-post-thumbnail","6":"product_cat-rigid-gift-box","8":"first","9":"instock","10":"shipping-taxable","11":"product-type-simple"},"acf":[],"uagb_featured_image_src":{"full":["https:\/\/packcolorful.com\/wp-content\/uploads\/2025\/11\/37.jpg",1300,1300,false],"thumbnail":["https:\/\/packcolorful.com\/wp-content\/uploads\/2025\/11\/37.jpg",96,96,false],"medium":["https:\/\/packcolorful.com\/wp-content\/uploads\/2025\/11\/37.jpg",1300,1300,false],"medium_large":["https:\/\/packcolorful.com\/wp-content\/uploads\/2025\/11\/37-768x768.jpg",768,768,true],"large":["https:\/\/packcolorful.com\/wp-content\/uploads\/2025\/11\/37-1024x1024.jpg",1024,1024,true],"1536x1536":["https:\/\/packcolorful.com\/wp-content\/uploads\/2025\/11\/37.jpg",1300,1300,false],"2048x2048":["https:\/\/packcolorful.com\/wp-content\/uploads\/2025\/11\/37.jpg",1300,1300,false],"trp-custom-language-flag":["https:\/\/packcolorful.com\/wp-content\/uploads\/2025\/11\/37.jpg",12,12,false],"blog-large":["https:\/\/packcolorful.com\/wp-content\/uploads\/2025\/11\/37-669x272.jpg",669,272,true],"blog-medium":["https:\/\/packcolorful.com\/wp-content\/uploads\/2025\/11\/37-320x202.jpg",320,202,true],"recent-posts":["https:\/\/packcolorful.com\/wp-content\/uploads\/2025\/11\/37-700x441.jpg",700,441,true],"recent-works-thumbnail":["https:\/\/packcolorful.com\/wp-content\/uploads\/2025\/11\/37-66x66.jpg",66,66,true],"fusion-200":["https:\/\/packcolorful.com\/wp-content\/uploads\/2025\/11\/37-200x200.jpg",200,200,true],"fusion-400":["https:\/\/packcolorful.com\/wp-content\/uploads\/2025\/11\/37-400x400.jpg",400,400,true],"fusion-600":["https:\/\/packcolorful.com\/wp-content\/uploads\/2025\/11\/37-600x600.jpg",600,600,true],"fusion-800":["https:\/\/packcolorful.com\/wp-content\/uploads\/2025\/11\/37-800x800.jpg",800,800,true],"fusion-1200":["https:\/\/packcolorful.com\/wp-content\/uploads\/2025\/11\/37-1200x1200.jpg",1200,1200,true],"portfolio-full":["https:\/\/packcolorful.com\/wp-content\/uploads\/2025\/11\/37-940x400.jpg",940,400,true],"portfolio-one":["https:\/\/packcolorful.com\/wp-content\/uploads\/2025\/11\/37-540x272.jpg",540,272,true],"portfolio-two":["https:\/\/packcolorful.com\/wp-content\/uploads\/2025\/11\/37-460x295.jpg",460,295,true],"portfolio-three":["https:\/\/packcolorful.com\/wp-content\/uploads\/2025\/11\/37-300x214.jpg",300,214,true],"portfolio-five":["https:\/\/packcolorful.com\/wp-content\/uploads\/2025\/11\/37-177x142.jpg",177,142,true],"woocommerce_thumbnail":["https:\/\/packcolorful.com\/wp-content\/uploads\/2025\/11\/37-500x500.jpg",500,500,true],"woocommerce_single":["https:\/\/packcolorful.com\/wp-content\/uploads\/2025\/11\/37-700x700.jpg",700,700,true],"woocommerce_gallery_thumbnail":["https:\/\/packcolorful.com\/wp-content\/uploads\/2025\/11\/37-200x200.jpg",200,200,true]},"uagb_author_info":{"display_name":"admin","author_link":"https:\/\/packcolorful.com\/es\/author\/"},"uagb_comment_info":0,"uagb_excerpt":"Custom paper boxes made from eco-friendly materials\u2014lightweight, printable, and fully customizable for packaging across food, cosmetics, apparel, gifts, and more.","_links":{"self":[{"href":"https:\/\/packcolorful.com\/es\/wp-json\/wp\/v2\/product\/5134","targetHints":{"allow":["GET"]}}],"collection":[{"href":"https:\/\/packcolorful.com\/es\/wp-json\/wp\/v2\/product"}],"about":[{"href":"https:\/\/packcolorful.com\/es\/wp-json\/wp\/v2\/types\/product"}],"replies":[{"embeddable":true,"href":"https:\/\/packcolorful.com\/es\/wp-json\/wp\/v2\/comments?post=5134"}],"wp:featuredmedia":[{"embeddable":true,"href":"https:\/\/packcolorful.com\/es\/wp-json\/wp\/v2\/media\/5115"}],"wp:attachment":[{"href":"https:\/\/packcolorful.com\/es\/wp-json\/wp\/v2\/media?parent=5134"}],"wp:term":[{"taxonomy":"product_brand","embeddable":true,"href":"https:\/\/packcolorful.com\/es\/wp-json\/wp\/v2\/product_brand?post=5134"},{"taxonomy":"product_cat","embeddable":true,"href":"https:\/\/packcolorful.com\/es\/wp-json\/wp\/v2\/product_cat?post=5134"},{"taxonomy":"product_tag","embeddable":true,"href":"https:\/\/packcolorful.com\/es\/wp-json\/wp\/v2\/product_tag?post=5134"}],"curies":[{"name":"wp","href":"https:\/\/api.w.org\/{rel}","templated":true}]}}