{"id":5206,"date":"2025-11-25T05:56:27","date_gmt":"2025-11-25T05:56:27","guid":{"rendered":"https:\/\/packcolorful.com\/?post_type=product&#038;p=5206"},"modified":"2025-11-25T06:05:32","modified_gmt":"2025-11-25T06:05:32","slug":"custom-kraft-paper-boxes","status":"publish","type":"product","link":"https:\/\/packcolorful.com\/es\/producto\/custom-kraft-paper-boxes\/","title":{"rendered":"Cajas de papel kraft personalizadas"},"content":{"rendered":"<p data-start=\"416\" data-end=\"706\">Custom Kraft Paper Boxes are the perfect solution for brands that care about both packaging performance and environmental responsibility. Made from recyclable and biodegradable kraft paperboard, these boxes offer a natural brown finish that communicates authenticity, simplicity, and sustainability.<\/p>\n<p data-start=\"708\" data-end=\"934\">Available in a wide range of structures such as tuck-end, pillow, drawer, and folding styles, kraft boxes are ideal for eco-conscious packaging in food, skincare, handmade goods, clothing, coffee, candles, and gift industries.<\/p>\n<p data-start=\"936\" data-end=\"1287\">We offer full customization including die-cut windows, custom sizes, logo printing, inside printing, foil stamping, and handle options\u2014enhancing both functionality and shelf appeal. Whether you need minimalist packaging for organic products or rustic-style boxes for retail presentation, our kraft boxes can be tailored to match your brand&#8217;s identity.<\/p>\n<h3 data-start=\"898\" data-end=\"1184\">Custom Kraft Paper Boxes Details\uff1a<\/h3>\n<table style=\"border-collapse: collapse; width: 100%;\">\n<tbody>\n<tr>\n<td style=\"width: 50%;\"><img decoding=\"async\" class=\"lazyload alignnone wp-image-5191 size-full\" src=\"https:\/\/packcolorful.com\/wp-content\/uploads\/2025\/11\/20.jpg\" data-orig-src=\"https:\/\/packcolorful.com\/wp-content\/uploads\/2025\/11\/20.jpg\" alt=\"Cajas de papel kraft personalizadas\" width=\"1300\" height=\"1300\" srcset=\"data:image\/svg+xml,%3Csvg%20xmlns%3D%27http%3A%2F%2Fwww.w3.org%2F2000%2Fsvg%27%20width%3D%271300%27%20height%3D%271300%27%20viewBox%3D%270%200%201300%201300%27%3E%3Crect%20width%3D%271300%27%20height%3D%271300%27%20fill-opacity%3D%220%22%2F%3E%3C%2Fsvg%3E\" data-srcset=\"https:\/\/packcolorful.com\/wp-content\/uploads\/2025\/11\/20-66x66.jpg 66w, https:\/\/packcolorful.com\/wp-content\/uploads\/2025\/11\/20-200x200.jpg 200w, https:\/\/packcolorful.com\/wp-content\/uploads\/2025\/11\/20-400x400.jpg 400w, https:\/\/packcolorful.com\/wp-content\/uploads\/2025\/11\/20-500x500.jpg 500w, https:\/\/packcolorful.com\/wp-content\/uploads\/2025\/11\/20-600x600.jpg 600w, https:\/\/packcolorful.com\/wp-content\/uploads\/2025\/11\/20-700x700.jpg 700w, https:\/\/packcolorful.com\/wp-content\/uploads\/2025\/11\/20-768x768.jpg 768w, https:\/\/packcolorful.com\/wp-content\/uploads\/2025\/11\/20-800x800.jpg 800w, https:\/\/packcolorful.com\/wp-content\/uploads\/2025\/11\/20-1024x1024.jpg 1024w, https:\/\/packcolorful.com\/wp-content\/uploads\/2025\/11\/20-1200x1200.jpg 1200w, https:\/\/packcolorful.com\/wp-content\/uploads\/2025\/11\/20.jpg 1300w\" data-sizes=\"auto\" data-orig-sizes=\"(max-width: 1300px) 100vw, 1300px\" \/><\/td>\n<td style=\"width: 50%;\"><img decoding=\"async\" class=\"lazyload alignnone size-full wp-image-5192\" src=\"https:\/\/packcolorful.com\/wp-content\/uploads\/2025\/11\/21-scaled.jpg\" data-orig-src=\"https:\/\/packcolorful.com\/wp-content\/uploads\/2025\/11\/21-scaled.jpg\" alt=\"\" width=\"2560\" height=\"2560\" srcset=\"data:image\/svg+xml,%3Csvg%20xmlns%3D%27http%3A%2F%2Fwww.w3.org%2F2000%2Fsvg%27%20width%3D%272560%27%20height%3D%272560%27%20viewBox%3D%270%200%202560%202560%27%3E%3Crect%20width%3D%272560%27%20height%3D%272560%27%20fill-opacity%3D%220%22%2F%3E%3C%2Fsvg%3E\" data-srcset=\"https:\/\/packcolorful.com\/wp-content\/uploads\/2025\/11\/21-66x66.jpg 66w, https:\/\/packcolorful.com\/wp-content\/uploads\/2025\/11\/21-200x200.jpg 200w, https:\/\/packcolorful.com\/wp-content\/uploads\/2025\/11\/21-400x400.jpg 400w, https:\/\/packcolorful.com\/wp-content\/uploads\/2025\/11\/21-500x500.jpg 500w, https:\/\/packcolorful.com\/wp-content\/uploads\/2025\/11\/21-600x600.jpg 600w, https:\/\/packcolorful.com\/wp-content\/uploads\/2025\/11\/21-700x700.jpg 700w, https:\/\/packcolorful.com\/wp-content\/uploads\/2025\/11\/21-768x768.jpg 768w, https:\/\/packcolorful.com\/wp-content\/uploads\/2025\/11\/21-800x800.jpg 800w, https:\/\/packcolorful.com\/wp-content\/uploads\/2025\/11\/21-1024x1024.jpg 1024w, https:\/\/packcolorful.com\/wp-content\/uploads\/2025\/11\/21-1200x1200.jpg 1200w, https:\/\/packcolorful.com\/wp-content\/uploads\/2025\/11\/21-1536x1536.jpg 1536w, https:\/\/packcolorful.com\/wp-content\/uploads\/2025\/11\/21-scaled.jpg 2560w\" data-sizes=\"auto\" data-orig-sizes=\"(max-width: 2560px) 100vw, 2560px\" \/><\/td>\n<\/tr>\n<tr>\n<td style=\"width: 50%;\"><img decoding=\"async\" class=\"lazyload alignnone size-full wp-image-5186\" src=\"https:\/\/packcolorful.com\/wp-content\/uploads\/2025\/11\/22.jpg\" data-orig-src=\"https:\/\/packcolorful.com\/wp-content\/uploads\/2025\/11\/22.jpg\" alt=\"\" width=\"800\" height=\"800\" srcset=\"data:image\/svg+xml,%3Csvg%20xmlns%3D%27http%3A%2F%2Fwww.w3.org%2F2000%2Fsvg%27%20width%3D%27800%27%20height%3D%27800%27%20viewBox%3D%270%200%20800%20800%27%3E%3Crect%20width%3D%27800%27%20height%3D%27800%27%20fill-opacity%3D%220%22%2F%3E%3C%2Fsvg%3E\" data-srcset=\"https:\/\/packcolorful.com\/wp-content\/uploads\/2025\/11\/22-66x66.jpg 66w, https:\/\/packcolorful.com\/wp-content\/uploads\/2025\/11\/22-200x200.jpg 200w, https:\/\/packcolorful.com\/wp-content\/uploads\/2025\/11\/22-400x400.jpg 400w, https:\/\/packcolorful.com\/wp-content\/uploads\/2025\/11\/22-500x500.jpg 500w, https:\/\/packcolorful.com\/wp-content\/uploads\/2025\/11\/22-600x600.jpg 600w, https:\/\/packcolorful.com\/wp-content\/uploads\/2025\/11\/22-700x700.jpg 700w, https:\/\/packcolorful.com\/wp-content\/uploads\/2025\/11\/22-768x768.jpg 768w, https:\/\/packcolorful.com\/wp-content\/uploads\/2025\/11\/22.jpg 800w\" data-sizes=\"auto\" data-orig-sizes=\"(max-width: 800px) 100vw, 800px\" \/><\/td>\n<td style=\"width: 50%;\"><img decoding=\"async\" class=\"lazyload alignnone size-full wp-image-5185\" src=\"https:\/\/packcolorful.com\/wp-content\/uploads\/2025\/11\/23-1.jpg\" data-orig-src=\"https:\/\/packcolorful.com\/wp-content\/uploads\/2025\/11\/23-1.jpg\" alt=\"\" width=\"1300\" height=\"1300\" srcset=\"data:image\/svg+xml,%3Csvg%20xmlns%3D%27http%3A%2F%2Fwww.w3.org%2F2000%2Fsvg%27%20width%3D%271300%27%20height%3D%271300%27%20viewBox%3D%270%200%201300%201300%27%3E%3Crect%20width%3D%271300%27%20height%3D%271300%27%20fill-opacity%3D%220%22%2F%3E%3C%2Fsvg%3E\" data-srcset=\"https:\/\/packcolorful.com\/wp-content\/uploads\/2025\/11\/23-1-66x66.jpg 66w, https:\/\/packcolorful.com\/wp-content\/uploads\/2025\/11\/23-1-200x200.jpg 200w, https:\/\/packcolorful.com\/wp-content\/uploads\/2025\/11\/23-1-400x400.jpg 400w, https:\/\/packcolorful.com\/wp-content\/uploads\/2025\/11\/23-1-500x500.jpg 500w, https:\/\/packcolorful.com\/wp-content\/uploads\/2025\/11\/23-1-600x600.jpg 600w, https:\/\/packcolorful.com\/wp-content\/uploads\/2025\/11\/23-1-700x700.jpg 700w, https:\/\/packcolorful.com\/wp-content\/uploads\/2025\/11\/23-1-768x768.jpg 768w, https:\/\/packcolorful.com\/wp-content\/uploads\/2025\/11\/23-1-800x800.jpg 800w, https:\/\/packcolorful.com\/wp-content\/uploads\/2025\/11\/23-1-1024x1024.jpg 1024w, https:\/\/packcolorful.com\/wp-content\/uploads\/2025\/11\/23-1-1200x1200.jpg 1200w, https:\/\/packcolorful.com\/wp-content\/uploads\/2025\/11\/23-1.jpg 1300w\" data-sizes=\"auto\" data-orig-sizes=\"(max-width: 1300px) 100vw, 1300px\" \/><\/td>\n<\/tr>\n<\/tbody>\n<\/table>\n<div><\/div>\n<h2 class=\"magic-5\">Cajas de papel kraft personalizadas<\/h2>\n<div><\/div>\n<div class=\"J_module\">\n<div class=\"ife-detail-decorate-table\">\n<table class=\"all magic-7\" style=\"border-style: solid; border-color: #b5b5b5;\" border=\"1px\">\n<tbody>\n<tr>\n<td colspan=\"1\" rowspan=\"1\">\n<div class=\"magic-8\">Nombre del producto<\/div>\n<\/td>\n<td colspan=\"1\" rowspan=\"1\">\n<div class=\"magic-9\">Custom kraft boxes<\/div>\n<\/td>\n<\/tr>\n<tr>\n<td colspan=\"1\" rowspan=\"1\">\n<div class=\"magic-8\" data-spm-anchor-id=\"a2700.details-description.0.i2.65833qr73qr7ss\">Material de papel com\u00fan<\/div>\n<\/td>\n<td colspan=\"1\" rowspan=\"1\">\n<div class=\"magic-9\">Papel Cart\u00f3n, Papel Art\u00edstico, Papel Estucado, Papel Kraft, Cart\u00f3n Ondulado<\/div>\n<\/td>\n<\/tr>\n<tr>\n<td colspan=\"1\" rowspan=\"1\">\n<div class=\"magic-8\">Impresi\u00f3n<\/div>\n<\/td>\n<td colspan=\"1\" rowspan=\"1\">\n<div class=\"magic-9\">Impresi\u00f3n offset CMYK o Pantone, serigraf\u00eda o impresi\u00f3n offset UV<\/div>\n<\/td>\n<\/tr>\n<tr>\n<td colspan=\"1\" rowspan=\"1\">\n<div class=\"magic-8\">Talla<\/div>\n<\/td>\n<td colspan=\"1\" rowspan=\"1\">\n<div class=\"magic-9\">Tama\u00f1o personalizado seg\u00fan los requisitos del cliente<\/div>\n<\/td>\n<\/tr>\n<tr>\n<td colspan=\"1\" rowspan=\"1\">\n<div class=\"magic-8\">Manipulaci\u00f3n de la impresi\u00f3n<\/div>\n<\/td>\n<td colspan=\"1\" rowspan=\"1\">\n<div class=\"magic-9\">Gofrado o estampado en relieve, estampado en oro o seda, UV localizado, pel\u00edcula l\u00e1ser, laminado brillante o laminado mate<\/div>\n<\/td>\n<\/tr>\n<tr>\n<td colspan=\"1\" rowspan=\"1\">\n<div class=\"magic-8\">Accesorios<\/div>\n<\/td>\n<td colspan=\"1\" rowspan=\"1\">\n<div class=\"magic-9\">Cinta, Cart\u00f3n ondulado kraft, Cart\u00f3n ondulado separador<br \/>\n, Inserto divisor de cart\u00f3n, Inserto divisor r\u00edgido, Inserto de cart\u00f3n blanco, Inserto de bl\u00edster de PET, Inserto de EVA, Espuma de EPE<\/div>\n<\/td>\n<\/tr>\n<tr>\n<td colspan=\"1\" rowspan=\"1\">\n<div class=\"magic-8\">Formato de las ilustraciones<\/div>\n<\/td>\n<td colspan=\"1\" rowspan=\"1\">\n<div class=\"magic-9\">Formato AI, PDF, CDR, InDesign para dise\u00f1os personalizados<\/div>\n<\/td>\n<\/tr>\n<tr>\n<td colspan=\"1\" rowspan=\"1\">\n<div class=\"magic-8\">MOQ<\/div>\n<\/td>\n<td colspan=\"1\" rowspan=\"1\">\n<div class=\"magic-9\">300 UNIDADES<\/div>\n<\/td>\n<\/tr>\n<tr>\n<td colspan=\"1\" rowspan=\"1\">\n<div class=\"magic-8\">Tiempo de muestreo<\/div>\n<\/td>\n<td colspan=\"1\" rowspan=\"1\">\n<div class=\"magic-9\">1-5 d\u00edas laborables<\/div>\n<\/td>\n<\/tr>\n<tr>\n<td colspan=\"1\" rowspan=\"1\">\n<div class=\"magic-8\">Tiempo de producci\u00f3n<\/div>\n<\/td>\n<td colspan=\"1\" rowspan=\"1\">\n<div class=\"magic-9\">8-25 d\u00edas laborables<\/div>\n<\/td>\n<\/tr>\n<tr>\n<td colspan=\"1\" rowspan=\"1\">\n<div class=\"magic-8\">M\u00e9todo de env\u00edo<\/div>\n<\/td>\n<td colspan=\"1\" rowspan=\"1\">\n<div class=\"magic-9\">Por mar, aire y expreso<\/div>\n<\/td>\n<\/tr>\n<tr>\n<td colspan=\"1\" rowspan=\"1\">\n<div class=\"magic-8\">Embalaje<\/div>\n<\/td>\n<td colspan=\"1\" rowspan=\"1\">\n<div class=\"magic-9\" data-spm-anchor-id=\"a2700.details-description.0.i1.65833qr73qr7ss\">Bolsa de pl\u00e1stico, cart\u00f3n, pal\u00e9<\/div>\n<\/td>\n<\/tr>\n<\/tbody>\n<\/table>\n<\/div>\n<\/div>\n<p data-start=\"1317\" data-end=\"1440\"><strong data-start=\"1317\" data-end=\"1334\">Aplicaciones:<\/strong><br data-start=\"1334\" data-end=\"1337\" \/>E-commerce packaging, subscription boxes, influencer PR kits, custom gift boxes, small product shipping<\/p>\n<p data-start=\"1289\" data-end=\"1306\"><strong data-start=\"1289\" data-end=\"1306\">Custom Kraft Paper Boxes Key Features:<\/strong><\/p>\n<ul data-start=\"1307\" data-end=\"1565\">\n<li data-start=\"1307\" data-end=\"1361\">\n<p data-start=\"1309\" data-end=\"1361\">Made from FSC-certified and recyclable kraft paper<\/p>\n<\/li>\n<li data-start=\"1362\" data-end=\"1405\">\n<p data-start=\"1364\" data-end=\"1405\">Strong, lightweight, and cost-effective<\/p>\n<\/li>\n<li data-start=\"1406\" data-end=\"1444\">\n<p data-start=\"1408\" data-end=\"1444\">Tama\u00f1os, formas e impresi\u00f3n personalizados<\/p>\n<\/li>\n<li data-start=\"1445\" data-end=\"1508\">\n<p data-start=\"1447\" data-end=\"1508\">Ideal for eco-friendly product lines and sustainable brands<\/p>\n<\/li>\n<li data-start=\"1509\" data-end=\"1565\">\n<p data-start=\"1511\" data-end=\"1565\">Factory-direct service with low MOQ and fast lead time<\/p>\n<\/li>\n<\/ul>\n<hr data-start=\"1567\" data-end=\"1570\" \/>\n<p>&nbsp;<\/p>","protected":false},"excerpt":{"rendered":"<p>Cajas kraft ecol\u00f3gicas fabricadas con cart\u00f3n reciclado, ideales para el envasado sostenible en los sectores de la alimentaci\u00f3n, la cosm\u00e9tica, la confecci\u00f3n y el regalo.<\/p>","protected":false},"featured_media":5191,"comment_status":"open","ping_status":"closed","template":"","meta":{"_acf_changed":false,"content-type":"","_uag_custom_page_level_css":""},"product_brand":[],"product_cat":[202],"product_tag":[],"class_list":{"0":"post-5206","1":"product","2":"type-product","3":"status-publish","4":"has-post-thumbnail","6":"product_cat-kraft-box","8":"first","9":"instock","10":"shipping-taxable","11":"product-type-simple"},"acf":[],"uagb_featured_image_src":{"full":["https:\/\/packcolorful.com\/wp-content\/uploads\/2025\/11\/20.jpg",1300,1300,false],"thumbnail":["https:\/\/packcolorful.com\/wp-content\/uploads\/2025\/11\/20.jpg",96,96,false],"medium":["https:\/\/packcolorful.com\/wp-content\/uploads\/2025\/11\/20.jpg",1300,1300,false],"medium_large":["https:\/\/packcolorful.com\/wp-content\/uploads\/2025\/11\/20-768x768.jpg",768,768,true],"large":["https:\/\/packcolorful.com\/wp-content\/uploads\/2025\/11\/20-1024x1024.jpg",1024,1024,true],"1536x1536":["https:\/\/packcolorful.com\/wp-content\/uploads\/2025\/11\/20.jpg",1300,1300,false],"2048x2048":["https:\/\/packcolorful.com\/wp-content\/uploads\/2025\/11\/20.jpg",1300,1300,false],"trp-custom-language-flag":["https:\/\/packcolorful.com\/wp-content\/uploads\/2025\/11\/20.jpg",12,12,false],"blog-large":["https:\/\/packcolorful.com\/wp-content\/uploads\/2025\/11\/20-669x272.jpg",669,272,true],"blog-medium":["https:\/\/packcolorful.com\/wp-content\/uploads\/2025\/11\/20-320x202.jpg",320,202,true],"recent-posts":["https:\/\/packcolorful.com\/wp-content\/uploads\/2025\/11\/20-700x441.jpg",700,441,true],"recent-works-thumbnail":["https:\/\/packcolorful.com\/wp-content\/uploads\/2025\/11\/20-66x66.jpg",66,66,true],"fusion-200":["https:\/\/packcolorful.com\/wp-content\/uploads\/2025\/11\/20-200x200.jpg",200,200,true],"fusion-400":["https:\/\/packcolorful.com\/wp-content\/uploads\/2025\/11\/20-400x400.jpg",400,400,true],"fusion-600":["https:\/\/packcolorful.com\/wp-content\/uploads\/2025\/11\/20-600x600.jpg",600,600,true],"fusion-800":["https:\/\/packcolorful.com\/wp-content\/uploads\/2025\/11\/20-800x800.jpg",800,800,true],"fusion-1200":["https:\/\/packcolorful.com\/wp-content\/uploads\/2025\/11\/20-1200x1200.jpg",1200,1200,true],"portfolio-full":["https:\/\/packcolorful.com\/wp-content\/uploads\/2025\/11\/20-940x400.jpg",940,400,true],"portfolio-one":["https:\/\/packcolorful.com\/wp-content\/uploads\/2025\/11\/20-540x272.jpg",540,272,true],"portfolio-two":["https:\/\/packcolorful.com\/wp-content\/uploads\/2025\/11\/20-460x295.jpg",460,295,true],"portfolio-three":["https:\/\/packcolorful.com\/wp-content\/uploads\/2025\/11\/20-300x214.jpg",300,214,true],"portfolio-five":["https:\/\/packcolorful.com\/wp-content\/uploads\/2025\/11\/20-177x142.jpg",177,142,true],"woocommerce_thumbnail":["https:\/\/packcolorful.com\/wp-content\/uploads\/2025\/11\/20-500x500.jpg",500,500,true],"woocommerce_single":["https:\/\/packcolorful.com\/wp-content\/uploads\/2025\/11\/20-700x700.jpg",700,700,true],"woocommerce_gallery_thumbnail":["https:\/\/packcolorful.com\/wp-content\/uploads\/2025\/11\/20-200x200.jpg",200,200,true]},"uagb_author_info":{"display_name":"admin","author_link":"https:\/\/packcolorful.com\/es\/author\/"},"uagb_comment_info":0,"uagb_excerpt":"Eco-friendly kraft boxes made from recycled paperboard\u2014ideal for sustainable packaging across food, cosmetics, apparel, and gift industries.","_links":{"self":[{"href":"https:\/\/packcolorful.com\/es\/wp-json\/wp\/v2\/product\/5206","targetHints":{"allow":["GET"]}}],"collection":[{"href":"https:\/\/packcolorful.com\/es\/wp-json\/wp\/v2\/product"}],"about":[{"href":"https:\/\/packcolorful.com\/es\/wp-json\/wp\/v2\/types\/product"}],"replies":[{"embeddable":true,"href":"https:\/\/packcolorful.com\/es\/wp-json\/wp\/v2\/comments?post=5206"}],"wp:featuredmedia":[{"embeddable":true,"href":"https:\/\/packcolorful.com\/es\/wp-json\/wp\/v2\/media\/5191"}],"wp:attachment":[{"href":"https:\/\/packcolorful.com\/es\/wp-json\/wp\/v2\/media?parent=5206"}],"wp:term":[{"taxonomy":"product_brand","embeddable":true,"href":"https:\/\/packcolorful.com\/es\/wp-json\/wp\/v2\/product_brand?post=5206"},{"taxonomy":"product_cat","embeddable":true,"href":"https:\/\/packcolorful.com\/es\/wp-json\/wp\/v2\/product_cat?post=5206"},{"taxonomy":"product_tag","embeddable":true,"href":"https:\/\/packcolorful.com\/es\/wp-json\/wp\/v2\/product_tag?post=5206"}],"curies":[{"name":"wp","href":"https:\/\/api.w.org\/{rel}","templated":true}]}}