{"id":5285,"date":"2025-12-13T05:22:04","date_gmt":"2025-12-13T05:22:04","guid":{"rendered":"https:\/\/packcolorful.com\/?post_type=product&#038;p=5285"},"modified":"2026-03-18T05:26:21","modified_gmt":"2026-03-18T05:26:21","slug":"custom-black-kraft-box","status":"publish","type":"product","link":"https:\/\/packcolorful.com\/es\/producto\/custom-black-kraft-box\/","title":{"rendered":"Caja kraft negra personalizada"},"content":{"rendered":"<p data-start=\"416\" data-end=\"706\">Custom Black Kraft Box is the perfect solution for brands that care about both packaging performance and environmental responsibility. Made from recyclable and biodegradable kraft paperboard, these boxes offer a natural brown finish that communicates authenticity, simplicity, and sustainability.<\/p>\n<p data-start=\"708\" data-end=\"934\">Las cajas kraft, disponibles en una amplia gama de estructuras, como los estilos tuck-end, almohada, caj\u00f3n y plegable, son ideales para el envasado ecol\u00f3gico en los sectores de la alimentaci\u00f3n, el cuidado de la piel, los productos artesanales, la ropa, el caf\u00e9, las velas y los regalos.<\/p>\n<p data-start=\"936\" data-end=\"1287\">Ofrecemos una personalizaci\u00f3n completa que incluye ventanas troqueladas, tama\u00f1os personalizados, impresi\u00f3n de logotipos, impresi\u00f3n interior, estampado en l\u00e1mina y opciones de asas, lo que mejora tanto la funcionalidad como el atractivo en las estanter\u00edas. Tanto si necesita un envase minimalista para productos ecol\u00f3gicos como cajas de estilo r\u00fastico para la presentaci\u00f3n minorista, nuestras cajas kraft pueden adaptarse a la identidad de su marca.<\/p>\n<h3 data-start=\"898\" data-end=\"1184\">Custom Black Kraft Box Details\uff1a<\/h3>\n<table style=\"border-collapse: collapse; width: 100%;\">\n<tbody>\n<tr>\n<td style=\"width: 50%;\"><img decoding=\"async\" class=\"lazyload alignnone wp-image-5274 size-full\" src=\"https:\/\/packcolorful.com\/wp-content\/uploads\/2026\/03\/\u5fae\u4fe1\u56fe\u7247_20251125105135_15_5.jpg\" data-orig-src=\"https:\/\/packcolorful.com\/wp-content\/uploads\/2026\/03\/\u5fae\u4fe1\u56fe\u7247_20251125105135_15_5.jpg\" alt=\"Caja kraft negra personalizada\" width=\"798\" height=\"798\" srcset=\"data:image\/svg+xml,%3Csvg%20xmlns%3D%27http%3A%2F%2Fwww.w3.org%2F2000%2Fsvg%27%20width%3D%27798%27%20height%3D%27798%27%20viewBox%3D%270%200%20798%20798%27%3E%3Crect%20width%3D%27798%27%20height%3D%27798%27%20fill-opacity%3D%220%22%2F%3E%3C%2Fsvg%3E\" data-srcset=\"https:\/\/packcolorful.com\/wp-content\/uploads\/2026\/03\/\u5fae\u4fe1\u56fe\u7247_20251125105135_15_5-12x12.jpg 12w, https:\/\/packcolorful.com\/wp-content\/uploads\/2026\/03\/\u5fae\u4fe1\u56fe\u7247_20251125105135_15_5-66x66.jpg 66w, https:\/\/packcolorful.com\/wp-content\/uploads\/2026\/03\/\u5fae\u4fe1\u56fe\u7247_20251125105135_15_5-200x200.jpg 200w, https:\/\/packcolorful.com\/wp-content\/uploads\/2026\/03\/\u5fae\u4fe1\u56fe\u7247_20251125105135_15_5-400x400.jpg 400w, https:\/\/packcolorful.com\/wp-content\/uploads\/2026\/03\/\u5fae\u4fe1\u56fe\u7247_20251125105135_15_5-500x500.jpg 500w, https:\/\/packcolorful.com\/wp-content\/uploads\/2026\/03\/\u5fae\u4fe1\u56fe\u7247_20251125105135_15_5-600x600.jpg 600w, https:\/\/packcolorful.com\/wp-content\/uploads\/2026\/03\/\u5fae\u4fe1\u56fe\u7247_20251125105135_15_5-700x700.jpg 700w, https:\/\/packcolorful.com\/wp-content\/uploads\/2026\/03\/\u5fae\u4fe1\u56fe\u7247_20251125105135_15_5-768x768.jpg 768w, https:\/\/packcolorful.com\/wp-content\/uploads\/2026\/03\/\u5fae\u4fe1\u56fe\u7247_20251125105135_15_5.jpg 798w\" data-sizes=\"auto\" data-orig-sizes=\"(max-width: 798px) 100vw, 798px\" \/><\/td>\n<td style=\"width: 50%;\"><img decoding=\"async\" class=\"lazyload alignnone size-full wp-image-5276\" src=\"https:\/\/packcolorful.com\/wp-content\/uploads\/2026\/03\/\u5fae\u4fe1\u56fe\u7247_20251125105133_13_5.jpg\" data-orig-src=\"https:\/\/packcolorful.com\/wp-content\/uploads\/2026\/03\/\u5fae\u4fe1\u56fe\u7247_20251125105133_13_5.jpg\" alt=\"\" width=\"864\" height=\"864\" srcset=\"data:image\/svg+xml,%3Csvg%20xmlns%3D%27http%3A%2F%2Fwww.w3.org%2F2000%2Fsvg%27%20width%3D%27864%27%20height%3D%27864%27%20viewBox%3D%270%200%20864%20864%27%3E%3Crect%20width%3D%27864%27%20height%3D%27864%27%20fill-opacity%3D%220%22%2F%3E%3C%2Fsvg%3E\" data-srcset=\"https:\/\/packcolorful.com\/wp-content\/uploads\/2026\/03\/\u5fae\u4fe1\u56fe\u7247_20251125105133_13_5-12x12.jpg 12w, https:\/\/packcolorful.com\/wp-content\/uploads\/2026\/03\/\u5fae\u4fe1\u56fe\u7247_20251125105133_13_5-66x66.jpg 66w, https:\/\/packcolorful.com\/wp-content\/uploads\/2026\/03\/\u5fae\u4fe1\u56fe\u7247_20251125105133_13_5-200x200.jpg 200w, https:\/\/packcolorful.com\/wp-content\/uploads\/2026\/03\/\u5fae\u4fe1\u56fe\u7247_20251125105133_13_5-400x400.jpg 400w, https:\/\/packcolorful.com\/wp-content\/uploads\/2026\/03\/\u5fae\u4fe1\u56fe\u7247_20251125105133_13_5-500x500.jpg 500w, https:\/\/packcolorful.com\/wp-content\/uploads\/2026\/03\/\u5fae\u4fe1\u56fe\u7247_20251125105133_13_5-600x600.jpg 600w, https:\/\/packcolorful.com\/wp-content\/uploads\/2026\/03\/\u5fae\u4fe1\u56fe\u7247_20251125105133_13_5-700x700.jpg 700w, https:\/\/packcolorful.com\/wp-content\/uploads\/2026\/03\/\u5fae\u4fe1\u56fe\u7247_20251125105133_13_5-768x768.jpg 768w, https:\/\/packcolorful.com\/wp-content\/uploads\/2026\/03\/\u5fae\u4fe1\u56fe\u7247_20251125105133_13_5-800x800.jpg 800w, https:\/\/packcolorful.com\/wp-content\/uploads\/2026\/03\/\u5fae\u4fe1\u56fe\u7247_20251125105133_13_5.jpg 864w\" data-sizes=\"auto\" data-orig-sizes=\"(max-width: 864px) 100vw, 864px\" \/><\/td>\n<\/tr>\n<tr>\n<td style=\"width: 50%;\"><img decoding=\"async\" class=\"lazyload alignnone size-full wp-image-5275\" src=\"https:\/\/packcolorful.com\/wp-content\/uploads\/2026\/03\/\u5fae\u4fe1\u56fe\u7247_20251125105134_14_5.jpg\" data-orig-src=\"https:\/\/packcolorful.com\/wp-content\/uploads\/2026\/03\/\u5fae\u4fe1\u56fe\u7247_20251125105134_14_5.jpg\" alt=\"\" width=\"808\" height=\"808\" srcset=\"data:image\/svg+xml,%3Csvg%20xmlns%3D%27http%3A%2F%2Fwww.w3.org%2F2000%2Fsvg%27%20width%3D%27808%27%20height%3D%27808%27%20viewBox%3D%270%200%20808%20808%27%3E%3Crect%20width%3D%27808%27%20height%3D%27808%27%20fill-opacity%3D%220%22%2F%3E%3C%2Fsvg%3E\" data-srcset=\"https:\/\/packcolorful.com\/wp-content\/uploads\/2026\/03\/\u5fae\u4fe1\u56fe\u7247_20251125105134_14_5-12x12.jpg 12w, https:\/\/packcolorful.com\/wp-content\/uploads\/2026\/03\/\u5fae\u4fe1\u56fe\u7247_20251125105134_14_5-66x66.jpg 66w, https:\/\/packcolorful.com\/wp-content\/uploads\/2026\/03\/\u5fae\u4fe1\u56fe\u7247_20251125105134_14_5-200x200.jpg 200w, https:\/\/packcolorful.com\/wp-content\/uploads\/2026\/03\/\u5fae\u4fe1\u56fe\u7247_20251125105134_14_5-400x400.jpg 400w, https:\/\/packcolorful.com\/wp-content\/uploads\/2026\/03\/\u5fae\u4fe1\u56fe\u7247_20251125105134_14_5-500x500.jpg 500w, https:\/\/packcolorful.com\/wp-content\/uploads\/2026\/03\/\u5fae\u4fe1\u56fe\u7247_20251125105134_14_5-600x600.jpg 600w, https:\/\/packcolorful.com\/wp-content\/uploads\/2026\/03\/\u5fae\u4fe1\u56fe\u7247_20251125105134_14_5-700x700.jpg 700w, https:\/\/packcolorful.com\/wp-content\/uploads\/2026\/03\/\u5fae\u4fe1\u56fe\u7247_20251125105134_14_5-768x768.jpg 768w, https:\/\/packcolorful.com\/wp-content\/uploads\/2026\/03\/\u5fae\u4fe1\u56fe\u7247_20251125105134_14_5-800x800.jpg 800w, https:\/\/packcolorful.com\/wp-content\/uploads\/2026\/03\/\u5fae\u4fe1\u56fe\u7247_20251125105134_14_5.jpg 808w\" data-sizes=\"auto\" data-orig-sizes=\"(max-width: 808px) 100vw, 808px\" \/><\/td>\n<td style=\"width: 50%;\"><img decoding=\"async\" class=\"lazyload alignnone size-full wp-image-5275\" src=\"https:\/\/packcolorful.com\/wp-content\/uploads\/2026\/03\/\u5fae\u4fe1\u56fe\u7247_20251125105134_14_5.jpg\" data-orig-src=\"https:\/\/packcolorful.com\/wp-content\/uploads\/2026\/03\/\u5fae\u4fe1\u56fe\u7247_20251125105134_14_5.jpg\" alt=\"\" width=\"808\" height=\"808\" srcset=\"data:image\/svg+xml,%3Csvg%20xmlns%3D%27http%3A%2F%2Fwww.w3.org%2F2000%2Fsvg%27%20width%3D%27808%27%20height%3D%27808%27%20viewBox%3D%270%200%20808%20808%27%3E%3Crect%20width%3D%27808%27%20height%3D%27808%27%20fill-opacity%3D%220%22%2F%3E%3C%2Fsvg%3E\" data-srcset=\"https:\/\/packcolorful.com\/wp-content\/uploads\/2026\/03\/\u5fae\u4fe1\u56fe\u7247_20251125105134_14_5-12x12.jpg 12w, https:\/\/packcolorful.com\/wp-content\/uploads\/2026\/03\/\u5fae\u4fe1\u56fe\u7247_20251125105134_14_5-66x66.jpg 66w, https:\/\/packcolorful.com\/wp-content\/uploads\/2026\/03\/\u5fae\u4fe1\u56fe\u7247_20251125105134_14_5-200x200.jpg 200w, https:\/\/packcolorful.com\/wp-content\/uploads\/2026\/03\/\u5fae\u4fe1\u56fe\u7247_20251125105134_14_5-400x400.jpg 400w, https:\/\/packcolorful.com\/wp-content\/uploads\/2026\/03\/\u5fae\u4fe1\u56fe\u7247_20251125105134_14_5-500x500.jpg 500w, https:\/\/packcolorful.com\/wp-content\/uploads\/2026\/03\/\u5fae\u4fe1\u56fe\u7247_20251125105134_14_5-600x600.jpg 600w, https:\/\/packcolorful.com\/wp-content\/uploads\/2026\/03\/\u5fae\u4fe1\u56fe\u7247_20251125105134_14_5-700x700.jpg 700w, https:\/\/packcolorful.com\/wp-content\/uploads\/2026\/03\/\u5fae\u4fe1\u56fe\u7247_20251125105134_14_5-768x768.jpg 768w, https:\/\/packcolorful.com\/wp-content\/uploads\/2026\/03\/\u5fae\u4fe1\u56fe\u7247_20251125105134_14_5-800x800.jpg 800w, https:\/\/packcolorful.com\/wp-content\/uploads\/2026\/03\/\u5fae\u4fe1\u56fe\u7247_20251125105134_14_5.jpg 808w\" data-sizes=\"auto\" data-orig-sizes=\"(max-width: 808px) 100vw, 808px\" \/><\/td>\n<\/tr>\n<\/tbody>\n<\/table>\n<div><\/div>\n<h2 class=\"magic-5\">Custom Black Kraft Box Boxes<\/h2>\n<div><\/div>\n<div class=\"J_module\">\n<div class=\"ife-detail-decorate-table\">\n<table class=\"all magic-7\" style=\"border-style: solid; border-color: #b5b5b5;\" border=\"1px\">\n<tbody>\n<tr>\n<td colspan=\"1\" rowspan=\"1\">\n<div class=\"magic-8\">Nombre del producto<\/div>\n<\/td>\n<td colspan=\"1\" rowspan=\"1\">\n<div class=\"magic-9\">Caja kraft negra personalizada<\/div>\n<\/td>\n<\/tr>\n<tr>\n<td colspan=\"1\" rowspan=\"1\">\n<div class=\"magic-8\" data-spm-anchor-id=\"a2700.details-description.0.i2.65833qr73qr7ss\">Material de papel com\u00fan<\/div>\n<\/td>\n<td colspan=\"1\" rowspan=\"1\">\n<div class=\"magic-9\">Papel Cart\u00f3n, Papel Art\u00edstico, Papel Estucado, Papel Kraft, Cart\u00f3n Ondulado<\/div>\n<\/td>\n<\/tr>\n<tr>\n<td colspan=\"1\" rowspan=\"1\">\n<div class=\"magic-8\">Impresi\u00f3n<\/div>\n<\/td>\n<td colspan=\"1\" rowspan=\"1\">\n<div class=\"magic-9\">Impresi\u00f3n offset CMYK o Pantone, serigraf\u00eda o impresi\u00f3n offset UV<\/div>\n<\/td>\n<\/tr>\n<tr>\n<td colspan=\"1\" rowspan=\"1\">\n<div class=\"magic-8\">Talla<\/div>\n<\/td>\n<td colspan=\"1\" rowspan=\"1\">\n<div class=\"magic-9\">Tama\u00f1o personalizado seg\u00fan los requisitos del cliente<\/div>\n<\/td>\n<\/tr>\n<tr>\n<td colspan=\"1\" rowspan=\"1\">\n<div class=\"magic-8\">Manipulaci\u00f3n de la impresi\u00f3n<\/div>\n<\/td>\n<td colspan=\"1\" rowspan=\"1\">\n<div class=\"magic-9\">Gofrado o estampado en relieve, estampado en oro o seda, UV localizado, pel\u00edcula l\u00e1ser, laminado brillante o laminado mate<\/div>\n<\/td>\n<\/tr>\n<tr>\n<td colspan=\"1\" rowspan=\"1\">\n<div class=\"magic-8\">Accesorios<\/div>\n<\/td>\n<td colspan=\"1\" rowspan=\"1\">\n<div class=\"magic-9\">Cinta, Cart\u00f3n ondulado kraft, Cart\u00f3n ondulado separador<br \/>\n, Inserto divisor de cart\u00f3n, Inserto divisor r\u00edgido, Inserto de cart\u00f3n blanco, Inserto de bl\u00edster de PET, Inserto de EVA, Espuma de EPE<\/div>\n<\/td>\n<\/tr>\n<tr>\n<td colspan=\"1\" rowspan=\"1\">\n<div class=\"magic-8\">Formato de las ilustraciones<\/div>\n<\/td>\n<td colspan=\"1\" rowspan=\"1\">\n<div class=\"magic-9\">Formato AI, PDF, CDR, InDesign para dise\u00f1os personalizados<\/div>\n<\/td>\n<\/tr>\n<tr>\n<td colspan=\"1\" rowspan=\"1\">\n<div class=\"magic-8\">MOQ<\/div>\n<\/td>\n<td colspan=\"1\" rowspan=\"1\">\n<div class=\"magic-9\">300 UNIDADES<\/div>\n<\/td>\n<\/tr>\n<tr>\n<td colspan=\"1\" rowspan=\"1\">\n<div class=\"magic-8\">Tiempo de muestreo<\/div>\n<\/td>\n<td colspan=\"1\" rowspan=\"1\">\n<div class=\"magic-9\">1-5 d\u00edas laborables<\/div>\n<\/td>\n<\/tr>\n<tr>\n<td colspan=\"1\" rowspan=\"1\">\n<div class=\"magic-8\">Tiempo de producci\u00f3n<\/div>\n<\/td>\n<td colspan=\"1\" rowspan=\"1\">\n<div class=\"magic-9\">8-25 d\u00edas laborables<\/div>\n<\/td>\n<\/tr>\n<tr>\n<td colspan=\"1\" rowspan=\"1\">\n<div class=\"magic-8\">M\u00e9todo de env\u00edo<\/div>\n<\/td>\n<td colspan=\"1\" rowspan=\"1\">\n<div class=\"magic-9\">Por mar, aire y expreso<\/div>\n<\/td>\n<\/tr>\n<tr>\n<td colspan=\"1\" rowspan=\"1\">\n<div class=\"magic-8\">Embalaje<\/div>\n<\/td>\n<td colspan=\"1\" rowspan=\"1\">\n<div class=\"magic-9\" data-spm-anchor-id=\"a2700.details-description.0.i1.65833qr73qr7ss\">Bolsa de pl\u00e1stico, cart\u00f3n, pal\u00e9<\/div>\n<\/td>\n<\/tr>\n<\/tbody>\n<\/table>\n<\/div>\n<\/div>\n<p data-start=\"1317\" data-end=\"1440\"><strong data-start=\"1317\" data-end=\"1334\">Aplicaciones:<\/strong><br data-start=\"1334\" data-end=\"1337\" \/>Embalaje para comercio electr\u00f3nico, cajas de suscripci\u00f3n, kits de relaciones p\u00fablicas para influencers, cajas de regalo personalizadas, env\u00edo de productos peque\u00f1os<\/p>\n<p data-start=\"1289\" data-end=\"1306\"><strong data-start=\"1289\" data-end=\"1306\">Custom Kraft Paper Boxes Key Features:<\/strong><\/p>\n<ul data-start=\"1307\" data-end=\"1565\">\n<li data-start=\"1307\" data-end=\"1361\">\n<p data-start=\"1309\" data-end=\"1361\">Fabricado con papel kraft reciclable y certificado FSC<\/p>\n<\/li>\n<li data-start=\"1362\" data-end=\"1405\">\n<p data-start=\"1364\" data-end=\"1405\">Resistente, ligero y rentable<\/p>\n<\/li>\n<li data-start=\"1406\" data-end=\"1444\">\n<p data-start=\"1408\" data-end=\"1444\">Tama\u00f1os, formas e impresi\u00f3n personalizados<\/p>\n<\/li>\n<li data-start=\"1445\" data-end=\"1508\">\n<p data-start=\"1447\" data-end=\"1508\">Ideal para l\u00edneas de productos ecol\u00f3gicos y marcas sostenibles<\/p>\n<\/li>\n<li data-start=\"1509\" data-end=\"1565\">\n<p data-start=\"1511\" data-end=\"1565\">Servicio directo de f\u00e1brica con MOQ bajo y plazo de entrega r\u00e1pido<\/p>\n<\/li>\n<\/ul>\n<hr data-start=\"1567\" data-end=\"1570\" \/>\n<p>&nbsp;<\/p>","protected":false},"excerpt":{"rendered":"<p>Cajas kraft ecol\u00f3gicas fabricadas con cart\u00f3n reciclado, ideales para el envasado sostenible en los sectores de la alimentaci\u00f3n, la cosm\u00e9tica, la confecci\u00f3n y el regalo.<\/p>","protected":false},"featured_media":5275,"comment_status":"open","ping_status":"closed","template":"","meta":{"_acf_changed":false,"content-type":"","_uag_custom_page_level_css":""},"product_brand":[],"product_cat":[202],"product_tag":[],"class_list":{"0":"post-5285","1":"product","2":"type-product","3":"status-publish","4":"has-post-thumbnail","6":"product_cat-kraft-box","8":"first","9":"instock","10":"shipping-taxable","11":"product-type-simple"},"acf":[],"uagb_featured_image_src":{"full":["https:\/\/packcolorful.com\/wp-content\/uploads\/2026\/03\/\u5fae\u4fe1\u56fe\u7247_20251125105134_14_5.jpg",808,808,false],"thumbnail":["https:\/\/packcolorful.com\/wp-content\/uploads\/2026\/03\/\u5fae\u4fe1\u56fe\u7247_20251125105134_14_5.jpg",96,96,false],"medium":["https:\/\/packcolorful.com\/wp-content\/uploads\/2026\/03\/\u5fae\u4fe1\u56fe\u7247_20251125105134_14_5.jpg",808,808,false],"medium_large":["https:\/\/packcolorful.com\/wp-content\/uploads\/2026\/03\/\u5fae\u4fe1\u56fe\u7247_20251125105134_14_5-768x768.jpg",768,768,true],"large":["https:\/\/packcolorful.com\/wp-content\/uploads\/2026\/03\/\u5fae\u4fe1\u56fe\u7247_20251125105134_14_5.jpg",808,808,false],"1536x1536":["https:\/\/packcolorful.com\/wp-content\/uploads\/2026\/03\/\u5fae\u4fe1\u56fe\u7247_20251125105134_14_5.jpg",808,808,false],"2048x2048":["https:\/\/packcolorful.com\/wp-content\/uploads\/2026\/03\/\u5fae\u4fe1\u56fe\u7247_20251125105134_14_5.jpg",808,808,false],"trp-custom-language-flag":["https:\/\/packcolorful.com\/wp-content\/uploads\/2026\/03\/\u5fae\u4fe1\u56fe\u7247_20251125105134_14_5-12x12.jpg",12,12,true],"blog-large":["https:\/\/packcolorful.com\/wp-content\/uploads\/2026\/03\/\u5fae\u4fe1\u56fe\u7247_20251125105134_14_5-669x272.jpg",669,272,true],"blog-medium":["https:\/\/packcolorful.com\/wp-content\/uploads\/2026\/03\/\u5fae\u4fe1\u56fe\u7247_20251125105134_14_5-320x202.jpg",320,202,true],"recent-posts":["https:\/\/packcolorful.com\/wp-content\/uploads\/2026\/03\/\u5fae\u4fe1\u56fe\u7247_20251125105134_14_5-700x441.jpg",700,441,true],"recent-works-thumbnail":["https:\/\/packcolorful.com\/wp-content\/uploads\/2026\/03\/\u5fae\u4fe1\u56fe\u7247_20251125105134_14_5-66x66.jpg",66,66,true],"fusion-200":["https:\/\/packcolorful.com\/wp-content\/uploads\/2026\/03\/\u5fae\u4fe1\u56fe\u7247_20251125105134_14_5-200x200.jpg",200,200,true],"fusion-400":["https:\/\/packcolorful.com\/wp-content\/uploads\/2026\/03\/\u5fae\u4fe1\u56fe\u7247_20251125105134_14_5-400x400.jpg",400,400,true],"fusion-600":["https:\/\/packcolorful.com\/wp-content\/uploads\/2026\/03\/\u5fae\u4fe1\u56fe\u7247_20251125105134_14_5-600x600.jpg",600,600,true],"fusion-800":["https:\/\/packcolorful.com\/wp-content\/uploads\/2026\/03\/\u5fae\u4fe1\u56fe\u7247_20251125105134_14_5-800x800.jpg",800,800,true],"fusion-1200":["https:\/\/packcolorful.com\/wp-content\/uploads\/2026\/03\/\u5fae\u4fe1\u56fe\u7247_20251125105134_14_5.jpg",808,808,false],"portfolio-full":["https:\/\/packcolorful.com\/wp-content\/uploads\/2026\/03\/\u5fae\u4fe1\u56fe\u7247_20251125105134_14_5-808x400.jpg",808,400,true],"portfolio-one":["https:\/\/packcolorful.com\/wp-content\/uploads\/2026\/03\/\u5fae\u4fe1\u56fe\u7247_20251125105134_14_5-540x272.jpg",540,272,true],"portfolio-two":["https:\/\/packcolorful.com\/wp-content\/uploads\/2026\/03\/\u5fae\u4fe1\u56fe\u7247_20251125105134_14_5-460x295.jpg",460,295,true],"portfolio-three":["https:\/\/packcolorful.com\/wp-content\/uploads\/2026\/03\/\u5fae\u4fe1\u56fe\u7247_20251125105134_14_5-300x214.jpg",300,214,true],"portfolio-five":["https:\/\/packcolorful.com\/wp-content\/uploads\/2026\/03\/\u5fae\u4fe1\u56fe\u7247_20251125105134_14_5-177x142.jpg",177,142,true],"woocommerce_thumbnail":["https:\/\/packcolorful.com\/wp-content\/uploads\/2026\/03\/\u5fae\u4fe1\u56fe\u7247_20251125105134_14_5-500x500.jpg",500,500,true],"woocommerce_single":["https:\/\/packcolorful.com\/wp-content\/uploads\/2026\/03\/\u5fae\u4fe1\u56fe\u7247_20251125105134_14_5-700x700.jpg",700,700,true],"woocommerce_gallery_thumbnail":["https:\/\/packcolorful.com\/wp-content\/uploads\/2026\/03\/\u5fae\u4fe1\u56fe\u7247_20251125105134_14_5-200x200.jpg",200,200,true]},"uagb_author_info":{"display_name":"admin","author_link":"https:\/\/packcolorful.com\/es\/author\/"},"uagb_comment_info":0,"uagb_excerpt":"Eco-friendly kraft boxes made from recycled paperboard\u2014ideal for sustainable packaging across food, cosmetics, apparel, and gift industries.","_links":{"self":[{"href":"https:\/\/packcolorful.com\/es\/wp-json\/wp\/v2\/product\/5285","targetHints":{"allow":["GET"]}}],"collection":[{"href":"https:\/\/packcolorful.com\/es\/wp-json\/wp\/v2\/product"}],"about":[{"href":"https:\/\/packcolorful.com\/es\/wp-json\/wp\/v2\/types\/product"}],"replies":[{"embeddable":true,"href":"https:\/\/packcolorful.com\/es\/wp-json\/wp\/v2\/comments?post=5285"}],"wp:featuredmedia":[{"embeddable":true,"href":"https:\/\/packcolorful.com\/es\/wp-json\/wp\/v2\/media\/5275"}],"wp:attachment":[{"href":"https:\/\/packcolorful.com\/es\/wp-json\/wp\/v2\/media?parent=5285"}],"wp:term":[{"taxonomy":"product_brand","embeddable":true,"href":"https:\/\/packcolorful.com\/es\/wp-json\/wp\/v2\/product_brand?post=5285"},{"taxonomy":"product_cat","embeddable":true,"href":"https:\/\/packcolorful.com\/es\/wp-json\/wp\/v2\/product_cat?post=5285"},{"taxonomy":"product_tag","embeddable":true,"href":"https:\/\/packcolorful.com\/es\/wp-json\/wp\/v2\/product_tag?post=5285"}],"curies":[{"name":"wp","href":"https:\/\/api.w.org\/{rel}","templated":true}]}}