{"id":5310,"date":"2026-03-19T08:23:27","date_gmt":"2026-03-19T08:23:27","guid":{"rendered":"https:\/\/packcolorful.com\/?post_type=product&#038;p=5310"},"modified":"2026-03-19T09:18:09","modified_gmt":"2026-03-19T09:18:09","slug":"tira-led-buzon","status":"publish","type":"product","link":"https:\/\/packcolorful.com\/es\/producto\/tira-led-buzon\/","title":{"rendered":"Mejores Cajas Postales con Tiras LED"},"content":{"rendered":"<p data-start=\"454\" data-end=\"749\">Los buzones con tiras LED son la soluci\u00f3n perfecta para las empresas modernas de comercio electr\u00f3nico que buscan combinar funcionalidad con una imagen de marca memorable. Fabricadas en cart\u00f3n ondulado resistente, estas cajas con cierre autom\u00e1tico son ideales para el env\u00edo de ropa, cosm\u00e9ticos, productos electr\u00f3nicos, regalos y productos de suscripci\u00f3n.<\/p>\n<p data-start=\"751\" data-end=\"1114\">Cada caja mailer es totalmente personalizable en tama\u00f1o, forma, estructura e impresi\u00f3n, y est\u00e1 disponible en material base blanco, kraft o negro. Ofrecemos impresi\u00f3n interior y exterior mediante t\u00e9cnicas de impresi\u00f3n flexogr\u00e1fica o digital de alta calidad, junto con acabados superficiales de primera calidad, como laminado mate\/brillante, UV localizado y estampado en l\u00e1mina, para que su envase destaque.<\/p>\n<p data-start=\"1116\" data-end=\"1315\">Ligeras pero resistentes, estas cajas reducen los costes de env\u00edo a la vez que protegen su producto durante el tr\u00e1nsito. Adem\u00e1s, son ecol\u00f3gicas, reciclables y aptas para la log\u00edstica local e internacional.<\/p>\n<p>&nbsp;<\/p>\n<h3 data-start=\"898\" data-end=\"1184\">Cajas de correo peque\u00f1as personalizadas Detalles\uff1a<\/h3>\n<table style=\"border-collapse: collapse; width: 100%;\">\n<tbody>\n<tr>\n<td style=\"width: 50%;\">\n<p><div id=\"attachment_5319\" style=\"width: 810px\" class=\"wp-caption aligncenter\"><img decoding=\"async\" aria-describedby=\"caption-attachment-5319\" class=\"lazyload wp-image-5319 size-fusion-800\" src=\"https:\/\/packcolorful.com\/wp-content\/uploads\/2026\/03\/1-11-800x800.png\" data-orig-src=\"https:\/\/packcolorful.com\/wp-content\/uploads\/2026\/03\/1-11-800x800.png\" alt=\"Caja de env\u00edo estructural LED\" width=\"800\" height=\"800\" srcset=\"data:image\/svg+xml,%3Csvg%20xmlns%3D%27http%3A%2F%2Fwww.w3.org%2F2000%2Fsvg%27%20width%3D%27800%27%20height%3D%27800%27%20viewBox%3D%270%200%20800%20800%27%3E%3Crect%20width%3D%27800%27%20height%3D%27800%27%20fill-opacity%3D%220%22%2F%3E%3C%2Fsvg%3E\" data-srcset=\"https:\/\/packcolorful.com\/wp-content\/uploads\/2026\/03\/1-11-12x12.png 12w, https:\/\/packcolorful.com\/wp-content\/uploads\/2026\/03\/1-11-66x66.png 66w, https:\/\/packcolorful.com\/wp-content\/uploads\/2026\/03\/1-11-200x200.png 200w, https:\/\/packcolorful.com\/wp-content\/uploads\/2026\/03\/1-11-400x400.png 400w, https:\/\/packcolorful.com\/wp-content\/uploads\/2026\/03\/1-11-500x500.png 500w, https:\/\/packcolorful.com\/wp-content\/uploads\/2026\/03\/1-11-600x600.png 600w, https:\/\/packcolorful.com\/wp-content\/uploads\/2026\/03\/1-11-700x700.png 700w, https:\/\/packcolorful.com\/wp-content\/uploads\/2026\/03\/1-11-768x768.png 768w, https:\/\/packcolorful.com\/wp-content\/uploads\/2026\/03\/1-11-800x800.png 800w, https:\/\/packcolorful.com\/wp-content\/uploads\/2026\/03\/1-11-1024x1024.png 1024w, https:\/\/packcolorful.com\/wp-content\/uploads\/2026\/03\/1-11-1200x1200.png 1200w, https:\/\/packcolorful.com\/wp-content\/uploads\/2026\/03\/1-11-1536x1536.png 1536w\" data-sizes=\"auto\" data-orig-sizes=\"(max-width: 800px) 100vw, 800px\" \/><p id=\"caption-attachment-5319\" class=\"wp-caption-text\">LED Mailer Box<\/p><\/div><\/td>\n<td style=\"width: 50%;\"><img decoding=\"async\" class=\"lazyload aligncenter wp-image-5317 size-fusion-800\" src=\"https:\/\/packcolorful.com\/wp-content\/uploads\/2026\/03\/1-9-800x800.png\" data-orig-src=\"https:\/\/packcolorful.com\/wp-content\/uploads\/2026\/03\/1-9-800x800.png\" alt=\"Led Mailer BOx\" width=\"800\" height=\"800\" srcset=\"data:image\/svg+xml,%3Csvg%20xmlns%3D%27http%3A%2F%2Fwww.w3.org%2F2000%2Fsvg%27%20width%3D%27800%27%20height%3D%27800%27%20viewBox%3D%270%200%20800%20800%27%3E%3Crect%20width%3D%27800%27%20height%3D%27800%27%20fill-opacity%3D%220%22%2F%3E%3C%2Fsvg%3E\" data-srcset=\"https:\/\/packcolorful.com\/wp-content\/uploads\/2026\/03\/1-9-12x12.png 12w, https:\/\/packcolorful.com\/wp-content\/uploads\/2026\/03\/1-9-66x66.png 66w, https:\/\/packcolorful.com\/wp-content\/uploads\/2026\/03\/1-9-200x200.png 200w, https:\/\/packcolorful.com\/wp-content\/uploads\/2026\/03\/1-9-400x400.png 400w, https:\/\/packcolorful.com\/wp-content\/uploads\/2026\/03\/1-9-500x500.png 500w, https:\/\/packcolorful.com\/wp-content\/uploads\/2026\/03\/1-9-600x600.png 600w, https:\/\/packcolorful.com\/wp-content\/uploads\/2026\/03\/1-9-700x700.png 700w, https:\/\/packcolorful.com\/wp-content\/uploads\/2026\/03\/1-9-768x768.png 768w, https:\/\/packcolorful.com\/wp-content\/uploads\/2026\/03\/1-9-800x800.png 800w, https:\/\/packcolorful.com\/wp-content\/uploads\/2026\/03\/1-9-1024x1024.png 1024w, https:\/\/packcolorful.com\/wp-content\/uploads\/2026\/03\/1-9-1200x1200.png 1200w, https:\/\/packcolorful.com\/wp-content\/uploads\/2026\/03\/1-9-1536x1536.png 1536w\" data-sizes=\"auto\" data-orig-sizes=\"(max-width: 800px) 100vw, 800px\" \/><\/td>\n<\/tr>\n<tr>\n<td style=\"width: 50%;\">\n<p><div id=\"attachment_5316\" style=\"width: 810px\" class=\"wp-caption aligncenter\"><img decoding=\"async\" aria-describedby=\"caption-attachment-5316\" class=\"lazyload wp-image-5316 size-fusion-800\" src=\"https:\/\/packcolorful.com\/wp-content\/uploads\/2026\/03\/1-8-800x800.png\" data-orig-src=\"https:\/\/packcolorful.com\/wp-content\/uploads\/2026\/03\/1-8-800x800.png\" alt=\"\" width=\"800\" height=\"800\" srcset=\"data:image\/svg+xml,%3Csvg%20xmlns%3D%27http%3A%2F%2Fwww.w3.org%2F2000%2Fsvg%27%20width%3D%27800%27%20height%3D%27800%27%20viewBox%3D%270%200%20800%20800%27%3E%3Crect%20width%3D%27800%27%20height%3D%27800%27%20fill-opacity%3D%220%22%2F%3E%3C%2Fsvg%3E\" data-srcset=\"https:\/\/packcolorful.com\/wp-content\/uploads\/2026\/03\/1-8-12x12.png 12w, https:\/\/packcolorful.com\/wp-content\/uploads\/2026\/03\/1-8-66x66.png 66w, https:\/\/packcolorful.com\/wp-content\/uploads\/2026\/03\/1-8-200x200.png 200w, https:\/\/packcolorful.com\/wp-content\/uploads\/2026\/03\/1-8-400x400.png 400w, https:\/\/packcolorful.com\/wp-content\/uploads\/2026\/03\/1-8-500x500.png 500w, https:\/\/packcolorful.com\/wp-content\/uploads\/2026\/03\/1-8-600x600.png 600w, https:\/\/packcolorful.com\/wp-content\/uploads\/2026\/03\/1-8-700x700.png 700w, https:\/\/packcolorful.com\/wp-content\/uploads\/2026\/03\/1-8-768x768.png 768w, https:\/\/packcolorful.com\/wp-content\/uploads\/2026\/03\/1-8-800x800.png 800w, https:\/\/packcolorful.com\/wp-content\/uploads\/2026\/03\/1-8-1024x1024.png 1024w, https:\/\/packcolorful.com\/wp-content\/uploads\/2026\/03\/1-8-1200x1200.png 1200w, https:\/\/packcolorful.com\/wp-content\/uploads\/2026\/03\/1-8-1536x1536.png 1536w\" data-sizes=\"auto\" data-orig-sizes=\"(max-width: 800px) 100vw, 800px\" \/><p id=\"caption-attachment-5316\" class=\"wp-caption-text\">Buz\u00f3n<\/p><\/div><\/td>\n<td style=\"width: 50%;\">\n<p><div id=\"attachment_5318\" style=\"width: 810px\" class=\"wp-caption aligncenter\"><img decoding=\"async\" aria-describedby=\"caption-attachment-5318\" class=\"lazyload wp-image-5318 size-fusion-800\" src=\"https:\/\/packcolorful.com\/wp-content\/uploads\/2026\/03\/1-10-800x800.png\" data-orig-src=\"https:\/\/packcolorful.com\/wp-content\/uploads\/2026\/03\/1-10-800x800.png\" alt=\"\" width=\"800\" height=\"800\" srcset=\"data:image\/svg+xml,%3Csvg%20xmlns%3D%27http%3A%2F%2Fwww.w3.org%2F2000%2Fsvg%27%20width%3D%27800%27%20height%3D%27800%27%20viewBox%3D%270%200%20800%20800%27%3E%3Crect%20width%3D%27800%27%20height%3D%27800%27%20fill-opacity%3D%220%22%2F%3E%3C%2Fsvg%3E\" data-srcset=\"https:\/\/packcolorful.com\/wp-content\/uploads\/2026\/03\/1-10-12x12.png 12w, https:\/\/packcolorful.com\/wp-content\/uploads\/2026\/03\/1-10-66x66.png 66w, https:\/\/packcolorful.com\/wp-content\/uploads\/2026\/03\/1-10-200x200.png 200w, https:\/\/packcolorful.com\/wp-content\/uploads\/2026\/03\/1-10-400x400.png 400w, https:\/\/packcolorful.com\/wp-content\/uploads\/2026\/03\/1-10-500x500.png 500w, https:\/\/packcolorful.com\/wp-content\/uploads\/2026\/03\/1-10-600x600.png 600w, https:\/\/packcolorful.com\/wp-content\/uploads\/2026\/03\/1-10-700x700.png 700w, https:\/\/packcolorful.com\/wp-content\/uploads\/2026\/03\/1-10-768x768.png 768w, https:\/\/packcolorful.com\/wp-content\/uploads\/2026\/03\/1-10-800x800.png 800w, https:\/\/packcolorful.com\/wp-content\/uploads\/2026\/03\/1-10-1024x1024.png 1024w, https:\/\/packcolorful.com\/wp-content\/uploads\/2026\/03\/1-10-1200x1200.png 1200w, https:\/\/packcolorful.com\/wp-content\/uploads\/2026\/03\/1-10-1536x1536.png 1536w\" data-sizes=\"auto\" data-orig-sizes=\"(max-width: 800px) 100vw, 800px\" \/><p id=\"caption-attachment-5318\" class=\"wp-caption-text\">Buz\u00f3n<\/p><\/div><\/td>\n<\/tr>\n<\/tbody>\n<\/table>\n<div><\/div>\n<h2 class=\"magic-5\">Buzones peque\u00f1os personalizados<\/h2>\n<div><\/div>\n<div class=\"J_module\">\n<div class=\"ife-detail-decorate-table\">\n<table class=\"all magic-7\" style=\"border-style: solid; border-color: #b5b5b5; width: 50.1604%;\" border=\"1px\">\n<tbody>\n<tr>\n<td style=\"width: 18.0808%;\" colspan=\"1\" rowspan=\"1\">\n<div class=\"magic-8\">Nombre del producto<\/div>\n<\/td>\n<td style=\"width: 81.2121%;\" colspan=\"1\" rowspan=\"1\">\n<div class=\"magic-9\">LED strip mailer Box<\/div>\n<\/td>\n<\/tr>\n<tr>\n<td style=\"width: 18.0808%;\" colspan=\"1\" rowspan=\"1\">\n<div class=\"magic-8\" data-spm-anchor-id=\"a2700.details-description.0.i2.65833qr73qr7ss\">Material de papel com\u00fan<\/div>\n<\/td>\n<td style=\"width: 81.2121%;\" colspan=\"1\" rowspan=\"1\">\n<div class=\"magic-9\">Papel Cart\u00f3n, Papel Art\u00edstico, Papel Estucado, Papel Kraft, Cart\u00f3n Ondulado<\/div>\n<\/td>\n<\/tr>\n<tr>\n<td style=\"width: 18.0808%;\" colspan=\"1\" rowspan=\"1\">\n<div class=\"magic-8\">Impresi\u00f3n<\/div>\n<\/td>\n<td style=\"width: 81.2121%;\" colspan=\"1\" rowspan=\"1\">\n<div class=\"magic-9\">Impresi\u00f3n offset CMYK o Pantone, serigraf\u00eda o impresi\u00f3n offset UV<\/div>\n<\/td>\n<\/tr>\n<tr>\n<td style=\"width: 18.0808%;\" colspan=\"1\" rowspan=\"1\">\n<div class=\"magic-8\">Talla<\/div>\n<\/td>\n<td style=\"width: 81.2121%;\" colspan=\"1\" rowspan=\"1\">\n<div class=\"magic-9\">Tama\u00f1o personalizado seg\u00fan los requisitos del cliente<\/div>\n<\/td>\n<\/tr>\n<tr>\n<td style=\"width: 18.0808%;\" colspan=\"1\" rowspan=\"1\">\n<div class=\"magic-8\">Manipulaci\u00f3n de la impresi\u00f3n<\/div>\n<\/td>\n<td style=\"width: 81.2121%;\" colspan=\"1\" rowspan=\"1\">\n<div class=\"magic-9\">Gofrado o estampado en relieve, estampado en oro o seda, UV localizado, pel\u00edcula l\u00e1ser, laminado brillante o laminado mate<\/div>\n<\/td>\n<\/tr>\n<tr>\n<td style=\"width: 18.0808%;\" colspan=\"1\" rowspan=\"1\">\n<div class=\"magic-8\">Accesorios<\/div>\n<\/td>\n<td style=\"width: 81.2121%;\" colspan=\"1\" rowspan=\"1\">\n<div class=\"magic-9\">Cinta, Cart\u00f3n ondulado kraft, Cart\u00f3n ondulado separador<br \/>\n, Inserto divisor de cart\u00f3n, Inserto divisor r\u00edgido, Inserto de cart\u00f3n blanco, Inserto de bl\u00edster de PET, Inserto de EVA, Espuma de EPE<\/div>\n<\/td>\n<\/tr>\n<tr>\n<td style=\"width: 18.0808%;\" colspan=\"1\" rowspan=\"1\">\n<div class=\"magic-8\">Formato de las ilustraciones<\/div>\n<\/td>\n<td style=\"width: 81.2121%;\" colspan=\"1\" rowspan=\"1\">\n<div class=\"magic-9\">Formato AI, PDF, CDR, InDesign para dise\u00f1os personalizados<\/div>\n<\/td>\n<\/tr>\n<tr>\n<td style=\"width: 18.0808%;\" colspan=\"1\" rowspan=\"1\">\n<div class=\"magic-8\">MOQ<\/div>\n<\/td>\n<td style=\"width: 81.2121%;\" colspan=\"1\" rowspan=\"1\">\n<div class=\"magic-9\">500PCS<\/div>\n<\/td>\n<\/tr>\n<tr>\n<td style=\"width: 18.0808%;\" colspan=\"1\" rowspan=\"1\">\n<div class=\"magic-8\">Tiempo de muestreo<\/div>\n<\/td>\n<td style=\"width: 81.2121%;\" colspan=\"1\" rowspan=\"1\">\n<div class=\"magic-9\">1-3 d\u00edas laborables<\/div>\n<\/td>\n<\/tr>\n<tr>\n<td style=\"width: 18.0808%;\" colspan=\"1\" rowspan=\"1\">\n<div class=\"magic-8\">Tiempo de producci\u00f3n<\/div>\n<\/td>\n<td style=\"width: 81.2121%;\" colspan=\"1\" rowspan=\"1\">\n<div class=\"magic-9\">7-10 d\u00edas laborables<\/div>\n<\/td>\n<\/tr>\n<tr>\n<td style=\"width: 18.0808%;\" colspan=\"1\" rowspan=\"1\">\n<div class=\"magic-8\">M\u00e9todo de env\u00edo<\/div>\n<\/td>\n<td style=\"width: 81.2121%;\" colspan=\"1\" rowspan=\"1\">\n<div class=\"magic-9\">Por mar, aire y expreso<\/div>\n<\/td>\n<\/tr>\n<tr>\n<td style=\"width: 18.0808%;\" colspan=\"1\" rowspan=\"1\">\n<div class=\"magic-8\">Embalaje<\/div>\n<\/td>\n<td style=\"width: 81.2121%;\" colspan=\"1\" rowspan=\"1\">\n<div class=\"magic-9\" data-spm-anchor-id=\"a2700.details-description.0.i1.65833qr73qr7ss\">Cart\u00f3n, Pal\u00e9<\/div>\n<\/td>\n<\/tr>\n<\/tbody>\n<\/table>\n<\/div>\n<\/div>\n<p data-start=\"1317\" data-end=\"1440\"><strong data-start=\"1317\" data-end=\"1334\">Aplicaciones:<\/strong><br data-start=\"1334\" data-end=\"1337\" \/>Embalaje para comercio electr\u00f3nico, cajas de suscripci\u00f3n, kits de relaciones p\u00fablicas para influencers, cajas de regalo personalizadas, env\u00edo de productos peque\u00f1os<\/p>\n<p data-start=\"1442\" data-end=\"1459\"><strong data-start=\"1442\" data-end=\"1459\">Caracter\u00edsticas principales:<\/strong><\/p>\n<ul data-start=\"1460\" data-end=\"1727\">\n<li data-start=\"1460\" data-end=\"1504\">\n<p data-start=\"1462\" data-end=\"1504\">Robusta estructura de cart\u00f3n ondulado<\/p>\n<\/li>\n<li data-start=\"1505\" data-end=\"1547\">\n<p data-start=\"1507\" data-end=\"1547\">Tama\u00f1os, colores y dise\u00f1o de impresi\u00f3n personalizados<\/p>\n<\/li>\n<li data-start=\"1548\" data-end=\"1594\">\n<p data-start=\"1550\" data-end=\"1594\">Se env\u00eda en plano para facilitar el almacenamiento y el montaje<\/p>\n<\/li>\n<li data-start=\"1595\" data-end=\"1636\">\n<p data-start=\"1597\" data-end=\"1636\">Materiales ecol\u00f3gicos y reciclables<\/p>\n<\/li>\n<li data-start=\"1637\" data-end=\"1682\">\n<p data-start=\"1639\" data-end=\"1682\">Ideal para marcas DTC y minoristas en l\u00ednea<\/p>\n<\/li>\n<li data-start=\"1683\" data-end=\"1727\">\n<p data-start=\"1685\" data-end=\"1727\">Precios directos de f\u00e1brica y plazos de entrega cortos<\/p>\n<\/li>\n<\/ul>\n<p>&nbsp;<\/p>","protected":false},"excerpt":{"rendered":"<p>Caja de cart\u00f3n corrugado con tiras de LED dise\u00f1ada para comercio electr\u00f3nico, embalaje de suscripciones y env\u00edos. Duradera, ecol\u00f3gica y totalmente personalizable para mejorar la experiencia de desembalaje del cliente.<\/p>","protected":false},"featured_media":5319,"comment_status":"open","ping_status":"closed","template":"","meta":{"_acf_changed":false,"content-type":"","_uag_custom_page_level_css":""},"product_brand":[],"product_cat":[226],"product_tag":[],"class_list":{"0":"post-5310","1":"product","2":"type-product","3":"status-publish","4":"has-post-thumbnail","6":"product_cat-shipping-box","8":"first","9":"instock","10":"shipping-taxable","11":"product-type-simple"},"acf":[],"uagb_featured_image_src":{"full":["https:\/\/packcolorful.com\/wp-content\/uploads\/2026\/03\/1-11-scaled.png",2560,2560,false],"thumbnail":["https:\/\/packcolorful.com\/wp-content\/uploads\/2026\/03\/1-11-scaled.png",96,96,false],"medium":["https:\/\/packcolorful.com\/wp-content\/uploads\/2026\/03\/1-11-scaled.png",2560,2560,false],"medium_large":["https:\/\/packcolorful.com\/wp-content\/uploads\/2026\/03\/1-11-768x768.png",768,768,true],"large":["https:\/\/packcolorful.com\/wp-content\/uploads\/2026\/03\/1-11-1024x1024.png",1024,1024,true],"1536x1536":["https:\/\/packcolorful.com\/wp-content\/uploads\/2026\/03\/1-11-1536x1536.png",1536,1536,true],"2048x2048":["https:\/\/packcolorful.com\/wp-content\/uploads\/2026\/03\/1-11-2048x2048.png",2048,2048,true],"trp-custom-language-flag":["https:\/\/packcolorful.com\/wp-content\/uploads\/2026\/03\/1-11-12x12.png",12,12,true],"blog-large":["https:\/\/packcolorful.com\/wp-content\/uploads\/2026\/03\/1-11-669x272.png",669,272,true],"blog-medium":["https:\/\/packcolorful.com\/wp-content\/uploads\/2026\/03\/1-11-320x202.png",320,202,true],"recent-posts":["https:\/\/packcolorful.com\/wp-content\/uploads\/2026\/03\/1-11-700x441.png",700,441,true],"recent-works-thumbnail":["https:\/\/packcolorful.com\/wp-content\/uploads\/2026\/03\/1-11-66x66.png",66,66,true],"fusion-200":["https:\/\/packcolorful.com\/wp-content\/uploads\/2026\/03\/1-11-200x200.png",200,200,true],"fusion-400":["https:\/\/packcolorful.com\/wp-content\/uploads\/2026\/03\/1-11-400x400.png",400,400,true],"fusion-600":["https:\/\/packcolorful.com\/wp-content\/uploads\/2026\/03\/1-11-600x600.png",600,600,true],"fusion-800":["https:\/\/packcolorful.com\/wp-content\/uploads\/2026\/03\/1-11-800x800.png",800,800,true],"fusion-1200":["https:\/\/packcolorful.com\/wp-content\/uploads\/2026\/03\/1-11-1200x1200.png",1200,1200,true],"portfolio-full":["https:\/\/packcolorful.com\/wp-content\/uploads\/2026\/03\/1-11-940x400.png",940,400,true],"portfolio-one":["https:\/\/packcolorful.com\/wp-content\/uploads\/2026\/03\/1-11-540x272.png",540,272,true],"portfolio-two":["https:\/\/packcolorful.com\/wp-content\/uploads\/2026\/03\/1-11-460x295.png",460,295,true],"portfolio-three":["https:\/\/packcolorful.com\/wp-content\/uploads\/2026\/03\/1-11-300x214.png",300,214,true],"portfolio-five":["https:\/\/packcolorful.com\/wp-content\/uploads\/2026\/03\/1-11-177x142.png",177,142,true],"woocommerce_thumbnail":["https:\/\/packcolorful.com\/wp-content\/uploads\/2026\/03\/1-11-500x500.png",500,500,true],"woocommerce_single":["https:\/\/packcolorful.com\/wp-content\/uploads\/2026\/03\/1-11-700x700.png",700,700,true],"woocommerce_gallery_thumbnail":["https:\/\/packcolorful.com\/wp-content\/uploads\/2026\/03\/1-11-200x200.png",200,200,true]},"uagb_author_info":{"display_name":"admin","author_link":"https:\/\/packcolorful.com\/es\/author\/"},"uagb_comment_info":0,"uagb_excerpt":"Custom corrugated LED strip mailer Box designed for e-commerce, subscription packaging, and shipping. Durable, eco-friendly, and fully brandable to enhance customer unboxing experiences.","_links":{"self":[{"href":"https:\/\/packcolorful.com\/es\/wp-json\/wp\/v2\/product\/5310","targetHints":{"allow":["GET"]}}],"collection":[{"href":"https:\/\/packcolorful.com\/es\/wp-json\/wp\/v2\/product"}],"about":[{"href":"https:\/\/packcolorful.com\/es\/wp-json\/wp\/v2\/types\/product"}],"replies":[{"embeddable":true,"href":"https:\/\/packcolorful.com\/es\/wp-json\/wp\/v2\/comments?post=5310"}],"wp:featuredmedia":[{"embeddable":true,"href":"https:\/\/packcolorful.com\/es\/wp-json\/wp\/v2\/media\/5319"}],"wp:attachment":[{"href":"https:\/\/packcolorful.com\/es\/wp-json\/wp\/v2\/media?parent=5310"}],"wp:term":[{"taxonomy":"product_brand","embeddable":true,"href":"https:\/\/packcolorful.com\/es\/wp-json\/wp\/v2\/product_brand?post=5310"},{"taxonomy":"product_cat","embeddable":true,"href":"https:\/\/packcolorful.com\/es\/wp-json\/wp\/v2\/product_cat?post=5310"},{"taxonomy":"product_tag","embeddable":true,"href":"https:\/\/packcolorful.com\/es\/wp-json\/wp\/v2\/product_tag?post=5310"}],"curies":[{"name":"wp","href":"https:\/\/api.w.org\/{rel}","templated":true}]}}