{"id":5339,"date":"2026-03-20T08:22:45","date_gmt":"2026-03-20T08:22:45","guid":{"rendered":"https:\/\/packcolorful.com\/?post_type=product&#038;p=5339"},"modified":"2026-03-20T08:39:03","modified_gmt":"2026-03-20T08:39:03","slug":"mailing-boxes","status":"publish","type":"product","link":"https:\/\/packcolorful.com\/es\/producto\/mailing-boxes\/","title":{"rendered":"Desbloquear buzones ecol\u00f3gicos"},"content":{"rendered":"<p data-start=\"416\" data-end=\"706\">Mailing Boxes are the perfect solution for brands that care about both packaging performance and environmental responsibility. Made from recyclable and biodegradable kraft paperboard, these boxes offer a natural brown finish that communicates authenticity, simplicity, and sustainability.<\/p>\n<p data-start=\"708\" data-end=\"934\">Available in a wide range of structures such as tuck-end, pillow, drawer, and folding styles, kraft boxes are ideal for eco-conscious packaging in food, skincare, handmade goods, clothing, coffee, candles, and gift industries.<\/p>\n<p data-start=\"936\" data-end=\"1287\">We offer full customization including die-cut windows, custom sizes, logo printing, inside printing, foil stamping, and handle options\u2014enhancing both functionality and shelf appeal. Whether you need minimalist packaging for organic products or rustic-style boxes for retail presentation, our kraft boxes can be tailored to match your brand&#8217;s identity.<\/p>\n<h3 data-start=\"898\" data-end=\"1184\">Custom Kraft Paperboard Boxes Details\uff1a<\/h3>\n<table style=\"border-collapse: collapse; width: 100%;\">\n<tbody>\n<tr>\n<td style=\"width: 50%;\"><img decoding=\"async\" class=\"lazyload alignnone wp-image-5340 size-fusion-600\" src=\"https:\/\/packcolorful.com\/wp-content\/uploads\/2026\/03\/ScreenShot_2026-03-20_162034_238-600x601.png\" data-orig-src=\"https:\/\/packcolorful.com\/wp-content\/uploads\/2026\/03\/ScreenShot_2026-03-20_162034_238-600x601.png\" alt=\"Eco Friendly Mailing Boxes\" width=\"600\" height=\"601\" srcset=\"data:image\/svg+xml,%3Csvg%20xmlns%3D%27http%3A%2F%2Fwww.w3.org%2F2000%2Fsvg%27%20width%3D%27600%27%20height%3D%27601%27%20viewBox%3D%270%200%20600%20601%27%3E%3Crect%20width%3D%27600%27%20height%3D%27601%27%20fill-opacity%3D%220%22%2F%3E%3C%2Fsvg%3E\" data-srcset=\"https:\/\/packcolorful.com\/wp-content\/uploads\/2026\/03\/ScreenShot_2026-03-20_162034_238-12x12.png 12w, https:\/\/packcolorful.com\/wp-content\/uploads\/2026\/03\/ScreenShot_2026-03-20_162034_238-66x66.png 66w, https:\/\/packcolorful.com\/wp-content\/uploads\/2026\/03\/ScreenShot_2026-03-20_162034_238-200x200.png 200w, https:\/\/packcolorful.com\/wp-content\/uploads\/2026\/03\/ScreenShot_2026-03-20_162034_238-400x401.png 400w, https:\/\/packcolorful.com\/wp-content\/uploads\/2026\/03\/ScreenShot_2026-03-20_162034_238-500x501.png 500w, https:\/\/packcolorful.com\/wp-content\/uploads\/2026\/03\/ScreenShot_2026-03-20_162034_238-600x601.png 600w, https:\/\/packcolorful.com\/wp-content\/uploads\/2026\/03\/ScreenShot_2026-03-20_162034_238-700x701.png 700w, https:\/\/packcolorful.com\/wp-content\/uploads\/2026\/03\/ScreenShot_2026-03-20_162034_238-768x769.png 768w, https:\/\/packcolorful.com\/wp-content\/uploads\/2026\/03\/ScreenShot_2026-03-20_162034_238.png 773w\" data-sizes=\"auto\" data-orig-sizes=\"(max-width: 600px) 100vw, 600px\" \/><\/td>\n<td style=\"width: 50%;\"><img decoding=\"async\" class=\"lazyload alignnone wp-image-5341 size-fusion-600\" src=\"https:\/\/packcolorful.com\/wp-content\/uploads\/2026\/03\/ScreenShot_2026-03-20_162100_178-600x598.png\" data-orig-src=\"https:\/\/packcolorful.com\/wp-content\/uploads\/2026\/03\/ScreenShot_2026-03-20_162100_178-600x598.png\" alt=\"Eco Friendly Mailing Boxes\" width=\"600\" height=\"598\" srcset=\"data:image\/svg+xml,%3Csvg%20xmlns%3D%27http%3A%2F%2Fwww.w3.org%2F2000%2Fsvg%27%20width%3D%27600%27%20height%3D%27598%27%20viewBox%3D%270%200%20600%20598%27%3E%3Crect%20width%3D%27600%27%20height%3D%27598%27%20fill-opacity%3D%220%22%2F%3E%3C%2Fsvg%3E\" data-srcset=\"https:\/\/packcolorful.com\/wp-content\/uploads\/2026\/03\/ScreenShot_2026-03-20_162100_178-12x12.png 12w, https:\/\/packcolorful.com\/wp-content\/uploads\/2026\/03\/ScreenShot_2026-03-20_162100_178-66x66.png 66w, https:\/\/packcolorful.com\/wp-content\/uploads\/2026\/03\/ScreenShot_2026-03-20_162100_178-200x200.png 200w, https:\/\/packcolorful.com\/wp-content\/uploads\/2026\/03\/ScreenShot_2026-03-20_162100_178-400x399.png 400w, https:\/\/packcolorful.com\/wp-content\/uploads\/2026\/03\/ScreenShot_2026-03-20_162100_178-500x499.png 500w, https:\/\/packcolorful.com\/wp-content\/uploads\/2026\/03\/ScreenShot_2026-03-20_162100_178-600x598.png 600w, https:\/\/packcolorful.com\/wp-content\/uploads\/2026\/03\/ScreenShot_2026-03-20_162100_178-700x698.png 700w, https:\/\/packcolorful.com\/wp-content\/uploads\/2026\/03\/ScreenShot_2026-03-20_162100_178-768x766.png 768w, https:\/\/packcolorful.com\/wp-content\/uploads\/2026\/03\/ScreenShot_2026-03-20_162100_178.png 774w\" data-sizes=\"auto\" data-orig-sizes=\"(max-width: 600px) 100vw, 600px\" \/><\/td>\n<\/tr>\n<tr>\n<td style=\"width: 50%;\"><\/td>\n<td style=\"width: 50%;\"><\/td>\n<\/tr>\n<\/tbody>\n<\/table>\n<div><\/div>\n<h2 class=\"magic-5\">Cajas de cart\u00f3n kraft personalizadas<\/h2>\n<div><\/div>\n<div class=\"J_module\">\n<div class=\"ife-detail-decorate-table\">\n<table class=\"all magic-7\" style=\"border-style: solid; border-color: #b5b5b5; width: 53.8952%; height: 348px;\" border=\"1px\">\n<tbody>\n<tr style=\"height: 23px;\">\n<td style=\"height: 23px;\" colspan=\"1\" rowspan=\"1\">\n<div class=\"magic-8\">Nombre del producto<\/div>\n<\/td>\n<td style=\"height: 23px;\" colspan=\"1\" rowspan=\"1\">\n<div class=\"magic-9\">Buzones<\/div>\n<\/td>\n<\/tr>\n<tr style=\"height: 47px;\">\n<td style=\"height: 47px;\" colspan=\"1\" rowspan=\"1\">\n<div class=\"magic-8\" data-spm-anchor-id=\"a2700.details-description.0.i2.65833qr73qr7ss\">Material de papel com\u00fan<\/div>\n<\/td>\n<td style=\"height: 47px;\" colspan=\"1\" rowspan=\"1\">\n<div class=\"magic-9\">Papel Cart\u00f3n, Papel Art\u00edstico, Papel Estucado, Papel Kraft, Cart\u00f3n Ondulado<\/div>\n<\/td>\n<\/tr>\n<tr style=\"height: 23px;\">\n<td style=\"height: 23px;\" colspan=\"1\" rowspan=\"1\">\n<div class=\"magic-8\">Impresi\u00f3n<\/div>\n<\/td>\n<td style=\"height: 23px;\" colspan=\"1\" rowspan=\"1\">\n<div class=\"magic-9\">Impresi\u00f3n offset CMYK o Pantone, serigraf\u00eda o impresi\u00f3n offset UV<\/div>\n<\/td>\n<\/tr>\n<tr style=\"height: 23px;\">\n<td style=\"height: 23px;\" colspan=\"1\" rowspan=\"1\">\n<div class=\"magic-8\">Talla<\/div>\n<\/td>\n<td style=\"height: 23px;\" colspan=\"1\" rowspan=\"1\">\n<div class=\"magic-9\">Tama\u00f1o personalizado seg\u00fan los requisitos del cliente<\/div>\n<\/td>\n<\/tr>\n<tr style=\"height: 23px;\">\n<td style=\"height: 23px;\" colspan=\"1\" rowspan=\"1\">\n<div class=\"magic-8\">Manipulaci\u00f3n de la impresi\u00f3n<\/div>\n<\/td>\n<td style=\"height: 23px;\" colspan=\"1\" rowspan=\"1\">\n<div class=\"magic-9\">Gofrado o estampado en relieve, estampado en oro o seda, UV localizado, pel\u00edcula l\u00e1ser, laminado brillante o laminado mate<\/div>\n<\/td>\n<\/tr>\n<tr style=\"height: 71px;\">\n<td style=\"height: 71px;\" colspan=\"1\" rowspan=\"1\">\n<div class=\"magic-8\">Accesorios<\/div>\n<\/td>\n<td style=\"height: 71px;\" colspan=\"1\" rowspan=\"1\">\n<div class=\"magic-9\">Cinta, Cart\u00f3n ondulado kraft, Cart\u00f3n ondulado separador<br \/>\n, Inserto divisor de cart\u00f3n, Inserto divisor r\u00edgido, Inserto de cart\u00f3n blanco, Inserto de bl\u00edster de PET, Inserto de EVA, Espuma de EPE<\/div>\n<\/td>\n<\/tr>\n<tr style=\"height: 23px;\">\n<td style=\"height: 23px;\" colspan=\"1\" rowspan=\"1\">\n<div class=\"magic-8\">Formato de las ilustraciones<\/div>\n<\/td>\n<td style=\"height: 23px;\" colspan=\"1\" rowspan=\"1\">\n<div class=\"magic-9\">Formato AI, PDF, CDR, InDesign para dise\u00f1os personalizados<\/div>\n<\/td>\n<\/tr>\n<tr style=\"height: 23px;\">\n<td style=\"height: 23px;\" colspan=\"1\" rowspan=\"1\">\n<div class=\"magic-8\">MOQ<\/div>\n<\/td>\n<td style=\"height: 23px;\" colspan=\"1\" rowspan=\"1\">\n<div class=\"magic-9\">500PCS<\/div>\n<\/td>\n<\/tr>\n<tr style=\"height: 23px;\">\n<td style=\"height: 23px;\" colspan=\"1\" rowspan=\"1\">\n<div class=\"magic-8\">Tiempo de muestreo<\/div>\n<\/td>\n<td style=\"height: 23px;\" colspan=\"1\" rowspan=\"1\">\n<div class=\"magic-9\">1-3 d\u00edas laborables<\/div>\n<\/td>\n<\/tr>\n<tr style=\"height: 23px;\">\n<td style=\"height: 23px;\" colspan=\"1\" rowspan=\"1\">\n<div class=\"magic-8\">Tiempo de producci\u00f3n<\/div>\n<\/td>\n<td style=\"height: 23px;\" colspan=\"1\" rowspan=\"1\">\n<div class=\"magic-9\">7-10 Working Days<\/div>\n<\/td>\n<\/tr>\n<tr style=\"height: 23px;\">\n<td style=\"height: 23px;\" colspan=\"1\" rowspan=\"1\">\n<div class=\"magic-8\">M\u00e9todo de env\u00edo<\/div>\n<\/td>\n<td style=\"height: 23px;\" colspan=\"1\" rowspan=\"1\">\n<div class=\"magic-9\">Por mar, aire y expreso<\/div>\n<\/td>\n<\/tr>\n<tr style=\"height: 23px;\">\n<td style=\"height: 23px;\" colspan=\"1\" rowspan=\"1\">\n<div class=\"magic-8\">Embalaje<\/div>\n<\/td>\n<td style=\"height: 23px;\" colspan=\"1\" rowspan=\"1\">\n<div class=\"magic-9\" data-spm-anchor-id=\"a2700.details-description.0.i1.65833qr73qr7ss\">Cart\u00f3n, Pal\u00e9<\/div>\n<\/td>\n<\/tr>\n<\/tbody>\n<\/table>\n<\/div>\n<\/div>\n<p data-start=\"1317\" data-end=\"1440\"><strong data-start=\"1317\" data-end=\"1334\">Aplicaciones:<\/strong><br data-start=\"1334\" data-end=\"1337\" \/><strong>Eco Friendly Mailing Boxes<\/strong> subscription boxes, influencer PR kits, custom gift boxes, small product shipping<\/p>\n<p data-start=\"1289\" data-end=\"1306\"><strong data-start=\"1289\" data-end=\"1306\">Kraft Boxes Key Features:<\/strong><\/p>\n<ul data-start=\"1307\" data-end=\"1565\">\n<li data-start=\"1307\" data-end=\"1361\">\n<p data-start=\"1309\" data-end=\"1361\">Made from FSC-certified and recyclable kraft paper<\/p>\n<\/li>\n<li data-start=\"1362\" data-end=\"1405\">\n<p data-start=\"1364\" data-end=\"1405\">Strong, lightweight, and cost-effective<\/p>\n<\/li>\n<li data-start=\"1406\" data-end=\"1444\">\n<p data-start=\"1408\" data-end=\"1444\">Tama\u00f1os, formas e impresi\u00f3n personalizados<\/p>\n<\/li>\n<li data-start=\"1445\" data-end=\"1508\">\n<p data-start=\"1447\" data-end=\"1508\">Ideal for eco-friendly product lines and sustainable brands<\/p>\n<\/li>\n<li data-start=\"1509\" data-end=\"1565\">\n<p data-start=\"1511\" data-end=\"1565\">Factory-direct service with low MOQ and fast lead time<\/p>\n<\/li>\n<\/ul>\n<hr data-start=\"1567\" data-end=\"1570\" \/>\n<p>&nbsp;<\/p>","protected":false},"excerpt":{"rendered":"<p>Cajas postales ecol\u00f3gicas fabricadas con cart\u00f3n reciclado, ideales para el envasado sostenible en los sectores de la alimentaci\u00f3n, la cosm\u00e9tica, la confecci\u00f3n y el regalo.<\/p>","protected":false},"featured_media":5343,"comment_status":"open","ping_status":"closed","template":"","meta":{"_acf_changed":false,"content-type":"","_uag_custom_page_level_css":""},"product_brand":[],"product_cat":[225,213,214,226],"product_tag":[],"class_list":{"0":"post-5339","1":"product","2":"type-product","3":"status-publish","4":"has-post-thumbnail","6":"product_cat-paper-box","7":"product_cat-gifts","8":"product_cat-jewelry","9":"product_cat-shipping-box","11":"first","12":"instock","13":"shipping-taxable","14":"product-type-simple"},"acf":[],"uagb_featured_image_src":{"full":["https:\/\/packcolorful.com\/wp-content\/uploads\/2026\/03\/ScreenShot_2026-03-20_162147_576.png",773,770,false],"thumbnail":["https:\/\/packcolorful.com\/wp-content\/uploads\/2026\/03\/ScreenShot_2026-03-20_162147_576.png",96,96,false],"medium":["https:\/\/packcolorful.com\/wp-content\/uploads\/2026\/03\/ScreenShot_2026-03-20_162147_576.png",773,770,false],"medium_large":["https:\/\/packcolorful.com\/wp-content\/uploads\/2026\/03\/ScreenShot_2026-03-20_162147_576-768x765.png",768,765,true],"large":["https:\/\/packcolorful.com\/wp-content\/uploads\/2026\/03\/ScreenShot_2026-03-20_162147_576.png",773,770,false],"1536x1536":["https:\/\/packcolorful.com\/wp-content\/uploads\/2026\/03\/ScreenShot_2026-03-20_162147_576.png",773,770,false],"2048x2048":["https:\/\/packcolorful.com\/wp-content\/uploads\/2026\/03\/ScreenShot_2026-03-20_162147_576.png",773,770,false],"trp-custom-language-flag":["https:\/\/packcolorful.com\/wp-content\/uploads\/2026\/03\/ScreenShot_2026-03-20_162147_576-12x12.png",12,12,true],"blog-large":["https:\/\/packcolorful.com\/wp-content\/uploads\/2026\/03\/ScreenShot_2026-03-20_162147_576-669x272.png",669,272,true],"blog-medium":["https:\/\/packcolorful.com\/wp-content\/uploads\/2026\/03\/ScreenShot_2026-03-20_162147_576-320x202.png",320,202,true],"recent-posts":["https:\/\/packcolorful.com\/wp-content\/uploads\/2026\/03\/ScreenShot_2026-03-20_162147_576-700x441.png",700,441,true],"recent-works-thumbnail":["https:\/\/packcolorful.com\/wp-content\/uploads\/2026\/03\/ScreenShot_2026-03-20_162147_576-66x66.png",66,66,true],"fusion-200":["https:\/\/packcolorful.com\/wp-content\/uploads\/2026\/03\/ScreenShot_2026-03-20_162147_576-200x199.png",200,199,true],"fusion-400":["https:\/\/packcolorful.com\/wp-content\/uploads\/2026\/03\/ScreenShot_2026-03-20_162147_576-400x398.png",400,398,true],"fusion-600":["https:\/\/packcolorful.com\/wp-content\/uploads\/2026\/03\/ScreenShot_2026-03-20_162147_576-600x598.png",600,598,true],"fusion-800":["https:\/\/packcolorful.com\/wp-content\/uploads\/2026\/03\/ScreenShot_2026-03-20_162147_576.png",773,770,false],"fusion-1200":["https:\/\/packcolorful.com\/wp-content\/uploads\/2026\/03\/ScreenShot_2026-03-20_162147_576.png",773,770,false],"portfolio-full":["https:\/\/packcolorful.com\/wp-content\/uploads\/2026\/03\/ScreenShot_2026-03-20_162147_576-773x400.png",773,400,true],"portfolio-one":["https:\/\/packcolorful.com\/wp-content\/uploads\/2026\/03\/ScreenShot_2026-03-20_162147_576-540x272.png",540,272,true],"portfolio-two":["https:\/\/packcolorful.com\/wp-content\/uploads\/2026\/03\/ScreenShot_2026-03-20_162147_576-460x295.png",460,295,true],"portfolio-three":["https:\/\/packcolorful.com\/wp-content\/uploads\/2026\/03\/ScreenShot_2026-03-20_162147_576-300x214.png",300,214,true],"portfolio-five":["https:\/\/packcolorful.com\/wp-content\/uploads\/2026\/03\/ScreenShot_2026-03-20_162147_576-177x142.png",177,142,true],"woocommerce_thumbnail":["https:\/\/packcolorful.com\/wp-content\/uploads\/2026\/03\/ScreenShot_2026-03-20_162147_576-500x498.png",500,498,true],"woocommerce_single":["https:\/\/packcolorful.com\/wp-content\/uploads\/2026\/03\/ScreenShot_2026-03-20_162147_576-700x697.png",700,697,true],"woocommerce_gallery_thumbnail":["https:\/\/packcolorful.com\/wp-content\/uploads\/2026\/03\/ScreenShot_2026-03-20_162147_576-200x200.png",200,200,true]},"uagb_author_info":{"display_name":"admin","author_link":"https:\/\/packcolorful.com\/es\/author\/"},"uagb_comment_info":0,"uagb_excerpt":"Eco-friendly Mailing Boxes made from recycled paperboard\u2014ideal for sustainable packaging across food, cosmetics, apparel, and gift industries.","_links":{"self":[{"href":"https:\/\/packcolorful.com\/es\/wp-json\/wp\/v2\/product\/5339","targetHints":{"allow":["GET"]}}],"collection":[{"href":"https:\/\/packcolorful.com\/es\/wp-json\/wp\/v2\/product"}],"about":[{"href":"https:\/\/packcolorful.com\/es\/wp-json\/wp\/v2\/types\/product"}],"replies":[{"embeddable":true,"href":"https:\/\/packcolorful.com\/es\/wp-json\/wp\/v2\/comments?post=5339"}],"wp:featuredmedia":[{"embeddable":true,"href":"https:\/\/packcolorful.com\/es\/wp-json\/wp\/v2\/media\/5343"}],"wp:attachment":[{"href":"https:\/\/packcolorful.com\/es\/wp-json\/wp\/v2\/media?parent=5339"}],"wp:term":[{"taxonomy":"product_brand","embeddable":true,"href":"https:\/\/packcolorful.com\/es\/wp-json\/wp\/v2\/product_brand?post=5339"},{"taxonomy":"product_cat","embeddable":true,"href":"https:\/\/packcolorful.com\/es\/wp-json\/wp\/v2\/product_cat?post=5339"},{"taxonomy":"product_tag","embeddable":true,"href":"https:\/\/packcolorful.com\/es\/wp-json\/wp\/v2\/product_tag?post=5339"}],"curies":[{"name":"wp","href":"https:\/\/api.w.org\/{rel}","templated":true}]}}