{"id":5375,"date":"2026-03-23T06:33:54","date_gmt":"2026-03-23T06:33:54","guid":{"rendered":"https:\/\/packcolorful.com\/?post_type=product&#038;p=5375"},"modified":"2026-03-23T07:01:18","modified_gmt":"2026-03-23T07:01:18","slug":"perfume-packaging-box","status":"publish","type":"product","link":"https:\/\/packcolorful.com\/es\/producto\/perfume-packaging-box\/","title":{"rendered":"Lujoso estuche para perfumes"},"content":{"rendered":"<h3>\u2728Elevate your beauty or pharmaceutical brand with our <strong>prefume\u00a0 packaging box<\/strong>\u2014designed for protection and luxury.<\/h3>\n<div><\/div>\n<div>Crafted from durable cardboard with a sleek matte black finish, this two-piece box features elegant gold foil stamping to highlight your brand. It shields serums, ointments, and cosmetic products from damage during shipping, while its customizable design lets you add your logo and messaging for a memorable unboxing experience.<\/div>\n<div><\/div>\n<div>Perfect for premium skincare, beauty, and pharmaceutical products, it combines style and function to boost shelf appeal and brand perception.<\/div>\n<ul>\n<li><strong>Luxury Design<\/strong>: Matte black + gold foil stamping for premium brand appeal<\/li>\n<li><strong>Fully Customizable<\/strong>: Add your logo, text, or branding to align with your identity<\/li>\n<li><strong>Versatile Use<\/strong>: Ideal for serums, ointments, cosmetic jars, and pharmaceutical products<\/li>\n<li><strong>Sleek Two-Piece Structure<\/strong>: Easy to assemble and secure for shipping<\/li>\n<\/ul>\n<p>&nbsp;<\/p>\n<h3 data-start=\"898\" data-end=\"1184\">Cosmetic Packaging Boxes Detail\uff1a<\/h3>\n<table style=\"border-collapse: collapse; width: 100%;\">\n<tbody>\n<tr>\n<td style=\"width: 50%;\"><\/td>\n<td style=\"width: 50%;\"><\/td>\n<\/tr>\n<tr>\n<td style=\"width: 50%;\"><img decoding=\"async\" class=\"lazyload alignnone wp-image-5376 size-fusion-600\" src=\"https:\/\/packcolorful.com\/wp-content\/uploads\/2026\/03\/ScreenShot_2026-03-23_143244_658-600x600.png\" data-orig-src=\"https:\/\/packcolorful.com\/wp-content\/uploads\/2026\/03\/ScreenShot_2026-03-23_143244_658-600x600.png\" alt=\"Perfume packaging box\" width=\"600\" height=\"600\" srcset=\"data:image\/svg+xml,%3Csvg%20xmlns%3D%27http%3A%2F%2Fwww.w3.org%2F2000%2Fsvg%27%20width%3D%27600%27%20height%3D%27600%27%20viewBox%3D%270%200%20600%20600%27%3E%3Crect%20width%3D%27600%27%20height%3D%27600%27%20fill-opacity%3D%220%22%2F%3E%3C%2Fsvg%3E\" data-srcset=\"https:\/\/packcolorful.com\/wp-content\/uploads\/2026\/03\/ScreenShot_2026-03-23_143244_658-12x12.png 12w, https:\/\/packcolorful.com\/wp-content\/uploads\/2026\/03\/ScreenShot_2026-03-23_143244_658-66x66.png 66w, https:\/\/packcolorful.com\/wp-content\/uploads\/2026\/03\/ScreenShot_2026-03-23_143244_658-200x200.png 200w, https:\/\/packcolorful.com\/wp-content\/uploads\/2026\/03\/ScreenShot_2026-03-23_143244_658-400x400.png 400w, https:\/\/packcolorful.com\/wp-content\/uploads\/2026\/03\/ScreenShot_2026-03-23_143244_658-500x500.png 500w, https:\/\/packcolorful.com\/wp-content\/uploads\/2026\/03\/ScreenShot_2026-03-23_143244_658-600x600.png 600w, https:\/\/packcolorful.com\/wp-content\/uploads\/2026\/03\/ScreenShot_2026-03-23_143244_658-700x700.png 700w, https:\/\/packcolorful.com\/wp-content\/uploads\/2026\/03\/ScreenShot_2026-03-23_143244_658-768x768.png 768w, https:\/\/packcolorful.com\/wp-content\/uploads\/2026\/03\/ScreenShot_2026-03-23_143244_658.png 772w\" data-sizes=\"auto\" data-orig-sizes=\"(max-width: 600px) 100vw, 600px\" \/><\/td>\n<td style=\"width: 50%;\"><img decoding=\"async\" class=\"lazyload alignnone wp-image-5376 size-fusion-600\" src=\"https:\/\/packcolorful.com\/wp-content\/uploads\/2026\/03\/ScreenShot_2026-03-23_143244_658-600x600.png\" data-orig-src=\"https:\/\/packcolorful.com\/wp-content\/uploads\/2026\/03\/ScreenShot_2026-03-23_143244_658-600x600.png\" alt=\"Perfume packaging box\" width=\"600\" height=\"600\" srcset=\"data:image\/svg+xml,%3Csvg%20xmlns%3D%27http%3A%2F%2Fwww.w3.org%2F2000%2Fsvg%27%20width%3D%27600%27%20height%3D%27600%27%20viewBox%3D%270%200%20600%20600%27%3E%3Crect%20width%3D%27600%27%20height%3D%27600%27%20fill-opacity%3D%220%22%2F%3E%3C%2Fsvg%3E\" data-srcset=\"https:\/\/packcolorful.com\/wp-content\/uploads\/2026\/03\/ScreenShot_2026-03-23_143244_658-12x12.png 12w, https:\/\/packcolorful.com\/wp-content\/uploads\/2026\/03\/ScreenShot_2026-03-23_143244_658-66x66.png 66w, https:\/\/packcolorful.com\/wp-content\/uploads\/2026\/03\/ScreenShot_2026-03-23_143244_658-200x200.png 200w, https:\/\/packcolorful.com\/wp-content\/uploads\/2026\/03\/ScreenShot_2026-03-23_143244_658-400x400.png 400w, https:\/\/packcolorful.com\/wp-content\/uploads\/2026\/03\/ScreenShot_2026-03-23_143244_658-500x500.png 500w, https:\/\/packcolorful.com\/wp-content\/uploads\/2026\/03\/ScreenShot_2026-03-23_143244_658-600x600.png 600w, https:\/\/packcolorful.com\/wp-content\/uploads\/2026\/03\/ScreenShot_2026-03-23_143244_658-700x700.png 700w, https:\/\/packcolorful.com\/wp-content\/uploads\/2026\/03\/ScreenShot_2026-03-23_143244_658-768x768.png 768w, https:\/\/packcolorful.com\/wp-content\/uploads\/2026\/03\/ScreenShot_2026-03-23_143244_658.png 772w\" data-sizes=\"auto\" data-orig-sizes=\"(max-width: 600px) 100vw, 600px\" \/><\/td>\n<\/tr>\n<\/tbody>\n<\/table>\n<div><\/div>\n<h2 class=\"magic-5\">Envasado de cosm\u00e9ticos a medida<\/h2>\n<div><\/div>\n<div class=\"J_module\">\n<div class=\"ife-detail-decorate-table\">\n<table class=\"all magic-7\" style=\"border-style: solid; border-color: #b5b5b5;\" border=\"1px\">\n<tbody>\n<tr>\n<td colspan=\"1\" rowspan=\"1\">\n<div class=\"magic-8\">Nombre del producto<\/div>\n<\/td>\n<td colspan=\"1\" rowspan=\"1\">\n<div class=\"magic-9\">Perfume packaging box<\/div>\n<\/td>\n<\/tr>\n<tr>\n<td colspan=\"1\" rowspan=\"1\">\n<div class=\"magic-8\" data-spm-anchor-id=\"a2700.details-description.0.i2.65833qr73qr7ss\">Material de papel com\u00fan<\/div>\n<\/td>\n<td colspan=\"1\" rowspan=\"1\">\n<div class=\"magic-9\">Papel Cart\u00f3n, Papel Art\u00edstico, Papel Estucado, Papel Kraft, Cart\u00f3n Ondulado<\/div>\n<\/td>\n<\/tr>\n<tr>\n<td colspan=\"1\" rowspan=\"1\">\n<div class=\"magic-8\">Impresi\u00f3n<\/div>\n<\/td>\n<td colspan=\"1\" rowspan=\"1\">\n<div class=\"magic-9\">Impresi\u00f3n offset CMYK o Pantone, serigraf\u00eda o impresi\u00f3n offset UV<\/div>\n<\/td>\n<\/tr>\n<tr>\n<td colspan=\"1\" rowspan=\"1\">\n<div class=\"magic-8\">Talla<\/div>\n<\/td>\n<td colspan=\"1\" rowspan=\"1\">\n<div class=\"magic-9\">Tama\u00f1o personalizado seg\u00fan los requisitos del cliente<\/div>\n<\/td>\n<\/tr>\n<tr>\n<td colspan=\"1\" rowspan=\"1\">\n<div class=\"magic-8\">Manipulaci\u00f3n de la impresi\u00f3n<\/div>\n<\/td>\n<td colspan=\"1\" rowspan=\"1\">\n<div class=\"magic-9\">Gofrado o estampado en relieve, estampado en oro o seda, UV localizado, pel\u00edcula l\u00e1ser, laminado brillante o laminado mate<\/div>\n<\/td>\n<\/tr>\n<tr>\n<td colspan=\"1\" rowspan=\"1\">\n<div class=\"magic-8\">Accesorios<\/div>\n<\/td>\n<td colspan=\"1\" rowspan=\"1\">\n<div class=\"magic-9\">Cinta, Cart\u00f3n ondulado kraft, Cart\u00f3n ondulado separador<br \/>\n, Inserto divisor de cart\u00f3n, Inserto divisor r\u00edgido, Inserto de cart\u00f3n blanco, Inserto de bl\u00edster de PET, Inserto de EVA, Espuma de EPE<\/div>\n<\/td>\n<\/tr>\n<tr>\n<td colspan=\"1\" rowspan=\"1\">\n<div class=\"magic-8\">Formato de las ilustraciones<\/div>\n<\/td>\n<td colspan=\"1\" rowspan=\"1\">\n<div class=\"magic-9\">Formato AI, PDF, CDR, InDesign para dise\u00f1os personalizados<\/div>\n<\/td>\n<\/tr>\n<tr>\n<td colspan=\"1\" rowspan=\"1\">\n<div class=\"magic-8\">MOQ<\/div>\n<\/td>\n<td colspan=\"1\" rowspan=\"1\">\n<div class=\"magic-9\">1000PCS<\/div>\n<\/td>\n<\/tr>\n<tr>\n<td colspan=\"1\" rowspan=\"1\">\n<div class=\"magic-8\">Tiempo de muestreo<\/div>\n<\/td>\n<td colspan=\"1\" rowspan=\"1\">\n<div class=\"magic-9\">1-3 d\u00edas laborables<\/div>\n<\/td>\n<\/tr>\n<tr>\n<td colspan=\"1\" rowspan=\"1\">\n<div class=\"magic-8\">Tiempo de producci\u00f3n<\/div>\n<\/td>\n<td colspan=\"1\" rowspan=\"1\">\n<div class=\"magic-9\">7-15 d\u00edas laborables<\/div>\n<\/td>\n<\/tr>\n<tr>\n<td colspan=\"1\" rowspan=\"1\">\n<div class=\"magic-8\">M\u00e9todo de env\u00edo<\/div>\n<\/td>\n<td colspan=\"1\" rowspan=\"1\">\n<div class=\"magic-9\">Por mar, aire y expreso<\/div>\n<\/td>\n<\/tr>\n<tr>\n<td colspan=\"1\" rowspan=\"1\">\n<div class=\"magic-8\">Embalaje<\/div>\n<\/td>\n<td colspan=\"1\" rowspan=\"1\">\n<div class=\"magic-9\" data-spm-anchor-id=\"a2700.details-description.0.i1.65833qr73qr7ss\">Cart\u00f3n, Pal\u00e9<\/div>\n<\/td>\n<\/tr>\n<\/tbody>\n<\/table>\n<\/div>\n<\/div>\n<p data-start=\"1332\" data-end=\"1368\"><strong data-start=\"1332\" data-end=\"1368\">Why Choose Our Custom Cosmetic Packaging Boxes:<\/strong><\/p>\n<ul>\n<li data-start=\"1354\" data-end=\"1389\">\n<p data-start=\"1356\" data-end=\"1389\">Custom sizes, shapes &amp; structures<\/p>\n<\/li>\n<li data-start=\"1390\" data-end=\"1435\">\n<p data-start=\"1392\" data-end=\"1435\">Luxury printing &amp; surface finishing options<\/p>\n<\/li>\n<li data-start=\"1436\" data-end=\"1478\">\n<p data-start=\"1438\" data-end=\"1478\">Sustainable &amp; recyclable paper materials<\/p>\n<\/li>\n<li data-start=\"1479\" data-end=\"1525\">\n<p data-start=\"1481\" data-end=\"1525\">Ideal for skincare, makeup, beauty gift sets<\/p>\n<\/li>\n<li data-start=\"1526\" data-end=\"1584\">\n<p data-start=\"1528\" data-end=\"1584\">Factory-direct service with low minimum order quantities<\/p>\n<\/li>\n<\/ul>","protected":false},"excerpt":{"rendered":"<p><strong>custom Perfume packaging box<\/strong>\u2014the perfect blend of sleek functionality and premium branding for skincare, makeup, and beauty products.<\/p>","protected":false},"featured_media":5377,"comment_status":"open","ping_status":"closed","template":"","meta":{"_acf_changed":false,"content-type":"","_uag_custom_page_level_css":""},"product_brand":[],"product_cat":[222],"product_tag":[],"class_list":{"0":"post-5375","1":"product","2":"type-product","3":"status-publish","4":"has-post-thumbnail","6":"product_cat-cosmetic-box","8":"first","9":"instock","10":"shipping-taxable","11":"product-type-simple"},"acf":[],"uagb_featured_image_src":{"full":["https:\/\/packcolorful.com\/wp-content\/uploads\/2026\/03\/ScreenShot_2026-03-23_143302_920.png",772,772,false],"thumbnail":["https:\/\/packcolorful.com\/wp-content\/uploads\/2026\/03\/ScreenShot_2026-03-23_143302_920.png",96,96,false],"medium":["https:\/\/packcolorful.com\/wp-content\/uploads\/2026\/03\/ScreenShot_2026-03-23_143302_920.png",772,772,false],"medium_large":["https:\/\/packcolorful.com\/wp-content\/uploads\/2026\/03\/ScreenShot_2026-03-23_143302_920-768x768.png",768,768,true],"large":["https:\/\/packcolorful.com\/wp-content\/uploads\/2026\/03\/ScreenShot_2026-03-23_143302_920.png",772,772,false],"1536x1536":["https:\/\/packcolorful.com\/wp-content\/uploads\/2026\/03\/ScreenShot_2026-03-23_143302_920.png",772,772,false],"2048x2048":["https:\/\/packcolorful.com\/wp-content\/uploads\/2026\/03\/ScreenShot_2026-03-23_143302_920.png",772,772,false],"trp-custom-language-flag":["https:\/\/packcolorful.com\/wp-content\/uploads\/2026\/03\/ScreenShot_2026-03-23_143302_920-12x12.png",12,12,true],"blog-large":["https:\/\/packcolorful.com\/wp-content\/uploads\/2026\/03\/ScreenShot_2026-03-23_143302_920-669x272.png",669,272,true],"blog-medium":["https:\/\/packcolorful.com\/wp-content\/uploads\/2026\/03\/ScreenShot_2026-03-23_143302_920-320x202.png",320,202,true],"recent-posts":["https:\/\/packcolorful.com\/wp-content\/uploads\/2026\/03\/ScreenShot_2026-03-23_143302_920-700x441.png",700,441,true],"recent-works-thumbnail":["https:\/\/packcolorful.com\/wp-content\/uploads\/2026\/03\/ScreenShot_2026-03-23_143302_920-66x66.png",66,66,true],"fusion-200":["https:\/\/packcolorful.com\/wp-content\/uploads\/2026\/03\/ScreenShot_2026-03-23_143302_920-200x200.png",200,200,true],"fusion-400":["https:\/\/packcolorful.com\/wp-content\/uploads\/2026\/03\/ScreenShot_2026-03-23_143302_920-400x400.png",400,400,true],"fusion-600":["https:\/\/packcolorful.com\/wp-content\/uploads\/2026\/03\/ScreenShot_2026-03-23_143302_920-600x600.png",600,600,true],"fusion-800":["https:\/\/packcolorful.com\/wp-content\/uploads\/2026\/03\/ScreenShot_2026-03-23_143302_920.png",772,772,false],"fusion-1200":["https:\/\/packcolorful.com\/wp-content\/uploads\/2026\/03\/ScreenShot_2026-03-23_143302_920.png",772,772,false],"portfolio-full":["https:\/\/packcolorful.com\/wp-content\/uploads\/2026\/03\/ScreenShot_2026-03-23_143302_920-772x400.png",772,400,true],"portfolio-one":["https:\/\/packcolorful.com\/wp-content\/uploads\/2026\/03\/ScreenShot_2026-03-23_143302_920-540x272.png",540,272,true],"portfolio-two":["https:\/\/packcolorful.com\/wp-content\/uploads\/2026\/03\/ScreenShot_2026-03-23_143302_920-460x295.png",460,295,true],"portfolio-three":["https:\/\/packcolorful.com\/wp-content\/uploads\/2026\/03\/ScreenShot_2026-03-23_143302_920-300x214.png",300,214,true],"portfolio-five":["https:\/\/packcolorful.com\/wp-content\/uploads\/2026\/03\/ScreenShot_2026-03-23_143302_920-177x142.png",177,142,true],"woocommerce_thumbnail":["https:\/\/packcolorful.com\/wp-content\/uploads\/2026\/03\/ScreenShot_2026-03-23_143302_920-500x500.png",500,500,true],"woocommerce_single":["https:\/\/packcolorful.com\/wp-content\/uploads\/2026\/03\/ScreenShot_2026-03-23_143302_920-700x700.png",700,700,true],"woocommerce_gallery_thumbnail":["https:\/\/packcolorful.com\/wp-content\/uploads\/2026\/03\/ScreenShot_2026-03-23_143302_920-200x200.png",200,200,true]},"uagb_author_info":{"display_name":"admin","author_link":"https:\/\/packcolorful.com\/es\/author\/"},"uagb_comment_info":0,"uagb_excerpt":"custom Perfume packaging box\u2014the perfect blend of sleek functionality and premium branding for skincare, makeup, and beauty products.","_links":{"self":[{"href":"https:\/\/packcolorful.com\/es\/wp-json\/wp\/v2\/product\/5375","targetHints":{"allow":["GET"]}}],"collection":[{"href":"https:\/\/packcolorful.com\/es\/wp-json\/wp\/v2\/product"}],"about":[{"href":"https:\/\/packcolorful.com\/es\/wp-json\/wp\/v2\/types\/product"}],"replies":[{"embeddable":true,"href":"https:\/\/packcolorful.com\/es\/wp-json\/wp\/v2\/comments?post=5375"}],"wp:featuredmedia":[{"embeddable":true,"href":"https:\/\/packcolorful.com\/es\/wp-json\/wp\/v2\/media\/5377"}],"wp:attachment":[{"href":"https:\/\/packcolorful.com\/es\/wp-json\/wp\/v2\/media?parent=5375"}],"wp:term":[{"taxonomy":"product_brand","embeddable":true,"href":"https:\/\/packcolorful.com\/es\/wp-json\/wp\/v2\/product_brand?post=5375"},{"taxonomy":"product_cat","embeddable":true,"href":"https:\/\/packcolorful.com\/es\/wp-json\/wp\/v2\/product_cat?post=5375"},{"taxonomy":"product_tag","embeddable":true,"href":"https:\/\/packcolorful.com\/es\/wp-json\/wp\/v2\/product_tag?post=5375"}],"curies":[{"name":"wp","href":"https:\/\/api.w.org\/{rel}","templated":true}]}}