{"id":1887,"date":"2025-03-17T01:05:34","date_gmt":"2025-03-17T01:05:34","guid":{"rendered":"https:\/\/packcolorful.com\/about-us\/"},"modified":"2026-03-17T00:54:42","modified_gmt":"2026-03-17T00:54:42","slug":"a-propos-de-nous","status":"publish","type":"page","link":"https:\/\/packcolorful.com\/fr\/a-propos-de-nous\/","title":{"rendered":"\u00c0 propos de nous"},"content":{"rendered":"<p><div class=\"fusion-fullwidth fullwidth-box fusion-builder-row-1 fusion-flex-container has-pattern-background has-mask-background fusion-parallax-none nonhundred-percent-fullwidth non-hundred-percent-height-scrolling lazyload\" style=\"--awb-background-position:center top;--awb-border-sizes-top:0px;--awb-border-sizes-bottom:0px;--awb-border-sizes-left:0px;--awb-border-sizes-right:0px;--awb-border-radius-top-left:0px;--awb-border-radius-top-right:0px;--awb-border-radius-bottom-right:0px;--awb-border-radius-bottom-left:0px;--awb-padding-top:95px;--awb-padding-right:30px;--awb-padding-bottom:100px;--awb-padding-left:30px;--awb-padding-top-small:60px;--awb-padding-right-small:60px;--awb-padding-bottom-small:60px;--awb-padding-left-small:60px;--awb-margin-top:0px;--awb-margin-bottom:0px;--awb-background-color:var(--awb-color1);--awb-background-image:linear-gradient(180deg, hsla(var(--awb-color8-h),var(--awb-color8-s),var(--awb-color8-l),calc(var(--awb-color8-a) - 70%)) 0%,hsla(var(--awb-color8-h),var(--awb-color8-s),var(--awb-color8-l),calc(var(--awb-color8-a) - 70%)) 100%);;--awb-background-size:cover;--awb-flex-wrap:wrap;\" data-bg=\"https:\/\/packcolorful.com\/wp-content\/uploads\/2025\/09\/\u6d77\u5fb7\u5821.jpg\" data-bg-gradient=\"linear-gradient(180deg, hsla(var(--awb-color8-h),var(--awb-color8-s),var(--awb-color8-l),calc(var(--awb-color8-a) - 70%)) 0%,hsla(var(--awb-color8-h),var(--awb-color8-s),var(--awb-color8-l),calc(var(--awb-color8-a) - 70%)) 100%)\" ><div class=\"fusion-builder-row fusion-row fusion-flex-align-items-flex-start fusion-flex-justify-content-center fusion-flex-content-wrap\" style=\"max-width:1268.8px;margin-left: calc(-4% \/ 2 );margin-right: calc(-4% \/ 2 );\"><div class=\"fusion-layout-column fusion_builder_column fusion-builder-column-0 fusion_builder_column_3_5 3_5 fusion-flex-column fusion-animated\" style=\"--awb-bg-size:cover;--awb-width-large:60%;--awb-margin-top-large:0px;--awb-spacing-right-large:3.2%;--awb-margin-bottom-large:0px;--awb-spacing-left-large:3.2%;--awb-width-medium:80%;--awb-spacing-right-medium:2.4%;--awb-spacing-left-medium:2.4%;--awb-width-small:100%;--awb-spacing-right-small:1.92%;--awb-margin-bottom-small:0px;--awb-spacing-left-small:1.92%;\" data-animationtype=\"fadeInUp\" data-animationduration=\"0.9\" data-animationoffset=\"top-into-view\"><div class=\"fusion-column-wrapper fusion-column-has-shadow fusion-flex-justify-content-flex-start fusion-content-layout-column\"><div class=\"fusion-title title fusion-title-1 fusion-sep-none fusion-title-center fusion-title-text fusion-title-size-one\" style=\"--awb-text-color:var(--awb-color1);--awb-margin-right:0px;--awb-font-size:32px;\"><h1 class=\"fusion-title-heading title-heading-center\" style=\"font-family:&quot;Montserrat&quot;;font-style:normal;font-weight:600;margin:0;font-size:1em;\">\u00c0 propos de Senwei <span class=\"cp-name\" data-spm-anchor-id=\"a2700.shop_index.88.i0.4c847104F0lpsG\">Impression et emballage<\/span><\/h1><\/div><div class=\"fusion-text fusion-text-1 fusion-text-no-margin\" style=\"--awb-content-alignment:center;--awb-text-color:hsla(var(--awb-color1-h),var(--awb-color1-s),var(--awb-color1-l),calc(var(--awb-color1-a) - 20%));--awb-margin-right:10%;--awb-margin-bottom:40px;--awb-margin-left:10%;\"><p data-pm-slice=\"1 1 &#091;&#093;\">Solutions d'emballage personnalis\u00e9es \u00e0 guichet unique, de la conception \u00e0 la livraison<\/p>\n<\/div><div style=\"text-align:center;\"><a class=\"fusion-button button-flat fusion-button-default-size button-default fusion-button-default button-1 fusion-button-default-span\" target=\"_self\" href=\"https:\/\/packcolorful.com\/fr\/nous-contacter\/\"><span class=\"fusion-button-text awb-button__text awb-button__text--default\">Contacter notre \u00e9quipe<\/span><\/a><\/div><\/div><\/div><\/div><\/div><div class=\"fusion-fullwidth fullwidth-box fusion-builder-row-2 fusion-flex-container nonhundred-percent-fullwidth non-hundred-percent-height-scrolling\" style=\"--awb-border-sizes-top:0px;--awb-border-sizes-bottom:0px;--awb-border-sizes-left:0px;--awb-border-sizes-right:0px;--awb-border-radius-top-left:0px;--awb-border-radius-top-right:0px;--awb-border-radius-bottom-right:0px;--awb-border-radius-bottom-left:0px;--awb-padding-top:80px;--awb-padding-right:30px;--awb-padding-bottom:80px;--awb-padding-left:30px;--awb-padding-right-small:60px;--awb-padding-bottom-small:50px;--awb-padding-left-small:60px;--awb-margin-top:0px;--awb-margin-bottom:0px;--awb-background-color:var(--awb-color1);--awb-flex-wrap:wrap;\" ><div class=\"fusion-builder-row fusion-row fusion-flex-align-items-center fusion-flex-content-wrap\" style=\"max-width:1268.8px;margin-left: calc(-4% \/ 2 );margin-right: calc(-4% \/ 2 );\"><div class=\"fusion-layout-column fusion_builder_column fusion-builder-column-1 fusion_builder_column_1_2 1_2 fusion-flex-column fusion-animated\" style=\"--awb-bg-size:cover;--awb-width-large:50%;--awb-margin-top-large:0px;--awb-spacing-right-large:7.68%;--awb-margin-bottom-large:60px;--awb-spacing-left-large:7.68%;--awb-width-medium:50%;--awb-order-medium:0;--awb-spacing-right-medium:7.68%;--awb-spacing-left-medium:7.68%;--awb-width-small:100%;--awb-order-small:0;--awb-margin-top-small:0px;--awb-spacing-right-small:1.92%;--awb-margin-bottom-small:0px;--awb-spacing-left-small:1.92%;\" data-animationtype=\"fadeInLeft\" data-animationduration=\"1.6\" data-animationoffset=\"top-into-view\"><div class=\"fusion-column-wrapper fusion-column-has-shadow fusion-flex-justify-content-center fusion-content-layout-column\"><div class=\"fusion-image-element\" style=\"--awb-caption-title-font-family:var(--h2_typography-font-family);--awb-caption-title-font-weight:var(--h2_typography-font-weight);--awb-caption-title-font-style:var(--h2_typography-font-style);--awb-caption-title-size:var(--h2_typography-font-size);--awb-caption-title-transform:var(--h2_typography-text-transform);--awb-caption-title-line-height:var(--h2_typography-line-height);--awb-caption-title-letter-spacing:var(--h2_typography-letter-spacing);\"><span class=\"fusion-imageframe imageframe-none imageframe-1 hover-type-none\" style=\"border-radius:5px;\"><img decoding=\"async\" width=\"800\" height=\"512\" title=\"usine\" src=\"https:\/\/packcolorful.com\/wp-content\/uploads\/2025\/09\/factory.jpg\" data-orig-src=\"https:\/\/packcolorful.com\/wp-content\/uploads\/2025\/09\/factory.jpg\" alt class=\"lazyload img-responsive wp-image-4592\" srcset=\"data:image\/svg+xml,%3Csvg%20xmlns%3D%27http%3A%2F%2Fwww.w3.org%2F2000%2Fsvg%27%20width%3D%27800%27%20height%3D%27512%27%20viewBox%3D%270%200%20800%20512%27%3E%3Crect%20width%3D%27800%27%20height%3D%27512%27%20fill-opacity%3D%220%22%2F%3E%3C%2Fsvg%3E\" data-srcset=\"https:\/\/packcolorful.com\/wp-content\/uploads\/2025\/09\/factory-200x128.jpg 200w, https:\/\/packcolorful.com\/wp-content\/uploads\/2025\/09\/factory-400x256.jpg 400w, https:\/\/packcolorful.com\/wp-content\/uploads\/2025\/09\/factory-600x384.jpg 600w, https:\/\/packcolorful.com\/wp-content\/uploads\/2025\/09\/factory.jpg 800w\" data-sizes=\"auto\" data-orig-sizes=\"(max-width: 820px) 100vw, 600px\" \/><\/span><\/div><\/div><\/div><div class=\"fusion-layout-column fusion_builder_column fusion-builder-column-2 fusion_builder_column_1_2 1_2 fusion-flex-column fusion-animated\" style=\"--awb-padding-top-small:48px;--awb-padding-right-small:48px;--awb-padding-bottom-small:48px;--awb-padding-left-small:48px;--awb-bg-size:cover;--awb-width-large:50%;--awb-margin-top-large:0px;--awb-spacing-right-large:1.92%;--awb-margin-bottom-large:60px;--awb-spacing-left-large:1.92%;--awb-width-medium:50%;--awb-order-medium:0;--awb-spacing-right-medium:9.6%;--awb-spacing-left-medium:13.44%;--awb-width-small:100%;--awb-order-small:1;--awb-spacing-right-small:1.92%;--awb-margin-bottom-small:0px;--awb-spacing-left-small:1.92%;\" data-animationtype=\"fadeInRight\" data-animationduration=\"1.6\" data-animationoffset=\"top-into-view\" data-scroll-devices=\"small-visibility,medium-visibility,large-visibility\"><div class=\"fusion-column-wrapper fusion-column-has-shadow fusion-flex-justify-content-flex-start fusion-content-layout-column\"><div class=\"fusion-title title fusion-title-2 fusion-sep-none fusion-title-center fusion-title-text fusion-title-size-three\" style=\"--awb-text-color:var(--awb-color8);--awb-margin-top:10px;--awb-margin-right:0px;--awb-margin-left:0px;\"><h3 class=\"fusion-title-heading title-heading-center\" style=\"margin:0;\">Notre vision de l'avenir de l'emballage<\/h3><\/div><div class=\"fusion-text fusion-text-2 fusion-text-no-margin\" style=\"--awb-content-alignment:left;--awb-font-size:16px;--awb-text-color:hsla(var(--awb-color8-h),var(--awb-color8-s),var(--awb-color8-l),calc(var(--awb-color8-a) - 20%));--awb-text-font-family:&quot;Montserrat&quot;;--awb-text-font-style:normal;--awb-text-font-weight:500;\"><p>Shenzhen Senwei Printing &amp; Packaging Co. est un fabricant d'emballages en direct qui fournit aux marques internationales des bo\u00eetes en papier \u00e0 fermeture \u00e9clair, des bo\u00eetes en carton ondul\u00e9, des bo\u00eetes en couleur, des bo\u00eetes-cadeaux rigides, des sacs en papier, des autocollants et des \u00e9tiquettes. Avec un espace de production de 3 000 m\u00b2, plus de 80 employ\u00e9s qualifi\u00e9s et un \u00e9quipement automatis\u00e9 de pointe, nous garantissons des d\u00e9lais de livraison rapides, une qualit\u00e9 constante et une production rentable. Plus de 1 000 marques dans le monde nous font confiance. Nous combinons service r\u00e9actif, innovation et mat\u00e9riaux \u00e9cologiques pour am\u00e9liorer vos emballages, r\u00e9duire l'impact sur l'environnement et renforcer la pr\u00e9sence de votre marque dans le commerce de d\u00e9tail et le commerce \u00e9lectronique.<\/p>\n<\/div><\/div><\/div><div class=\"fusion-layout-column fusion_builder_column fusion-builder-column-3 fusion_builder_column_1_2 1_2 fusion-flex-column fusion-animated\" style=\"--awb-padding-top-small:48px;--awb-padding-right-small:48px;--awb-padding-bottom-small:48px;--awb-padding-left-small:48px;--awb-bg-size:cover;--awb-width-large:50%;--awb-margin-top-large:0px;--awb-spacing-right-large:1.92%;--awb-margin-bottom-large:60px;--awb-spacing-left-large:1.92%;--awb-width-medium:50%;--awb-order-medium:0;--awb-spacing-right-medium:9.6%;--awb-spacing-left-medium:13.44%;--awb-width-small:100%;--awb-order-small:5;--awb-spacing-right-small:1.92%;--awb-margin-bottom-small:0px;--awb-spacing-left-small:1.92%;\" data-animationtype=\"fadeInLeft\" data-animationduration=\"1.6\" data-animationoffset=\"top-into-view\" data-scroll-devices=\"small-visibility,medium-visibility,large-visibility\"><div class=\"fusion-column-wrapper fusion-column-has-shadow fusion-flex-justify-content-flex-start fusion-content-layout-column\"><div class=\"fusion-title title fusion-title-3 fusion-sep-none fusion-title-center fusion-title-text fusion-title-size-three\" style=\"--awb-text-color:var(--awb-color8);--awb-margin-top:10px;--awb-margin-right:0px;--awb-margin-left:0px;\"><h3 class=\"fusion-title-heading title-heading-center fusion-responsive-typography-calculated\" style=\"margin:0;--fontSize:36;line-height:var(--awb-typography1-line-height);\">D\u00e9couvrez nos gammes de produits de qualit\u00e9 sup\u00e9rieure<\/h3><\/div><div class=\"fusion-text fusion-text-3 fusion-text-no-margin\" style=\"--awb-content-alignment:left;--awb-font-size:16px;--awb-text-color:hsla(var(--awb-color8-h),var(--awb-color8-s),var(--awb-color8-l),calc(var(--awb-color8-a) - 20%));--awb-text-font-family:&quot;Montserrat&quot;;--awb-text-font-style:normal;--awb-text-font-weight:500;\"><p>Presses offset \u00e0 feuilles (4-6c) et unit\u00e9s num\u00e9riques\/flexo ; pr\u00e9presse CTP et contr\u00f4le spectro des couleurs ; pelliculeuses automatiques (mat\/brillant\/soft-touch) ; dorure \u00e0 chaud, gaufrage\/d\u00e9bossage, spot UV ; d\u00e9coupeuses \u00e0 plat \u00e0 grande vitesse (stripping\/blanking) ; plieuses-colleuses (droite\/lock bottom) ; formation\/emballage de bo\u00eetes rigides ; lignes de sacs en papier ; transformation de carton ondul\u00e9 (d\u00e9coupeuse \u00e0 fente\/rotative, plieuse-colleuse, agrafeuse) ; plieuses-colleuses (droite\/lock-bottom) ; formation\/emballage de bo\u00eetes rigides ; lignes de sacs en papier ; transformation de carton ondul\u00e9 (d\u00e9coupeuse \u00e0 fente\/rotative, plieuse-colleuse, piqueuse) ; d\u00e9coupeuse rotative et refente pour \u00e9tiquettes ; coupeuse d'\u00e9chantillons CAD ; tests de CQ (ECT\/ chute).<\/p>\n<\/div><\/div><\/div><div class=\"fusion-layout-column fusion_builder_column fusion-builder-column-4 fusion_builder_column_1_2 1_2 fusion-flex-column fusion-animated\" style=\"--awb-bg-size:cover;--awb-width-large:50%;--awb-margin-top-large:0px;--awb-spacing-right-large:7.68%;--awb-margin-bottom-large:60px;--awb-spacing-left-large:7.68%;--awb-width-medium:50%;--awb-order-medium:0;--awb-spacing-right-medium:7.68%;--awb-spacing-left-medium:7.68%;--awb-width-small:100%;--awb-order-small:2;--awb-spacing-right-small:1.92%;--awb-margin-bottom-small:0px;--awb-spacing-left-small:1.92%;\" data-animationtype=\"fadeInRight\" data-animationduration=\"1.6\" data-animationoffset=\"top-into-view\"><div class=\"fusion-column-wrapper fusion-column-has-shadow fusion-flex-justify-content-center fusion-content-layout-column\"><div class=\"fusion-image-element\" style=\"--awb-caption-title-font-family:var(--h2_typography-font-family);--awb-caption-title-font-weight:var(--h2_typography-font-weight);--awb-caption-title-font-style:var(--h2_typography-font-style);--awb-caption-title-size:var(--h2_typography-font-size);--awb-caption-title-transform:var(--h2_typography-text-transform);--awb-caption-title-line-height:var(--h2_typography-line-height);--awb-caption-title-letter-spacing:var(--h2_typography-letter-spacing);\"><span class=\"fusion-imageframe imageframe-none imageframe-2 hover-type-none\" style=\"border-radius:5px;\"><img decoding=\"async\" width=\"1200\" height=\"816\" title=\"cp-32\" src=\"https:\/\/packcolorful.com\/wp-content\/uploads\/2025\/09\/cp-32.jpg\" data-orig-src=\"https:\/\/packcolorful.com\/wp-content\/uploads\/2025\/09\/cp-32.jpg\" alt class=\"lazyload img-responsive wp-image-4589\" srcset=\"data:image\/svg+xml,%3Csvg%20xmlns%3D%27http%3A%2F%2Fwww.w3.org%2F2000%2Fsvg%27%20width%3D%271200%27%20height%3D%27816%27%20viewBox%3D%270%200%201200%20816%27%3E%3Crect%20width%3D%271200%27%20height%3D%27816%27%20fill-opacity%3D%220%22%2F%3E%3C%2Fsvg%3E\" data-srcset=\"https:\/\/packcolorful.com\/wp-content\/uploads\/2025\/09\/cp-32-200x136.jpg 200w, https:\/\/packcolorful.com\/wp-content\/uploads\/2025\/09\/cp-32-400x272.jpg 400w, https:\/\/packcolorful.com\/wp-content\/uploads\/2025\/09\/cp-32-600x408.jpg 600w, https:\/\/packcolorful.com\/wp-content\/uploads\/2025\/09\/cp-32-800x544.jpg 800w, https:\/\/packcolorful.com\/wp-content\/uploads\/2025\/09\/cp-32.jpg 1200w\" data-sizes=\"auto\" data-orig-sizes=\"(max-width: 820px) 100vw, 600px\" \/><\/span><\/div><\/div><\/div><div class=\"fusion-layout-column fusion_builder_column fusion-builder-column-5 fusion_builder_column_1_2 1_2 fusion-flex-column fusion-animated\" style=\"--awb-bg-size:cover;--awb-width-large:50%;--awb-margin-top-large:0px;--awb-spacing-right-large:7.68%;--awb-margin-bottom-large:0px;--awb-spacing-left-large:7.68%;--awb-width-medium:50%;--awb-order-medium:0;--awb-spacing-right-medium:7.68%;--awb-spacing-left-medium:7.68%;--awb-width-small:100%;--awb-order-small:4;--awb-spacing-right-small:1.92%;--awb-margin-bottom-small:0px;--awb-spacing-left-small:1.92%;\" data-animationtype=\"fadeInLeft\" data-animationduration=\"1.6\" data-animationoffset=\"top-into-view\"><div class=\"fusion-column-wrapper fusion-column-has-shadow fusion-flex-justify-content-center fusion-content-layout-column\"><div class=\"fusion-image-element\" style=\"--awb-caption-title-font-family:var(--h2_typography-font-family);--awb-caption-title-font-weight:var(--h2_typography-font-weight);--awb-caption-title-font-style:var(--h2_typography-font-style);--awb-caption-title-size:var(--h2_typography-font-size);--awb-caption-title-transform:var(--h2_typography-text-transform);--awb-caption-title-line-height:var(--h2_typography-line-height);--awb-caption-title-letter-spacing:var(--h2_typography-letter-spacing);\"><span class=\"fusion-imageframe imageframe-none imageframe-3 hover-type-none\" style=\"border-radius:5px;\"><img decoding=\"async\" width=\"800\" height=\"512\" title=\"bureau\" src=\"https:\/\/packcolorful.com\/wp-content\/uploads\/2025\/09\/office-1.jpg\" data-orig-src=\"https:\/\/packcolorful.com\/wp-content\/uploads\/2025\/09\/office-1.jpg\" alt class=\"lazyload img-responsive wp-image-4596\" srcset=\"data:image\/svg+xml,%3Csvg%20xmlns%3D%27http%3A%2F%2Fwww.w3.org%2F2000%2Fsvg%27%20width%3D%27800%27%20height%3D%27512%27%20viewBox%3D%270%200%20800%20512%27%3E%3Crect%20width%3D%27800%27%20height%3D%27512%27%20fill-opacity%3D%220%22%2F%3E%3C%2Fsvg%3E\" data-srcset=\"https:\/\/packcolorful.com\/wp-content\/uploads\/2025\/09\/office-1-200x128.jpg 200w, https:\/\/packcolorful.com\/wp-content\/uploads\/2025\/09\/office-1-400x256.jpg 400w, https:\/\/packcolorful.com\/wp-content\/uploads\/2025\/09\/office-1-600x384.jpg 600w, https:\/\/packcolorful.com\/wp-content\/uploads\/2025\/09\/office-1.jpg 800w\" data-sizes=\"auto\" data-orig-sizes=\"(max-width: 820px) 100vw, 600px\" \/><\/span><\/div><\/div><\/div><div class=\"fusion-layout-column fusion_builder_column fusion-builder-column-6 fusion_builder_column_1_2 1_2 fusion-flex-column fusion-animated\" style=\"--awb-padding-top-small:48px;--awb-padding-right-small:48px;--awb-padding-bottom-small:48px;--awb-padding-left-small:48px;--awb-bg-size:cover;--awb-width-large:50%;--awb-margin-top-large:0px;--awb-spacing-right-large:17.28%;--awb-margin-bottom-large:20px;--awb-spacing-left-large:17.28%;--awb-width-medium:50%;--awb-spacing-right-medium:9.6%;--awb-spacing-left-medium:13.44%;--awb-width-small:100%;--awb-order-small:3;--awb-spacing-right-small:1.92%;--awb-margin-bottom-small:0px;--awb-spacing-left-small:1.92%;\" data-animationtype=\"fadeInRight\" data-animationduration=\"1.6\" data-animationoffset=\"top-into-view\"><div class=\"fusion-column-wrapper fusion-column-has-shadow fusion-flex-justify-content-flex-start fusion-content-layout-column\"><div class=\"fusion-title title fusion-title-4 fusion-sep-none fusion-title-text fusion-title-size-three\" style=\"--awb-text-color:var(--awb-color8);--awb-margin-top:10px;--awb-margin-right:0px;--awb-margin-left:0px;\"><h3 class=\"fusion-title-heading title-heading-left\" style=\"margin:0;\">Notre vision<\/h3><\/div><div class=\"fusion-text fusion-text-4 fusion-text-no-margin\" style=\"--awb-content-alignment:center;--awb-text-color:hsla(var(--awb-color8-h),var(--awb-color8-s),var(--awb-color8-l),calc(var(--awb-color8-a) - 20%));\"><p>\u00catre le partenaire le plus fiable au monde en mati\u00e8re d'emballage durable - faire progresser les marques gr\u00e2ce \u00e0 l'innovation et \u00e0 la qualit\u00e9, tout en laissant une empreinte plus l\u00e9g\u00e8re sur la plan\u00e8te.<\/p>\n<\/div><\/div><\/div><\/div><\/div><\/p>","protected":false},"excerpt":{"rendered":"","protected":false},"author":1,"featured_media":0,"parent":0,"menu_order":0,"comment_status":"closed","ping_status":"closed","template":"100-width.php","meta":{"_acf_changed":false,"content-type":"","_uag_custom_page_level_css":"","footnotes":""},"class_list":["post-1887","page","type-page","status-publish","hentry"],"acf":[],"uagb_featured_image_src":{"full":false,"thumbnail":false,"medium":false,"medium_large":false,"large":false,"1536x1536":false,"2048x2048":false,"trp-custom-language-flag":false,"blog-large":false,"blog-medium":false,"recent-posts":false,"recent-works-thumbnail":false,"fusion-200":false,"fusion-400":false,"fusion-600":false,"fusion-800":false,"fusion-1200":false,"portfolio-full":false,"portfolio-one":false,"portfolio-two":false,"portfolio-three":false,"portfolio-five":false,"woocommerce_thumbnail":false,"woocommerce_single":false,"woocommerce_gallery_thumbnail":false},"uagb_author_info":{"display_name":"cuids@aliyun.com","author_link":"https:\/\/packcolorful.com\/fr\/author\/cuidsaliyun-com\/"},"uagb_comment_info":0,"uagb_excerpt":null,"_links":{"self":[{"href":"https:\/\/packcolorful.com\/fr\/wp-json\/wp\/v2\/pages\/1887","targetHints":{"allow":["GET"]}}],"collection":[{"href":"https:\/\/packcolorful.com\/fr\/wp-json\/wp\/v2\/pages"}],"about":[{"href":"https:\/\/packcolorful.com\/fr\/wp-json\/wp\/v2\/types\/page"}],"author":[{"embeddable":true,"href":"https:\/\/packcolorful.com\/fr\/wp-json\/wp\/v2\/users\/1"}],"replies":[{"embeddable":true,"href":"https:\/\/packcolorful.com\/fr\/wp-json\/wp\/v2\/comments?post=1887"}],"version-history":[{"count":9,"href":"https:\/\/packcolorful.com\/fr\/wp-json\/wp\/v2\/pages\/1887\/revisions"}],"predecessor-version":[{"id":5260,"href":"https:\/\/packcolorful.com\/fr\/wp-json\/wp\/v2\/pages\/1887\/revisions\/5260"}],"wp:attachment":[{"href":"https:\/\/packcolorful.com\/fr\/wp-json\/wp\/v2\/media?parent=1887"}],"curies":[{"name":"wp","href":"https:\/\/api.w.org\/{rel}","templated":true}]}}