{"id":4706,"date":"2025-09-03T15:45:21","date_gmt":"2025-09-03T15:45:21","guid":{"rendered":"https:\/\/packcolorful.com\/?post_type=product&#038;p=4706"},"modified":"2025-10-09T16:01:29","modified_gmt":"2025-10-09T16:01:29","slug":"boites-alimentaires-personnalisees","status":"publish","type":"product","link":"https:\/\/packcolorful.com\/fr\/produit\/boites-alimentaires-personnalisees\/","title":{"rendered":"Bo\u00eetes alimentaires personnalis\u00e9es"},"content":{"rendered":"<p data-start=\"450\" data-end=\"747\">Les bo\u00eetes alimentaires personnalis\u00e9es sont con\u00e7ues pour r\u00e9pondre aux exigences des entreprises alimentaires modernes, combinant des mat\u00e9riaux s\u00fbrs pour les aliments avec une structure durable et une pr\u00e9sentation attrayante. Id\u00e9ales pour les boulangeries, les restaurants, les cuisines en nuage, les aliments surgel\u00e9s et les snacks vendus au d\u00e9tail, ces bo\u00eetes offrent \u00e0 la fois protection et attrait visuel.<\/p>\n<p data-start=\"749\" data-end=\"1150\">Fabriqu\u00e9es \u00e0 partir de carton \u00e9cologique de qualit\u00e9 alimentaire ou de carton ondul\u00e9, nos bo\u00eetes alimentaires sont enti\u00e8rement recyclables et disponibles dans des options r\u00e9sistantes \u00e0 la graisse, \u00e0 l'humidit\u00e9 et \u00e0 la cong\u00e9lation. Avec une large gamme de styles personnalisables - y compris les bo\u00eetes \u00e0 couvercle, les bo\u00eetes \u00e0 fen\u00eatre, les bo\u00eetes \u00e0 pignon et les conteneurs \u00e0 emporter - nous vous aidons \u00e0 construire une solution d'emballage qui correspond \u00e0 votre produit, \u00e0 votre marque et \u00e0 vos objectifs de d\u00e9veloppement durable.<\/p>\n<p data-start=\"1152\" data-end=\"1449\">Imprimez votre logo, vos informations nutritionnelles ou vos codes QR avec une impression offset ou flexographique vibrante pour am\u00e9liorer l'impact en rayon et la confiance des clients. Que vous ayez besoin d'emballages artisanaux en petites s\u00e9ries ou de bo\u00eetes de distribution alimentaire \u00e0 grande \u00e9chelle, nous proposons des prix directs \u00e0 l'usine, des quantit\u00e9s minimales et une assistance experte en mati\u00e8re d'emballage.<\/p>\n<h3 data-start=\"898\" data-end=\"1184\">Bo\u00eetes alimentaires personnalis\u00e9es D\u00e9tails\uff1a<\/h3>\n<table style=\"border-collapse: collapse; width: 100%;\">\n<tbody>\n<tr>\n<td style=\"width: 50%;\"><img decoding=\"async\" class=\"lazyload alignnone wp-image-4483 size-full\" src=\"https:\/\/packcolorful.com\/wp-content\/uploads\/2025\/09\/food-box-11.jpg\" data-orig-src=\"https:\/\/packcolorful.com\/wp-content\/uploads\/2025\/09\/food-box-11.jpg\" alt=\"Bo\u00eetes alimentaires personnalis\u00e9es\" width=\"1200\" height=\"1200\" srcset=\"data:image\/svg+xml,%3Csvg%20xmlns%3D%27http%3A%2F%2Fwww.w3.org%2F2000%2Fsvg%27%20width%3D%271200%27%20height%3D%271200%27%20viewBox%3D%270%200%201200%201200%27%3E%3Crect%20width%3D%271200%27%20height%3D%271200%27%20fill-opacity%3D%220%22%2F%3E%3C%2Fsvg%3E\" data-srcset=\"https:\/\/packcolorful.com\/wp-content\/uploads\/2025\/09\/food-box-11-66x66.jpg 66w, https:\/\/packcolorful.com\/wp-content\/uploads\/2025\/09\/food-box-11-200x200.jpg 200w, https:\/\/packcolorful.com\/wp-content\/uploads\/2025\/09\/food-box-11-400x400.jpg 400w, https:\/\/packcolorful.com\/wp-content\/uploads\/2025\/09\/food-box-11-500x500.jpg 500w, https:\/\/packcolorful.com\/wp-content\/uploads\/2025\/09\/food-box-11-600x600.jpg 600w, https:\/\/packcolorful.com\/wp-content\/uploads\/2025\/09\/food-box-11-700x700.jpg 700w, https:\/\/packcolorful.com\/wp-content\/uploads\/2025\/09\/food-box-11-768x768.jpg 768w, https:\/\/packcolorful.com\/wp-content\/uploads\/2025\/09\/food-box-11-800x800.jpg 800w, https:\/\/packcolorful.com\/wp-content\/uploads\/2025\/09\/food-box-11-1024x1024.jpg 1024w, https:\/\/packcolorful.com\/wp-content\/uploads\/2025\/09\/food-box-11.jpg 1200w\" data-sizes=\"auto\" data-orig-sizes=\"(max-width: 1200px) 100vw, 1200px\" \/><\/td>\n<td style=\"width: 50%;\"><img decoding=\"async\" class=\"lazyload alignnone size-full wp-image-4484\" src=\"https:\/\/packcolorful.com\/wp-content\/uploads\/2025\/09\/food-box-12.jpg\" data-orig-src=\"https:\/\/packcolorful.com\/wp-content\/uploads\/2025\/09\/food-box-12.jpg\" alt=\"\" width=\"1200\" height=\"1200\" srcset=\"data:image\/svg+xml,%3Csvg%20xmlns%3D%27http%3A%2F%2Fwww.w3.org%2F2000%2Fsvg%27%20width%3D%271200%27%20height%3D%271200%27%20viewBox%3D%270%200%201200%201200%27%3E%3Crect%20width%3D%271200%27%20height%3D%271200%27%20fill-opacity%3D%220%22%2F%3E%3C%2Fsvg%3E\" data-srcset=\"https:\/\/packcolorful.com\/wp-content\/uploads\/2025\/09\/food-box-12-66x66.jpg 66w, https:\/\/packcolorful.com\/wp-content\/uploads\/2025\/09\/food-box-12-200x200.jpg 200w, https:\/\/packcolorful.com\/wp-content\/uploads\/2025\/09\/food-box-12-400x400.jpg 400w, https:\/\/packcolorful.com\/wp-content\/uploads\/2025\/09\/food-box-12-500x500.jpg 500w, https:\/\/packcolorful.com\/wp-content\/uploads\/2025\/09\/food-box-12-600x600.jpg 600w, https:\/\/packcolorful.com\/wp-content\/uploads\/2025\/09\/food-box-12-700x700.jpg 700w, https:\/\/packcolorful.com\/wp-content\/uploads\/2025\/09\/food-box-12-768x768.jpg 768w, https:\/\/packcolorful.com\/wp-content\/uploads\/2025\/09\/food-box-12-800x800.jpg 800w, https:\/\/packcolorful.com\/wp-content\/uploads\/2025\/09\/food-box-12-1024x1024.jpg 1024w, https:\/\/packcolorful.com\/wp-content\/uploads\/2025\/09\/food-box-12.jpg 1200w\" data-sizes=\"auto\" data-orig-sizes=\"(max-width: 1200px) 100vw, 1200px\" \/><\/td>\n<\/tr>\n<tr>\n<td style=\"width: 50%;\"><\/td>\n<td style=\"width: 50%;\"><\/td>\n<\/tr>\n<\/tbody>\n<\/table>\n<div><\/div>\n<h2 class=\"magic-5\">Bo\u00eetes alimentaires personnalis\u00e9es<\/h2>\n<div><\/div>\n<div class=\"J_module\">\n<div class=\"ife-detail-decorate-table\">\n<table class=\"all magic-7\" style=\"border-style: solid; border-color: #b5b5b5;\" border=\"1px\">\n<tbody>\n<tr>\n<td colspan=\"1\" rowspan=\"1\">\n<div class=\"magic-8\">Nom du produit<\/div>\n<\/td>\n<td colspan=\"1\" rowspan=\"1\">\n<div class=\"magic-9\">Bo\u00eetes d'emballage alimentaire personnalis\u00e9es<\/div>\n<\/td>\n<\/tr>\n<tr>\n<td colspan=\"1\" rowspan=\"1\">\n<div class=\"magic-8\" data-spm-anchor-id=\"a2700.details-description.0.i2.65833qr73qr7ss\">Mat\u00e9riel de papier commun<\/div>\n<\/td>\n<td colspan=\"1\" rowspan=\"1\">\n<div class=\"magic-9\">Papier cartonn\u00e9, papier d'art, papier couch\u00e9, papier kraft, carton ondul\u00e9<\/div>\n<\/td>\n<\/tr>\n<tr>\n<td colspan=\"1\" rowspan=\"1\">\n<div class=\"magic-8\">Impression<\/div>\n<\/td>\n<td colspan=\"1\" rowspan=\"1\">\n<div class=\"magic-9\">Impression offset CMYK ou Pantone, s\u00e9rigraphie ou impression offset UV<\/div>\n<\/td>\n<\/tr>\n<tr>\n<td colspan=\"1\" rowspan=\"1\">\n<div class=\"magic-8\">Taille<\/div>\n<\/td>\n<td colspan=\"1\" rowspan=\"1\">\n<div class=\"magic-9\">Taille personnalis\u00e9e selon les besoins du client<\/div>\n<\/td>\n<\/tr>\n<tr>\n<td colspan=\"1\" rowspan=\"1\">\n<div class=\"magic-8\">Manipulation de l'impression<\/div>\n<\/td>\n<td colspan=\"1\" rowspan=\"1\">\n<div class=\"magic-9\">D\u00e9bossage ou gaufrage, dorure ou dorure \u00e0 la feuille, Spot UV, film laser, pelliculage brillant ou pelliculage mat<\/div>\n<\/td>\n<\/tr>\n<tr>\n<td colspan=\"1\" rowspan=\"1\">\n<div class=\"magic-8\">Accessoires<\/div>\n<\/td>\n<td colspan=\"1\" rowspan=\"1\">\n<div class=\"magic-9\">Ruban, Kraft Insert en carton ondul\u00e9, Carton intercalaire en carton ondul\u00e9<br \/>\n, Insert de s\u00e9paration en carton, insert de s\u00e9paration rigide, insert de carton blanc, insert de blister PET, insert EVA, mousse EPE<\/div>\n<\/td>\n<\/tr>\n<tr>\n<td colspan=\"1\" rowspan=\"1\">\n<div class=\"magic-8\">Format de l'\u0153uvre d'art<\/div>\n<\/td>\n<td colspan=\"1\" rowspan=\"1\">\n<div class=\"magic-9\">Format AI, PDF, CDR, InDesign pour une conception personnalis\u00e9e<\/div>\n<\/td>\n<\/tr>\n<tr>\n<td colspan=\"1\" rowspan=\"1\">\n<div class=\"magic-8\">MOQ<\/div>\n<\/td>\n<td colspan=\"1\" rowspan=\"1\">\n<div class=\"magic-9\">300PCS<\/div>\n<\/td>\n<\/tr>\n<tr>\n<td colspan=\"1\" rowspan=\"1\">\n<div class=\"magic-8\">Temps d'\u00e9chantillonnage<\/div>\n<\/td>\n<td colspan=\"1\" rowspan=\"1\">\n<div class=\"magic-9\">1-5 jours ouvrables<\/div>\n<\/td>\n<\/tr>\n<tr>\n<td colspan=\"1\" rowspan=\"1\">\n<div class=\"magic-8\">Temps de production<\/div>\n<\/td>\n<td colspan=\"1\" rowspan=\"1\">\n<div class=\"magic-9\">8-25 jours ouvrables<\/div>\n<\/td>\n<\/tr>\n<tr>\n<td colspan=\"1\" rowspan=\"1\">\n<div class=\"magic-8\">Mode d'exp\u00e9dition<\/div>\n<\/td>\n<td colspan=\"1\" rowspan=\"1\">\n<div class=\"magic-9\">Par voie maritime, a\u00e9rienne et express<\/div>\n<\/td>\n<\/tr>\n<tr>\n<td colspan=\"1\" rowspan=\"1\">\n<div class=\"magic-8\">Emballage<\/div>\n<\/td>\n<td colspan=\"1\" rowspan=\"1\">\n<div class=\"magic-9\" data-spm-anchor-id=\"a2700.details-description.0.i1.65833qr73qr7ss\">Sac en plastique, carton, palette<\/div>\n<\/td>\n<\/tr>\n<\/tbody>\n<\/table>\n<\/div>\n<\/div>\n<p data-start=\"1451\" data-end=\"1592\"><strong data-start=\"1451\" data-end=\"1468\">Applications :<\/strong><br data-start=\"1468\" data-end=\"1471\" \/>Emballages de boulangerie, bo\u00eetes \u00e0 emporter, emballages de repas surgel\u00e9s, bo\u00eetes \u00e0 snacks, coffrets cadeaux alimentaires, plateaux de restauration, cartons pour la vente au d\u00e9tail de produits alimentaires.<\/p>\n<p data-start=\"1594\" data-end=\"1613\"><strong data-start=\"1594\" data-end=\"1611\">Caract\u00e9ristiques principales :<\/strong><\/p>\n<ul data-start=\"1614\" data-end=\"1877\">\n<li data-start=\"1614\" data-end=\"1677\">\n<p data-start=\"1616\" data-end=\"1677\">Mat\u00e9riaux s\u00fbrs pour les aliments et respectueux de l'environnement (certifi\u00e9s FSC sur demande)<\/p>\n<\/li>\n<li data-start=\"1678\" data-end=\"1741\">\n<p data-start=\"1680\" data-end=\"1741\">Options anti-graisse, r\u00e9sistant \u00e0 l'humidit\u00e9 et retenant la chaleur<\/p>\n<\/li>\n<li data-start=\"1742\" data-end=\"1780\">\n<p data-start=\"1744\" data-end=\"1780\">Dimensions, formes et impressions personnalis\u00e9es<\/p>\n<\/li>\n<li data-start=\"1781\" data-end=\"1826\">\n<p data-start=\"1783\" data-end=\"1826\">Id\u00e9al pour les produits alimentaires chauds et froids<\/p>\n<\/li>\n<li data-start=\"1827\" data-end=\"1877\">\n<p data-start=\"1829\" data-end=\"1877\">Faible QMo, d\u00e9lais d'ex\u00e9cution rapides et exp\u00e9dition mondiale<\/p>\n<\/li>\n<\/ul>\n<p>&nbsp;<\/p>","protected":false},"excerpt":{"rendered":"<p>Bo\u00eetes d'emballage alimentaire personnalis\u00e9es fabriqu\u00e9es \u00e0 partir de mat\u00e9riaux \u00e9cologiques de qualit\u00e9 alimentaire, con\u00e7ues pour garantir la s\u00e9curit\u00e9, la fra\u00eecheur et l'attrait en rayon des plats \u00e0 emporter, des boulangeries et des commerces de d\u00e9tail.<\/p>","protected":false},"featured_media":4483,"comment_status":"open","ping_status":"closed","template":"","meta":{"_acf_changed":false,"content-type":"","_uag_custom_page_level_css":""},"product_brand":[],"product_cat":[224],"product_tag":[],"class_list":{"0":"post-4706","1":"product","2":"type-product","3":"status-publish","4":"has-post-thumbnail","6":"product_cat-food-box","8":"first","9":"instock","10":"shipping-taxable","11":"product-type-simple"},"acf":[],"uagb_featured_image_src":{"full":["https:\/\/packcolorful.com\/wp-content\/uploads\/2025\/09\/food-box-11.jpg",1200,1200,false],"thumbnail":["https:\/\/packcolorful.com\/wp-content\/uploads\/2025\/09\/food-box-11.jpg",96,96,false],"medium":["https:\/\/packcolorful.com\/wp-content\/uploads\/2025\/09\/food-box-11.jpg",1200,1200,false],"medium_large":["https:\/\/packcolorful.com\/wp-content\/uploads\/2025\/09\/food-box-11-768x768.jpg",768,768,true],"large":["https:\/\/packcolorful.com\/wp-content\/uploads\/2025\/09\/food-box-11-1024x1024.jpg",1024,1024,true],"1536x1536":["https:\/\/packcolorful.com\/wp-content\/uploads\/2025\/09\/food-box-11.jpg",1200,1200,false],"2048x2048":["https:\/\/packcolorful.com\/wp-content\/uploads\/2025\/09\/food-box-11.jpg",1200,1200,false],"trp-custom-language-flag":["https:\/\/packcolorful.com\/wp-content\/uploads\/2025\/09\/food-box-11.jpg",12,12,false],"blog-large":["https:\/\/packcolorful.com\/wp-content\/uploads\/2025\/09\/food-box-11-669x272.jpg",669,272,true],"blog-medium":["https:\/\/packcolorful.com\/wp-content\/uploads\/2025\/09\/food-box-11-320x202.jpg",320,202,true],"recent-posts":["https:\/\/packcolorful.com\/wp-content\/uploads\/2025\/09\/food-box-11-700x441.jpg",700,441,true],"recent-works-thumbnail":["https:\/\/packcolorful.com\/wp-content\/uploads\/2025\/09\/food-box-11-66x66.jpg",66,66,true],"fusion-200":["https:\/\/packcolorful.com\/wp-content\/uploads\/2025\/09\/food-box-11-200x200.jpg",200,200,true],"fusion-400":["https:\/\/packcolorful.com\/wp-content\/uploads\/2025\/09\/food-box-11-400x400.jpg",400,400,true],"fusion-600":["https:\/\/packcolorful.com\/wp-content\/uploads\/2025\/09\/food-box-11-600x600.jpg",600,600,true],"fusion-800":["https:\/\/packcolorful.com\/wp-content\/uploads\/2025\/09\/food-box-11-800x800.jpg",800,800,true],"fusion-1200":["https:\/\/packcolorful.com\/wp-content\/uploads\/2025\/09\/food-box-11.jpg",1200,1200,false],"portfolio-full":["https:\/\/packcolorful.com\/wp-content\/uploads\/2025\/09\/food-box-11-940x400.jpg",940,400,true],"portfolio-one":["https:\/\/packcolorful.com\/wp-content\/uploads\/2025\/09\/food-box-11-540x272.jpg",540,272,true],"portfolio-two":["https:\/\/packcolorful.com\/wp-content\/uploads\/2025\/09\/food-box-11-460x295.jpg",460,295,true],"portfolio-three":["https:\/\/packcolorful.com\/wp-content\/uploads\/2025\/09\/food-box-11-300x214.jpg",300,214,true],"portfolio-five":["https:\/\/packcolorful.com\/wp-content\/uploads\/2025\/09\/food-box-11-177x142.jpg",177,142,true],"woocommerce_thumbnail":["https:\/\/packcolorful.com\/wp-content\/uploads\/2025\/09\/food-box-11-500x500.jpg",500,500,true],"woocommerce_single":["https:\/\/packcolorful.com\/wp-content\/uploads\/2025\/09\/food-box-11-700x700.jpg",700,700,true],"woocommerce_gallery_thumbnail":["https:\/\/packcolorful.com\/wp-content\/uploads\/2025\/09\/food-box-11-200x200.jpg",200,200,true]},"uagb_author_info":{"display_name":"cuids@aliyun.com","author_link":"https:\/\/packcolorful.com\/fr\/author\/"},"uagb_comment_info":0,"uagb_excerpt":"Custom food packaging boxes made from food-grade, eco-friendly materials\u2014designed for safety, freshness, and shelf appeal across takeout, bakery, and retail applications.","_links":{"self":[{"href":"https:\/\/packcolorful.com\/fr\/wp-json\/wp\/v2\/product\/4706","targetHints":{"allow":["GET"]}}],"collection":[{"href":"https:\/\/packcolorful.com\/fr\/wp-json\/wp\/v2\/product"}],"about":[{"href":"https:\/\/packcolorful.com\/fr\/wp-json\/wp\/v2\/types\/product"}],"replies":[{"embeddable":true,"href":"https:\/\/packcolorful.com\/fr\/wp-json\/wp\/v2\/comments?post=4706"}],"wp:featuredmedia":[{"embeddable":true,"href":"https:\/\/packcolorful.com\/fr\/wp-json\/wp\/v2\/media\/4483"}],"wp:attachment":[{"href":"https:\/\/packcolorful.com\/fr\/wp-json\/wp\/v2\/media?parent=4706"}],"wp:term":[{"taxonomy":"product_brand","embeddable":true,"href":"https:\/\/packcolorful.com\/fr\/wp-json\/wp\/v2\/product_brand?post=4706"},{"taxonomy":"product_cat","embeddable":true,"href":"https:\/\/packcolorful.com\/fr\/wp-json\/wp\/v2\/product_cat?post=4706"},{"taxonomy":"product_tag","embeddable":true,"href":"https:\/\/packcolorful.com\/fr\/wp-json\/wp\/v2\/product_tag?post=4706"}],"curies":[{"name":"wp","href":"https:\/\/api.w.org\/{rel}","templated":true}]}}