{"id":4753,"date":"2025-09-11T17:08:27","date_gmt":"2025-09-11T17:08:27","guid":{"rendered":"https:\/\/packcolorful.com\/?post_type=product&#038;p=4753"},"modified":"2025-10-09T17:13:48","modified_gmt":"2025-10-09T17:13:48","slug":"printed-mailer-boxes","status":"publish","type":"product","link":"https:\/\/packcolorful.com\/fr\/produit\/printed-mailer-boxes\/","title":{"rendered":"Bo\u00eetes postales imprim\u00e9es"},"content":{"rendered":"<p data-start=\"454\" data-end=\"749\">Custom Printed Mailer Boxes are the perfect solution for modern e-commerce businesses looking to combine functionality with memorable branding. Made from durable corrugated cardboard, these self-locking boxes are ideal for shipping clothing, cosmetics, electronics, gifts, and subscription products.<\/p>\n<p data-start=\"751\" data-end=\"1114\">Each mailer box is fully customizable in size, shape, structure, and printing\u2014available in white, kraft, or black base material. We offer both inside and outside printing using high-quality flexographic or digital printing techniques, along with premium surface finishes such as matte\/gloss lamination, UV spot, and foil stamping to help your packaging stand out.<\/p>\n<p data-start=\"1116\" data-end=\"1315\">Lightweight yet strong, these boxes reduce shipping costs while protecting your product during transit. They&#8217;re also eco-friendly, recyclable, and suitable for both local and international logistics.<\/p>\n<p>&nbsp;<\/p>\n<h3 data-start=\"898\" data-end=\"1184\">Custom Printed Mailer Boxes Details\uff1a<\/h3>\n<table style=\"border-collapse: collapse; width: 100%;\">\n<tbody>\n<tr>\n<td style=\"width: 50%;\"><img decoding=\"async\" class=\"lazyload alignnone wp-image-4734 size-full\" src=\"https:\/\/packcolorful.com\/wp-content\/uploads\/2025\/10\/mailer-box-4.jpg\" data-orig-src=\"https:\/\/packcolorful.com\/wp-content\/uploads\/2025\/10\/mailer-box-4.jpg\" alt=\"Bo\u00eetes postales imprim\u00e9es\" width=\"1200\" height=\"1200\" srcset=\"data:image\/svg+xml,%3Csvg%20xmlns%3D%27http%3A%2F%2Fwww.w3.org%2F2000%2Fsvg%27%20width%3D%271200%27%20height%3D%271200%27%20viewBox%3D%270%200%201200%201200%27%3E%3Crect%20width%3D%271200%27%20height%3D%271200%27%20fill-opacity%3D%220%22%2F%3E%3C%2Fsvg%3E\" data-srcset=\"https:\/\/packcolorful.com\/wp-content\/uploads\/2025\/10\/mailer-box-4-66x66.jpg 66w, https:\/\/packcolorful.com\/wp-content\/uploads\/2025\/10\/mailer-box-4-200x200.jpg 200w, https:\/\/packcolorful.com\/wp-content\/uploads\/2025\/10\/mailer-box-4-400x400.jpg 400w, https:\/\/packcolorful.com\/wp-content\/uploads\/2025\/10\/mailer-box-4-500x500.jpg 500w, https:\/\/packcolorful.com\/wp-content\/uploads\/2025\/10\/mailer-box-4-600x600.jpg 600w, https:\/\/packcolorful.com\/wp-content\/uploads\/2025\/10\/mailer-box-4-700x700.jpg 700w, https:\/\/packcolorful.com\/wp-content\/uploads\/2025\/10\/mailer-box-4-768x768.jpg 768w, https:\/\/packcolorful.com\/wp-content\/uploads\/2025\/10\/mailer-box-4-800x800.jpg 800w, https:\/\/packcolorful.com\/wp-content\/uploads\/2025\/10\/mailer-box-4-1024x1024.jpg 1024w, https:\/\/packcolorful.com\/wp-content\/uploads\/2025\/10\/mailer-box-4.jpg 1200w\" data-sizes=\"auto\" data-orig-sizes=\"(max-width: 1200px) 100vw, 1200px\" \/><\/td>\n<td style=\"width: 50%;\"><img decoding=\"async\" class=\"lazyload alignnone size-full wp-image-4735\" src=\"https:\/\/packcolorful.com\/wp-content\/uploads\/2025\/10\/mailer-box-4-2.jpg\" data-orig-src=\"https:\/\/packcolorful.com\/wp-content\/uploads\/2025\/10\/mailer-box-4-2.jpg\" alt=\"\" width=\"1200\" height=\"1200\" srcset=\"data:image\/svg+xml,%3Csvg%20xmlns%3D%27http%3A%2F%2Fwww.w3.org%2F2000%2Fsvg%27%20width%3D%271200%27%20height%3D%271200%27%20viewBox%3D%270%200%201200%201200%27%3E%3Crect%20width%3D%271200%27%20height%3D%271200%27%20fill-opacity%3D%220%22%2F%3E%3C%2Fsvg%3E\" data-srcset=\"https:\/\/packcolorful.com\/wp-content\/uploads\/2025\/10\/mailer-box-4-2-66x66.jpg 66w, https:\/\/packcolorful.com\/wp-content\/uploads\/2025\/10\/mailer-box-4-2-200x200.jpg 200w, https:\/\/packcolorful.com\/wp-content\/uploads\/2025\/10\/mailer-box-4-2-400x400.jpg 400w, https:\/\/packcolorful.com\/wp-content\/uploads\/2025\/10\/mailer-box-4-2-500x500.jpg 500w, https:\/\/packcolorful.com\/wp-content\/uploads\/2025\/10\/mailer-box-4-2-600x600.jpg 600w, https:\/\/packcolorful.com\/wp-content\/uploads\/2025\/10\/mailer-box-4-2-700x700.jpg 700w, https:\/\/packcolorful.com\/wp-content\/uploads\/2025\/10\/mailer-box-4-2-768x768.jpg 768w, https:\/\/packcolorful.com\/wp-content\/uploads\/2025\/10\/mailer-box-4-2-800x800.jpg 800w, https:\/\/packcolorful.com\/wp-content\/uploads\/2025\/10\/mailer-box-4-2-1024x1024.jpg 1024w, https:\/\/packcolorful.com\/wp-content\/uploads\/2025\/10\/mailer-box-4-2.jpg 1200w\" data-sizes=\"auto\" data-orig-sizes=\"(max-width: 1200px) 100vw, 1200px\" \/><\/td>\n<\/tr>\n<tr>\n<td style=\"width: 50%;\"><img decoding=\"async\" class=\"lazyload alignnone size-full wp-image-4737\" src=\"https:\/\/packcolorful.com\/wp-content\/uploads\/2025\/10\/mailer-box-4-1.jpg\" data-orig-src=\"https:\/\/packcolorful.com\/wp-content\/uploads\/2025\/10\/mailer-box-4-1.jpg\" alt=\"\" width=\"1200\" height=\"1200\" srcset=\"data:image\/svg+xml,%3Csvg%20xmlns%3D%27http%3A%2F%2Fwww.w3.org%2F2000%2Fsvg%27%20width%3D%271200%27%20height%3D%271200%27%20viewBox%3D%270%200%201200%201200%27%3E%3Crect%20width%3D%271200%27%20height%3D%271200%27%20fill-opacity%3D%220%22%2F%3E%3C%2Fsvg%3E\" data-srcset=\"https:\/\/packcolorful.com\/wp-content\/uploads\/2025\/10\/mailer-box-4-1-66x66.jpg 66w, https:\/\/packcolorful.com\/wp-content\/uploads\/2025\/10\/mailer-box-4-1-200x200.jpg 200w, https:\/\/packcolorful.com\/wp-content\/uploads\/2025\/10\/mailer-box-4-1-400x400.jpg 400w, https:\/\/packcolorful.com\/wp-content\/uploads\/2025\/10\/mailer-box-4-1-500x500.jpg 500w, https:\/\/packcolorful.com\/wp-content\/uploads\/2025\/10\/mailer-box-4-1-600x600.jpg 600w, https:\/\/packcolorful.com\/wp-content\/uploads\/2025\/10\/mailer-box-4-1-700x700.jpg 700w, https:\/\/packcolorful.com\/wp-content\/uploads\/2025\/10\/mailer-box-4-1-768x768.jpg 768w, https:\/\/packcolorful.com\/wp-content\/uploads\/2025\/10\/mailer-box-4-1-800x800.jpg 800w, https:\/\/packcolorful.com\/wp-content\/uploads\/2025\/10\/mailer-box-4-1-1024x1024.jpg 1024w, https:\/\/packcolorful.com\/wp-content\/uploads\/2025\/10\/mailer-box-4-1.jpg 1200w\" data-sizes=\"auto\" data-orig-sizes=\"(max-width: 1200px) 100vw, 1200px\" \/><\/td>\n<td style=\"width: 50%;\"><img decoding=\"async\" class=\"lazyload alignnone size-full wp-image-4736\" src=\"https:\/\/packcolorful.com\/wp-content\/uploads\/2025\/10\/mailer-box-4-3.jpg\" data-orig-src=\"https:\/\/packcolorful.com\/wp-content\/uploads\/2025\/10\/mailer-box-4-3.jpg\" alt=\"\" width=\"1200\" height=\"1200\" srcset=\"data:image\/svg+xml,%3Csvg%20xmlns%3D%27http%3A%2F%2Fwww.w3.org%2F2000%2Fsvg%27%20width%3D%271200%27%20height%3D%271200%27%20viewBox%3D%270%200%201200%201200%27%3E%3Crect%20width%3D%271200%27%20height%3D%271200%27%20fill-opacity%3D%220%22%2F%3E%3C%2Fsvg%3E\" data-srcset=\"https:\/\/packcolorful.com\/wp-content\/uploads\/2025\/10\/mailer-box-4-3-66x66.jpg 66w, https:\/\/packcolorful.com\/wp-content\/uploads\/2025\/10\/mailer-box-4-3-200x200.jpg 200w, https:\/\/packcolorful.com\/wp-content\/uploads\/2025\/10\/mailer-box-4-3-400x400.jpg 400w, https:\/\/packcolorful.com\/wp-content\/uploads\/2025\/10\/mailer-box-4-3-500x500.jpg 500w, https:\/\/packcolorful.com\/wp-content\/uploads\/2025\/10\/mailer-box-4-3-600x600.jpg 600w, https:\/\/packcolorful.com\/wp-content\/uploads\/2025\/10\/mailer-box-4-3-700x700.jpg 700w, https:\/\/packcolorful.com\/wp-content\/uploads\/2025\/10\/mailer-box-4-3-768x768.jpg 768w, https:\/\/packcolorful.com\/wp-content\/uploads\/2025\/10\/mailer-box-4-3-800x800.jpg 800w, https:\/\/packcolorful.com\/wp-content\/uploads\/2025\/10\/mailer-box-4-3-1024x1024.jpg 1024w, https:\/\/packcolorful.com\/wp-content\/uploads\/2025\/10\/mailer-box-4-3.jpg 1200w\" data-sizes=\"auto\" data-orig-sizes=\"(max-width: 1200px) 100vw, 1200px\" \/><\/td>\n<\/tr>\n<\/tbody>\n<\/table>\n<div><\/div>\n<h2 class=\"magic-5\">Custom Printed Mailer Boxes<\/h2>\n<div><\/div>\n<div class=\"J_module\">\n<div class=\"ife-detail-decorate-table\">\n<table class=\"all magic-7\" style=\"border-style: solid; border-color: #b5b5b5;\" border=\"1px\">\n<tbody>\n<tr>\n<td colspan=\"1\" rowspan=\"1\">\n<div class=\"magic-8\">Nom du produit<\/div>\n<\/td>\n<td colspan=\"1\" rowspan=\"1\">\n<div class=\"magic-9\">Bo\u00eetes postales personnalis\u00e9es<\/div>\n<\/td>\n<\/tr>\n<tr>\n<td colspan=\"1\" rowspan=\"1\">\n<div class=\"magic-8\" data-spm-anchor-id=\"a2700.details-description.0.i2.65833qr73qr7ss\">Mat\u00e9riel de papier commun<\/div>\n<\/td>\n<td colspan=\"1\" rowspan=\"1\">\n<div class=\"magic-9\">Papier cartonn\u00e9, papier d'art, papier couch\u00e9, papier kraft, carton ondul\u00e9<\/div>\n<\/td>\n<\/tr>\n<tr>\n<td colspan=\"1\" rowspan=\"1\">\n<div class=\"magic-8\">Impression<\/div>\n<\/td>\n<td colspan=\"1\" rowspan=\"1\">\n<div class=\"magic-9\">Impression offset CMYK ou Pantone, s\u00e9rigraphie ou impression offset UV<\/div>\n<\/td>\n<\/tr>\n<tr>\n<td colspan=\"1\" rowspan=\"1\">\n<div class=\"magic-8\">Taille<\/div>\n<\/td>\n<td colspan=\"1\" rowspan=\"1\">\n<div class=\"magic-9\">Taille personnalis\u00e9e selon les besoins du client<\/div>\n<\/td>\n<\/tr>\n<tr>\n<td colspan=\"1\" rowspan=\"1\">\n<div class=\"magic-8\">Manipulation de l'impression<\/div>\n<\/td>\n<td colspan=\"1\" rowspan=\"1\">\n<div class=\"magic-9\">D\u00e9bossage ou gaufrage, dorure ou dorure \u00e0 la feuille, Spot UV, film laser, pelliculage brillant ou pelliculage mat<\/div>\n<\/td>\n<\/tr>\n<tr>\n<td colspan=\"1\" rowspan=\"1\">\n<div class=\"magic-8\">Accessoires<\/div>\n<\/td>\n<td colspan=\"1\" rowspan=\"1\">\n<div class=\"magic-9\">Ruban, Kraft Insert en carton ondul\u00e9, Carton intercalaire en carton ondul\u00e9<br \/>\n, Insert de s\u00e9paration en carton, insert de s\u00e9paration rigide, insert de carton blanc, insert de blister PET, insert EVA, mousse EPE<\/div>\n<\/td>\n<\/tr>\n<tr>\n<td colspan=\"1\" rowspan=\"1\">\n<div class=\"magic-8\">Format de l'\u0153uvre d'art<\/div>\n<\/td>\n<td colspan=\"1\" rowspan=\"1\">\n<div class=\"magic-9\">Format AI, PDF, CDR, InDesign pour une conception personnalis\u00e9e<\/div>\n<\/td>\n<\/tr>\n<tr>\n<td colspan=\"1\" rowspan=\"1\">\n<div class=\"magic-8\">MOQ<\/div>\n<\/td>\n<td colspan=\"1\" rowspan=\"1\">\n<div class=\"magic-9\">300PCS<\/div>\n<\/td>\n<\/tr>\n<tr>\n<td colspan=\"1\" rowspan=\"1\">\n<div class=\"magic-8\">Temps d'\u00e9chantillonnage<\/div>\n<\/td>\n<td colspan=\"1\" rowspan=\"1\">\n<div class=\"magic-9\">1-5 jours ouvrables<\/div>\n<\/td>\n<\/tr>\n<tr>\n<td colspan=\"1\" rowspan=\"1\">\n<div class=\"magic-8\">Temps de production<\/div>\n<\/td>\n<td colspan=\"1\" rowspan=\"1\">\n<div class=\"magic-9\">8-25 jours ouvrables<\/div>\n<\/td>\n<\/tr>\n<tr>\n<td colspan=\"1\" rowspan=\"1\">\n<div class=\"magic-8\">Mode d'exp\u00e9dition<\/div>\n<\/td>\n<td colspan=\"1\" rowspan=\"1\">\n<div class=\"magic-9\">Par voie maritime, a\u00e9rienne et express<\/div>\n<\/td>\n<\/tr>\n<tr>\n<td colspan=\"1\" rowspan=\"1\">\n<div class=\"magic-8\">Emballage<\/div>\n<\/td>\n<td colspan=\"1\" rowspan=\"1\">\n<div class=\"magic-9\" data-spm-anchor-id=\"a2700.details-description.0.i1.65833qr73qr7ss\">Sac en plastique, carton, palette<\/div>\n<\/td>\n<\/tr>\n<\/tbody>\n<\/table>\n<\/div>\n<\/div>\n<p data-start=\"1317\" data-end=\"1440\"><strong data-start=\"1317\" data-end=\"1334\">Applications :<\/strong><br data-start=\"1334\" data-end=\"1337\" \/>E-commerce packaging, subscription boxes, influencer PR kits, custom gift boxes, small product shipping<\/p>\n<p data-start=\"1442\" data-end=\"1459\"><strong data-start=\"1442\" data-end=\"1459\">Caract\u00e9ristiques principales :<\/strong><\/p>\n<ul data-start=\"1460\" data-end=\"1727\">\n<li data-start=\"1460\" data-end=\"1504\">\n<p data-start=\"1462\" data-end=\"1504\">Strong corrugated cardboard construction<\/p>\n<\/li>\n<li data-start=\"1505\" data-end=\"1547\">\n<p data-start=\"1507\" data-end=\"1547\">Custom sizes, colors, and print design<\/p>\n<\/li>\n<li data-start=\"1548\" data-end=\"1594\">\n<p data-start=\"1550\" data-end=\"1594\">Flat-shipped for easy storage and assembly<\/p>\n<\/li>\n<li data-start=\"1595\" data-end=\"1636\">\n<p data-start=\"1597\" data-end=\"1636\">Eco-friendly and recyclable materials<\/p>\n<\/li>\n<li data-start=\"1637\" data-end=\"1682\">\n<p data-start=\"1639\" data-end=\"1682\">Ideal for DTC brands and online retailers<\/p>\n<\/li>\n<li data-start=\"1683\" data-end=\"1727\">\n<p data-start=\"1685\" data-end=\"1727\">Factory-direct pricing and fast lead times<\/p>\n<\/li>\n<\/ul>\n<p>&nbsp;<\/p>","protected":false},"excerpt":{"rendered":"<p>Bo\u00eetes d'exp\u00e9dition en carton ondul\u00e9 personnalis\u00e9es, con\u00e7ues pour le commerce \u00e9lectronique, l'emballage d'abonnements et l'exp\u00e9dition. Durables, respectueuses de l'environnement et enti\u00e8rement personnalisables pour am\u00e9liorer les exp\u00e9riences de d\u00e9ballage des clients.<\/p>","protected":false},"featured_media":4734,"comment_status":"open","ping_status":"closed","template":"","meta":{"_acf_changed":false,"content-type":"","_uag_custom_page_level_css":""},"product_brand":[],"product_cat":[226],"product_tag":[],"class_list":{"0":"post-4753","1":"product","2":"type-product","3":"status-publish","4":"has-post-thumbnail","6":"product_cat-shipping-box","8":"first","9":"instock","10":"shipping-taxable","11":"product-type-simple"},"acf":[],"uagb_featured_image_src":{"full":["https:\/\/packcolorful.com\/wp-content\/uploads\/2025\/10\/mailer-box-4.jpg",1200,1200,false],"thumbnail":["https:\/\/packcolorful.com\/wp-content\/uploads\/2025\/10\/mailer-box-4.jpg",96,96,false],"medium":["https:\/\/packcolorful.com\/wp-content\/uploads\/2025\/10\/mailer-box-4.jpg",1200,1200,false],"medium_large":["https:\/\/packcolorful.com\/wp-content\/uploads\/2025\/10\/mailer-box-4-768x768.jpg",768,768,true],"large":["https:\/\/packcolorful.com\/wp-content\/uploads\/2025\/10\/mailer-box-4-1024x1024.jpg",1024,1024,true],"1536x1536":["https:\/\/packcolorful.com\/wp-content\/uploads\/2025\/10\/mailer-box-4.jpg",1200,1200,false],"2048x2048":["https:\/\/packcolorful.com\/wp-content\/uploads\/2025\/10\/mailer-box-4.jpg",1200,1200,false],"trp-custom-language-flag":["https:\/\/packcolorful.com\/wp-content\/uploads\/2025\/10\/mailer-box-4.jpg",12,12,false],"blog-large":["https:\/\/packcolorful.com\/wp-content\/uploads\/2025\/10\/mailer-box-4-669x272.jpg",669,272,true],"blog-medium":["https:\/\/packcolorful.com\/wp-content\/uploads\/2025\/10\/mailer-box-4-320x202.jpg",320,202,true],"recent-posts":["https:\/\/packcolorful.com\/wp-content\/uploads\/2025\/10\/mailer-box-4-700x441.jpg",700,441,true],"recent-works-thumbnail":["https:\/\/packcolorful.com\/wp-content\/uploads\/2025\/10\/mailer-box-4-66x66.jpg",66,66,true],"fusion-200":["https:\/\/packcolorful.com\/wp-content\/uploads\/2025\/10\/mailer-box-4-200x200.jpg",200,200,true],"fusion-400":["https:\/\/packcolorful.com\/wp-content\/uploads\/2025\/10\/mailer-box-4-400x400.jpg",400,400,true],"fusion-600":["https:\/\/packcolorful.com\/wp-content\/uploads\/2025\/10\/mailer-box-4-600x600.jpg",600,600,true],"fusion-800":["https:\/\/packcolorful.com\/wp-content\/uploads\/2025\/10\/mailer-box-4-800x800.jpg",800,800,true],"fusion-1200":["https:\/\/packcolorful.com\/wp-content\/uploads\/2025\/10\/mailer-box-4.jpg",1200,1200,false],"portfolio-full":["https:\/\/packcolorful.com\/wp-content\/uploads\/2025\/10\/mailer-box-4-940x400.jpg",940,400,true],"portfolio-one":["https:\/\/packcolorful.com\/wp-content\/uploads\/2025\/10\/mailer-box-4-540x272.jpg",540,272,true],"portfolio-two":["https:\/\/packcolorful.com\/wp-content\/uploads\/2025\/10\/mailer-box-4-460x295.jpg",460,295,true],"portfolio-three":["https:\/\/packcolorful.com\/wp-content\/uploads\/2025\/10\/mailer-box-4-300x214.jpg",300,214,true],"portfolio-five":["https:\/\/packcolorful.com\/wp-content\/uploads\/2025\/10\/mailer-box-4-177x142.jpg",177,142,true],"woocommerce_thumbnail":["https:\/\/packcolorful.com\/wp-content\/uploads\/2025\/10\/mailer-box-4-500x500.jpg",500,500,true],"woocommerce_single":["https:\/\/packcolorful.com\/wp-content\/uploads\/2025\/10\/mailer-box-4-700x700.jpg",700,700,true],"woocommerce_gallery_thumbnail":["https:\/\/packcolorful.com\/wp-content\/uploads\/2025\/10\/mailer-box-4-200x200.jpg",200,200,true]},"uagb_author_info":{"display_name":"cuids@aliyun.com","author_link":"https:\/\/packcolorful.com\/fr\/author\/"},"uagb_comment_info":0,"uagb_excerpt":"Custom corrugated mailer boxes designed for e-commerce, subscription packaging, and shipping. Durable, eco-friendly, and fully brandable to enhance customer unboxing experiences.","_links":{"self":[{"href":"https:\/\/packcolorful.com\/fr\/wp-json\/wp\/v2\/product\/4753","targetHints":{"allow":["GET"]}}],"collection":[{"href":"https:\/\/packcolorful.com\/fr\/wp-json\/wp\/v2\/product"}],"about":[{"href":"https:\/\/packcolorful.com\/fr\/wp-json\/wp\/v2\/types\/product"}],"replies":[{"embeddable":true,"href":"https:\/\/packcolorful.com\/fr\/wp-json\/wp\/v2\/comments?post=4753"}],"wp:featuredmedia":[{"embeddable":true,"href":"https:\/\/packcolorful.com\/fr\/wp-json\/wp\/v2\/media\/4734"}],"wp:attachment":[{"href":"https:\/\/packcolorful.com\/fr\/wp-json\/wp\/v2\/media?parent=4753"}],"wp:term":[{"taxonomy":"product_brand","embeddable":true,"href":"https:\/\/packcolorful.com\/fr\/wp-json\/wp\/v2\/product_brand?post=4753"},{"taxonomy":"product_cat","embeddable":true,"href":"https:\/\/packcolorful.com\/fr\/wp-json\/wp\/v2\/product_cat?post=4753"},{"taxonomy":"product_tag","embeddable":true,"href":"https:\/\/packcolorful.com\/fr\/wp-json\/wp\/v2\/product_tag?post=4753"}],"curies":[{"name":"wp","href":"https:\/\/api.w.org\/{rel}","templated":true}]}}