{"id":4829,"date":"2025-09-22T23:45:51","date_gmt":"2025-09-22T23:45:51","guid":{"rendered":"https:\/\/packcolorful.com\/?post_type=product&#038;p=4829"},"modified":"2025-10-09T23:50:55","modified_gmt":"2025-10-09T23:50:55","slug":"boites-magnetiques-rigides-et-pliables","status":"publish","type":"product","link":"https:\/\/packcolorful.com\/fr\/produit\/boites-magnetiques-rigides-et-pliables\/","title":{"rendered":"Bo\u00eetes pliantes rigides magn\u00e9tiques"},"content":{"rendered":"<p data-start=\"416\" data-end=\"706\">Les bo\u00eetes pliantes rigides magn\u00e9tiques personnalis\u00e9es sont le choix d'emballage id\u00e9al pour les marques de luxe qui souhaitent am\u00e9liorer la pr\u00e9sentation de leurs produits et renforcer l'identit\u00e9 de leur marque. Fabriqu\u00e9es \u00e0 partir d'un carton \u00e9pais de haute densit\u00e9 et envelopp\u00e9es dans un papier sp\u00e9cial couch\u00e9 ou textur\u00e9, les bo\u00eetes rigides offrent une r\u00e9sistance, une structure et une \u00e9l\u00e9gance in\u00e9gal\u00e9es.<\/p>\n<p data-start=\"743\" data-end=\"1005\">Couramment utilis\u00e9es pour les cosm\u00e9tiques, les parfums, l'\u00e9lectronique, les bijoux, les v\u00eatements et les cadeaux d'entreprise, les bo\u00eetes rigides sont disponibles dans une large gamme de styles, tels que les bo\u00eetes \u00e0 fermeture magn\u00e9tique, les bo\u00eetes \u00e0 tiroirs, les bo\u00eetes de type livre, les bo\u00eetes \u00e0 couvercle et \u00e0 base (setup) et les bo\u00eetes rigides pliables.<\/p>\n<p data-start=\"1007\" data-end=\"1223\">Nous offrons une personnalisation compl\u00e8te de la taille, de la structure, des mat\u00e9riaux, des inserts (EVA, mousse, soie, carton) et des options de finition de surface, y compris l'estampage, le gaufrage, le d\u00e9bossage, l'UV ponctuel et les fermetures \u00e0 ruban ou magn\u00e9tiques.<\/p>\n<p data-start=\"1225\" data-end=\"1460\">Qu'il s'agisse d'une pr\u00e9sentation au d\u00e9tail, d'une livraison en ligne ou d'un cadeau de luxe, nos solutions de bo\u00eetes rigides fabriqu\u00e9es en usine combinent un travail de pr\u00e9cision, une faible quantit\u00e9 de pi\u00e8ces et des options \u00e9cologiques pour aider votre marque \u00e0 se d\u00e9marquer dans l'espace d'emballage haut de gamme.<\/p>\n<h3 data-start=\"898\" data-end=\"1184\">Bo\u00eetes magn\u00e9tiques rigides et pliables Details\uff1a<\/h3>\n<table style=\"border-collapse: collapse; width: 100%;\">\n<tbody>\n<tr>\n<td style=\"width: 50%;\"><img decoding=\"async\" class=\"lazyload alignnone size-full wp-image-4798\" src=\"https:\/\/packcolorful.com\/wp-content\/uploads\/2025\/10\/O1CN01u2Kbv71kb6f3sFbT9_2212997874701-0-cib.jpg\" data-orig-src=\"https:\/\/packcolorful.com\/wp-content\/uploads\/2025\/10\/O1CN01u2Kbv71kb6f3sFbT9_2212997874701-0-cib.jpg\" alt=\"\" width=\"800\" height=\"800\" srcset=\"data:image\/svg+xml,%3Csvg%20xmlns%3D%27http%3A%2F%2Fwww.w3.org%2F2000%2Fsvg%27%20width%3D%27800%27%20height%3D%27800%27%20viewBox%3D%270%200%20800%20800%27%3E%3Crect%20width%3D%27800%27%20height%3D%27800%27%20fill-opacity%3D%220%22%2F%3E%3C%2Fsvg%3E\" data-srcset=\"https:\/\/packcolorful.com\/wp-content\/uploads\/2025\/10\/O1CN01u2Kbv71kb6f3sFbT9_2212997874701-0-cib-66x66.jpg 66w, https:\/\/packcolorful.com\/wp-content\/uploads\/2025\/10\/O1CN01u2Kbv71kb6f3sFbT9_2212997874701-0-cib-200x200.jpg 200w, https:\/\/packcolorful.com\/wp-content\/uploads\/2025\/10\/O1CN01u2Kbv71kb6f3sFbT9_2212997874701-0-cib-400x400.jpg 400w, https:\/\/packcolorful.com\/wp-content\/uploads\/2025\/10\/O1CN01u2Kbv71kb6f3sFbT9_2212997874701-0-cib-500x500.jpg 500w, https:\/\/packcolorful.com\/wp-content\/uploads\/2025\/10\/O1CN01u2Kbv71kb6f3sFbT9_2212997874701-0-cib-600x600.jpg 600w, https:\/\/packcolorful.com\/wp-content\/uploads\/2025\/10\/O1CN01u2Kbv71kb6f3sFbT9_2212997874701-0-cib-700x700.jpg 700w, https:\/\/packcolorful.com\/wp-content\/uploads\/2025\/10\/O1CN01u2Kbv71kb6f3sFbT9_2212997874701-0-cib-768x768.jpg 768w, https:\/\/packcolorful.com\/wp-content\/uploads\/2025\/10\/O1CN01u2Kbv71kb6f3sFbT9_2212997874701-0-cib.jpg 800w\" data-sizes=\"auto\" data-orig-sizes=\"(max-width: 800px) 100vw, 800px\" \/><\/td>\n<td style=\"width: 50%;\"><img decoding=\"async\" class=\"lazyload alignnone size-full wp-image-4791\" src=\"https:\/\/packcolorful.com\/wp-content\/uploads\/2025\/10\/O1CN01DXpcvA1kb6ewww4Wv_2212997874701-0-cib.jpg\" data-orig-src=\"https:\/\/packcolorful.com\/wp-content\/uploads\/2025\/10\/O1CN01DXpcvA1kb6ewww4Wv_2212997874701-0-cib.jpg\" alt=\"\" width=\"800\" height=\"800\" srcset=\"data:image\/svg+xml,%3Csvg%20xmlns%3D%27http%3A%2F%2Fwww.w3.org%2F2000%2Fsvg%27%20width%3D%27800%27%20height%3D%27800%27%20viewBox%3D%270%200%20800%20800%27%3E%3Crect%20width%3D%27800%27%20height%3D%27800%27%20fill-opacity%3D%220%22%2F%3E%3C%2Fsvg%3E\" data-srcset=\"https:\/\/packcolorful.com\/wp-content\/uploads\/2025\/10\/O1CN01DXpcvA1kb6ewww4Wv_2212997874701-0-cib-66x66.jpg 66w, https:\/\/packcolorful.com\/wp-content\/uploads\/2025\/10\/O1CN01DXpcvA1kb6ewww4Wv_2212997874701-0-cib-200x200.jpg 200w, https:\/\/packcolorful.com\/wp-content\/uploads\/2025\/10\/O1CN01DXpcvA1kb6ewww4Wv_2212997874701-0-cib-400x400.jpg 400w, https:\/\/packcolorful.com\/wp-content\/uploads\/2025\/10\/O1CN01DXpcvA1kb6ewww4Wv_2212997874701-0-cib-500x500.jpg 500w, https:\/\/packcolorful.com\/wp-content\/uploads\/2025\/10\/O1CN01DXpcvA1kb6ewww4Wv_2212997874701-0-cib-600x600.jpg 600w, https:\/\/packcolorful.com\/wp-content\/uploads\/2025\/10\/O1CN01DXpcvA1kb6ewww4Wv_2212997874701-0-cib-700x700.jpg 700w, https:\/\/packcolorful.com\/wp-content\/uploads\/2025\/10\/O1CN01DXpcvA1kb6ewww4Wv_2212997874701-0-cib-768x768.jpg 768w, https:\/\/packcolorful.com\/wp-content\/uploads\/2025\/10\/O1CN01DXpcvA1kb6ewww4Wv_2212997874701-0-cib.jpg 800w\" data-sizes=\"auto\" data-orig-sizes=\"(max-width: 800px) 100vw, 800px\" \/><\/td>\n<\/tr>\n<tr>\n<td style=\"width: 50%;\"><img decoding=\"async\" class=\"lazyload alignnone wp-image-4803 size-full\" src=\"https:\/\/packcolorful.com\/wp-content\/uploads\/2025\/10\/O1CN012rg6hB1kb6f8w0c0Q_2212997874701-0-cib.jpg\" data-orig-src=\"https:\/\/packcolorful.com\/wp-content\/uploads\/2025\/10\/O1CN012rg6hB1kb6f8w0c0Q_2212997874701-0-cib.jpg\" alt=\"Bo\u00eetes pliantes rigides magn\u00e9tiques\" width=\"800\" height=\"800\" srcset=\"data:image\/svg+xml,%3Csvg%20xmlns%3D%27http%3A%2F%2Fwww.w3.org%2F2000%2Fsvg%27%20width%3D%27800%27%20height%3D%27800%27%20viewBox%3D%270%200%20800%20800%27%3E%3Crect%20width%3D%27800%27%20height%3D%27800%27%20fill-opacity%3D%220%22%2F%3E%3C%2Fsvg%3E\" data-srcset=\"https:\/\/packcolorful.com\/wp-content\/uploads\/2025\/10\/O1CN012rg6hB1kb6f8w0c0Q_2212997874701-0-cib-66x66.jpg 66w, https:\/\/packcolorful.com\/wp-content\/uploads\/2025\/10\/O1CN012rg6hB1kb6f8w0c0Q_2212997874701-0-cib-200x200.jpg 200w, https:\/\/packcolorful.com\/wp-content\/uploads\/2025\/10\/O1CN012rg6hB1kb6f8w0c0Q_2212997874701-0-cib-400x400.jpg 400w, https:\/\/packcolorful.com\/wp-content\/uploads\/2025\/10\/O1CN012rg6hB1kb6f8w0c0Q_2212997874701-0-cib-500x500.jpg 500w, https:\/\/packcolorful.com\/wp-content\/uploads\/2025\/10\/O1CN012rg6hB1kb6f8w0c0Q_2212997874701-0-cib-600x600.jpg 600w, https:\/\/packcolorful.com\/wp-content\/uploads\/2025\/10\/O1CN012rg6hB1kb6f8w0c0Q_2212997874701-0-cib-700x700.jpg 700w, https:\/\/packcolorful.com\/wp-content\/uploads\/2025\/10\/O1CN012rg6hB1kb6f8w0c0Q_2212997874701-0-cib-768x768.jpg 768w, https:\/\/packcolorful.com\/wp-content\/uploads\/2025\/10\/O1CN012rg6hB1kb6f8w0c0Q_2212997874701-0-cib.jpg 800w\" data-sizes=\"auto\" data-orig-sizes=\"(max-width: 800px) 100vw, 800px\" \/><\/td>\n<td style=\"width: 50%;\"><img decoding=\"async\" class=\"lazyload alignnone size-full wp-image-4803\" src=\"https:\/\/packcolorful.com\/wp-content\/uploads\/2025\/10\/O1CN012rg6hB1kb6f8w0c0Q_2212997874701-0-cib.jpg\" data-orig-src=\"https:\/\/packcolorful.com\/wp-content\/uploads\/2025\/10\/O1CN012rg6hB1kb6f8w0c0Q_2212997874701-0-cib.jpg\" alt=\"\" width=\"800\" height=\"800\" srcset=\"data:image\/svg+xml,%3Csvg%20xmlns%3D%27http%3A%2F%2Fwww.w3.org%2F2000%2Fsvg%27%20width%3D%27800%27%20height%3D%27800%27%20viewBox%3D%270%200%20800%20800%27%3E%3Crect%20width%3D%27800%27%20height%3D%27800%27%20fill-opacity%3D%220%22%2F%3E%3C%2Fsvg%3E\" data-srcset=\"https:\/\/packcolorful.com\/wp-content\/uploads\/2025\/10\/O1CN012rg6hB1kb6f8w0c0Q_2212997874701-0-cib-66x66.jpg 66w, https:\/\/packcolorful.com\/wp-content\/uploads\/2025\/10\/O1CN012rg6hB1kb6f8w0c0Q_2212997874701-0-cib-200x200.jpg 200w, https:\/\/packcolorful.com\/wp-content\/uploads\/2025\/10\/O1CN012rg6hB1kb6f8w0c0Q_2212997874701-0-cib-400x400.jpg 400w, https:\/\/packcolorful.com\/wp-content\/uploads\/2025\/10\/O1CN012rg6hB1kb6f8w0c0Q_2212997874701-0-cib-500x500.jpg 500w, https:\/\/packcolorful.com\/wp-content\/uploads\/2025\/10\/O1CN012rg6hB1kb6f8w0c0Q_2212997874701-0-cib-600x600.jpg 600w, https:\/\/packcolorful.com\/wp-content\/uploads\/2025\/10\/O1CN012rg6hB1kb6f8w0c0Q_2212997874701-0-cib-700x700.jpg 700w, https:\/\/packcolorful.com\/wp-content\/uploads\/2025\/10\/O1CN012rg6hB1kb6f8w0c0Q_2212997874701-0-cib-768x768.jpg 768w, https:\/\/packcolorful.com\/wp-content\/uploads\/2025\/10\/O1CN012rg6hB1kb6f8w0c0Q_2212997874701-0-cib.jpg 800w\" data-sizes=\"auto\" data-orig-sizes=\"(max-width: 800px) 100vw, 800px\" \/><\/td>\n<\/tr>\n<\/tbody>\n<\/table>\n<div><\/div>\n<h2 class=\"magic-5\">Bo\u00eetes pliantes rigides magn\u00e9tiques sur mesure<\/h2>\n<div><\/div>\n<div class=\"J_module\">\n<div class=\"ife-detail-decorate-table\">\n<table class=\"all magic-7\" style=\"border-style: solid; border-color: #b5b5b5;\" border=\"1px\">\n<tbody>\n<tr>\n<td colspan=\"1\" rowspan=\"1\">\n<div class=\"magic-8\">Nom du produit<\/div>\n<\/td>\n<td colspan=\"1\" rowspan=\"1\">\n<div class=\"magic-9\">Bo\u00eete d'emballage rigide de luxe<\/div>\n<\/td>\n<\/tr>\n<tr>\n<td colspan=\"1\" rowspan=\"1\">\n<div class=\"magic-8\" data-spm-anchor-id=\"a2700.details-description.0.i2.65833qr73qr7ss\">Mat\u00e9riel de papier commun<\/div>\n<\/td>\n<td colspan=\"1\" rowspan=\"1\">\n<div class=\"magic-9\">Papier cartonn\u00e9, papier d'art, papier couch\u00e9, papier kraft, carton ondul\u00e9<\/div>\n<\/td>\n<\/tr>\n<tr>\n<td colspan=\"1\" rowspan=\"1\">\n<div class=\"magic-8\">Impression<\/div>\n<\/td>\n<td colspan=\"1\" rowspan=\"1\">\n<div class=\"magic-9\">Impression offset CMYK ou Pantone, s\u00e9rigraphie ou impression offset UV<\/div>\n<\/td>\n<\/tr>\n<tr>\n<td colspan=\"1\" rowspan=\"1\">\n<div class=\"magic-8\">Taille<\/div>\n<\/td>\n<td colspan=\"1\" rowspan=\"1\">\n<div class=\"magic-9\">Taille personnalis\u00e9e selon les besoins du client<\/div>\n<\/td>\n<\/tr>\n<tr>\n<td colspan=\"1\" rowspan=\"1\">\n<div class=\"magic-8\">Manipulation de l'impression<\/div>\n<\/td>\n<td colspan=\"1\" rowspan=\"1\">\n<div class=\"magic-9\">D\u00e9bossage ou gaufrage, dorure ou dorure \u00e0 la feuille, Spot UV, film laser, pelliculage brillant ou pelliculage mat<\/div>\n<\/td>\n<\/tr>\n<tr>\n<td colspan=\"1\" rowspan=\"1\">\n<div class=\"magic-8\">Accessoires<\/div>\n<\/td>\n<td colspan=\"1\" rowspan=\"1\">\n<div class=\"magic-9\">Ruban, Kraft Insert en carton ondul\u00e9, Carton intercalaire en carton ondul\u00e9<br \/>\n, Insert de s\u00e9paration en carton, insert de s\u00e9paration rigide, insert de carton blanc, insert de blister PET, insert EVA, mousse EPE<\/div>\n<\/td>\n<\/tr>\n<tr>\n<td colspan=\"1\" rowspan=\"1\">\n<div class=\"magic-8\">Format de l'\u0153uvre d'art<\/div>\n<\/td>\n<td colspan=\"1\" rowspan=\"1\">\n<div class=\"magic-9\">Format AI, PDF, CDR, InDesign pour une conception personnalis\u00e9e<\/div>\n<\/td>\n<\/tr>\n<tr>\n<td colspan=\"1\" rowspan=\"1\">\n<div class=\"magic-8\">MOQ<\/div>\n<\/td>\n<td colspan=\"1\" rowspan=\"1\">\n<div class=\"magic-9\">300PCS<\/div>\n<\/td>\n<\/tr>\n<tr>\n<td colspan=\"1\" rowspan=\"1\">\n<div class=\"magic-8\">Temps d'\u00e9chantillonnage<\/div>\n<\/td>\n<td colspan=\"1\" rowspan=\"1\">\n<div class=\"magic-9\">1-5 jours ouvrables<\/div>\n<\/td>\n<\/tr>\n<tr>\n<td colspan=\"1\" rowspan=\"1\">\n<div class=\"magic-8\">Temps de production<\/div>\n<\/td>\n<td colspan=\"1\" rowspan=\"1\">\n<div class=\"magic-9\">8-25 jours ouvrables<\/div>\n<\/td>\n<\/tr>\n<tr>\n<td colspan=\"1\" rowspan=\"1\">\n<div class=\"magic-8\">Mode d'exp\u00e9dition<\/div>\n<\/td>\n<td colspan=\"1\" rowspan=\"1\">\n<div class=\"magic-9\">Par voie maritime, a\u00e9rienne et express<\/div>\n<\/td>\n<\/tr>\n<tr>\n<td colspan=\"1\" rowspan=\"1\">\n<div class=\"magic-8\">Emballage<\/div>\n<\/td>\n<td colspan=\"1\" rowspan=\"1\">\n<div class=\"magic-9\" data-spm-anchor-id=\"a2700.details-description.0.i1.65833qr73qr7ss\">Sac en plastique, carton, palette<\/div>\n<\/td>\n<\/tr>\n<\/tbody>\n<\/table>\n<\/div>\n<\/div>\n<p data-start=\"1462\" data-end=\"1479\"><strong data-start=\"1462\" data-end=\"1479\">Caract\u00e9ristiques principales :<\/strong><\/p>\n<ul data-start=\"1480\" data-end=\"1786\">\n<li data-start=\"1480\" data-end=\"1537\">\n<p data-start=\"1482\" data-end=\"1537\">Construction robuste et \u00e9l\u00e9gante pour les produits haut de gamme<\/p>\n<\/li>\n<li data-start=\"1538\" data-end=\"1589\">\n<p data-start=\"1540\" data-end=\"1589\">Large gamme de styles de bo\u00eetes et de m\u00e9canismes d'ouverture<\/p>\n<\/li>\n<li data-start=\"1590\" data-end=\"1643\">\n<p data-start=\"1592\" data-end=\"1643\">Insertions personnalis\u00e9es pour la protection et la pr\u00e9sentation des produits<\/p>\n<\/li>\n<li data-start=\"1644\" data-end=\"1684\">\n<p data-start=\"1646\" data-end=\"1684\">Finitions haut de gamme pour un marquage de luxe<\/p>\n<\/li>\n<li data-start=\"1685\" data-end=\"1737\">\n<p data-start=\"1687\" data-end=\"1737\">Mat\u00e9riaux recyclables et certifi\u00e9s FSC disponibles<\/p>\n<\/li>\n<li data-start=\"1738\" data-end=\"1786\">\n<p data-start=\"1740\" data-end=\"1786\">Service direct \u00e0 l'usine avec des commandes minimales peu \u00e9lev\u00e9es<\/p>\n<\/li>\n<\/ul>\n<p>&nbsp;<\/p>","protected":false},"excerpt":{"rendered":"<p>Bo\u00eetes rigides de luxe con\u00e7ues pour un emballage haut de gamme - id\u00e9ales pour les cosm\u00e9tiques, l'\u00e9lectronique, les bijoux, les v\u00eatements et les coffrets cadeaux. Enti\u00e8rement personnalisables et con\u00e7ues pour impressionner.<\/p>","protected":false},"featured_media":4798,"comment_status":"open","ping_status":"closed","template":"","meta":{"_acf_changed":false,"content-type":"","_uag_custom_page_level_css":""},"product_brand":[],"product_cat":[196],"product_tag":[],"class_list":{"0":"post-4829","1":"product","2":"type-product","3":"status-publish","4":"has-post-thumbnail","6":"product_cat-rigid-gift-box","8":"first","9":"instock","10":"shipping-taxable","11":"product-type-simple"},"acf":[],"uagb_featured_image_src":{"full":["https:\/\/packcolorful.com\/wp-content\/uploads\/2025\/10\/O1CN01u2Kbv71kb6f3sFbT9_2212997874701-0-cib.jpg",800,800,false],"thumbnail":["https:\/\/packcolorful.com\/wp-content\/uploads\/2025\/10\/O1CN01u2Kbv71kb6f3sFbT9_2212997874701-0-cib.jpg",96,96,false],"medium":["https:\/\/packcolorful.com\/wp-content\/uploads\/2025\/10\/O1CN01u2Kbv71kb6f3sFbT9_2212997874701-0-cib.jpg",800,800,false],"medium_large":["https:\/\/packcolorful.com\/wp-content\/uploads\/2025\/10\/O1CN01u2Kbv71kb6f3sFbT9_2212997874701-0-cib-768x768.jpg",768,768,true],"large":["https:\/\/packcolorful.com\/wp-content\/uploads\/2025\/10\/O1CN01u2Kbv71kb6f3sFbT9_2212997874701-0-cib.jpg",800,800,false],"1536x1536":["https:\/\/packcolorful.com\/wp-content\/uploads\/2025\/10\/O1CN01u2Kbv71kb6f3sFbT9_2212997874701-0-cib.jpg",800,800,false],"2048x2048":["https:\/\/packcolorful.com\/wp-content\/uploads\/2025\/10\/O1CN01u2Kbv71kb6f3sFbT9_2212997874701-0-cib.jpg",800,800,false],"trp-custom-language-flag":["https:\/\/packcolorful.com\/wp-content\/uploads\/2025\/10\/O1CN01u2Kbv71kb6f3sFbT9_2212997874701-0-cib.jpg",12,12,false],"blog-large":["https:\/\/packcolorful.com\/wp-content\/uploads\/2025\/10\/O1CN01u2Kbv71kb6f3sFbT9_2212997874701-0-cib-669x272.jpg",669,272,true],"blog-medium":["https:\/\/packcolorful.com\/wp-content\/uploads\/2025\/10\/O1CN01u2Kbv71kb6f3sFbT9_2212997874701-0-cib-320x202.jpg",320,202,true],"recent-posts":["https:\/\/packcolorful.com\/wp-content\/uploads\/2025\/10\/O1CN01u2Kbv71kb6f3sFbT9_2212997874701-0-cib-700x441.jpg",700,441,true],"recent-works-thumbnail":["https:\/\/packcolorful.com\/wp-content\/uploads\/2025\/10\/O1CN01u2Kbv71kb6f3sFbT9_2212997874701-0-cib-66x66.jpg",66,66,true],"fusion-200":["https:\/\/packcolorful.com\/wp-content\/uploads\/2025\/10\/O1CN01u2Kbv71kb6f3sFbT9_2212997874701-0-cib-200x200.jpg",200,200,true],"fusion-400":["https:\/\/packcolorful.com\/wp-content\/uploads\/2025\/10\/O1CN01u2Kbv71kb6f3sFbT9_2212997874701-0-cib-400x400.jpg",400,400,true],"fusion-600":["https:\/\/packcolorful.com\/wp-content\/uploads\/2025\/10\/O1CN01u2Kbv71kb6f3sFbT9_2212997874701-0-cib-600x600.jpg",600,600,true],"fusion-800":["https:\/\/packcolorful.com\/wp-content\/uploads\/2025\/10\/O1CN01u2Kbv71kb6f3sFbT9_2212997874701-0-cib.jpg",800,800,false],"fusion-1200":["https:\/\/packcolorful.com\/wp-content\/uploads\/2025\/10\/O1CN01u2Kbv71kb6f3sFbT9_2212997874701-0-cib.jpg",800,800,false],"portfolio-full":["https:\/\/packcolorful.com\/wp-content\/uploads\/2025\/10\/O1CN01u2Kbv71kb6f3sFbT9_2212997874701-0-cib-800x400.jpg",800,400,true],"portfolio-one":["https:\/\/packcolorful.com\/wp-content\/uploads\/2025\/10\/O1CN01u2Kbv71kb6f3sFbT9_2212997874701-0-cib-540x272.jpg",540,272,true],"portfolio-two":["https:\/\/packcolorful.com\/wp-content\/uploads\/2025\/10\/O1CN01u2Kbv71kb6f3sFbT9_2212997874701-0-cib-460x295.jpg",460,295,true],"portfolio-three":["https:\/\/packcolorful.com\/wp-content\/uploads\/2025\/10\/O1CN01u2Kbv71kb6f3sFbT9_2212997874701-0-cib-300x214.jpg",300,214,true],"portfolio-five":["https:\/\/packcolorful.com\/wp-content\/uploads\/2025\/10\/O1CN01u2Kbv71kb6f3sFbT9_2212997874701-0-cib-177x142.jpg",177,142,true],"woocommerce_thumbnail":["https:\/\/packcolorful.com\/wp-content\/uploads\/2025\/10\/O1CN01u2Kbv71kb6f3sFbT9_2212997874701-0-cib-500x500.jpg",500,500,true],"woocommerce_single":["https:\/\/packcolorful.com\/wp-content\/uploads\/2025\/10\/O1CN01u2Kbv71kb6f3sFbT9_2212997874701-0-cib-700x700.jpg",700,700,true],"woocommerce_gallery_thumbnail":["https:\/\/packcolorful.com\/wp-content\/uploads\/2025\/10\/O1CN01u2Kbv71kb6f3sFbT9_2212997874701-0-cib-200x200.jpg",200,200,true]},"uagb_author_info":{"display_name":"cuids@aliyun.com","author_link":"https:\/\/packcolorful.com\/fr\/author\/"},"uagb_comment_info":0,"uagb_excerpt":"Luxury rigid boxes designed for premium packaging\u2014ideal for cosmetics, electronics, jewelry, apparel, and gift sets. Fully customizable and built to impress.","_links":{"self":[{"href":"https:\/\/packcolorful.com\/fr\/wp-json\/wp\/v2\/product\/4829","targetHints":{"allow":["GET"]}}],"collection":[{"href":"https:\/\/packcolorful.com\/fr\/wp-json\/wp\/v2\/product"}],"about":[{"href":"https:\/\/packcolorful.com\/fr\/wp-json\/wp\/v2\/types\/product"}],"replies":[{"embeddable":true,"href":"https:\/\/packcolorful.com\/fr\/wp-json\/wp\/v2\/comments?post=4829"}],"wp:featuredmedia":[{"embeddable":true,"href":"https:\/\/packcolorful.com\/fr\/wp-json\/wp\/v2\/media\/4798"}],"wp:attachment":[{"href":"https:\/\/packcolorful.com\/fr\/wp-json\/wp\/v2\/media?parent=4829"}],"wp:term":[{"taxonomy":"product_brand","embeddable":true,"href":"https:\/\/packcolorful.com\/fr\/wp-json\/wp\/v2\/product_brand?post=4829"},{"taxonomy":"product_cat","embeddable":true,"href":"https:\/\/packcolorful.com\/fr\/wp-json\/wp\/v2\/product_cat?post=4829"},{"taxonomy":"product_tag","embeddable":true,"href":"https:\/\/packcolorful.com\/fr\/wp-json\/wp\/v2\/product_tag?post=4829"}],"curies":[{"name":"wp","href":"https:\/\/api.w.org\/{rel}","templated":true}]}}