{"id":5132,"date":"2025-11-20T09:35:11","date_gmt":"2025-11-20T09:35:11","guid":{"rendered":"https:\/\/packcolorful.com\/?post_type=product&#038;p=5132"},"modified":"2025-11-20T09:35:09","modified_gmt":"2025-11-20T09:35:09","slug":"premium-rigid-boxes","status":"publish","type":"product","link":"https:\/\/packcolorful.com\/fr\/produit\/premium-rigid-boxes\/","title":{"rendered":"Premium Rigid Boxes"},"content":{"rendered":"<p data-start=\"416\" data-end=\"706\">Custom Premium Rigid Boxes are the perfect choice for brands seeking cost-effective, eco-friendly, and beautifully designed packaging solutions. Made from high-quality cardboard, kraft paper, or specialty paperboard, our boxes offer excellent printability and are widely used across industries including food, cosmetics, fashion, electronics, and giftware.<\/p>\n<p data-start=\"835\" data-end=\"1141\">Des cartons pliables aux bo\u00eetes cadeaux en papier rigide, nous proposons une grande vari\u00e9t\u00e9 de structures telles que les bo\u00eetes \u00e0 rabat, les bo\u00eetes \u00e0 tiroir, les bo\u00eetes \u00e0 fermeture magn\u00e9tique, les bo\u00eetes \u00e0 coussins et bien d'autres encore. Toutes les bo\u00eetes en papier peuvent \u00eatre personnalis\u00e9es en termes de taille, de forme et de finition - y compris l'estampage, le gaufrage, les UV ponctuels, le pelliculage mat\/brillant et les d\u00e9coupes de fen\u00eatres.<\/p>\n<p data-start=\"1143\" data-end=\"1397\">Que vous ayez besoin d'un emballage pour un petit produit ou d'une bo\u00eete de marque luxueuse, nos bo\u00eetes en papier allient protection et esth\u00e9tique. En tant que fournisseur direct de l'usine, nous proposons des quantit\u00e9s minimales, un \u00e9chantillonnage rapide et une exp\u00e9dition mondiale pour vous aider \u00e0 donner vie \u00e0 vos id\u00e9es d'emballage.<\/p>\n<h3 data-start=\"898\" data-end=\"1184\">Custom Premium Rigid Boxes Details\uff1a<\/h3>\n<table style=\"border-collapse: collapse; width: 100%;\">\n<tbody>\n<tr>\n<td style=\"width: 50%;\"><img decoding=\"async\" class=\"lazyload alignnone size-full wp-image-5123\" src=\"https:\/\/packcolorful.com\/wp-content\/uploads\/2025\/11\/46.jpg\" data-orig-src=\"https:\/\/packcolorful.com\/wp-content\/uploads\/2025\/11\/46.jpg\" alt=\"\" width=\"1300\" height=\"1300\" srcset=\"data:image\/svg+xml,%3Csvg%20xmlns%3D%27http%3A%2F%2Fwww.w3.org%2F2000%2Fsvg%27%20width%3D%271300%27%20height%3D%271300%27%20viewBox%3D%270%200%201300%201300%27%3E%3Crect%20width%3D%271300%27%20height%3D%271300%27%20fill-opacity%3D%220%22%2F%3E%3C%2Fsvg%3E\" data-srcset=\"https:\/\/packcolorful.com\/wp-content\/uploads\/2025\/11\/46-66x66.jpg 66w, https:\/\/packcolorful.com\/wp-content\/uploads\/2025\/11\/46-200x200.jpg 200w, https:\/\/packcolorful.com\/wp-content\/uploads\/2025\/11\/46-400x400.jpg 400w, https:\/\/packcolorful.com\/wp-content\/uploads\/2025\/11\/46-500x500.jpg 500w, https:\/\/packcolorful.com\/wp-content\/uploads\/2025\/11\/46-600x600.jpg 600w, https:\/\/packcolorful.com\/wp-content\/uploads\/2025\/11\/46-700x700.jpg 700w, https:\/\/packcolorful.com\/wp-content\/uploads\/2025\/11\/46-768x768.jpg 768w, https:\/\/packcolorful.com\/wp-content\/uploads\/2025\/11\/46-800x800.jpg 800w, https:\/\/packcolorful.com\/wp-content\/uploads\/2025\/11\/46-1024x1024.jpg 1024w, https:\/\/packcolorful.com\/wp-content\/uploads\/2025\/11\/46-1200x1200.jpg 1200w, https:\/\/packcolorful.com\/wp-content\/uploads\/2025\/11\/46.jpg 1300w\" data-sizes=\"auto\" data-orig-sizes=\"(max-width: 1300px) 100vw, 1300px\" \/><\/td>\n<td style=\"width: 50%;\"><img decoding=\"async\" class=\"lazyload alignnone size-full wp-image-5124\" src=\"https:\/\/packcolorful.com\/wp-content\/uploads\/2025\/11\/47.jpg\" data-orig-src=\"https:\/\/packcolorful.com\/wp-content\/uploads\/2025\/11\/47.jpg\" alt=\"\" width=\"1300\" height=\"1300\" srcset=\"data:image\/svg+xml,%3Csvg%20xmlns%3D%27http%3A%2F%2Fwww.w3.org%2F2000%2Fsvg%27%20width%3D%271300%27%20height%3D%271300%27%20viewBox%3D%270%200%201300%201300%27%3E%3Crect%20width%3D%271300%27%20height%3D%271300%27%20fill-opacity%3D%220%22%2F%3E%3C%2Fsvg%3E\" data-srcset=\"https:\/\/packcolorful.com\/wp-content\/uploads\/2025\/11\/47-66x66.jpg 66w, https:\/\/packcolorful.com\/wp-content\/uploads\/2025\/11\/47-200x200.jpg 200w, https:\/\/packcolorful.com\/wp-content\/uploads\/2025\/11\/47-400x400.jpg 400w, https:\/\/packcolorful.com\/wp-content\/uploads\/2025\/11\/47-500x500.jpg 500w, https:\/\/packcolorful.com\/wp-content\/uploads\/2025\/11\/47-600x600.jpg 600w, https:\/\/packcolorful.com\/wp-content\/uploads\/2025\/11\/47-700x700.jpg 700w, https:\/\/packcolorful.com\/wp-content\/uploads\/2025\/11\/47-768x768.jpg 768w, https:\/\/packcolorful.com\/wp-content\/uploads\/2025\/11\/47-800x800.jpg 800w, https:\/\/packcolorful.com\/wp-content\/uploads\/2025\/11\/47-1024x1024.jpg 1024w, https:\/\/packcolorful.com\/wp-content\/uploads\/2025\/11\/47-1200x1200.jpg 1200w, https:\/\/packcolorful.com\/wp-content\/uploads\/2025\/11\/47.jpg 1300w\" data-sizes=\"auto\" data-orig-sizes=\"(max-width: 1300px) 100vw, 1300px\" \/><\/td>\n<\/tr>\n<tr>\n<td style=\"width: 50%;\"><img decoding=\"async\" class=\"lazyload alignnone size-full wp-image-5122\" src=\"https:\/\/packcolorful.com\/wp-content\/uploads\/2025\/11\/49.jpg\" data-orig-src=\"https:\/\/packcolorful.com\/wp-content\/uploads\/2025\/11\/49.jpg\" alt=\"\" width=\"1300\" height=\"1300\" srcset=\"data:image\/svg+xml,%3Csvg%20xmlns%3D%27http%3A%2F%2Fwww.w3.org%2F2000%2Fsvg%27%20width%3D%271300%27%20height%3D%271300%27%20viewBox%3D%270%200%201300%201300%27%3E%3Crect%20width%3D%271300%27%20height%3D%271300%27%20fill-opacity%3D%220%22%2F%3E%3C%2Fsvg%3E\" data-srcset=\"https:\/\/packcolorful.com\/wp-content\/uploads\/2025\/11\/49-66x66.jpg 66w, https:\/\/packcolorful.com\/wp-content\/uploads\/2025\/11\/49-200x200.jpg 200w, https:\/\/packcolorful.com\/wp-content\/uploads\/2025\/11\/49-400x400.jpg 400w, https:\/\/packcolorful.com\/wp-content\/uploads\/2025\/11\/49-500x500.jpg 500w, https:\/\/packcolorful.com\/wp-content\/uploads\/2025\/11\/49-600x600.jpg 600w, https:\/\/packcolorful.com\/wp-content\/uploads\/2025\/11\/49-700x700.jpg 700w, https:\/\/packcolorful.com\/wp-content\/uploads\/2025\/11\/49-768x768.jpg 768w, https:\/\/packcolorful.com\/wp-content\/uploads\/2025\/11\/49-800x800.jpg 800w, https:\/\/packcolorful.com\/wp-content\/uploads\/2025\/11\/49-1024x1024.jpg 1024w, https:\/\/packcolorful.com\/wp-content\/uploads\/2025\/11\/49-1200x1200.jpg 1200w, https:\/\/packcolorful.com\/wp-content\/uploads\/2025\/11\/49.jpg 1300w\" data-sizes=\"auto\" data-orig-sizes=\"(max-width: 1300px) 100vw, 1300px\" \/><\/td>\n<td style=\"width: 50%;\"><img decoding=\"async\" class=\"lazyload alignnone size-full wp-image-5128\" src=\"https:\/\/packcolorful.com\/wp-content\/uploads\/2025\/11\/52.jpg\" data-orig-src=\"https:\/\/packcolorful.com\/wp-content\/uploads\/2025\/11\/52.jpg\" alt=\"\" width=\"1300\" height=\"1300\" srcset=\"data:image\/svg+xml,%3Csvg%20xmlns%3D%27http%3A%2F%2Fwww.w3.org%2F2000%2Fsvg%27%20width%3D%271300%27%20height%3D%271300%27%20viewBox%3D%270%200%201300%201300%27%3E%3Crect%20width%3D%271300%27%20height%3D%271300%27%20fill-opacity%3D%220%22%2F%3E%3C%2Fsvg%3E\" data-srcset=\"https:\/\/packcolorful.com\/wp-content\/uploads\/2025\/11\/52-66x66.jpg 66w, https:\/\/packcolorful.com\/wp-content\/uploads\/2025\/11\/52-200x200.jpg 200w, https:\/\/packcolorful.com\/wp-content\/uploads\/2025\/11\/52-400x400.jpg 400w, https:\/\/packcolorful.com\/wp-content\/uploads\/2025\/11\/52-500x500.jpg 500w, https:\/\/packcolorful.com\/wp-content\/uploads\/2025\/11\/52-600x600.jpg 600w, https:\/\/packcolorful.com\/wp-content\/uploads\/2025\/11\/52-700x700.jpg 700w, https:\/\/packcolorful.com\/wp-content\/uploads\/2025\/11\/52-768x768.jpg 768w, https:\/\/packcolorful.com\/wp-content\/uploads\/2025\/11\/52-800x800.jpg 800w, https:\/\/packcolorful.com\/wp-content\/uploads\/2025\/11\/52-1024x1024.jpg 1024w, https:\/\/packcolorful.com\/wp-content\/uploads\/2025\/11\/52-1200x1200.jpg 1200w, https:\/\/packcolorful.com\/wp-content\/uploads\/2025\/11\/52.jpg 1300w\" data-sizes=\"auto\" data-orig-sizes=\"(max-width: 1300px) 100vw, 1300px\" \/><\/td>\n<\/tr>\n<\/tbody>\n<\/table>\n<div><\/div>\n<h2 class=\"magic-5\">Custom Premium Rigid Boxes<\/h2>\n<div><\/div>\n<div class=\"J_module\">\n<div class=\"ife-detail-decorate-table\">\n<table class=\"all magic-7\" style=\"border-style: solid; border-color: #b5b5b5;\" border=\"1px\">\n<tbody>\n<tr>\n<td colspan=\"1\" rowspan=\"1\">\n<div class=\"magic-8\">Nom du produit<\/div>\n<\/td>\n<td colspan=\"1\" rowspan=\"1\">\n<div class=\"magic-9\">premium rigid boxes<\/div>\n<\/td>\n<\/tr>\n<tr>\n<td colspan=\"1\" rowspan=\"1\">\n<div class=\"magic-8\" data-spm-anchor-id=\"a2700.details-description.0.i2.65833qr73qr7ss\">Mat\u00e9riel de papier commun<\/div>\n<\/td>\n<td colspan=\"1\" rowspan=\"1\">\n<div class=\"magic-9\">Papier cartonn\u00e9, papier d'art, papier couch\u00e9, papier kraft, carton ondul\u00e9<\/div>\n<\/td>\n<\/tr>\n<tr>\n<td colspan=\"1\" rowspan=\"1\">\n<div class=\"magic-8\">Impression<\/div>\n<\/td>\n<td colspan=\"1\" rowspan=\"1\">\n<div class=\"magic-9\">Impression offset CMYK ou Pantone, s\u00e9rigraphie ou impression offset UV<\/div>\n<\/td>\n<\/tr>\n<tr>\n<td colspan=\"1\" rowspan=\"1\">\n<div class=\"magic-8\">Taille<\/div>\n<\/td>\n<td colspan=\"1\" rowspan=\"1\">\n<div class=\"magic-9\">Taille personnalis\u00e9e selon les besoins du client<\/div>\n<\/td>\n<\/tr>\n<tr>\n<td colspan=\"1\" rowspan=\"1\">\n<div class=\"magic-8\">Manipulation de l'impression<\/div>\n<\/td>\n<td colspan=\"1\" rowspan=\"1\">\n<div class=\"magic-9\">D\u00e9bossage ou gaufrage, dorure ou dorure \u00e0 la feuille, Spot UV, film laser, pelliculage brillant ou pelliculage mat<\/div>\n<\/td>\n<\/tr>\n<tr>\n<td colspan=\"1\" rowspan=\"1\">\n<div class=\"magic-8\">Accessoires<\/div>\n<\/td>\n<td colspan=\"1\" rowspan=\"1\">\n<div class=\"magic-9\">Ruban, Kraft Insert en carton ondul\u00e9, Carton intercalaire en carton ondul\u00e9<br \/>\n, Insert de s\u00e9paration en carton, insert de s\u00e9paration rigide, insert de carton blanc, insert de blister PET, insert EVA, mousse EPE<\/div>\n<\/td>\n<\/tr>\n<tr>\n<td colspan=\"1\" rowspan=\"1\">\n<div class=\"magic-8\">Format de l'\u0153uvre d'art<\/div>\n<\/td>\n<td colspan=\"1\" rowspan=\"1\">\n<div class=\"magic-9\">Format AI, PDF, CDR, InDesign pour une conception personnalis\u00e9e<\/div>\n<\/td>\n<\/tr>\n<tr>\n<td colspan=\"1\" rowspan=\"1\">\n<div class=\"magic-8\">MOQ<\/div>\n<\/td>\n<td colspan=\"1\" rowspan=\"1\">\n<div class=\"magic-9\">300PCS<\/div>\n<\/td>\n<\/tr>\n<tr>\n<td colspan=\"1\" rowspan=\"1\">\n<div class=\"magic-8\">Temps d'\u00e9chantillonnage<\/div>\n<\/td>\n<td colspan=\"1\" rowspan=\"1\">\n<div class=\"magic-9\">1-5 jours ouvrables<\/div>\n<\/td>\n<\/tr>\n<tr>\n<td colspan=\"1\" rowspan=\"1\">\n<div class=\"magic-8\">Temps de production<\/div>\n<\/td>\n<td colspan=\"1\" rowspan=\"1\">\n<div class=\"magic-9\">8-25 jours ouvrables<\/div>\n<\/td>\n<\/tr>\n<tr>\n<td colspan=\"1\" rowspan=\"1\">\n<div class=\"magic-8\">Mode d'exp\u00e9dition<\/div>\n<\/td>\n<td colspan=\"1\" rowspan=\"1\">\n<div class=\"magic-9\">Par voie maritime, a\u00e9rienne et express<\/div>\n<\/td>\n<\/tr>\n<tr>\n<td colspan=\"1\" rowspan=\"1\">\n<div class=\"magic-8\">Emballage<\/div>\n<\/td>\n<td colspan=\"1\" rowspan=\"1\">\n<div class=\"magic-9\" data-spm-anchor-id=\"a2700.details-description.0.i1.65833qr73qr7ss\">Sac en plastique, carton, palette<\/div>\n<\/td>\n<\/tr>\n<\/tbody>\n<\/table>\n<\/div>\n<\/div>\n<p data-start=\"1399\" data-end=\"1416\"><strong data-start=\"1399\" data-end=\"1416\">Caract\u00e9ristiques principales :<\/strong><\/p>\n<ul data-start=\"1417\" data-end=\"1703\">\n<li data-start=\"1417\" data-end=\"1484\">\n<p data-start=\"1419\" data-end=\"1484\">Mat\u00e9riaux \u00e9cologiques et recyclables (certifi\u00e9s FSC sur demande)<\/p>\n<\/li>\n<li data-start=\"1485\" data-end=\"1535\">\n<p data-start=\"1487\" data-end=\"1535\">Options d'impression et de finition personnalis\u00e9es en quadrichromie<\/p>\n<\/li>\n<li data-start=\"1536\" data-end=\"1577\">\n<p data-start=\"1538\" data-end=\"1577\">Large gamme de styles de bo\u00eetes et de fermetures<\/p>\n<\/li>\n<li data-start=\"1578\" data-end=\"1645\">\n<p data-start=\"1580\" data-end=\"1645\">Id\u00e9al pour les emballages de vente au d\u00e9tail, les cadeaux, la pr\u00e9sentation de produits et le commerce \u00e9lectronique.<\/p>\n<\/li>\n<li data-start=\"1646\" data-end=\"1703\">\n<p data-start=\"1648\" data-end=\"1703\">Prix direct de l'usine avec une faible quantit\u00e9 de pi\u00e8ces et un d\u00e9lai de livraison rapide<\/p>\n<\/li>\n<\/ul>\n<p>&nbsp;<\/p>\n<p>&nbsp;<\/p>","protected":false},"excerpt":{"rendered":"<p>Bo\u00eetes en papier personnalis\u00e9es fabriqu\u00e9es \u00e0 partir de mat\u00e9riaux \u00e9cologiques - l\u00e9g\u00e8res, imprimables et enti\u00e8rement personnalisables pour l'emballage de produits alimentaires, de cosm\u00e9tiques, de v\u00eatements, de cadeaux, etc.<\/p>","protected":false},"featured_media":5126,"comment_status":"open","ping_status":"closed","template":"","meta":{"_acf_changed":false,"content-type":"","_uag_custom_page_level_css":""},"product_brand":[],"product_cat":[196],"product_tag":[],"class_list":{"0":"post-5132","1":"product","2":"type-product","3":"status-publish","4":"has-post-thumbnail","6":"product_cat-rigid-gift-box","8":"first","9":"instock","10":"shipping-taxable","11":"product-type-simple"},"acf":[],"uagb_featured_image_src":{"full":["https:\/\/packcolorful.com\/wp-content\/uploads\/2025\/11\/50-1.jpg",1300,1300,false],"thumbnail":["https:\/\/packcolorful.com\/wp-content\/uploads\/2025\/11\/50-1.jpg",96,96,false],"medium":["https:\/\/packcolorful.com\/wp-content\/uploads\/2025\/11\/50-1.jpg",1300,1300,false],"medium_large":["https:\/\/packcolorful.com\/wp-content\/uploads\/2025\/11\/50-1-768x768.jpg",768,768,true],"large":["https:\/\/packcolorful.com\/wp-content\/uploads\/2025\/11\/50-1-1024x1024.jpg",1024,1024,true],"1536x1536":["https:\/\/packcolorful.com\/wp-content\/uploads\/2025\/11\/50-1.jpg",1300,1300,false],"2048x2048":["https:\/\/packcolorful.com\/wp-content\/uploads\/2025\/11\/50-1.jpg",1300,1300,false],"trp-custom-language-flag":["https:\/\/packcolorful.com\/wp-content\/uploads\/2025\/11\/50-1.jpg",12,12,false],"blog-large":["https:\/\/packcolorful.com\/wp-content\/uploads\/2025\/11\/50-1-669x272.jpg",669,272,true],"blog-medium":["https:\/\/packcolorful.com\/wp-content\/uploads\/2025\/11\/50-1-320x202.jpg",320,202,true],"recent-posts":["https:\/\/packcolorful.com\/wp-content\/uploads\/2025\/11\/50-1-700x441.jpg",700,441,true],"recent-works-thumbnail":["https:\/\/packcolorful.com\/wp-content\/uploads\/2025\/11\/50-1-66x66.jpg",66,66,true],"fusion-200":["https:\/\/packcolorful.com\/wp-content\/uploads\/2025\/11\/50-1-200x200.jpg",200,200,true],"fusion-400":["https:\/\/packcolorful.com\/wp-content\/uploads\/2025\/11\/50-1-400x400.jpg",400,400,true],"fusion-600":["https:\/\/packcolorful.com\/wp-content\/uploads\/2025\/11\/50-1-600x600.jpg",600,600,true],"fusion-800":["https:\/\/packcolorful.com\/wp-content\/uploads\/2025\/11\/50-1-800x800.jpg",800,800,true],"fusion-1200":["https:\/\/packcolorful.com\/wp-content\/uploads\/2025\/11\/50-1-1200x1200.jpg",1200,1200,true],"portfolio-full":["https:\/\/packcolorful.com\/wp-content\/uploads\/2025\/11\/50-1-940x400.jpg",940,400,true],"portfolio-one":["https:\/\/packcolorful.com\/wp-content\/uploads\/2025\/11\/50-1-540x272.jpg",540,272,true],"portfolio-two":["https:\/\/packcolorful.com\/wp-content\/uploads\/2025\/11\/50-1-460x295.jpg",460,295,true],"portfolio-three":["https:\/\/packcolorful.com\/wp-content\/uploads\/2025\/11\/50-1-300x214.jpg",300,214,true],"portfolio-five":["https:\/\/packcolorful.com\/wp-content\/uploads\/2025\/11\/50-1-177x142.jpg",177,142,true],"woocommerce_thumbnail":["https:\/\/packcolorful.com\/wp-content\/uploads\/2025\/11\/50-1-500x500.jpg",500,500,true],"woocommerce_single":["https:\/\/packcolorful.com\/wp-content\/uploads\/2025\/11\/50-1-700x700.jpg",700,700,true],"woocommerce_gallery_thumbnail":["https:\/\/packcolorful.com\/wp-content\/uploads\/2025\/11\/50-1-200x200.jpg",200,200,true]},"uagb_author_info":{"display_name":"admin","author_link":"https:\/\/packcolorful.com\/fr\/author\/"},"uagb_comment_info":0,"uagb_excerpt":"Custom paper boxes made from eco-friendly materials\u2014lightweight, printable, and fully customizable for packaging across food, cosmetics, apparel, gifts, and more.","_links":{"self":[{"href":"https:\/\/packcolorful.com\/fr\/wp-json\/wp\/v2\/product\/5132","targetHints":{"allow":["GET"]}}],"collection":[{"href":"https:\/\/packcolorful.com\/fr\/wp-json\/wp\/v2\/product"}],"about":[{"href":"https:\/\/packcolorful.com\/fr\/wp-json\/wp\/v2\/types\/product"}],"replies":[{"embeddable":true,"href":"https:\/\/packcolorful.com\/fr\/wp-json\/wp\/v2\/comments?post=5132"}],"wp:featuredmedia":[{"embeddable":true,"href":"https:\/\/packcolorful.com\/fr\/wp-json\/wp\/v2\/media\/5126"}],"wp:attachment":[{"href":"https:\/\/packcolorful.com\/fr\/wp-json\/wp\/v2\/media?parent=5132"}],"wp:term":[{"taxonomy":"product_brand","embeddable":true,"href":"https:\/\/packcolorful.com\/fr\/wp-json\/wp\/v2\/product_brand?post=5132"},{"taxonomy":"product_cat","embeddable":true,"href":"https:\/\/packcolorful.com\/fr\/wp-json\/wp\/v2\/product_cat?post=5132"},{"taxonomy":"product_tag","embeddable":true,"href":"https:\/\/packcolorful.com\/fr\/wp-json\/wp\/v2\/product_tag?post=5132"}],"curies":[{"name":"wp","href":"https:\/\/api.w.org\/{rel}","templated":true}]}}