{"id":5371,"date":"2026-03-21T08:41:04","date_gmt":"2026-03-21T08:41:04","guid":{"rendered":"https:\/\/packcolorful.com\/?post_type=product&#038;p=5371"},"modified":"2026-03-21T08:55:11","modified_gmt":"2026-03-21T08:55:11","slug":"emballage-des-complements-de-beaute","status":"publish","type":"product","link":"https:\/\/packcolorful.com\/fr\/produit\/emballage-des-complements-de-beaute\/","title":{"rendered":"emballage des compl\u00e9ments de beaut\u00e9"},"content":{"rendered":"<h3>\u2728 Emballage de suppl\u00e9ments de beaut\u00e9 haut de gamme - Bo\u00eetes \u00e0 bouts retourn\u00e9s personnalis\u00e9es<\/h3>\n<div><\/div>\n<div>Am\u00e9liorez votre marque de suppl\u00e9ments de beaut\u00e9 avec notre <strong>emballage personnalis\u00e9 de compl\u00e9ments de beaut\u00e9<\/strong>-la solution ultime pour les boosters de collag\u00e8ne, les vitamines pour les soins de la peau et les produits de beaut\u00e9 oraux tels que les comprim\u00e9s anti-\u00e2ge.<\/div>\n<div><\/div>\n<div>Fabriqu\u00e9es \u00e0 partir de carton alimentaire de haute qualit\u00e9, nos bo\u00eetes \u00e0 fermeture invers\u00e9e allient un design \u00e9l\u00e9gant \u00e0 une protection robuste, prot\u00e9geant vos suppl\u00e9ments de l'humidit\u00e9, de la poussi\u00e8re et des dommages pendant le transport et la mise en rayon. Enti\u00e8rement personnalisables en fonction de l'identit\u00e9 de votre marque, nous proposons la correspondance des couleurs Pantone, l'estampage, le gaufrage et l'impression UV de pr\u00e9cision pour pr\u00e9senter clairement votre logo, les avantages de votre produit et les informations r\u00e9glementaires, ce qui est parfait pour instaurer un climat de confiance avec les consommateurs soucieux de leur sant\u00e9.<\/div>\n<div><\/div>\n<div>Id\u00e9al pour les flacons de 60 comprim\u00e9s, les blisters et les \u00e9chantillons de produits de beaut\u00e9, notre emballage est \u00e0 la hauteur :<\/div>\n<div><\/div>\n<ul>\n<li><strong>Conformit\u00e9 r\u00e9glementaire<\/strong>: Les mat\u00e9riaux de qualit\u00e9 alimentaire r\u00e9pondent aux normes mondiales pour les compl\u00e9ments alimentaires et les produits de beaut\u00e9 ing\u00e9rables.<\/li>\n<li><strong>L'appel du rayon<\/strong>: Le design \u00e9pur\u00e9 et minimaliste am\u00e9liore la visibilit\u00e9 en magasin et dans le commerce \u00e9lectronique, ce qui favorise l'engagement des clients.<\/li>\n<li><strong>Durabilit\u00e9<\/strong>: Les options \u00e9cologiques comprennent le carton recyclable, biod\u00e9gradable et certifi\u00e9 FSC pour s'aligner sur les tendances \u00e9cologiques des consommateurs.<\/li>\n<li><strong>Tailored Fit<\/strong>: Dimensions personnalis\u00e9es pour s'adapter parfaitement \u00e0 votre produit, qu'il s'agisse de sachets de voyage ou de bouteilles pleines.<\/li>\n<\/ul>\n<div><\/div>\n<div>Que vous lanciez une nouvelle ligne de soins au collag\u00e8ne ou que vous donniez une nouvelle image \u00e0 vos produits de bien-\u00eatre existants, nos emballages de compl\u00e9ments de beaut\u00e9 allient protection fonctionnelle, communication de la marque et design convivial pour se d\u00e9marquer sur le march\u00e9 concurrentiel du bien-\u00eatre.<\/div>\n<p>&nbsp;<\/p>\n<h3 data-start=\"898\" data-end=\"1184\">Bo\u00eetes d'emballage pour cosm\u00e9tiques Detail\uff1a<\/h3>\n<table style=\"border-collapse: collapse; width: 100%;\">\n<tbody>\n<tr>\n<td style=\"width: 50%;\"><\/td>\n<td style=\"width: 50%;\"><\/td>\n<\/tr>\n<tr>\n<td style=\"width: 50%;\"><img decoding=\"async\" class=\"lazyload alignnone wp-image-5374 size-fusion-600\" src=\"https:\/\/packcolorful.com\/wp-content\/uploads\/2026\/03\/ScreenShot_2026-03-21_163724_756-600x602.png\" data-orig-src=\"https:\/\/packcolorful.com\/wp-content\/uploads\/2026\/03\/ScreenShot_2026-03-21_163724_756-600x602.png\" alt=\"Emballage des compl\u00e9ments de beaut\u00e9\" width=\"600\" height=\"602\" srcset=\"data:image\/svg+xml,%3Csvg%20xmlns%3D%27http%3A%2F%2Fwww.w3.org%2F2000%2Fsvg%27%20width%3D%27600%27%20height%3D%27602%27%20viewBox%3D%270%200%20600%20602%27%3E%3Crect%20width%3D%27600%27%20height%3D%27602%27%20fill-opacity%3D%220%22%2F%3E%3C%2Fsvg%3E\" data-srcset=\"https:\/\/packcolorful.com\/wp-content\/uploads\/2026\/03\/ScreenShot_2026-03-21_163724_756-12x12.png 12w, https:\/\/packcolorful.com\/wp-content\/uploads\/2026\/03\/ScreenShot_2026-03-21_163724_756-66x66.png 66w, https:\/\/packcolorful.com\/wp-content\/uploads\/2026\/03\/ScreenShot_2026-03-21_163724_756-200x200.png 200w, https:\/\/packcolorful.com\/wp-content\/uploads\/2026\/03\/ScreenShot_2026-03-21_163724_756-400x401.png 400w, https:\/\/packcolorful.com\/wp-content\/uploads\/2026\/03\/ScreenShot_2026-03-21_163724_756-500x501.png 500w, https:\/\/packcolorful.com\/wp-content\/uploads\/2026\/03\/ScreenShot_2026-03-21_163724_756-600x602.png 600w, https:\/\/packcolorful.com\/wp-content\/uploads\/2026\/03\/ScreenShot_2026-03-21_163724_756-700x702.png 700w, https:\/\/packcolorful.com\/wp-content\/uploads\/2026\/03\/ScreenShot_2026-03-21_163724_756-768x770.png 768w, https:\/\/packcolorful.com\/wp-content\/uploads\/2026\/03\/ScreenShot_2026-03-21_163724_756.png 771w\" data-sizes=\"auto\" data-orig-sizes=\"(max-width: 600px) 100vw, 600px\" \/><\/td>\n<td style=\"width: 50%;\"><img decoding=\"async\" class=\"lazyload alignnone wp-image-5373 size-fusion-600\" src=\"https:\/\/packcolorful.com\/wp-content\/uploads\/2026\/03\/ScreenShot_2026-03-21_163703_980-600x601.png\" data-orig-src=\"https:\/\/packcolorful.com\/wp-content\/uploads\/2026\/03\/ScreenShot_2026-03-21_163703_980-600x601.png\" alt=\"\" width=\"600\" height=\"601\" srcset=\"data:image\/svg+xml,%3Csvg%20xmlns%3D%27http%3A%2F%2Fwww.w3.org%2F2000%2Fsvg%27%20width%3D%27600%27%20height%3D%27601%27%20viewBox%3D%270%200%20600%20601%27%3E%3Crect%20width%3D%27600%27%20height%3D%27601%27%20fill-opacity%3D%220%22%2F%3E%3C%2Fsvg%3E\" data-srcset=\"https:\/\/packcolorful.com\/wp-content\/uploads\/2026\/03\/ScreenShot_2026-03-21_163703_980-12x12.png 12w, https:\/\/packcolorful.com\/wp-content\/uploads\/2026\/03\/ScreenShot_2026-03-21_163703_980-66x66.png 66w, https:\/\/packcolorful.com\/wp-content\/uploads\/2026\/03\/ScreenShot_2026-03-21_163703_980-200x200.png 200w, https:\/\/packcolorful.com\/wp-content\/uploads\/2026\/03\/ScreenShot_2026-03-21_163703_980-400x401.png 400w, https:\/\/packcolorful.com\/wp-content\/uploads\/2026\/03\/ScreenShot_2026-03-21_163703_980-500x501.png 500w, https:\/\/packcolorful.com\/wp-content\/uploads\/2026\/03\/ScreenShot_2026-03-21_163703_980-600x601.png 600w, https:\/\/packcolorful.com\/wp-content\/uploads\/2026\/03\/ScreenShot_2026-03-21_163703_980-700x701.png 700w, https:\/\/packcolorful.com\/wp-content\/uploads\/2026\/03\/ScreenShot_2026-03-21_163703_980-768x769.png 768w, https:\/\/packcolorful.com\/wp-content\/uploads\/2026\/03\/ScreenShot_2026-03-21_163703_980.png 771w\" data-sizes=\"auto\" data-orig-sizes=\"(max-width: 600px) 100vw, 600px\" \/><\/td>\n<\/tr>\n<\/tbody>\n<\/table>\n<div><\/div>\n<h2 class=\"magic-5\">Emballage cosm\u00e9tique sur mesure<\/h2>\n<div><\/div>\n<div class=\"J_module\">\n<div class=\"ife-detail-decorate-table\">\n<table class=\"all magic-7\" style=\"border-style: solid; border-color: #b5b5b5; width: 62.8267%;\" border=\"1px\">\n<tbody>\n<tr>\n<td style=\"width: 18.1263%;\" colspan=\"1\" rowspan=\"1\">\n<div class=\"magic-8\">Nom du produit<\/div>\n<\/td>\n<td style=\"width: 81.2627%;\" colspan=\"1\" rowspan=\"1\">\n<div class=\"magic-9\">Emballage des compl\u00e9ments de beaut\u00e9<\/div>\n<\/td>\n<\/tr>\n<tr>\n<td style=\"width: 18.1263%;\" colspan=\"1\" rowspan=\"1\">\n<div class=\"magic-8\" data-spm-anchor-id=\"a2700.details-description.0.i2.65833qr73qr7ss\">Mat\u00e9riel de papier commun<\/div>\n<\/td>\n<td style=\"width: 81.2627%;\" colspan=\"1\" rowspan=\"1\">\n<div class=\"magic-9\">Papier cartonn\u00e9, papier d'art, papier couch\u00e9, papier kraft, carton ondul\u00e9<\/div>\n<\/td>\n<\/tr>\n<tr>\n<td style=\"width: 18.1263%;\" colspan=\"1\" rowspan=\"1\">\n<div class=\"magic-8\">Impression<\/div>\n<\/td>\n<td style=\"width: 81.2627%;\" colspan=\"1\" rowspan=\"1\">\n<div class=\"magic-9\">Impression offset CMYK ou Pantone, s\u00e9rigraphie ou impression offset UV<\/div>\n<\/td>\n<\/tr>\n<tr>\n<td style=\"width: 18.1263%;\" colspan=\"1\" rowspan=\"1\">\n<div class=\"magic-8\">Taille<\/div>\n<\/td>\n<td style=\"width: 81.2627%;\" colspan=\"1\" rowspan=\"1\">\n<div class=\"magic-9\">Taille personnalis\u00e9e selon les besoins du client<\/div>\n<\/td>\n<\/tr>\n<tr>\n<td style=\"width: 18.1263%;\" colspan=\"1\" rowspan=\"1\">\n<div class=\"magic-8\">Manipulation de l'impression<\/div>\n<\/td>\n<td style=\"width: 81.2627%;\" colspan=\"1\" rowspan=\"1\">\n<div class=\"magic-9\">D\u00e9bossage ou gaufrage, dorure ou dorure \u00e0 la feuille, Spot UV, film laser, pelliculage brillant ou pelliculage mat<\/div>\n<\/td>\n<\/tr>\n<tr>\n<td style=\"width: 18.1263%;\" colspan=\"1\" rowspan=\"1\">\n<div class=\"magic-8\">Accessoires<\/div>\n<\/td>\n<td style=\"width: 81.2627%;\" colspan=\"1\" rowspan=\"1\">\n<div class=\"magic-9\">Ruban, Kraft Insert en carton ondul\u00e9, Carton intercalaire en carton ondul\u00e9<br \/>\n, Insert de s\u00e9paration en carton, insert de s\u00e9paration rigide, insert de carton blanc, insert de blister PET, insert EVA, mousse EPE<\/div>\n<\/td>\n<\/tr>\n<tr>\n<td style=\"width: 18.1263%;\" colspan=\"1\" rowspan=\"1\">\n<div class=\"magic-8\">Format de l'\u0153uvre d'art<\/div>\n<\/td>\n<td style=\"width: 81.2627%;\" colspan=\"1\" rowspan=\"1\">\n<div class=\"magic-9\">Format AI, PDF, CDR, InDesign pour une conception personnalis\u00e9e<\/div>\n<\/td>\n<\/tr>\n<tr>\n<td style=\"width: 18.1263%;\" colspan=\"1\" rowspan=\"1\">\n<div class=\"magic-8\">MOQ<\/div>\n<\/td>\n<td style=\"width: 81.2627%;\" colspan=\"1\" rowspan=\"1\">\n<div class=\"magic-9\">1000PCS<\/div>\n<\/td>\n<\/tr>\n<tr>\n<td style=\"width: 18.1263%;\" colspan=\"1\" rowspan=\"1\">\n<div class=\"magic-8\">Temps d'\u00e9chantillonnage<\/div>\n<\/td>\n<td style=\"width: 81.2627%;\" colspan=\"1\" rowspan=\"1\">\n<div class=\"magic-9\">1-3 jours ouvrables<\/div>\n<\/td>\n<\/tr>\n<tr>\n<td style=\"width: 18.1263%;\" colspan=\"1\" rowspan=\"1\">\n<div class=\"magic-8\">Temps de production<\/div>\n<\/td>\n<td style=\"width: 81.2627%;\" colspan=\"1\" rowspan=\"1\">\n<div class=\"magic-9\">7-15 jours ouvrables<\/div>\n<\/td>\n<\/tr>\n<tr>\n<td style=\"width: 18.1263%;\" colspan=\"1\" rowspan=\"1\">\n<div class=\"magic-8\">Mode d'exp\u00e9dition<\/div>\n<\/td>\n<td style=\"width: 81.2627%;\" colspan=\"1\" rowspan=\"1\">\n<div class=\"magic-9\">Par voie maritime, a\u00e9rienne et express<\/div>\n<\/td>\n<\/tr>\n<tr>\n<td style=\"width: 18.1263%;\" colspan=\"1\" rowspan=\"1\">\n<div class=\"magic-8\">Emballage<\/div>\n<\/td>\n<td style=\"width: 81.2627%;\" colspan=\"1\" rowspan=\"1\">\n<div class=\"magic-9\" data-spm-anchor-id=\"a2700.details-description.0.i1.65833qr73qr7ss\">Carton, palette<\/div>\n<\/td>\n<\/tr>\n<\/tbody>\n<\/table>\n<\/div>\n<\/div>\n<p data-start=\"1332\" data-end=\"1368\"><strong data-start=\"1332\" data-end=\"1368\">Pourquoi choisir nos bo\u00eetes d'emballage de produits cosm\u00e9tiques personnalis\u00e9es ?<\/strong><\/p>\n<ul>\n<li data-start=\"1354\" data-end=\"1389\">\n<p data-start=\"1356\" data-end=\"1389\">Dimensions, formes et structures sur mesure<\/p>\n<\/li>\n<li data-start=\"1390\" data-end=\"1435\">\n<p data-start=\"1392\" data-end=\"1435\">Options d'impression et de finition de luxe<\/p>\n<\/li>\n<li data-start=\"1436\" data-end=\"1478\">\n<p data-start=\"1438\" data-end=\"1478\">Papier durable et recyclable<\/p>\n<\/li>\n<li data-start=\"1479\" data-end=\"1525\">\n<p data-start=\"1481\" data-end=\"1525\">Id\u00e9al pour les soins de la peau, le maquillage, les coffrets de beaut\u00e9<\/p>\n<\/li>\n<li data-start=\"1526\" data-end=\"1584\">\n<p data-start=\"1528\" data-end=\"1584\">Service direct \u00e0 l'usine avec de faibles quantit\u00e9s minimales de commande<\/p>\n<\/li>\n<\/ul>","protected":false},"excerpt":{"rendered":"<p><strong>emballage des compl\u00e9ments de beaut\u00e9<\/strong>-la solution ultime pour les boosters de collag\u00e8ne, les vitamines pour les soins de la peau et les produits de beaut\u00e9 oraux tels que les comprim\u00e9s anti-\u00e2ge.<\/p>","protected":false},"featured_media":5372,"comment_status":"open","ping_status":"closed","template":"","meta":{"_acf_changed":false,"content-type":"","_uag_custom_page_level_css":""},"product_brand":[],"product_cat":[222],"product_tag":[],"class_list":{"0":"post-5371","1":"product","2":"type-product","3":"status-publish","4":"has-post-thumbnail","6":"product_cat-cosmetic-box","8":"first","9":"instock","10":"shipping-taxable","11":"product-type-simple"},"acf":[],"uagb_featured_image_src":{"full":["https:\/\/packcolorful.com\/wp-content\/uploads\/2026\/03\/ScreenShot_2026-03-21_163651_359.png",773,774,false],"thumbnail":["https:\/\/packcolorful.com\/wp-content\/uploads\/2026\/03\/ScreenShot_2026-03-21_163651_359.png",96,96,false],"medium":["https:\/\/packcolorful.com\/wp-content\/uploads\/2026\/03\/ScreenShot_2026-03-21_163651_359.png",773,774,false],"medium_large":["https:\/\/packcolorful.com\/wp-content\/uploads\/2026\/03\/ScreenShot_2026-03-21_163651_359-768x769.png",768,769,true],"large":["https:\/\/packcolorful.com\/wp-content\/uploads\/2026\/03\/ScreenShot_2026-03-21_163651_359.png",773,774,false],"1536x1536":["https:\/\/packcolorful.com\/wp-content\/uploads\/2026\/03\/ScreenShot_2026-03-21_163651_359.png",773,774,false],"2048x2048":["https:\/\/packcolorful.com\/wp-content\/uploads\/2026\/03\/ScreenShot_2026-03-21_163651_359.png",773,774,false],"trp-custom-language-flag":["https:\/\/packcolorful.com\/wp-content\/uploads\/2026\/03\/ScreenShot_2026-03-21_163651_359-12x12.png",12,12,true],"blog-large":["https:\/\/packcolorful.com\/wp-content\/uploads\/2026\/03\/ScreenShot_2026-03-21_163651_359-669x272.png",669,272,true],"blog-medium":["https:\/\/packcolorful.com\/wp-content\/uploads\/2026\/03\/ScreenShot_2026-03-21_163651_359-320x202.png",320,202,true],"recent-posts":["https:\/\/packcolorful.com\/wp-content\/uploads\/2026\/03\/ScreenShot_2026-03-21_163651_359-700x441.png",700,441,true],"recent-works-thumbnail":["https:\/\/packcolorful.com\/wp-content\/uploads\/2026\/03\/ScreenShot_2026-03-21_163651_359-66x66.png",66,66,true],"fusion-200":["https:\/\/packcolorful.com\/wp-content\/uploads\/2026\/03\/ScreenShot_2026-03-21_163651_359-200x200.png",200,200,true],"fusion-400":["https:\/\/packcolorful.com\/wp-content\/uploads\/2026\/03\/ScreenShot_2026-03-21_163651_359-400x401.png",400,401,true],"fusion-600":["https:\/\/packcolorful.com\/wp-content\/uploads\/2026\/03\/ScreenShot_2026-03-21_163651_359-600x601.png",600,601,true],"fusion-800":["https:\/\/packcolorful.com\/wp-content\/uploads\/2026\/03\/ScreenShot_2026-03-21_163651_359.png",773,774,false],"fusion-1200":["https:\/\/packcolorful.com\/wp-content\/uploads\/2026\/03\/ScreenShot_2026-03-21_163651_359.png",773,774,false],"portfolio-full":["https:\/\/packcolorful.com\/wp-content\/uploads\/2026\/03\/ScreenShot_2026-03-21_163651_359-773x400.png",773,400,true],"portfolio-one":["https:\/\/packcolorful.com\/wp-content\/uploads\/2026\/03\/ScreenShot_2026-03-21_163651_359-540x272.png",540,272,true],"portfolio-two":["https:\/\/packcolorful.com\/wp-content\/uploads\/2026\/03\/ScreenShot_2026-03-21_163651_359-460x295.png",460,295,true],"portfolio-three":["https:\/\/packcolorful.com\/wp-content\/uploads\/2026\/03\/ScreenShot_2026-03-21_163651_359-300x214.png",300,214,true],"portfolio-five":["https:\/\/packcolorful.com\/wp-content\/uploads\/2026\/03\/ScreenShot_2026-03-21_163651_359-177x142.png",177,142,true],"woocommerce_thumbnail":["https:\/\/packcolorful.com\/wp-content\/uploads\/2026\/03\/ScreenShot_2026-03-21_163651_359-500x501.png",500,501,true],"woocommerce_single":["https:\/\/packcolorful.com\/wp-content\/uploads\/2026\/03\/ScreenShot_2026-03-21_163651_359-700x701.png",700,701,true],"woocommerce_gallery_thumbnail":["https:\/\/packcolorful.com\/wp-content\/uploads\/2026\/03\/ScreenShot_2026-03-21_163651_359-200x200.png",200,200,true]},"uagb_author_info":{"display_name":"admin","author_link":"https:\/\/packcolorful.com\/fr\/author\/"},"uagb_comment_info":0,"uagb_excerpt":"beauty supplement packaging\u2014the ultimate solution for collagen boosters, skincare vitamins, and oral beauty products like anti-aging tablets.","_links":{"self":[{"href":"https:\/\/packcolorful.com\/fr\/wp-json\/wp\/v2\/product\/5371","targetHints":{"allow":["GET"]}}],"collection":[{"href":"https:\/\/packcolorful.com\/fr\/wp-json\/wp\/v2\/product"}],"about":[{"href":"https:\/\/packcolorful.com\/fr\/wp-json\/wp\/v2\/types\/product"}],"replies":[{"embeddable":true,"href":"https:\/\/packcolorful.com\/fr\/wp-json\/wp\/v2\/comments?post=5371"}],"wp:featuredmedia":[{"embeddable":true,"href":"https:\/\/packcolorful.com\/fr\/wp-json\/wp\/v2\/media\/5372"}],"wp:attachment":[{"href":"https:\/\/packcolorful.com\/fr\/wp-json\/wp\/v2\/media?parent=5371"}],"wp:term":[{"taxonomy":"product_brand","embeddable":true,"href":"https:\/\/packcolorful.com\/fr\/wp-json\/wp\/v2\/product_brand?post=5371"},{"taxonomy":"product_cat","embeddable":true,"href":"https:\/\/packcolorful.com\/fr\/wp-json\/wp\/v2\/product_cat?post=5371"},{"taxonomy":"product_tag","embeddable":true,"href":"https:\/\/packcolorful.com\/fr\/wp-json\/wp\/v2\/product_tag?post=5371"}],"curies":[{"name":"wp","href":"https:\/\/api.w.org\/{rel}","templated":true}]}}