{"id":5379,"date":"2026-03-23T07:14:21","date_gmt":"2026-03-23T07:14:21","guid":{"rendered":"https:\/\/packcolorful.com\/?post_type=product&#038;p=5379"},"modified":"2026-03-23T07:22:53","modified_gmt":"2026-03-23T07:22:53","slug":"cosmetic-card-paper-box","status":"publish","type":"product","link":"https:\/\/packcolorful.com\/fr\/produit\/cosmetic-card-paper-box\/","title":{"rendered":"Biodegradable cosmetic card paper box"},"content":{"rendered":"<h3>\u2728<\/h3>\n<div>Our <strong>100% biodegradable cosmetic card paper box<\/strong>\u00a0is the ideal sustainable packaging solution for eco-conscious beauty and skincare brands. Made from plant-derived, compostable paperboard, this lightweight yet sturdy foldable carton delivers premium product presentation while minimizing environmental impact.<\/div>\n<div><\/div>\n<div>Designed for serums, creams, masks, and cosmetic essentials, it fully breaks down in home or industrial compost systems\u2014leaving no microplastics or toxic residues. Customizable with your logo, product details, and brand messaging, it aligns with green consumer trends, enhancing your brand\u2019s sustainability credibility and driving engagement with eco-aware shoppers.<\/div>\n<div><\/div>\n<ul>\n<li><strong>100% Biodegradable &amp; Compostable<\/strong>: Plant-based materials decompose naturally, zero plastic waste<\/li>\n<li><strong>Sturdy &amp; Protective<\/strong>: Durable paperboard safeguards cosmetics during shipping and handling<\/li>\n<li><strong>Fully Customizable<\/strong>: Print your brand identity, product info, and eco-messaging for a unique look<\/li>\n<li><strong>Lightweight &amp; Foldable<\/strong>: Easy to assemble, store, and ship\u2014ideal for e-commerce and retail<\/li>\n<li><strong>Eco-Trend Aligned<\/strong>: Appeals to sustainability-focused consumers, boosting brand loyalty<\/li>\n<\/ul>\n<h3 data-start=\"898\" data-end=\"1184\">Bo\u00eetes d'emballage pour cosm\u00e9tiques Detail\uff1a<\/h3>\n<table style=\"border-collapse: collapse; width: 100%; height: 631px;\">\n<tbody>\n<tr style=\"height: 24px;\">\n<td style=\"width: 50%; height: 24px;\"><\/td>\n<td style=\"width: 50%; height: 24px;\"><\/td>\n<\/tr>\n<tr style=\"height: 607px;\">\n<td style=\"width: 50%; height: 607px;\"><img decoding=\"async\" class=\"lazyload alignnone wp-image-5382 size-fusion-600\" src=\"https:\/\/packcolorful.com\/wp-content\/uploads\/2026\/03\/ScreenShot_2026-03-23_150724_419-600x600.png\" data-orig-src=\"https:\/\/packcolorful.com\/wp-content\/uploads\/2026\/03\/ScreenShot_2026-03-23_150724_419-600x600.png\" alt=\"cosmetic card paper box\" width=\"600\" height=\"600\" srcset=\"data:image\/svg+xml,%3Csvg%20xmlns%3D%27http%3A%2F%2Fwww.w3.org%2F2000%2Fsvg%27%20width%3D%27600%27%20height%3D%27600%27%20viewBox%3D%270%200%20600%20600%27%3E%3Crect%20width%3D%27600%27%20height%3D%27600%27%20fill-opacity%3D%220%22%2F%3E%3C%2Fsvg%3E\" data-srcset=\"https:\/\/packcolorful.com\/wp-content\/uploads\/2026\/03\/ScreenShot_2026-03-23_150724_419-12x12.png 12w, https:\/\/packcolorful.com\/wp-content\/uploads\/2026\/03\/ScreenShot_2026-03-23_150724_419-66x66.png 66w, https:\/\/packcolorful.com\/wp-content\/uploads\/2026\/03\/ScreenShot_2026-03-23_150724_419-200x200.png 200w, https:\/\/packcolorful.com\/wp-content\/uploads\/2026\/03\/ScreenShot_2026-03-23_150724_419-400x400.png 400w, https:\/\/packcolorful.com\/wp-content\/uploads\/2026\/03\/ScreenShot_2026-03-23_150724_419-500x500.png 500w, https:\/\/packcolorful.com\/wp-content\/uploads\/2026\/03\/ScreenShot_2026-03-23_150724_419-600x600.png 600w, https:\/\/packcolorful.com\/wp-content\/uploads\/2026\/03\/ScreenShot_2026-03-23_150724_419-700x700.png 700w, https:\/\/packcolorful.com\/wp-content\/uploads\/2026\/03\/ScreenShot_2026-03-23_150724_419.png 767w\" data-sizes=\"auto\" data-orig-sizes=\"(max-width: 600px) 100vw, 600px\" \/><\/td>\n<td style=\"width: 50%; height: 607px;\"><img decoding=\"async\" class=\"lazyload alignnone wp-image-5381 size-fusion-600\" src=\"https:\/\/packcolorful.com\/wp-content\/uploads\/2026\/03\/ScreenShot_2026-03-23_150701_482-600x598.png\" data-orig-src=\"https:\/\/packcolorful.com\/wp-content\/uploads\/2026\/03\/ScreenShot_2026-03-23_150701_482-600x598.png\" alt=\"cosmetic card paper box\" width=\"600\" height=\"598\" srcset=\"data:image\/svg+xml,%3Csvg%20xmlns%3D%27http%3A%2F%2Fwww.w3.org%2F2000%2Fsvg%27%20width%3D%27600%27%20height%3D%27598%27%20viewBox%3D%270%200%20600%20598%27%3E%3Crect%20width%3D%27600%27%20height%3D%27598%27%20fill-opacity%3D%220%22%2F%3E%3C%2Fsvg%3E\" data-srcset=\"https:\/\/packcolorful.com\/wp-content\/uploads\/2026\/03\/ScreenShot_2026-03-23_150701_482-12x12.png 12w, https:\/\/packcolorful.com\/wp-content\/uploads\/2026\/03\/ScreenShot_2026-03-23_150701_482-66x66.png 66w, https:\/\/packcolorful.com\/wp-content\/uploads\/2026\/03\/ScreenShot_2026-03-23_150701_482-200x200.png 200w, https:\/\/packcolorful.com\/wp-content\/uploads\/2026\/03\/ScreenShot_2026-03-23_150701_482-400x399.png 400w, https:\/\/packcolorful.com\/wp-content\/uploads\/2026\/03\/ScreenShot_2026-03-23_150701_482-500x499.png 500w, https:\/\/packcolorful.com\/wp-content\/uploads\/2026\/03\/ScreenShot_2026-03-23_150701_482-600x598.png 600w, https:\/\/packcolorful.com\/wp-content\/uploads\/2026\/03\/ScreenShot_2026-03-23_150701_482-700x698.png 700w, https:\/\/packcolorful.com\/wp-content\/uploads\/2026\/03\/ScreenShot_2026-03-23_150701_482-768x766.png 768w, https:\/\/packcolorful.com\/wp-content\/uploads\/2026\/03\/ScreenShot_2026-03-23_150701_482.png 773w\" data-sizes=\"auto\" data-orig-sizes=\"(max-width: 600px) 100vw, 600px\" \/><\/td>\n<\/tr>\n<\/tbody>\n<\/table>\n<div><\/div>\n<h2 class=\"magic-5\">Emballage cosm\u00e9tique sur mesure<\/h2>\n<div><\/div>\n<div class=\"J_module\">\n<div class=\"ife-detail-decorate-table\">\n<table class=\"all magic-7\" style=\"border-style: solid; border-color: #b5b5b5;\" border=\"1px\">\n<tbody>\n<tr>\n<td colspan=\"1\" rowspan=\"1\">\n<div class=\"magic-8\">Nom du produit<\/div>\n<\/td>\n<td colspan=\"1\" rowspan=\"1\">\n<div class=\"magic-9\">cosmetic card paper box<\/div>\n<\/td>\n<\/tr>\n<tr>\n<td colspan=\"1\" rowspan=\"1\">\n<div class=\"magic-8\" data-spm-anchor-id=\"a2700.details-description.0.i2.65833qr73qr7ss\">Mat\u00e9riel de papier commun<\/div>\n<\/td>\n<td colspan=\"1\" rowspan=\"1\">\n<div class=\"magic-9\">Papier cartonn\u00e9, papier d'art, papier couch\u00e9, papier kraft, carton ondul\u00e9<\/div>\n<\/td>\n<\/tr>\n<tr>\n<td colspan=\"1\" rowspan=\"1\">\n<div class=\"magic-8\">Impression<\/div>\n<\/td>\n<td colspan=\"1\" rowspan=\"1\">\n<div class=\"magic-9\">Impression offset CMYK ou Pantone, s\u00e9rigraphie ou impression offset UV<\/div>\n<\/td>\n<\/tr>\n<tr>\n<td colspan=\"1\" rowspan=\"1\">\n<div class=\"magic-8\">Taille<\/div>\n<\/td>\n<td colspan=\"1\" rowspan=\"1\">\n<div class=\"magic-9\">Taille personnalis\u00e9e selon les besoins du client<\/div>\n<\/td>\n<\/tr>\n<tr>\n<td colspan=\"1\" rowspan=\"1\">\n<div class=\"magic-8\">Manipulation de l'impression<\/div>\n<\/td>\n<td colspan=\"1\" rowspan=\"1\">\n<div class=\"magic-9\">D\u00e9bossage ou gaufrage, dorure ou dorure \u00e0 la feuille, Spot UV, film laser, pelliculage brillant ou pelliculage mat<\/div>\n<\/td>\n<\/tr>\n<tr>\n<td colspan=\"1\" rowspan=\"1\">\n<div class=\"magic-8\">Accessoires<\/div>\n<\/td>\n<td colspan=\"1\" rowspan=\"1\">\n<div class=\"magic-9\">Ruban, Kraft Insert en carton ondul\u00e9, Carton intercalaire en carton ondul\u00e9<br \/>\n, Insert de s\u00e9paration en carton, insert de s\u00e9paration rigide, insert de carton blanc, insert de blister PET, insert EVA, mousse EPE<\/div>\n<\/td>\n<\/tr>\n<tr>\n<td colspan=\"1\" rowspan=\"1\">\n<div class=\"magic-8\">Format de l'\u0153uvre d'art<\/div>\n<\/td>\n<td colspan=\"1\" rowspan=\"1\">\n<div class=\"magic-9\">Format AI, PDF, CDR, InDesign pour une conception personnalis\u00e9e<\/div>\n<\/td>\n<\/tr>\n<tr>\n<td colspan=\"1\" rowspan=\"1\">\n<div class=\"magic-8\">MOQ<\/div>\n<\/td>\n<td colspan=\"1\" rowspan=\"1\">\n<div class=\"magic-9\">1000PCS<\/div>\n<\/td>\n<\/tr>\n<tr>\n<td colspan=\"1\" rowspan=\"1\">\n<div class=\"magic-8\">Temps d'\u00e9chantillonnage<\/div>\n<\/td>\n<td colspan=\"1\" rowspan=\"1\">\n<div class=\"magic-9\">1-3 jours ouvrables<\/div>\n<\/td>\n<\/tr>\n<tr>\n<td colspan=\"1\" rowspan=\"1\">\n<div class=\"magic-8\">Temps de production<\/div>\n<\/td>\n<td colspan=\"1\" rowspan=\"1\">\n<div class=\"magic-9\">7-15 jours ouvrables<\/div>\n<\/td>\n<\/tr>\n<tr>\n<td colspan=\"1\" rowspan=\"1\">\n<div class=\"magic-8\">Mode d'exp\u00e9dition<\/div>\n<\/td>\n<td colspan=\"1\" rowspan=\"1\">\n<div class=\"magic-9\">Par voie maritime, a\u00e9rienne et express<\/div>\n<\/td>\n<\/tr>\n<tr>\n<td colspan=\"1\" rowspan=\"1\">\n<div class=\"magic-8\">Emballage<\/div>\n<\/td>\n<td colspan=\"1\" rowspan=\"1\">\n<div class=\"magic-9\" data-spm-anchor-id=\"a2700.details-description.0.i1.65833qr73qr7ss\">Carton, palette<\/div>\n<\/td>\n<\/tr>\n<\/tbody>\n<\/table>\n<\/div>\n<\/div>\n<p data-start=\"1332\" data-end=\"1368\"><strong data-start=\"1332\" data-end=\"1368\">Pourquoi choisir nos bo\u00eetes d'emballage de produits cosm\u00e9tiques personnalis\u00e9es ?<\/strong><\/p>\n<ul>\n<li data-start=\"1354\" data-end=\"1389\">\n<p data-start=\"1356\" data-end=\"1389\">Dimensions, formes et structures sur mesure<\/p>\n<\/li>\n<li data-start=\"1390\" data-end=\"1435\">\n<p data-start=\"1392\" data-end=\"1435\">Options d'impression et de finition de luxe<\/p>\n<\/li>\n<li data-start=\"1436\" data-end=\"1478\">\n<p data-start=\"1438\" data-end=\"1478\">Papier durable et recyclable<\/p>\n<\/li>\n<li data-start=\"1479\" data-end=\"1525\">\n<p data-start=\"1481\" data-end=\"1525\">Id\u00e9al pour les soins de la peau, le maquillage, les coffrets de beaut\u00e9<\/p>\n<\/li>\n<li data-start=\"1526\" data-end=\"1584\">\n<p data-start=\"1528\" data-end=\"1584\">Service direct \u00e0 l'usine avec de faibles quantit\u00e9s minimales de commande<\/p>\n<\/li>\n<\/ul>","protected":false},"excerpt":{"rendered":"<p><strong>custom cosmetic card paper box<\/strong>\u2014the perfect blend of sleek functionality and premium branding for skincare, makeup, and beauty products.<\/p>","protected":false},"featured_media":5381,"comment_status":"open","ping_status":"closed","template":"","meta":{"_acf_changed":false,"content-type":"","_uag_custom_page_level_css":""},"product_brand":[],"product_cat":[222],"product_tag":[],"class_list":{"0":"post-5379","1":"product","2":"type-product","3":"status-publish","4":"has-post-thumbnail","6":"product_cat-cosmetic-box","8":"first","9":"instock","10":"shipping-taxable","11":"product-type-simple"},"acf":[],"uagb_featured_image_src":{"full":["https:\/\/packcolorful.com\/wp-content\/uploads\/2026\/03\/ScreenShot_2026-03-23_150701_482.png",773,771,false],"thumbnail":["https:\/\/packcolorful.com\/wp-content\/uploads\/2026\/03\/ScreenShot_2026-03-23_150701_482.png",96,96,false],"medium":["https:\/\/packcolorful.com\/wp-content\/uploads\/2026\/03\/ScreenShot_2026-03-23_150701_482.png",773,771,false],"medium_large":["https:\/\/packcolorful.com\/wp-content\/uploads\/2026\/03\/ScreenShot_2026-03-23_150701_482-768x766.png",768,766,true],"large":["https:\/\/packcolorful.com\/wp-content\/uploads\/2026\/03\/ScreenShot_2026-03-23_150701_482.png",773,771,false],"1536x1536":["https:\/\/packcolorful.com\/wp-content\/uploads\/2026\/03\/ScreenShot_2026-03-23_150701_482.png",773,771,false],"2048x2048":["https:\/\/packcolorful.com\/wp-content\/uploads\/2026\/03\/ScreenShot_2026-03-23_150701_482.png",773,771,false],"trp-custom-language-flag":["https:\/\/packcolorful.com\/wp-content\/uploads\/2026\/03\/ScreenShot_2026-03-23_150701_482-12x12.png",12,12,true],"blog-large":["https:\/\/packcolorful.com\/wp-content\/uploads\/2026\/03\/ScreenShot_2026-03-23_150701_482-669x272.png",669,272,true],"blog-medium":["https:\/\/packcolorful.com\/wp-content\/uploads\/2026\/03\/ScreenShot_2026-03-23_150701_482-320x202.png",320,202,true],"recent-posts":["https:\/\/packcolorful.com\/wp-content\/uploads\/2026\/03\/ScreenShot_2026-03-23_150701_482-700x441.png",700,441,true],"recent-works-thumbnail":["https:\/\/packcolorful.com\/wp-content\/uploads\/2026\/03\/ScreenShot_2026-03-23_150701_482-66x66.png",66,66,true],"fusion-200":["https:\/\/packcolorful.com\/wp-content\/uploads\/2026\/03\/ScreenShot_2026-03-23_150701_482-200x199.png",200,199,true],"fusion-400":["https:\/\/packcolorful.com\/wp-content\/uploads\/2026\/03\/ScreenShot_2026-03-23_150701_482-400x399.png",400,399,true],"fusion-600":["https:\/\/packcolorful.com\/wp-content\/uploads\/2026\/03\/ScreenShot_2026-03-23_150701_482-600x598.png",600,598,true],"fusion-800":["https:\/\/packcolorful.com\/wp-content\/uploads\/2026\/03\/ScreenShot_2026-03-23_150701_482.png",773,771,false],"fusion-1200":["https:\/\/packcolorful.com\/wp-content\/uploads\/2026\/03\/ScreenShot_2026-03-23_150701_482.png",773,771,false],"portfolio-full":["https:\/\/packcolorful.com\/wp-content\/uploads\/2026\/03\/ScreenShot_2026-03-23_150701_482-773x400.png",773,400,true],"portfolio-one":["https:\/\/packcolorful.com\/wp-content\/uploads\/2026\/03\/ScreenShot_2026-03-23_150701_482-540x272.png",540,272,true],"portfolio-two":["https:\/\/packcolorful.com\/wp-content\/uploads\/2026\/03\/ScreenShot_2026-03-23_150701_482-460x295.png",460,295,true],"portfolio-three":["https:\/\/packcolorful.com\/wp-content\/uploads\/2026\/03\/ScreenShot_2026-03-23_150701_482-300x214.png",300,214,true],"portfolio-five":["https:\/\/packcolorful.com\/wp-content\/uploads\/2026\/03\/ScreenShot_2026-03-23_150701_482-177x142.png",177,142,true],"woocommerce_thumbnail":["https:\/\/packcolorful.com\/wp-content\/uploads\/2026\/03\/ScreenShot_2026-03-23_150701_482-500x499.png",500,499,true],"woocommerce_single":["https:\/\/packcolorful.com\/wp-content\/uploads\/2026\/03\/ScreenShot_2026-03-23_150701_482-700x698.png",700,698,true],"woocommerce_gallery_thumbnail":["https:\/\/packcolorful.com\/wp-content\/uploads\/2026\/03\/ScreenShot_2026-03-23_150701_482-200x200.png",200,200,true]},"uagb_author_info":{"display_name":"admin","author_link":"https:\/\/packcolorful.com\/fr\/author\/"},"uagb_comment_info":0,"uagb_excerpt":"custom cosmetic card paper box\u2014the perfect blend of sleek functionality and premium branding for skincare, makeup, and beauty products.","_links":{"self":[{"href":"https:\/\/packcolorful.com\/fr\/wp-json\/wp\/v2\/product\/5379","targetHints":{"allow":["GET"]}}],"collection":[{"href":"https:\/\/packcolorful.com\/fr\/wp-json\/wp\/v2\/product"}],"about":[{"href":"https:\/\/packcolorful.com\/fr\/wp-json\/wp\/v2\/types\/product"}],"replies":[{"embeddable":true,"href":"https:\/\/packcolorful.com\/fr\/wp-json\/wp\/v2\/comments?post=5379"}],"wp:featuredmedia":[{"embeddable":true,"href":"https:\/\/packcolorful.com\/fr\/wp-json\/wp\/v2\/media\/5381"}],"wp:attachment":[{"href":"https:\/\/packcolorful.com\/fr\/wp-json\/wp\/v2\/media?parent=5379"}],"wp:term":[{"taxonomy":"product_brand","embeddable":true,"href":"https:\/\/packcolorful.com\/fr\/wp-json\/wp\/v2\/product_brand?post=5379"},{"taxonomy":"product_cat","embeddable":true,"href":"https:\/\/packcolorful.com\/fr\/wp-json\/wp\/v2\/product_cat?post=5379"},{"taxonomy":"product_tag","embeddable":true,"href":"https:\/\/packcolorful.com\/fr\/wp-json\/wp\/v2\/product_tag?post=5379"}],"curies":[{"name":"wp","href":"https:\/\/api.w.org\/{rel}","templated":true}]}}