{"id":5452,"date":"2026-03-25T09:49:12","date_gmt":"2026-03-25T09:49:12","guid":{"rendered":"https:\/\/packcolorful.com\/?post_type=product&#038;p=5452"},"modified":"2026-03-25T09:54:51","modified_gmt":"2026-03-25T09:54:51","slug":"boite-magnetique-pliante","status":"publish","type":"product","link":"https:\/\/packcolorful.com\/fr\/produit\/boite-magnetique-pliante\/","title":{"rendered":"Bo\u00eete magn\u00e9tique pliante"},"content":{"rendered":"<h3>Bo\u00eete magn\u00e9tique pliante de qualit\u00e9 sup\u00e9rieure - Emballage de luxe pliable pour les cadeaux et le marquage<\/h3>\n<div><\/div>\n<div>Am\u00e9liorez la pr\u00e9sentation de vos produits avec notre <strong>bo\u00eetes magn\u00e9tiques pliantes personnalis\u00e9es<\/strong>-La combinaison parfaite d'un design \u00e9l\u00e9gant, d'une fonctionnalit\u00e9 peu encombrante et d'une protection de premi\u00e8re qualit\u00e9 pour les cadeaux, les produits de luxe et les marchandises de marque.<\/div>\n<div><\/div>\n<div>Fabriqu\u00e9es \u00e0 partir d'un carton rigide de haute qualit\u00e9 avec une finition mate et lisse, ces bo\u00eetes pliantes pr\u00e9sentent une structure pliable innovante qui s'assemble en quelques secondes, tandis que les fermetures magn\u00e9tiques solides offrent un clic s\u00fbr et satisfaisant pour une exp\u00e9rience de d\u00e9ballage de premi\u00e8re qualit\u00e9. L'option de texture \"ciel \u00e9toil\u00e9\" (sur certaines couleurs) ajoute une touche subtile et sophistiqu\u00e9e, et la palette de couleurs polyvalente (marine, rouge, rose nude, vert for\u00eat, etc.) peut \u00eatre enti\u00e8rement personnalis\u00e9e pour correspondre \u00e0 l'identit\u00e9 de votre marque avec un marquage \u00e0 chaud, un gaufrage ou un d\u00e9bossage. Lorsqu'elle n'est pas utilis\u00e9e, la bo\u00eete se plie \u00e0 plat pour un stockage et une exp\u00e9dition efficaces, r\u00e9duisant ainsi les co\u00fbts logistiques sans compromettre la durabilit\u00e9.<\/div>\n<div><\/div>\n<div>Id\u00e9ales pour les cadeaux de luxe, les v\u00eatements, les soins de la peau et les petits appareils \u00e9lectroniques, nos bo\u00eetes magn\u00e9tiques pliantes offrent.. :<\/div>\n<div><\/div>\n<ul>\n<li><strong>Conception pliante et peu encombrante<\/strong>: Se plie \u00e0 plat pour faciliter le stockage et l'exp\u00e9dition, minimisant ainsi les co\u00fbts de stockage et l'impact sur l'environnement tout en conservant une structure rigide une fois assembl\u00e9.<\/li>\n<li><strong>Fermeture magn\u00e9tique s\u00e9curis\u00e9e<\/strong>: Des scell\u00e9s magn\u00e9tiques puissants et silencieux prot\u00e8gent le contenu et cr\u00e9ent un moment de d\u00e9ballage transparent et haut de gamme pour les clients.<\/li>\n<li><strong>Personnalisation de luxe<\/strong>: Correspondance des couleurs Pantone, impression \u00e0 chaud, gaufrage et options de texture (comme la finition ciel \u00e9toil\u00e9) pour mettre en valeur votre logo et l'histoire de votre marque.<\/li>\n<li><strong>Protection durable<\/strong>: Le carton rigide robuste prot\u00e8ge les produits des rayures, des chocs et de la poussi\u00e8re. Il est id\u00e9al pour l'exp\u00e9dition et la pr\u00e9sentation au d\u00e9tail.<\/li>\n<li><strong>Artisanat respectueux de l'environnement<\/strong>: 100% des mat\u00e9riaux en carton recyclable, en accord avec les valeurs de la marque durable et les pr\u00e9f\u00e9rences des consommateurs.<\/li>\n<\/ul>\n<div><\/div>\n<div>Qu'il s'agisse d'emballer des v\u00eatements de luxe, des coffrets cadeaux ou des produits de soin haut de gamme, nos bo\u00eetes magn\u00e9tiques pliantes allient praticit\u00e9 fonctionnelle, \u00e9l\u00e9gance intemporelle et optimisation du r\u00e9f\u00e9rencement pour am\u00e9liorer votre visibilit\u00e9 sur Google et vous d\u00e9marquer sur le march\u00e9 concurrentiel de l'e-commerce.<\/div>\n<table style=\"border-collapse: collapse; width: 100%;\">\n<tbody>\n<tr>\n<td style=\"width: 50%;\"><img decoding=\"async\" class=\"lazyload alignnone wp-image-5354 size-fusion-600\" src=\"https:\/\/packcolorful.com\/wp-content\/uploads\/2026\/03\/ScreenShot_2026-03-21_114144_772-600x598.png\" data-orig-src=\"https:\/\/packcolorful.com\/wp-content\/uploads\/2026\/03\/ScreenShot_2026-03-21_114144_772-600x598.png\" alt=\"\" width=\"600\" height=\"598\" srcset=\"data:image\/svg+xml,%3Csvg%20xmlns%3D%27http%3A%2F%2Fwww.w3.org%2F2000%2Fsvg%27%20width%3D%27600%27%20height%3D%27598%27%20viewBox%3D%270%200%20600%20598%27%3E%3Crect%20width%3D%27600%27%20height%3D%27598%27%20fill-opacity%3D%220%22%2F%3E%3C%2Fsvg%3E\" data-srcset=\"https:\/\/packcolorful.com\/wp-content\/uploads\/2026\/03\/ScreenShot_2026-03-21_114144_772-12x12.png 12w, https:\/\/packcolorful.com\/wp-content\/uploads\/2026\/03\/ScreenShot_2026-03-21_114144_772-66x66.png 66w, https:\/\/packcolorful.com\/wp-content\/uploads\/2026\/03\/ScreenShot_2026-03-21_114144_772-200x200.png 200w, https:\/\/packcolorful.com\/wp-content\/uploads\/2026\/03\/ScreenShot_2026-03-21_114144_772-400x399.png 400w, https:\/\/packcolorful.com\/wp-content\/uploads\/2026\/03\/ScreenShot_2026-03-21_114144_772-500x499.png 500w, https:\/\/packcolorful.com\/wp-content\/uploads\/2026\/03\/ScreenShot_2026-03-21_114144_772-600x598.png 600w, https:\/\/packcolorful.com\/wp-content\/uploads\/2026\/03\/ScreenShot_2026-03-21_114144_772-700x698.png 700w, https:\/\/packcolorful.com\/wp-content\/uploads\/2026\/03\/ScreenShot_2026-03-21_114144_772.png 752w\" data-sizes=\"auto\" data-orig-sizes=\"(max-width: 600px) 100vw, 600px\" \/><\/td>\n<td style=\"width: 50%;\"><img decoding=\"async\" class=\"lazyload alignnone wp-image-5451 size-fusion-600\" src=\"https:\/\/packcolorful.com\/wp-content\/uploads\/2026\/03\/ScreenShot_2026-03-25_173023_331-600x600.png\" data-orig-src=\"https:\/\/packcolorful.com\/wp-content\/uploads\/2026\/03\/ScreenShot_2026-03-25_173023_331-600x600.png\" alt=\"Un savoir-faire particulier\" width=\"600\" height=\"600\" srcset=\"data:image\/svg+xml,%3Csvg%20xmlns%3D%27http%3A%2F%2Fwww.w3.org%2F2000%2Fsvg%27%20width%3D%27600%27%20height%3D%27600%27%20viewBox%3D%270%200%20600%20600%27%3E%3Crect%20width%3D%27600%27%20height%3D%27600%27%20fill-opacity%3D%220%22%2F%3E%3C%2Fsvg%3E\" data-srcset=\"https:\/\/packcolorful.com\/wp-content\/uploads\/2026\/03\/ScreenShot_2026-03-25_173023_331-12x12.png 12w, https:\/\/packcolorful.com\/wp-content\/uploads\/2026\/03\/ScreenShot_2026-03-25_173023_331-66x66.png 66w, https:\/\/packcolorful.com\/wp-content\/uploads\/2026\/03\/ScreenShot_2026-03-25_173023_331-200x200.png 200w, https:\/\/packcolorful.com\/wp-content\/uploads\/2026\/03\/ScreenShot_2026-03-25_173023_331-400x400.png 400w, https:\/\/packcolorful.com\/wp-content\/uploads\/2026\/03\/ScreenShot_2026-03-25_173023_331-500x500.png 500w, https:\/\/packcolorful.com\/wp-content\/uploads\/2026\/03\/ScreenShot_2026-03-25_173023_331-600x600.png 600w, https:\/\/packcolorful.com\/wp-content\/uploads\/2026\/03\/ScreenShot_2026-03-25_173023_331-700x700.png 700w, https:\/\/packcolorful.com\/wp-content\/uploads\/2026\/03\/ScreenShot_2026-03-25_173023_331-768x768.png 768w, https:\/\/packcolorful.com\/wp-content\/uploads\/2026\/03\/ScreenShot_2026-03-25_173023_331-800x800.png 800w, https:\/\/packcolorful.com\/wp-content\/uploads\/2026\/03\/ScreenShot_2026-03-25_173023_331.png 814w\" data-sizes=\"auto\" data-orig-sizes=\"(max-width: 600px) 100vw, 600px\" \/><\/td>\n<\/tr>\n<tr>\n<td style=\"width: 50%;\"><\/td>\n<td style=\"width: 50%;\"><\/td>\n<\/tr>\n<\/tbody>\n<\/table>\n<div><\/div>\n<div><\/div>\n<div class=\"J_module\">\n<div class=\"ife-detail-decorate-table\">\n<table class=\"all magic-7\" style=\"border-style: solid; border-color: #b5b5b5;\" border=\"1px\">\n<tbody>\n<tr>\n<td colspan=\"1\" rowspan=\"1\">\n<div class=\"magic-8\">Nom du produit<\/div>\n<\/td>\n<td colspan=\"1\" rowspan=\"1\">\n<div class=\"magic-9\">Bo\u00eete magn\u00e9tique pliante<\/div>\n<\/td>\n<\/tr>\n<tr>\n<td colspan=\"1\" rowspan=\"1\">\n<div class=\"magic-8\" data-spm-anchor-id=\"a2700.details-description.0.i2.65833qr73qr7ss\">Mat\u00e9riel de papier commun<\/div>\n<\/td>\n<td colspan=\"1\" rowspan=\"1\">\n<div class=\"magic-9\">Papier cartonn\u00e9, papier d'art, papier couch\u00e9, papier kraft, carton ondul\u00e9<\/div>\n<\/td>\n<\/tr>\n<tr>\n<td colspan=\"1\" rowspan=\"1\">\n<div class=\"magic-8\">Impression<\/div>\n<\/td>\n<td colspan=\"1\" rowspan=\"1\">\n<div class=\"magic-9\">Impression offset CMYK ou Pantone, s\u00e9rigraphie ou impression offset UV<\/div>\n<\/td>\n<\/tr>\n<tr>\n<td colspan=\"1\" rowspan=\"1\">\n<div class=\"magic-8\">Taille<\/div>\n<\/td>\n<td colspan=\"1\" rowspan=\"1\">\n<div class=\"magic-9\">Taille personnalis\u00e9e selon les besoins du client<\/div>\n<\/td>\n<\/tr>\n<tr>\n<td colspan=\"1\" rowspan=\"1\">\n<div class=\"magic-8\">Manipulation de l'impression<\/div>\n<\/td>\n<td colspan=\"1\" rowspan=\"1\">\n<div class=\"magic-9\">D\u00e9bossage ou gaufrage, dorure ou dorure \u00e0 la feuille, Spot UV, film laser, pelliculage brillant ou pelliculage mat<\/div>\n<\/td>\n<\/tr>\n<tr>\n<td colspan=\"1\" rowspan=\"1\">\n<div class=\"magic-8\">Accessoires<\/div>\n<\/td>\n<td colspan=\"1\" rowspan=\"1\">\n<div class=\"magic-9\">Ruban, Kraft Insert en carton ondul\u00e9, Carton intercalaire en carton ondul\u00e9<br \/>\n, Insert de s\u00e9paration en carton, insert de s\u00e9paration rigide, insert de carton blanc, insert de blister PET, insert EVA, mousse EPE<\/div>\n<\/td>\n<\/tr>\n<tr>\n<td colspan=\"1\" rowspan=\"1\">\n<div class=\"magic-8\">Format de l'\u0153uvre d'art<\/div>\n<\/td>\n<td colspan=\"1\" rowspan=\"1\">\n<div class=\"magic-9\">Format AI, PDF, CDR, InDesign pour une conception personnalis\u00e9e<\/div>\n<\/td>\n<\/tr>\n<tr>\n<td colspan=\"1\" rowspan=\"1\">\n<div class=\"magic-8\">MOQ<\/div>\n<\/td>\n<td colspan=\"1\" rowspan=\"1\">\n<div class=\"magic-9\">300PCS<\/div>\n<\/td>\n<\/tr>\n<tr>\n<td colspan=\"1\" rowspan=\"1\">\n<div class=\"magic-8\">Temps d'\u00e9chantillonnage<\/div>\n<\/td>\n<td colspan=\"1\" rowspan=\"1\">\n<div class=\"magic-9\">1-5 jours ouvrables<\/div>\n<\/td>\n<\/tr>\n<tr>\n<td colspan=\"1\" rowspan=\"1\">\n<div class=\"magic-8\">Temps de production<\/div>\n<\/td>\n<td colspan=\"1\" rowspan=\"1\">\n<div class=\"magic-9\">8-25 jours ouvrables<\/div>\n<\/td>\n<\/tr>\n<tr>\n<td colspan=\"1\" rowspan=\"1\">\n<div class=\"magic-8\">Mode d'exp\u00e9dition<\/div>\n<\/td>\n<td colspan=\"1\" rowspan=\"1\">\n<div class=\"magic-9\">Par voie maritime, a\u00e9rienne et express<\/div>\n<\/td>\n<\/tr>\n<tr>\n<td colspan=\"1\" rowspan=\"1\">\n<div class=\"magic-8\">Emballage<\/div>\n<\/td>\n<td colspan=\"1\" rowspan=\"1\">\n<div class=\"magic-9\" data-spm-anchor-id=\"a2700.details-description.0.i1.65833qr73qr7ss\">Sac en plastique, carton, palette<\/div>\n<\/td>\n<\/tr>\n<\/tbody>\n<\/table>\n<\/div>\n<\/div>\n<p data-start=\"1399\" data-end=\"1416\"><strong data-start=\"1399\" data-end=\"1416\">Caract\u00e9ristiques principales :<\/strong><\/p>\n<ul data-start=\"1417\" data-end=\"1703\">\n<li data-start=\"1417\" data-end=\"1484\">\n<p data-start=\"1419\" data-end=\"1484\">Mat\u00e9riaux \u00e9cologiques et recyclables (certifi\u00e9s FSC sur demande)<\/p>\n<\/li>\n<li data-start=\"1485\" data-end=\"1535\">\n<p data-start=\"1487\" data-end=\"1535\">Options d'impression et de finition personnalis\u00e9es en quadrichromie<\/p>\n<\/li>\n<li data-start=\"1536\" data-end=\"1577\">\n<p data-start=\"1538\" data-end=\"1577\">Large gamme de styles de bo\u00eetes et de fermetures<\/p>\n<\/li>\n<li data-start=\"1578\" data-end=\"1645\">\n<p data-start=\"1580\" data-end=\"1645\">Id\u00e9al pour les emballages de vente au d\u00e9tail, les cadeaux, la pr\u00e9sentation de produits et le commerce \u00e9lectronique.<\/p>\n<\/li>\n<li data-start=\"1646\" data-end=\"1703\">\n<p data-start=\"1648\" data-end=\"1703\">Prix direct de l'usine avec une faible quantit\u00e9 de pi\u00e8ces et un d\u00e9lai de livraison rapide<\/p>\n<\/li>\n<\/ul>\n<p>&nbsp;<\/p>\n<p>&nbsp;<\/p>","protected":false},"excerpt":{"rendered":"<p>Bo\u00eete magn\u00e9tique pliante personnalis\u00e9e fabriqu\u00e9e \u00e0 partir de mat\u00e9riaux \u00e9cologiques - l\u00e9g\u00e8re, imprimable et enti\u00e8rement personnalisable pour l'emballage de produits alimentaires, de cosm\u00e9tiques, de v\u00eatements, de cadeaux, etc.<\/p>","protected":false},"featured_media":5453,"comment_status":"open","ping_status":"closed","template":"","meta":{"_acf_changed":false,"content-type":"","_uag_custom_page_level_css":""},"product_brand":[232],"product_cat":[196],"product_tag":[],"class_list":{"0":"post-5452","1":"product","2":"type-product","3":"status-publish","4":"has-post-thumbnail","6":"product_brand-senwi","7":"product_cat-rigid-gift-box","9":"first","10":"instock","11":"shipping-taxable","12":"product-type-simple"},"acf":[],"uagb_featured_image_src":{"full":["https:\/\/packcolorful.com\/wp-content\/uploads\/2026\/03\/ScreenShot_2026-03-25_174220_313.png",683,683,false],"thumbnail":["https:\/\/packcolorful.com\/wp-content\/uploads\/2026\/03\/ScreenShot_2026-03-25_174220_313.png",96,96,false],"medium":["https:\/\/packcolorful.com\/wp-content\/uploads\/2026\/03\/ScreenShot_2026-03-25_174220_313.png",683,683,false],"medium_large":["https:\/\/packcolorful.com\/wp-content\/uploads\/2026\/03\/ScreenShot_2026-03-25_174220_313.png",683,683,false],"large":["https:\/\/packcolorful.com\/wp-content\/uploads\/2026\/03\/ScreenShot_2026-03-25_174220_313.png",683,683,false],"1536x1536":["https:\/\/packcolorful.com\/wp-content\/uploads\/2026\/03\/ScreenShot_2026-03-25_174220_313.png",683,683,false],"2048x2048":["https:\/\/packcolorful.com\/wp-content\/uploads\/2026\/03\/ScreenShot_2026-03-25_174220_313.png",683,683,false],"trp-custom-language-flag":["https:\/\/packcolorful.com\/wp-content\/uploads\/2026\/03\/ScreenShot_2026-03-25_174220_313-12x12.png",12,12,true],"blog-large":["https:\/\/packcolorful.com\/wp-content\/uploads\/2026\/03\/ScreenShot_2026-03-25_174220_313-669x272.png",669,272,true],"blog-medium":["https:\/\/packcolorful.com\/wp-content\/uploads\/2026\/03\/ScreenShot_2026-03-25_174220_313-320x202.png",320,202,true],"recent-posts":["https:\/\/packcolorful.com\/wp-content\/uploads\/2026\/03\/ScreenShot_2026-03-25_174220_313-683x441.png",683,441,true],"recent-works-thumbnail":["https:\/\/packcolorful.com\/wp-content\/uploads\/2026\/03\/ScreenShot_2026-03-25_174220_313-66x66.png",66,66,true],"fusion-200":["https:\/\/packcolorful.com\/wp-content\/uploads\/2026\/03\/ScreenShot_2026-03-25_174220_313-200x200.png",200,200,true],"fusion-400":["https:\/\/packcolorful.com\/wp-content\/uploads\/2026\/03\/ScreenShot_2026-03-25_174220_313-400x400.png",400,400,true],"fusion-600":["https:\/\/packcolorful.com\/wp-content\/uploads\/2026\/03\/ScreenShot_2026-03-25_174220_313-600x600.png",600,600,true],"fusion-800":["https:\/\/packcolorful.com\/wp-content\/uploads\/2026\/03\/ScreenShot_2026-03-25_174220_313.png",683,683,false],"fusion-1200":["https:\/\/packcolorful.com\/wp-content\/uploads\/2026\/03\/ScreenShot_2026-03-25_174220_313.png",683,683,false],"portfolio-full":["https:\/\/packcolorful.com\/wp-content\/uploads\/2026\/03\/ScreenShot_2026-03-25_174220_313-683x400.png",683,400,true],"portfolio-one":["https:\/\/packcolorful.com\/wp-content\/uploads\/2026\/03\/ScreenShot_2026-03-25_174220_313-540x272.png",540,272,true],"portfolio-two":["https:\/\/packcolorful.com\/wp-content\/uploads\/2026\/03\/ScreenShot_2026-03-25_174220_313-460x295.png",460,295,true],"portfolio-three":["https:\/\/packcolorful.com\/wp-content\/uploads\/2026\/03\/ScreenShot_2026-03-25_174220_313-300x214.png",300,214,true],"portfolio-five":["https:\/\/packcolorful.com\/wp-content\/uploads\/2026\/03\/ScreenShot_2026-03-25_174220_313-177x142.png",177,142,true],"woocommerce_thumbnail":["https:\/\/packcolorful.com\/wp-content\/uploads\/2026\/03\/ScreenShot_2026-03-25_174220_313-500x500.png",500,500,true],"woocommerce_single":["https:\/\/packcolorful.com\/wp-content\/uploads\/2026\/03\/ScreenShot_2026-03-25_174220_313.png",683,683,false],"woocommerce_gallery_thumbnail":["https:\/\/packcolorful.com\/wp-content\/uploads\/2026\/03\/ScreenShot_2026-03-25_174220_313-200x200.png",200,200,true]},"uagb_author_info":{"display_name":"admin","author_link":"https:\/\/packcolorful.com\/fr\/author\/"},"uagb_comment_info":0,"uagb_excerpt":"Custom Folding Magnetic Box made from eco-friendly materials\u2014lightweight, printable, and fully customizable for packaging across food, cosmetics, apparel, gifts, and more.","_links":{"self":[{"href":"https:\/\/packcolorful.com\/fr\/wp-json\/wp\/v2\/product\/5452","targetHints":{"allow":["GET"]}}],"collection":[{"href":"https:\/\/packcolorful.com\/fr\/wp-json\/wp\/v2\/product"}],"about":[{"href":"https:\/\/packcolorful.com\/fr\/wp-json\/wp\/v2\/types\/product"}],"replies":[{"embeddable":true,"href":"https:\/\/packcolorful.com\/fr\/wp-json\/wp\/v2\/comments?post=5452"}],"wp:featuredmedia":[{"embeddable":true,"href":"https:\/\/packcolorful.com\/fr\/wp-json\/wp\/v2\/media\/5453"}],"wp:attachment":[{"href":"https:\/\/packcolorful.com\/fr\/wp-json\/wp\/v2\/media?parent=5452"}],"wp:term":[{"taxonomy":"product_brand","embeddable":true,"href":"https:\/\/packcolorful.com\/fr\/wp-json\/wp\/v2\/product_brand?post=5452"},{"taxonomy":"product_cat","embeddable":true,"href":"https:\/\/packcolorful.com\/fr\/wp-json\/wp\/v2\/product_cat?post=5452"},{"taxonomy":"product_tag","embeddable":true,"href":"https:\/\/packcolorful.com\/fr\/wp-json\/wp\/v2\/product_tag?post=5452"}],"curies":[{"name":"wp","href":"https:\/\/api.w.org\/{rel}","templated":true}]}}