{"id":5484,"date":"2026-03-26T09:59:09","date_gmt":"2026-03-26T09:59:09","guid":{"rendered":"https:\/\/packcolorful.com\/?post_type=product&#038;p=5484"},"modified":"2026-03-26T10:05:49","modified_gmt":"2026-03-26T10:05:49","slug":"coffret-cadeau-de-noel","status":"publish","type":"product","link":"https:\/\/packcolorful.com\/fr\/produit\/coffret-cadeau-de-noel\/","title":{"rendered":"Coffret cadeau de No\u00ebl"},"content":{"rendered":"<h3>Bo\u00eete cadeau de No\u00ebl personnalis\u00e9e de qualit\u00e9 sup\u00e9rieure - Emballage en carton ondul\u00e9 respectueux de l'environnement pour les cadeaux de No\u00ebl<\/h3>\n<div><\/div>\n<div>Am\u00e9liorez vos cadeaux de fin d'ann\u00e9e avec notre <strong>bo\u00eetes cadeaux de No\u00ebl personnalis\u00e9es<\/strong>-une solution charmante et durable con\u00e7ue pour mettre en valeur les produits biologiques, les cadeaux et les friandises de saison avec une \u00e9l\u00e9gance festive.<\/div>\n<div><\/div>\n<div>Fabriqu\u00e9es en carton ondul\u00e9 robuste et recyclable avec une riche finition vert fonc\u00e9 mat, ces bo\u00eetes pr\u00e9sentent un motif fantaisiste d'arbre de No\u00ebl (orn\u00e9 d'une \u00e9toile dor\u00e9e et d'accents \u00e9toil\u00e9s) et un marquage personnalisable (tel que <code>aruna bio<\/code> logo et texte). La structure de l'enveloppe facile \u00e0 plier garantit un assemblage rapide et une fermeture s\u00fbre, prot\u00e9geant les cadeaux d\u00e9licats de l'humidit\u00e9 et des dommages pendant l'exp\u00e9dition, tandis que le design festif \u00e9voque instantan\u00e9ment la chaleur et la joie des f\u00eates de fin d'ann\u00e9e.<\/div>\n<div><\/div>\n<div>Id\u00e9ales pour les marques biologiques, les coffrets de No\u00ebl et les commandes saisonni\u00e8res de commerce \u00e9lectronique, nos bo\u00eetes-cadeaux de No\u00ebl offrent.. :<\/div>\n<div><\/div>\n<ul>\n<li><strong>Design festif personnalis\u00e9<\/strong>: De d\u00e9licats motifs de sapin de No\u00ebl et d'\u00e9toiles, associ\u00e9s au logo et au texte de votre marque, pour cr\u00e9er une esth\u00e9tique de vacances coh\u00e9rente qui se distingue sous le sapin et dans les moments de d\u00e9ballage.<\/li>\n<li><strong>Artisanat respectueux de l'environnement<\/strong>: 100% en carton ondul\u00e9 recyclable et compostable, en accord avec les valeurs du d\u00e9veloppement durable et pour attirer les consommateurs soucieux de l'environnement.<\/li>\n<li><strong>Une protection solide<\/strong>: La structure ondul\u00e9e rigide prot\u00e8ge les cadeaux, les soins de la peau ou les gourmandises des chocs et des rayures, garantissant que les produits arrivent en parfait \u00e9tat.<\/li>\n<li><strong>Une logistique efficace<\/strong>: La conception pliable \u00e0 plat r\u00e9duit les co\u00fbts de stockage et d'exp\u00e9dition, tandis que le profil empilable simplifie la gestion des stocks pour les p\u00e9riodes de pointe des f\u00eates de fin d'ann\u00e9e.<\/li>\n<li><strong>Taille polyvalente<\/strong>: Des dimensions personnalis\u00e9es pour les petits cadeaux, les ensembles d'\u00e9chantillons ou les produits de taille normale, avec des options de conception solide ou vitr\u00e9e pour mettre en valeur vos offres.<\/li>\n<\/ul>\n<div><\/div>\n<div>Qu'il s'agisse de coffrets cadeaux bio pour les f\u00eates de fin d'ann\u00e9e, de packs de soins saisonniers ou de coffrets gourmands, nos coffrets cadeaux de No\u00ebl personnalis\u00e9s allient charme festif et conception durable, et ravissent les clients pendant les f\u00eates de fin d'ann\u00e9e.<\/div>\n<table style=\"border-collapse: collapse; width: 100%;\">\n<tbody>\n<tr>\n<td style=\"width: 50%;\"><\/td>\n<td style=\"width: 50%;\"><\/td>\n<\/tr>\n<tr>\n<td style=\"width: 50%;\"><img decoding=\"async\" class=\"lazyload alignnone wp-image-5349 size-fusion-600\" src=\"https:\/\/packcolorful.com\/wp-content\/uploads\/2026\/03\/ScreenShot_2026-03-21_104855_059-600x600.png\" data-orig-src=\"https:\/\/packcolorful.com\/wp-content\/uploads\/2026\/03\/ScreenShot_2026-03-21_104855_059-600x600.png\" alt=\"Type de papier ondul\u00e9\" width=\"600\" height=\"600\" srcset=\"data:image\/svg+xml,%3Csvg%20xmlns%3D%27http%3A%2F%2Fwww.w3.org%2F2000%2Fsvg%27%20width%3D%27600%27%20height%3D%27600%27%20viewBox%3D%270%200%20600%20600%27%3E%3Crect%20width%3D%27600%27%20height%3D%27600%27%20fill-opacity%3D%220%22%2F%3E%3C%2Fsvg%3E\" data-srcset=\"https:\/\/packcolorful.com\/wp-content\/uploads\/2026\/03\/ScreenShot_2026-03-21_104855_059-12x12.png 12w, https:\/\/packcolorful.com\/wp-content\/uploads\/2026\/03\/ScreenShot_2026-03-21_104855_059-66x66.png 66w, https:\/\/packcolorful.com\/wp-content\/uploads\/2026\/03\/ScreenShot_2026-03-21_104855_059-200x200.png 200w, https:\/\/packcolorful.com\/wp-content\/uploads\/2026\/03\/ScreenShot_2026-03-21_104855_059-400x400.png 400w, https:\/\/packcolorful.com\/wp-content\/uploads\/2026\/03\/ScreenShot_2026-03-21_104855_059-500x500.png 500w, https:\/\/packcolorful.com\/wp-content\/uploads\/2026\/03\/ScreenShot_2026-03-21_104855_059-600x600.png 600w, https:\/\/packcolorful.com\/wp-content\/uploads\/2026\/03\/ScreenShot_2026-03-21_104855_059.png 640w\" data-sizes=\"auto\" data-orig-sizes=\"(max-width: 600px) 100vw, 600px\" \/><\/td>\n<td style=\"width: 50%;\"><img decoding=\"async\" class=\"lazyload alignnone wp-image-5354 size-fusion-600\" src=\"https:\/\/packcolorful.com\/wp-content\/uploads\/2026\/03\/ScreenShot_2026-03-21_114144_772-600x598.png\" data-orig-src=\"https:\/\/packcolorful.com\/wp-content\/uploads\/2026\/03\/ScreenShot_2026-03-21_114144_772-600x598.png\" alt=\"\" width=\"600\" height=\"598\" srcset=\"data:image\/svg+xml,%3Csvg%20xmlns%3D%27http%3A%2F%2Fwww.w3.org%2F2000%2Fsvg%27%20width%3D%27600%27%20height%3D%27598%27%20viewBox%3D%270%200%20600%20598%27%3E%3Crect%20width%3D%27600%27%20height%3D%27598%27%20fill-opacity%3D%220%22%2F%3E%3C%2Fsvg%3E\" data-srcset=\"https:\/\/packcolorful.com\/wp-content\/uploads\/2026\/03\/ScreenShot_2026-03-21_114144_772-12x12.png 12w, https:\/\/packcolorful.com\/wp-content\/uploads\/2026\/03\/ScreenShot_2026-03-21_114144_772-66x66.png 66w, https:\/\/packcolorful.com\/wp-content\/uploads\/2026\/03\/ScreenShot_2026-03-21_114144_772-200x200.png 200w, https:\/\/packcolorful.com\/wp-content\/uploads\/2026\/03\/ScreenShot_2026-03-21_114144_772-400x399.png 400w, https:\/\/packcolorful.com\/wp-content\/uploads\/2026\/03\/ScreenShot_2026-03-21_114144_772-500x499.png 500w, https:\/\/packcolorful.com\/wp-content\/uploads\/2026\/03\/ScreenShot_2026-03-21_114144_772-600x598.png 600w, https:\/\/packcolorful.com\/wp-content\/uploads\/2026\/03\/ScreenShot_2026-03-21_114144_772-700x698.png 700w, https:\/\/packcolorful.com\/wp-content\/uploads\/2026\/03\/ScreenShot_2026-03-21_114144_772.png 752w\" data-sizes=\"auto\" data-orig-sizes=\"(max-width: 600px) 100vw, 600px\" \/><\/td>\n<\/tr>\n<\/tbody>\n<\/table>\n<div><\/div>\n<div><\/div>\n<div class=\"J_module\">\n<div class=\"ife-detail-decorate-table\">\n<table class=\"all magic-7\" style=\"border-style: solid; border-color: #b5b5b5;\" border=\"1px\">\n<tbody>\n<tr>\n<td colspan=\"1\" rowspan=\"1\">\n<div class=\"magic-8\">Nom du produit<\/div>\n<\/td>\n<td colspan=\"1\" rowspan=\"1\">\n<div class=\"magic-9\">Coffret cadeau de No\u00ebl<\/div>\n<\/td>\n<\/tr>\n<tr>\n<td colspan=\"1\" rowspan=\"1\">\n<div class=\"magic-8\" data-spm-anchor-id=\"a2700.details-description.0.i2.65833qr73qr7ss\">Mat\u00e9riel de papier commun<\/div>\n<\/td>\n<td colspan=\"1\" rowspan=\"1\">\n<div class=\"magic-9\">Papier cartonn\u00e9, papier d'art, papier couch\u00e9, papier kraft, carton ondul\u00e9<\/div>\n<\/td>\n<\/tr>\n<tr>\n<td colspan=\"1\" rowspan=\"1\">\n<div class=\"magic-8\">Impression<\/div>\n<\/td>\n<td colspan=\"1\" rowspan=\"1\">\n<div class=\"magic-9\">Impression offset CMYK ou Pantone, s\u00e9rigraphie ou impression offset UV<\/div>\n<\/td>\n<\/tr>\n<tr>\n<td colspan=\"1\" rowspan=\"1\">\n<div class=\"magic-8\">Taille<\/div>\n<\/td>\n<td colspan=\"1\" rowspan=\"1\">\n<div class=\"magic-9\">Taille personnalis\u00e9e selon les besoins du client<\/div>\n<\/td>\n<\/tr>\n<tr>\n<td colspan=\"1\" rowspan=\"1\">\n<div class=\"magic-8\">Manipulation de l'impression<\/div>\n<\/td>\n<td colspan=\"1\" rowspan=\"1\">\n<div class=\"magic-9\">D\u00e9bossage ou gaufrage, dorure ou dorure \u00e0 la feuille, Spot UV, film laser, pelliculage brillant ou pelliculage mat<\/div>\n<\/td>\n<\/tr>\n<tr>\n<td colspan=\"1\" rowspan=\"1\">\n<div class=\"magic-8\">Accessoires<\/div>\n<\/td>\n<td colspan=\"1\" rowspan=\"1\">\n<div class=\"magic-9\">Ruban, Kraft Insert en carton ondul\u00e9, Carton intercalaire en carton ondul\u00e9<br \/>\n, Insert de s\u00e9paration en carton, insert de s\u00e9paration rigide, insert de carton blanc, insert de blister PET, insert EVA, mousse EPE<\/div>\n<\/td>\n<\/tr>\n<tr>\n<td colspan=\"1\" rowspan=\"1\">\n<div class=\"magic-8\">Format de l'\u0153uvre d'art<\/div>\n<\/td>\n<td colspan=\"1\" rowspan=\"1\">\n<div class=\"magic-9\">Format AI, PDF, CDR, InDesign pour une conception personnalis\u00e9e<\/div>\n<\/td>\n<\/tr>\n<tr>\n<td colspan=\"1\" rowspan=\"1\">\n<div class=\"magic-8\">MOQ<\/div>\n<\/td>\n<td colspan=\"1\" rowspan=\"1\">\n<div class=\"magic-9\">500PCS<\/div>\n<\/td>\n<\/tr>\n<tr>\n<td colspan=\"1\" rowspan=\"1\">\n<div class=\"magic-8\">Temps d'\u00e9chantillonnage<\/div>\n<\/td>\n<td colspan=\"1\" rowspan=\"1\">\n<div class=\"magic-9\">1-3 jours ouvrables<\/div>\n<\/td>\n<\/tr>\n<tr>\n<td colspan=\"1\" rowspan=\"1\">\n<div class=\"magic-8\">Temps de production<\/div>\n<\/td>\n<td colspan=\"1\" rowspan=\"1\">\n<div class=\"magic-9\">7-10 jours ouvrables<\/div>\n<\/td>\n<\/tr>\n<tr>\n<td colspan=\"1\" rowspan=\"1\">\n<div class=\"magic-8\">Mode d'exp\u00e9dition<\/div>\n<\/td>\n<td colspan=\"1\" rowspan=\"1\">\n<div class=\"magic-9\">Par voie maritime, a\u00e9rienne et express<\/div>\n<\/td>\n<\/tr>\n<tr>\n<td colspan=\"1\" rowspan=\"1\">\n<div class=\"magic-8\">Emballage<\/div>\n<\/td>\n<td colspan=\"1\" rowspan=\"1\">\n<div class=\"magic-9\" data-spm-anchor-id=\"a2700.details-description.0.i1.65833qr73qr7ss\">\u00a0Carton, palette<\/div>\n<\/td>\n<\/tr>\n<\/tbody>\n<\/table>\n<\/div>\n<\/div>\n<p data-start=\"1399\" data-end=\"1416\"><strong data-start=\"1399\" data-end=\"1416\">Caract\u00e9ristiques principales :<\/strong><\/p>\n<ul data-start=\"1417\" data-end=\"1703\">\n<li data-start=\"1417\" data-end=\"1484\">\n<p data-start=\"1419\" data-end=\"1484\">Mat\u00e9riaux \u00e9cologiques et recyclables (certifi\u00e9s FSC sur demande)<\/p>\n<\/li>\n<li data-start=\"1485\" data-end=\"1535\">\n<p data-start=\"1487\" data-end=\"1535\">Options d'impression et de finition personnalis\u00e9es en quadrichromie<\/p>\n<\/li>\n<li data-start=\"1536\" data-end=\"1577\">\n<p data-start=\"1538\" data-end=\"1577\">Large gamme de styles de bo\u00eetes et de fermetures<\/p>\n<\/li>\n<li data-start=\"1578\" data-end=\"1645\">\n<p data-start=\"1580\" data-end=\"1645\">Id\u00e9al pour les emballages de vente au d\u00e9tail, les cadeaux, la pr\u00e9sentation de produits et le commerce \u00e9lectronique.<\/p>\n<\/li>\n<li data-start=\"1646\" data-end=\"1703\">\n<p data-start=\"1648\" data-end=\"1703\">Prix direct de l'usine avec une faible quantit\u00e9 de pi\u00e8ces et un d\u00e9lai de livraison rapide<\/p>\n<\/li>\n<\/ul>\n<p>&nbsp;<\/p>\n<p>&nbsp;<\/p>","protected":false},"excerpt":{"rendered":"<p>Bo\u00eete cadeau de No\u00ebl personnalis\u00e9e<a class=\"jump-link\" aria-haspopup=\"true\" aria-expanded=\"false\" data-aplus-clk=\"x603_134de21b\" data-spm-anchor-id=\"a2793.11769229.0.0\">\u00a0<\/a>fabriqu\u00e9s \u00e0 partir de mat\u00e9riaux respectueux de l'environnement - l\u00e9gers, imprimables et enti\u00e8rement personnalisables pour l'emballage de produits alimentaires, de cosm\u00e9tiques, de v\u00eatements, de cadeaux, et bien d'autres choses encore.<\/p>","protected":false},"featured_media":5486,"comment_status":"open","ping_status":"closed","template":"","meta":{"_acf_changed":false,"content-type":"","_uag_custom_page_level_css":""},"product_brand":[],"product_cat":[225],"product_tag":[],"class_list":{"0":"post-5484","1":"product","2":"type-product","3":"status-publish","4":"has-post-thumbnail","6":"product_cat-paper-box","8":"first","9":"instock","10":"shipping-taxable","11":"product-type-simple"},"acf":[],"uagb_featured_image_src":{"full":["https:\/\/packcolorful.com\/wp-content\/uploads\/2026\/03\/ScreenShot_2026-03-26_175653_358.png",541,540,false],"thumbnail":["https:\/\/packcolorful.com\/wp-content\/uploads\/2026\/03\/ScreenShot_2026-03-26_175653_358.png",96,96,false],"medium":["https:\/\/packcolorful.com\/wp-content\/uploads\/2026\/03\/ScreenShot_2026-03-26_175653_358.png",541,540,false],"medium_large":["https:\/\/packcolorful.com\/wp-content\/uploads\/2026\/03\/ScreenShot_2026-03-26_175653_358.png",541,540,false],"large":["https:\/\/packcolorful.com\/wp-content\/uploads\/2026\/03\/ScreenShot_2026-03-26_175653_358.png",541,540,false],"1536x1536":["https:\/\/packcolorful.com\/wp-content\/uploads\/2026\/03\/ScreenShot_2026-03-26_175653_358.png",541,540,false],"2048x2048":["https:\/\/packcolorful.com\/wp-content\/uploads\/2026\/03\/ScreenShot_2026-03-26_175653_358.png",541,540,false],"trp-custom-language-flag":["https:\/\/packcolorful.com\/wp-content\/uploads\/2026\/03\/ScreenShot_2026-03-26_175653_358-12x12.png",12,12,true],"blog-large":["https:\/\/packcolorful.com\/wp-content\/uploads\/2026\/03\/ScreenShot_2026-03-26_175653_358-541x272.png",541,272,true],"blog-medium":["https:\/\/packcolorful.com\/wp-content\/uploads\/2026\/03\/ScreenShot_2026-03-26_175653_358-320x202.png",320,202,true],"recent-posts":["https:\/\/packcolorful.com\/wp-content\/uploads\/2026\/03\/ScreenShot_2026-03-26_175653_358-541x441.png",541,441,true],"recent-works-thumbnail":["https:\/\/packcolorful.com\/wp-content\/uploads\/2026\/03\/ScreenShot_2026-03-26_175653_358-66x66.png",66,66,true],"fusion-200":["https:\/\/packcolorful.com\/wp-content\/uploads\/2026\/03\/ScreenShot_2026-03-26_175653_358-200x200.png",200,200,true],"fusion-400":["https:\/\/packcolorful.com\/wp-content\/uploads\/2026\/03\/ScreenShot_2026-03-26_175653_358-400x399.png",400,399,true],"fusion-600":["https:\/\/packcolorful.com\/wp-content\/uploads\/2026\/03\/ScreenShot_2026-03-26_175653_358.png",541,540,false],"fusion-800":["https:\/\/packcolorful.com\/wp-content\/uploads\/2026\/03\/ScreenShot_2026-03-26_175653_358.png",541,540,false],"fusion-1200":["https:\/\/packcolorful.com\/wp-content\/uploads\/2026\/03\/ScreenShot_2026-03-26_175653_358.png",541,540,false],"portfolio-full":["https:\/\/packcolorful.com\/wp-content\/uploads\/2026\/03\/ScreenShot_2026-03-26_175653_358-541x400.png",541,400,true],"portfolio-one":["https:\/\/packcolorful.com\/wp-content\/uploads\/2026\/03\/ScreenShot_2026-03-26_175653_358-540x272.png",540,272,true],"portfolio-two":["https:\/\/packcolorful.com\/wp-content\/uploads\/2026\/03\/ScreenShot_2026-03-26_175653_358-460x295.png",460,295,true],"portfolio-three":["https:\/\/packcolorful.com\/wp-content\/uploads\/2026\/03\/ScreenShot_2026-03-26_175653_358-300x214.png",300,214,true],"portfolio-five":["https:\/\/packcolorful.com\/wp-content\/uploads\/2026\/03\/ScreenShot_2026-03-26_175653_358-177x142.png",177,142,true],"woocommerce_thumbnail":["https:\/\/packcolorful.com\/wp-content\/uploads\/2026\/03\/ScreenShot_2026-03-26_175653_358-500x499.png",500,499,true],"woocommerce_single":["https:\/\/packcolorful.com\/wp-content\/uploads\/2026\/03\/ScreenShot_2026-03-26_175653_358.png",541,540,false],"woocommerce_gallery_thumbnail":["https:\/\/packcolorful.com\/wp-content\/uploads\/2026\/03\/ScreenShot_2026-03-26_175653_358-200x200.png",200,200,true]},"uagb_author_info":{"display_name":"admin","author_link":"https:\/\/packcolorful.com\/fr\/author\/"},"uagb_comment_info":0,"uagb_excerpt":"Custom Christmas gift box\u00a0made from eco-friendly materials\u2014lightweight, printable, and fully customizable for packaging across food, cosmetics, apparel, gifts, and more.","_links":{"self":[{"href":"https:\/\/packcolorful.com\/fr\/wp-json\/wp\/v2\/product\/5484","targetHints":{"allow":["GET"]}}],"collection":[{"href":"https:\/\/packcolorful.com\/fr\/wp-json\/wp\/v2\/product"}],"about":[{"href":"https:\/\/packcolorful.com\/fr\/wp-json\/wp\/v2\/types\/product"}],"replies":[{"embeddable":true,"href":"https:\/\/packcolorful.com\/fr\/wp-json\/wp\/v2\/comments?post=5484"}],"wp:featuredmedia":[{"embeddable":true,"href":"https:\/\/packcolorful.com\/fr\/wp-json\/wp\/v2\/media\/5486"}],"wp:attachment":[{"href":"https:\/\/packcolorful.com\/fr\/wp-json\/wp\/v2\/media?parent=5484"}],"wp:term":[{"taxonomy":"product_brand","embeddable":true,"href":"https:\/\/packcolorful.com\/fr\/wp-json\/wp\/v2\/product_brand?post=5484"},{"taxonomy":"product_cat","embeddable":true,"href":"https:\/\/packcolorful.com\/fr\/wp-json\/wp\/v2\/product_cat?post=5484"},{"taxonomy":"product_tag","embeddable":true,"href":"https:\/\/packcolorful.com\/fr\/wp-json\/wp\/v2\/product_tag?post=5484"}],"curies":[{"name":"wp","href":"https:\/\/api.w.org\/{rel}","templated":true}]}}