{"id":5285,"date":"2025-12-13T05:22:04","date_gmt":"2025-12-13T05:22:04","guid":{"rendered":"https:\/\/packcolorful.com\/?post_type=product&#038;p=5285"},"modified":"2026-03-18T05:26:21","modified_gmt":"2026-03-18T05:26:21","slug":"scatola-kraft-nera-personalizzata","status":"publish","type":"product","link":"https:\/\/packcolorful.com\/it\/prodotto\/scatola-kraft-nera-personalizzata\/","title":{"rendered":"Scatola Kraft nera personalizzata"},"content":{"rendered":"<p data-start=\"416\" data-end=\"706\">La scatola Kraft nera personalizzata \u00e8 la soluzione perfetta per i marchi che hanno a cuore le prestazioni del packaging e la responsabilit\u00e0 ambientale. Realizzate in cartone kraft riciclabile e biodegradabile, queste scatole offrono una finitura marrone naturale che comunica autenticit\u00e0, semplicit\u00e0 e sostenibilit\u00e0.<\/p>\n<p data-start=\"708\" data-end=\"934\">Disponibili in un'ampia gamma di strutture, come quelle a soffietto, a cuscino, a cassetto e pieghevoli, le scatole kraft sono ideali per imballaggi eco-consapevoli nei settori alimentare, della cura della pelle, dei prodotti artigianali, dell'abbigliamento, del caff\u00e8, delle candele e dei regali.<\/p>\n<p data-start=\"936\" data-end=\"1287\">Offriamo una personalizzazione completa che comprende finestre fustellate, dimensioni personalizzate, stampa del logo, stampa interna, stampa su lamina e opzioni per le maniglie, migliorando sia la funzionalit\u00e0 che l'attrattiva sugli scaffali. Che abbiate bisogno di un imballaggio minimalista per i prodotti biologici o di scatole in stile rustico per la presentazione al dettaglio, le nostre scatole kraft possono essere adattate all'identit\u00e0 del vostro marchio.<\/p>\n<h3 data-start=\"898\" data-end=\"1184\">Dettagli della scatola Kraft nera personalizzata<\/h3>\n<table style=\"border-collapse: collapse; width: 100%;\">\n<tbody>\n<tr>\n<td style=\"width: 50%;\"><img decoding=\"async\" class=\"lazyload alignnone wp-image-5274 size-full\" src=\"https:\/\/packcolorful.com\/wp-content\/uploads\/2026\/03\/\u5fae\u4fe1\u56fe\u7247_20251125105135_15_5.jpg\" data-orig-src=\"https:\/\/packcolorful.com\/wp-content\/uploads\/2026\/03\/\u5fae\u4fe1\u56fe\u7247_20251125105135_15_5.jpg\" alt=\"Scatola Kraft nera personalizzata\" width=\"798\" height=\"798\" srcset=\"data:image\/svg+xml,%3Csvg%20xmlns%3D%27http%3A%2F%2Fwww.w3.org%2F2000%2Fsvg%27%20width%3D%27798%27%20height%3D%27798%27%20viewBox%3D%270%200%20798%20798%27%3E%3Crect%20width%3D%27798%27%20height%3D%27798%27%20fill-opacity%3D%220%22%2F%3E%3C%2Fsvg%3E\" data-srcset=\"https:\/\/packcolorful.com\/wp-content\/uploads\/2026\/03\/\u5fae\u4fe1\u56fe\u7247_20251125105135_15_5-12x12.jpg 12w, https:\/\/packcolorful.com\/wp-content\/uploads\/2026\/03\/\u5fae\u4fe1\u56fe\u7247_20251125105135_15_5-66x66.jpg 66w, https:\/\/packcolorful.com\/wp-content\/uploads\/2026\/03\/\u5fae\u4fe1\u56fe\u7247_20251125105135_15_5-200x200.jpg 200w, https:\/\/packcolorful.com\/wp-content\/uploads\/2026\/03\/\u5fae\u4fe1\u56fe\u7247_20251125105135_15_5-400x400.jpg 400w, https:\/\/packcolorful.com\/wp-content\/uploads\/2026\/03\/\u5fae\u4fe1\u56fe\u7247_20251125105135_15_5-500x500.jpg 500w, https:\/\/packcolorful.com\/wp-content\/uploads\/2026\/03\/\u5fae\u4fe1\u56fe\u7247_20251125105135_15_5-600x600.jpg 600w, https:\/\/packcolorful.com\/wp-content\/uploads\/2026\/03\/\u5fae\u4fe1\u56fe\u7247_20251125105135_15_5-700x700.jpg 700w, https:\/\/packcolorful.com\/wp-content\/uploads\/2026\/03\/\u5fae\u4fe1\u56fe\u7247_20251125105135_15_5-768x768.jpg 768w, https:\/\/packcolorful.com\/wp-content\/uploads\/2026\/03\/\u5fae\u4fe1\u56fe\u7247_20251125105135_15_5.jpg 798w\" data-sizes=\"auto\" data-orig-sizes=\"(max-width: 798px) 100vw, 798px\" \/><\/td>\n<td style=\"width: 50%;\"><img decoding=\"async\" class=\"lazyload alignnone size-full wp-image-5276\" src=\"https:\/\/packcolorful.com\/wp-content\/uploads\/2026\/03\/\u5fae\u4fe1\u56fe\u7247_20251125105133_13_5.jpg\" data-orig-src=\"https:\/\/packcolorful.com\/wp-content\/uploads\/2026\/03\/\u5fae\u4fe1\u56fe\u7247_20251125105133_13_5.jpg\" alt=\"\" width=\"864\" height=\"864\" srcset=\"data:image\/svg+xml,%3Csvg%20xmlns%3D%27http%3A%2F%2Fwww.w3.org%2F2000%2Fsvg%27%20width%3D%27864%27%20height%3D%27864%27%20viewBox%3D%270%200%20864%20864%27%3E%3Crect%20width%3D%27864%27%20height%3D%27864%27%20fill-opacity%3D%220%22%2F%3E%3C%2Fsvg%3E\" data-srcset=\"https:\/\/packcolorful.com\/wp-content\/uploads\/2026\/03\/\u5fae\u4fe1\u56fe\u7247_20251125105133_13_5-12x12.jpg 12w, https:\/\/packcolorful.com\/wp-content\/uploads\/2026\/03\/\u5fae\u4fe1\u56fe\u7247_20251125105133_13_5-66x66.jpg 66w, https:\/\/packcolorful.com\/wp-content\/uploads\/2026\/03\/\u5fae\u4fe1\u56fe\u7247_20251125105133_13_5-200x200.jpg 200w, https:\/\/packcolorful.com\/wp-content\/uploads\/2026\/03\/\u5fae\u4fe1\u56fe\u7247_20251125105133_13_5-400x400.jpg 400w, https:\/\/packcolorful.com\/wp-content\/uploads\/2026\/03\/\u5fae\u4fe1\u56fe\u7247_20251125105133_13_5-500x500.jpg 500w, https:\/\/packcolorful.com\/wp-content\/uploads\/2026\/03\/\u5fae\u4fe1\u56fe\u7247_20251125105133_13_5-600x600.jpg 600w, https:\/\/packcolorful.com\/wp-content\/uploads\/2026\/03\/\u5fae\u4fe1\u56fe\u7247_20251125105133_13_5-700x700.jpg 700w, https:\/\/packcolorful.com\/wp-content\/uploads\/2026\/03\/\u5fae\u4fe1\u56fe\u7247_20251125105133_13_5-768x768.jpg 768w, https:\/\/packcolorful.com\/wp-content\/uploads\/2026\/03\/\u5fae\u4fe1\u56fe\u7247_20251125105133_13_5-800x800.jpg 800w, https:\/\/packcolorful.com\/wp-content\/uploads\/2026\/03\/\u5fae\u4fe1\u56fe\u7247_20251125105133_13_5.jpg 864w\" data-sizes=\"auto\" data-orig-sizes=\"(max-width: 864px) 100vw, 864px\" \/><\/td>\n<\/tr>\n<tr>\n<td style=\"width: 50%;\"><img decoding=\"async\" class=\"lazyload alignnone size-full wp-image-5275\" src=\"https:\/\/packcolorful.com\/wp-content\/uploads\/2026\/03\/\u5fae\u4fe1\u56fe\u7247_20251125105134_14_5.jpg\" data-orig-src=\"https:\/\/packcolorful.com\/wp-content\/uploads\/2026\/03\/\u5fae\u4fe1\u56fe\u7247_20251125105134_14_5.jpg\" alt=\"\" width=\"808\" height=\"808\" srcset=\"https:\/\/packcolorful.com\/wp-content\/uploads\/2026\/03\/\u5fae\u4fe1\u56fe\u7247_20251125105134_14_5-12x12.jpg 12w, https:\/\/packcolorful.com\/wp-content\/uploads\/2026\/03\/\u5fae\u4fe1\u56fe\u7247_20251125105134_14_5-66x66.jpg 66w, https:\/\/packcolorful.com\/wp-content\/uploads\/2026\/03\/\u5fae\u4fe1\u56fe\u7247_20251125105134_14_5-200x200.jpg 200w, https:\/\/packcolorful.com\/wp-content\/uploads\/2026\/03\/\u5fae\u4fe1\u56fe\u7247_20251125105134_14_5-400x400.jpg 400w, https:\/\/packcolorful.com\/wp-content\/uploads\/2026\/03\/\u5fae\u4fe1\u56fe\u7247_20251125105134_14_5-500x500.jpg 500w, https:\/\/packcolorful.com\/wp-content\/uploads\/2026\/03\/\u5fae\u4fe1\u56fe\u7247_20251125105134_14_5-600x600.jpg 600w, https:\/\/packcolorful.com\/wp-content\/uploads\/2026\/03\/\u5fae\u4fe1\u56fe\u7247_20251125105134_14_5-700x700.jpg 700w, https:\/\/packcolorful.com\/wp-content\/uploads\/2026\/03\/\u5fae\u4fe1\u56fe\u7247_20251125105134_14_5-768x768.jpg 768w, https:\/\/packcolorful.com\/wp-content\/uploads\/2026\/03\/\u5fae\u4fe1\u56fe\u7247_20251125105134_14_5-800x800.jpg 800w, https:\/\/packcolorful.com\/wp-content\/uploads\/2026\/03\/\u5fae\u4fe1\u56fe\u7247_20251125105134_14_5.jpg 808w\" data-srcset=\"https:\/\/packcolorful.com\/wp-content\/uploads\/2026\/03\/\u5fae\u4fe1\u56fe\u7247_20251125105134_14_5-12x12.jpg 12w, https:\/\/packcolorful.com\/wp-content\/uploads\/2026\/03\/\u5fae\u4fe1\u56fe\u7247_20251125105134_14_5-66x66.jpg 66w, https:\/\/packcolorful.com\/wp-content\/uploads\/2026\/03\/\u5fae\u4fe1\u56fe\u7247_20251125105134_14_5-200x200.jpg 200w, https:\/\/packcolorful.com\/wp-content\/uploads\/2026\/03\/\u5fae\u4fe1\u56fe\u7247_20251125105134_14_5-400x400.jpg 400w, https:\/\/packcolorful.com\/wp-content\/uploads\/2026\/03\/\u5fae\u4fe1\u56fe\u7247_20251125105134_14_5-500x500.jpg 500w, https:\/\/packcolorful.com\/wp-content\/uploads\/2026\/03\/\u5fae\u4fe1\u56fe\u7247_20251125105134_14_5-600x600.jpg 600w, https:\/\/packcolorful.com\/wp-content\/uploads\/2026\/03\/\u5fae\u4fe1\u56fe\u7247_20251125105134_14_5-700x700.jpg 700w, https:\/\/packcolorful.com\/wp-content\/uploads\/2026\/03\/\u5fae\u4fe1\u56fe\u7247_20251125105134_14_5-768x768.jpg 768w, https:\/\/packcolorful.com\/wp-content\/uploads\/2026\/03\/\u5fae\u4fe1\u56fe\u7247_20251125105134_14_5-800x800.jpg 800w, https:\/\/packcolorful.com\/wp-content\/uploads\/2026\/03\/\u5fae\u4fe1\u56fe\u7247_20251125105134_14_5.jpg 808w\" data-sizes=\"auto\" data-orig-sizes=\"(max-width: 808px) 100vw, 808px\" \/><\/td>\n<td style=\"width: 50%;\"><img decoding=\"async\" class=\"lazyload alignnone size-full wp-image-5275\" src=\"https:\/\/packcolorful.com\/wp-content\/uploads\/2026\/03\/\u5fae\u4fe1\u56fe\u7247_20251125105134_14_5.jpg\" data-orig-src=\"https:\/\/packcolorful.com\/wp-content\/uploads\/2026\/03\/\u5fae\u4fe1\u56fe\u7247_20251125105134_14_5.jpg\" alt=\"\" width=\"808\" height=\"808\" srcset=\"https:\/\/packcolorful.com\/wp-content\/uploads\/2026\/03\/\u5fae\u4fe1\u56fe\u7247_20251125105134_14_5-12x12.jpg 12w, https:\/\/packcolorful.com\/wp-content\/uploads\/2026\/03\/\u5fae\u4fe1\u56fe\u7247_20251125105134_14_5-66x66.jpg 66w, https:\/\/packcolorful.com\/wp-content\/uploads\/2026\/03\/\u5fae\u4fe1\u56fe\u7247_20251125105134_14_5-200x200.jpg 200w, https:\/\/packcolorful.com\/wp-content\/uploads\/2026\/03\/\u5fae\u4fe1\u56fe\u7247_20251125105134_14_5-400x400.jpg 400w, https:\/\/packcolorful.com\/wp-content\/uploads\/2026\/03\/\u5fae\u4fe1\u56fe\u7247_20251125105134_14_5-500x500.jpg 500w, https:\/\/packcolorful.com\/wp-content\/uploads\/2026\/03\/\u5fae\u4fe1\u56fe\u7247_20251125105134_14_5-600x600.jpg 600w, https:\/\/packcolorful.com\/wp-content\/uploads\/2026\/03\/\u5fae\u4fe1\u56fe\u7247_20251125105134_14_5-700x700.jpg 700w, https:\/\/packcolorful.com\/wp-content\/uploads\/2026\/03\/\u5fae\u4fe1\u56fe\u7247_20251125105134_14_5-768x768.jpg 768w, https:\/\/packcolorful.com\/wp-content\/uploads\/2026\/03\/\u5fae\u4fe1\u56fe\u7247_20251125105134_14_5-800x800.jpg 800w, https:\/\/packcolorful.com\/wp-content\/uploads\/2026\/03\/\u5fae\u4fe1\u56fe\u7247_20251125105134_14_5.jpg 808w\" data-srcset=\"https:\/\/packcolorful.com\/wp-content\/uploads\/2026\/03\/\u5fae\u4fe1\u56fe\u7247_20251125105134_14_5-12x12.jpg 12w, https:\/\/packcolorful.com\/wp-content\/uploads\/2026\/03\/\u5fae\u4fe1\u56fe\u7247_20251125105134_14_5-66x66.jpg 66w, https:\/\/packcolorful.com\/wp-content\/uploads\/2026\/03\/\u5fae\u4fe1\u56fe\u7247_20251125105134_14_5-200x200.jpg 200w, https:\/\/packcolorful.com\/wp-content\/uploads\/2026\/03\/\u5fae\u4fe1\u56fe\u7247_20251125105134_14_5-400x400.jpg 400w, https:\/\/packcolorful.com\/wp-content\/uploads\/2026\/03\/\u5fae\u4fe1\u56fe\u7247_20251125105134_14_5-500x500.jpg 500w, https:\/\/packcolorful.com\/wp-content\/uploads\/2026\/03\/\u5fae\u4fe1\u56fe\u7247_20251125105134_14_5-600x600.jpg 600w, https:\/\/packcolorful.com\/wp-content\/uploads\/2026\/03\/\u5fae\u4fe1\u56fe\u7247_20251125105134_14_5-700x700.jpg 700w, https:\/\/packcolorful.com\/wp-content\/uploads\/2026\/03\/\u5fae\u4fe1\u56fe\u7247_20251125105134_14_5-768x768.jpg 768w, https:\/\/packcolorful.com\/wp-content\/uploads\/2026\/03\/\u5fae\u4fe1\u56fe\u7247_20251125105134_14_5-800x800.jpg 800w, https:\/\/packcolorful.com\/wp-content\/uploads\/2026\/03\/\u5fae\u4fe1\u56fe\u7247_20251125105134_14_5.jpg 808w\" data-sizes=\"auto\" data-orig-sizes=\"(max-width: 808px) 100vw, 808px\" \/><\/td>\n<\/tr>\n<\/tbody>\n<\/table>\n<div><\/div>\n<h2 class=\"magic-5\">Scatole Kraft nere personalizzate<\/h2>\n<div><\/div>\n<div class=\"J_module\">\n<div class=\"ife-detail-decorate-table\">\n<table class=\"all magic-7\" style=\"border-style: solid; border-color: #b5b5b5;\" border=\"1px\">\n<tbody>\n<tr>\n<td colspan=\"1\" rowspan=\"1\">\n<div class=\"magic-8\">Nome del prodotto<\/div>\n<\/td>\n<td colspan=\"1\" rowspan=\"1\">\n<div class=\"magic-9\">Scatola Kraft nera personalizzata<\/div>\n<\/td>\n<\/tr>\n<tr>\n<td colspan=\"1\" rowspan=\"1\">\n<div class=\"magic-8\" data-spm-anchor-id=\"a2700.details-description.0.i2.65833qr73qr7ss\">Materiale cartaceo comune<\/div>\n<\/td>\n<td colspan=\"1\" rowspan=\"1\">\n<div class=\"magic-9\">Carta cartoncino, carta artistica, carta patinata, carta kraft, cartone ondulato<\/div>\n<\/td>\n<\/tr>\n<tr>\n<td colspan=\"1\" rowspan=\"1\">\n<div class=\"magic-8\">Stampa<\/div>\n<\/td>\n<td colspan=\"1\" rowspan=\"1\">\n<div class=\"magic-9\">Stampa offset CMYK o Pantone, serigrafia o stampa offset UV<\/div>\n<\/td>\n<\/tr>\n<tr>\n<td colspan=\"1\" rowspan=\"1\">\n<div class=\"magic-8\">Dimensione<\/div>\n<\/td>\n<td colspan=\"1\" rowspan=\"1\">\n<div class=\"magic-9\">Dimensioni personalizzate su richiesta del cliente<\/div>\n<\/td>\n<\/tr>\n<tr>\n<td colspan=\"1\" rowspan=\"1\">\n<div class=\"magic-8\">Gestione della stampa<\/div>\n<\/td>\n<td colspan=\"1\" rowspan=\"1\">\n<div class=\"magic-9\">Goffratura o rilievo, stampa in oro o seta, spot UV, pellicola laser, laminazione lucida o opaca<\/div>\n<\/td>\n<\/tr>\n<tr>\n<td colspan=\"1\" rowspan=\"1\">\n<div class=\"magic-8\">Accessori<\/div>\n<\/td>\n<td colspan=\"1\" rowspan=\"1\">\n<div class=\"magic-9\">Nastro, inserto ondulato Kraft, inserto divisorio ondulato<br \/>\n, inserto divisorio in cartone, inserto divisorio rigido, inserto in cartoncino bianco, inserto in blister PET, inserto EVA, schiuma EPE<\/div>\n<\/td>\n<\/tr>\n<tr>\n<td colspan=\"1\" rowspan=\"1\">\n<div class=\"magic-8\">Formato dell'opera d'arte<\/div>\n<\/td>\n<td colspan=\"1\" rowspan=\"1\">\n<div class=\"magic-9\">Formato AI, PDF, CDR, InDesign per un design personalizzato<\/div>\n<\/td>\n<\/tr>\n<tr>\n<td colspan=\"1\" rowspan=\"1\">\n<div class=\"magic-8\">MOQ<\/div>\n<\/td>\n<td colspan=\"1\" rowspan=\"1\">\n<div class=\"magic-9\">300 PEZZI<\/div>\n<\/td>\n<\/tr>\n<tr>\n<td colspan=\"1\" rowspan=\"1\">\n<div class=\"magic-8\">Tempo di campionamento<\/div>\n<\/td>\n<td colspan=\"1\" rowspan=\"1\">\n<div class=\"magic-9\">1-5 giorni lavorativi<\/div>\n<\/td>\n<\/tr>\n<tr>\n<td colspan=\"1\" rowspan=\"1\">\n<div class=\"magic-8\">Tempo di produzione<\/div>\n<\/td>\n<td colspan=\"1\" rowspan=\"1\">\n<div class=\"magic-9\">8-25 giorni lavorativi<\/div>\n<\/td>\n<\/tr>\n<tr>\n<td colspan=\"1\" rowspan=\"1\">\n<div class=\"magic-8\">Metodo di spedizione<\/div>\n<\/td>\n<td colspan=\"1\" rowspan=\"1\">\n<div class=\"magic-9\">Via mare, via aerea e per espresso<\/div>\n<\/td>\n<\/tr>\n<tr>\n<td colspan=\"1\" rowspan=\"1\">\n<div class=\"magic-8\">Imballaggio<\/div>\n<\/td>\n<td colspan=\"1\" rowspan=\"1\">\n<div class=\"magic-9\" data-spm-anchor-id=\"a2700.details-description.0.i1.65833qr73qr7ss\">Sacchetto di plastica, cartone, pallet<\/div>\n<\/td>\n<\/tr>\n<\/tbody>\n<\/table>\n<\/div>\n<\/div>\n<p data-start=\"1317\" data-end=\"1440\"><strong data-start=\"1317\" data-end=\"1334\">Applicazioni:<\/strong><br data-start=\"1334\" data-end=\"1337\" \/>Confezioni per il commercio elettronico, scatole di abbonamento, kit per le PR degli influencer, scatole regalo personalizzate, spedizione di piccoli prodotti<\/p>\n<p data-start=\"1289\" data-end=\"1306\"><strong data-start=\"1289\" data-end=\"1306\">Scatole di carta kraft personalizzate Caratteristiche principali:<\/strong><\/p>\n<ul data-start=\"1307\" data-end=\"1565\">\n<li data-start=\"1307\" data-end=\"1361\">\n<p data-start=\"1309\" data-end=\"1361\">Realizzati con carta kraft certificata FSC e riciclabile<\/p>\n<\/li>\n<li data-start=\"1362\" data-end=\"1405\">\n<p data-start=\"1364\" data-end=\"1405\">Robusto, leggero e conveniente<\/p>\n<\/li>\n<li data-start=\"1406\" data-end=\"1444\">\n<p data-start=\"1408\" data-end=\"1444\">Dimensioni, forme e stampa personalizzate<\/p>\n<\/li>\n<li data-start=\"1445\" data-end=\"1508\">\n<p data-start=\"1447\" data-end=\"1508\">Ideale per linee di prodotti ecologici e marchi sostenibili<\/p>\n<\/li>\n<li data-start=\"1509\" data-end=\"1565\">\n<p data-start=\"1511\" data-end=\"1565\">Servizio diretto in fabbrica con basso MOQ e tempi di consegna rapidi<\/p>\n<\/li>\n<\/ul>\n<hr data-start=\"1567\" data-end=\"1570\" \/>\n<p>&nbsp;<\/p>","protected":false},"excerpt":{"rendered":"<p>Scatole kraft ecologiche realizzate con cartone riciclato, ideali per imballaggi sostenibili nei settori alimentare, cosmetico, dell'abbigliamento e dei regali.<\/p>","protected":false},"featured_media":5275,"comment_status":"open","ping_status":"closed","template":"","meta":{"_acf_changed":false,"content-type":"","_uag_custom_page_level_css":""},"product_brand":[],"product_cat":[202],"product_tag":[],"class_list":{"0":"post-5285","1":"product","2":"type-product","3":"status-publish","4":"has-post-thumbnail","6":"product_cat-kraft-box","8":"first","9":"instock","10":"shipping-taxable","11":"product-type-simple"},"acf":[],"uagb_featured_image_src":{"full":["https:\/\/packcolorful.com\/wp-content\/uploads\/2026\/03\/\u5fae\u4fe1\u56fe\u7247_20251125105134_14_5.jpg",808,808,false],"thumbnail":["https:\/\/packcolorful.com\/wp-content\/uploads\/2026\/03\/\u5fae\u4fe1\u56fe\u7247_20251125105134_14_5.jpg",96,96,false],"medium":["https:\/\/packcolorful.com\/wp-content\/uploads\/2026\/03\/\u5fae\u4fe1\u56fe\u7247_20251125105134_14_5.jpg",808,808,false],"medium_large":["https:\/\/packcolorful.com\/wp-content\/uploads\/2026\/03\/\u5fae\u4fe1\u56fe\u7247_20251125105134_14_5-768x768.jpg",768,768,true],"large":["https:\/\/packcolorful.com\/wp-content\/uploads\/2026\/03\/\u5fae\u4fe1\u56fe\u7247_20251125105134_14_5.jpg",808,808,false],"1536x1536":["https:\/\/packcolorful.com\/wp-content\/uploads\/2026\/03\/\u5fae\u4fe1\u56fe\u7247_20251125105134_14_5.jpg",808,808,false],"2048x2048":["https:\/\/packcolorful.com\/wp-content\/uploads\/2026\/03\/\u5fae\u4fe1\u56fe\u7247_20251125105134_14_5.jpg",808,808,false],"trp-custom-language-flag":["https:\/\/packcolorful.com\/wp-content\/uploads\/2026\/03\/\u5fae\u4fe1\u56fe\u7247_20251125105134_14_5-12x12.jpg",12,12,true],"blog-large":["https:\/\/packcolorful.com\/wp-content\/uploads\/2026\/03\/\u5fae\u4fe1\u56fe\u7247_20251125105134_14_5-669x272.jpg",669,272,true],"blog-medium":["https:\/\/packcolorful.com\/wp-content\/uploads\/2026\/03\/\u5fae\u4fe1\u56fe\u7247_20251125105134_14_5-320x202.jpg",320,202,true],"recent-posts":["https:\/\/packcolorful.com\/wp-content\/uploads\/2026\/03\/\u5fae\u4fe1\u56fe\u7247_20251125105134_14_5-700x441.jpg",700,441,true],"recent-works-thumbnail":["https:\/\/packcolorful.com\/wp-content\/uploads\/2026\/03\/\u5fae\u4fe1\u56fe\u7247_20251125105134_14_5-66x66.jpg",66,66,true],"fusion-200":["https:\/\/packcolorful.com\/wp-content\/uploads\/2026\/03\/\u5fae\u4fe1\u56fe\u7247_20251125105134_14_5-200x200.jpg",200,200,true],"fusion-400":["https:\/\/packcolorful.com\/wp-content\/uploads\/2026\/03\/\u5fae\u4fe1\u56fe\u7247_20251125105134_14_5-400x400.jpg",400,400,true],"fusion-600":["https:\/\/packcolorful.com\/wp-content\/uploads\/2026\/03\/\u5fae\u4fe1\u56fe\u7247_20251125105134_14_5-600x600.jpg",600,600,true],"fusion-800":["https:\/\/packcolorful.com\/wp-content\/uploads\/2026\/03\/\u5fae\u4fe1\u56fe\u7247_20251125105134_14_5-800x800.jpg",800,800,true],"fusion-1200":["https:\/\/packcolorful.com\/wp-content\/uploads\/2026\/03\/\u5fae\u4fe1\u56fe\u7247_20251125105134_14_5.jpg",808,808,false],"portfolio-full":["https:\/\/packcolorful.com\/wp-content\/uploads\/2026\/03\/\u5fae\u4fe1\u56fe\u7247_20251125105134_14_5-808x400.jpg",808,400,true],"portfolio-one":["https:\/\/packcolorful.com\/wp-content\/uploads\/2026\/03\/\u5fae\u4fe1\u56fe\u7247_20251125105134_14_5-540x272.jpg",540,272,true],"portfolio-two":["https:\/\/packcolorful.com\/wp-content\/uploads\/2026\/03\/\u5fae\u4fe1\u56fe\u7247_20251125105134_14_5-460x295.jpg",460,295,true],"portfolio-three":["https:\/\/packcolorful.com\/wp-content\/uploads\/2026\/03\/\u5fae\u4fe1\u56fe\u7247_20251125105134_14_5-300x214.jpg",300,214,true],"portfolio-five":["https:\/\/packcolorful.com\/wp-content\/uploads\/2026\/03\/\u5fae\u4fe1\u56fe\u7247_20251125105134_14_5-177x142.jpg",177,142,true],"woocommerce_thumbnail":["https:\/\/packcolorful.com\/wp-content\/uploads\/2026\/03\/\u5fae\u4fe1\u56fe\u7247_20251125105134_14_5-500x500.jpg",500,500,true],"woocommerce_single":["https:\/\/packcolorful.com\/wp-content\/uploads\/2026\/03\/\u5fae\u4fe1\u56fe\u7247_20251125105134_14_5-700x700.jpg",700,700,true],"woocommerce_gallery_thumbnail":["https:\/\/packcolorful.com\/wp-content\/uploads\/2026\/03\/\u5fae\u4fe1\u56fe\u7247_20251125105134_14_5-200x200.jpg",200,200,true]},"uagb_author_info":{"display_name":"admin","author_link":"https:\/\/packcolorful.com\/it\/author\/"},"uagb_comment_info":0,"uagb_excerpt":"Eco-friendly kraft boxes made from recycled paperboard\u2014ideal for sustainable packaging across food, cosmetics, apparel, and gift industries.","_links":{"self":[{"href":"https:\/\/packcolorful.com\/it\/wp-json\/wp\/v2\/product\/5285","targetHints":{"allow":["GET"]}}],"collection":[{"href":"https:\/\/packcolorful.com\/it\/wp-json\/wp\/v2\/product"}],"about":[{"href":"https:\/\/packcolorful.com\/it\/wp-json\/wp\/v2\/types\/product"}],"replies":[{"embeddable":true,"href":"https:\/\/packcolorful.com\/it\/wp-json\/wp\/v2\/comments?post=5285"}],"wp:featuredmedia":[{"embeddable":true,"href":"https:\/\/packcolorful.com\/it\/wp-json\/wp\/v2\/media\/5275"}],"wp:attachment":[{"href":"https:\/\/packcolorful.com\/it\/wp-json\/wp\/v2\/media?parent=5285"}],"wp:term":[{"taxonomy":"product_brand","embeddable":true,"href":"https:\/\/packcolorful.com\/it\/wp-json\/wp\/v2\/product_brand?post=5285"},{"taxonomy":"product_cat","embeddable":true,"href":"https:\/\/packcolorful.com\/it\/wp-json\/wp\/v2\/product_cat?post=5285"},{"taxonomy":"product_tag","embeddable":true,"href":"https:\/\/packcolorful.com\/it\/wp-json\/wp\/v2\/product_tag?post=5285"}],"curies":[{"name":"wp","href":"https:\/\/api.w.org\/{rel}","templated":true}]}}